{"id":1267,"date":"2022-06-03T10:10:18","date_gmt":"2022-06-03T08:10:18","guid":{"rendered":"https:\/\/durmat.com\/?page_id=1267"},"modified":"2023-06-26T11:40:55","modified_gmt":"2023-06-26T09:40:55","slug":"karriere","status":"publish","type":"page","link":"https:\/\/durmat.com\/de\/unternehmen\/karriere\/","title":{"rendered":"Karriere"},"content":{"rendered":"\t\t<div data-elementor-type=\"wp-page\" data-elementor-id=\"1267\" class=\"elementor elementor-1267\" data-elementor-post-type=\"page\">\n\t\t\t\t\t\t<section class=\"elementor-section elementor-top-section elementor-element elementor-element-71b0ef0 elementor-section-full_width elementor-section-height-default elementor-section-height-default\" data-id=\"71b0ef0\" data-element_type=\"section\" data-e-type=\"section\" data-settings=\"{&quot;jet_parallax_layout_list&quot;:[]}\">\n\t\t\t\t\t\t<div class=\"elementor-container elementor-column-gap-default\">\n\t\t\t\t\t<div class=\"elementor-column elementor-col-100 elementor-top-column elementor-element elementor-element-8824613\" data-id=\"8824613\" data-element_type=\"column\" data-e-type=\"column\">\n\t\t\t<div class=\"elementor-widget-wrap elementor-element-populated\">\n\t\t\t\t\t\t<div class=\"elementor-element elementor-element-9ea23ec elementor-widget elementor-widget-heading\" data-id=\"9ea23ec\" data-element_type=\"widget\" data-e-type=\"widget\" data-widget_type=\"heading.default\">\n\t\t\t\t<div class=\"elementor-widget-container\">\n\t\t\t\t\t<h2 class=\"elementor-heading-title elementor-size-default\">Starten Sie mit uns durch \u2013 Karriere bei DURUM<\/h2>\t\t\t\t<\/div>\n\t\t\t\t<\/div>\n\t\t\t\t<section class=\"elementor-section elementor-inner-section elementor-element elementor-element-53e3888 elementor-section-full_width elementor-section-height-default elementor-section-height-default\" data-id=\"53e3888\" data-element_type=\"section\" data-e-type=\"section\" data-settings=\"{&quot;jet_parallax_layout_list&quot;:[]}\">\n\t\t\t\t\t\t<div class=\"elementor-container elementor-column-gap-default\">\n\t\t\t\t\t<div class=\"elementor-column elementor-col-50 elementor-inner-column elementor-element elementor-element-2a3e0dc\" data-id=\"2a3e0dc\" data-element_type=\"column\" data-e-type=\"column\">\n\t\t\t<div class=\"elementor-widget-wrap elementor-element-populated\">\n\t\t\t\t\t\t<div class=\"elementor-element elementor-element-ee62d12 elementor-widget elementor-widget-text-editor\" data-id=\"ee62d12\" data-element_type=\"widget\" data-e-type=\"widget\" data-widget_type=\"text-editor.default\">\n\t\t\t\t<div class=\"elementor-widget-container\">\n\t\t\t\t\t\t\t\t\tAls <strong>familiengef\u00fchrtes Unternehmen<\/strong> wollen wir stetig wachsen und neue Produkte entwickeln, um auch in Zukunft den Anforderungen unserer <strong>nationalen und internationalen Kunden<\/strong> gerecht zu werden. Das Engagement und die Leidenschaft unserer <strong>Mitarbeiter <\/strong>sind dabei von gro\u00dfer Bedeutung. Bei DURUM bieten wir Ihnen einen <strong>sicheren Arbeitsplatz<\/strong> und ein <strong>attraktives Arbeitsumfeld<\/strong>, in dem Sie sich st\u00e4ndig weiterentwickeln k\u00f6nnen. <strong>Bewerben Sie sich jetzt bei DURUM! Gerne auch initiativ!<\/strong>\t\t\t\t\t\t\t\t<\/div>\n\t\t\t\t<\/div>\n\t\t\t\t<div class=\"elementor-element elementor-element-6672739 elementor-widget elementor-widget-heading\" data-id=\"6672739\" data-element_type=\"widget\" data-e-type=\"widget\" data-widget_type=\"heading.default\">\n\t\t\t\t<div class=\"elementor-widget-container\">\n\t\t\t\t\t<h3 class=\"elementor-heading-title elementor-size-default\">Werden Sie Teil unseres Teams und Profitieren Sie von unseren Vorteilen:<\/h3>\t\t\t\t<\/div>\n\t\t\t\t<\/div>\n\t\t\t\t<div class=\"elementor-element elementor-element-a83a1be elementor-widget elementor-widget-accordion\" data-id=\"a83a1be\" data-element_type=\"widget\" data-e-type=\"widget\" data-widget_type=\"accordion.default\">\n\t\t\t\t<div class=\"elementor-widget-container\">\n\t\t\t\t\t\t\t<div class=\"elementor-accordion\">\n\t\t\t\t\t\t\t<div class=\"elementor-accordion-item\">\n\t\t\t\t\t<div id=\"elementor-tab-title-1761\" class=\"elementor-tab-title\" data-tab=\"1\" role=\"button\" aria-controls=\"elementor-tab-content-1761\" aria-expanded=\"false\">\n\t\t\t\t\t\t\t\t\t\t\t\t\t<span class=\"elementor-accordion-icon elementor-accordion-icon-left\" aria-hidden=\"true\">\n\t\t\t\t\t\t\t\t\t\t\t\t\t\t\t<span class=\"elementor-accordion-icon-closed\"><i class=\"fas fa-plus\"><\/i><\/span>\n\t\t\t\t\t\t\t\t<span class=\"elementor-accordion-icon-opened\"><i class=\"fas fa-minus\"><\/i><\/span>\n\t\t\t\t\t\t\t\t\t\t\t\t\t\t<\/span>\n\t\t\t\t\t\t\t\t\t\t\t\t<a class=\"elementor-accordion-title\" tabindex=\"0\">30-Tage-Urlaub<\/a>\n\t\t\t\t\t<\/div>\n\t\t\t\t\t<div id=\"elementor-tab-content-1761\" class=\"elementor-tab-content elementor-clearfix\" data-tab=\"1\" role=\"region\" aria-labelledby=\"elementor-tab-title-1761\"><p>Wer ordentlich arbeitet, muss sich auch erholen k\u00f6nnen. Darum geht der Urlaubsanspruch unserer fest angestellten Mitarbeiter deutlich \u00fcber das gesetzlich vorgeschriebene Ma\u00df hinaus. Da wir keinen Betriebsurlaub haben, k\u00f6nnen Sie Ihren Urlaub weitgehend selbst w\u00e4hlen.<\/p><\/div>\n\t\t\t\t<\/div>\n\t\t\t\t\t\t\t<div class=\"elementor-accordion-item\">\n\t\t\t\t\t<div id=\"elementor-tab-title-1762\" class=\"elementor-tab-title\" data-tab=\"2\" role=\"button\" aria-controls=\"elementor-tab-content-1762\" aria-expanded=\"false\">\n\t\t\t\t\t\t\t\t\t\t\t\t\t<span class=\"elementor-accordion-icon elementor-accordion-icon-left\" aria-hidden=\"true\">\n\t\t\t\t\t\t\t\t\t\t\t\t\t\t\t<span class=\"elementor-accordion-icon-closed\"><i class=\"fas fa-plus\"><\/i><\/span>\n\t\t\t\t\t\t\t\t<span class=\"elementor-accordion-icon-opened\"><i class=\"fas fa-minus\"><\/i><\/span>\n\t\t\t\t\t\t\t\t\t\t\t\t\t\t<\/span>\n\t\t\t\t\t\t\t\t\t\t\t\t<a class=\"elementor-accordion-title\" tabindex=\"0\">Flexible Arbeitszeitmodelle<\/a>\n\t\t\t\t\t<\/div>\n\t\t\t\t\t<div id=\"elementor-tab-content-1762\" class=\"elementor-tab-content elementor-clearfix\" data-tab=\"2\" role=\"region\" aria-labelledby=\"elementor-tab-title-1762\"><p>Je nach betrieblichem Einsatz und pers\u00f6nlichen Vorlieben k\u00f6nnen wir Ihre Arbeitszeit optimal gestalten, passend zu Ihrer aktuellen Lebensphase. Von Einschicht- \u00fcber Zweischichtmodell bis hin zu einer 4-Tage-Woche bieten wir verschiedene Arbeitszeitmodelle.<\/p><\/div>\n\t\t\t\t<\/div>\n\t\t\t\t\t\t\t<div class=\"elementor-accordion-item\">\n\t\t\t\t\t<div id=\"elementor-tab-title-1763\" class=\"elementor-tab-title\" data-tab=\"3\" role=\"button\" aria-controls=\"elementor-tab-content-1763\" aria-expanded=\"false\">\n\t\t\t\t\t\t\t\t\t\t\t\t\t<span class=\"elementor-accordion-icon elementor-accordion-icon-left\" aria-hidden=\"true\">\n\t\t\t\t\t\t\t\t\t\t\t\t\t\t\t<span class=\"elementor-accordion-icon-closed\"><i class=\"fas fa-plus\"><\/i><\/span>\n\t\t\t\t\t\t\t\t<span class=\"elementor-accordion-icon-opened\"><i class=\"fas fa-minus\"><\/i><\/span>\n\t\t\t\t\t\t\t\t\t\t\t\t\t\t<\/span>\n\t\t\t\t\t\t\t\t\t\t\t\t<a class=\"elementor-accordion-title\" tabindex=\"0\">Arbeitskleidung<\/a>\n\t\t\t\t\t<\/div>\n\t\t\t\t\t<div id=\"elementor-tab-content-1763\" class=\"elementor-tab-content elementor-clearfix\" data-tab=\"3\" role=\"region\" aria-labelledby=\"elementor-tab-title-1763\"><p>Wir statten Sie aus! Damit Sie sich bei der Arbeit wohl f\u00fchlen, erhalten Sie als Mitarbeiter im gewerblichen Bereich ein entsprechendes Paket aus Arbeitskleidung und Sicherheitsequipment.<\/p><\/div>\n\t\t\t\t<\/div>\n\t\t\t\t\t\t\t<div class=\"elementor-accordion-item\">\n\t\t\t\t\t<div id=\"elementor-tab-title-1764\" class=\"elementor-tab-title\" data-tab=\"4\" role=\"button\" aria-controls=\"elementor-tab-content-1764\" aria-expanded=\"false\">\n\t\t\t\t\t\t\t\t\t\t\t\t\t<span class=\"elementor-accordion-icon elementor-accordion-icon-left\" aria-hidden=\"true\">\n\t\t\t\t\t\t\t\t\t\t\t\t\t\t\t<span class=\"elementor-accordion-icon-closed\"><i class=\"fas fa-plus\"><\/i><\/span>\n\t\t\t\t\t\t\t\t<span class=\"elementor-accordion-icon-opened\"><i class=\"fas fa-minus\"><\/i><\/span>\n\t\t\t\t\t\t\t\t\t\t\t\t\t\t<\/span>\n\t\t\t\t\t\t\t\t\t\t\t\t<a class=\"elementor-accordion-title\" tabindex=\"0\">Kaffee, Tee & Wasser<\/a>\n\t\t\t\t\t<\/div>\n\t\t\t\t\t<div id=\"elementor-tab-content-1764\" class=\"elementor-tab-content elementor-clearfix\" data-tab=\"4\" role=\"region\" aria-labelledby=\"elementor-tab-title-1764\"><p>Gesundheit und Leistungsf\u00e4higkeit stehen in unmittelbarem Zusammenhang zum Trinken von reichlich Wasser. Damit Ihnen das Trinken auch w\u00e4hrend der Arbeitszeit nicht schwer f\u00e4llt, stellen wir kostenloses Mineralwasser.<\/p><p>Purer Genuss sind unsere Kaffeespezialit\u00e4ten, welche wir kostenlos an unsere Mitarbeiter ausgeben. Egal ob in der Pause, vor der Arbeit oder nach der Arbeit. Selbstbedienung rund um die Uhr.<\/p><\/div>\n\t\t\t\t<\/div>\n\t\t\t\t\t\t\t<div class=\"elementor-accordion-item\">\n\t\t\t\t\t<div id=\"elementor-tab-title-1765\" class=\"elementor-tab-title\" data-tab=\"5\" role=\"button\" aria-controls=\"elementor-tab-content-1765\" aria-expanded=\"false\">\n\t\t\t\t\t\t\t\t\t\t\t\t\t<span class=\"elementor-accordion-icon elementor-accordion-icon-left\" aria-hidden=\"true\">\n\t\t\t\t\t\t\t\t\t\t\t\t\t\t\t<span class=\"elementor-accordion-icon-closed\"><i class=\"fas fa-plus\"><\/i><\/span>\n\t\t\t\t\t\t\t\t<span class=\"elementor-accordion-icon-opened\"><i class=\"fas fa-minus\"><\/i><\/span>\n\t\t\t\t\t\t\t\t\t\t\t\t\t\t<\/span>\n\t\t\t\t\t\t\t\t\t\t\t\t<a class=\"elementor-accordion-title\" tabindex=\"0\">Mitarbeitergeschenke<\/a>\n\t\t\t\t\t<\/div>\n\t\t\t\t\t<div id=\"elementor-tab-content-1765\" class=\"elementor-tab-content elementor-clearfix\" data-tab=\"5\" role=\"region\" aria-labelledby=\"elementor-tab-title-1765\"><p>Kleine Aufmerksamkeiten erhellen den Alltag. Deshalb gibt es zu verschiedenen Anl\u00e4ssen kleine Geschenke und Aufmerksamkeiten. Lassen Sie sich einfach \u00fcberraschen!<\/p><\/div>\n\t\t\t\t<\/div>\n\t\t\t\t\t\t\t<div class=\"elementor-accordion-item\">\n\t\t\t\t\t<div id=\"elementor-tab-title-1766\" class=\"elementor-tab-title\" data-tab=\"6\" role=\"button\" aria-controls=\"elementor-tab-content-1766\" aria-expanded=\"false\">\n\t\t\t\t\t\t\t\t\t\t\t\t\t<span class=\"elementor-accordion-icon elementor-accordion-icon-left\" aria-hidden=\"true\">\n\t\t\t\t\t\t\t\t\t\t\t\t\t\t\t<span class=\"elementor-accordion-icon-closed\"><i class=\"fas fa-plus\"><\/i><\/span>\n\t\t\t\t\t\t\t\t<span class=\"elementor-accordion-icon-opened\"><i class=\"fas fa-minus\"><\/i><\/span>\n\t\t\t\t\t\t\t\t\t\t\t\t\t\t<\/span>\n\t\t\t\t\t\t\t\t\t\t\t\t<a class=\"elementor-accordion-title\" tabindex=\"0\">Betriebliche Altersvorsorge<\/a>\n\t\t\t\t\t<\/div>\n\t\t\t\t\t<div id=\"elementor-tab-content-1766\" class=\"elementor-tab-content elementor-clearfix\" data-tab=\"6\" role=\"region\" aria-labelledby=\"elementor-tab-title-1766\"><p>Finanzielle Sicherheit auch im Alter. Wir bieten Ihnen die M\u00f6glichkeit einer zus\u00e4tzlichen, freiwilligen Zukunftsvorsorge mit Arbeitgeberzuschuss.<\/p><\/div>\n\t\t\t\t<\/div>\n\t\t\t\t\t\t\t<div class=\"elementor-accordion-item\">\n\t\t\t\t\t<div id=\"elementor-tab-title-1767\" class=\"elementor-tab-title\" data-tab=\"7\" role=\"button\" aria-controls=\"elementor-tab-content-1767\" aria-expanded=\"false\">\n\t\t\t\t\t\t\t\t\t\t\t\t\t<span class=\"elementor-accordion-icon elementor-accordion-icon-left\" aria-hidden=\"true\">\n\t\t\t\t\t\t\t\t\t\t\t\t\t\t\t<span class=\"elementor-accordion-icon-closed\"><i class=\"fas fa-plus\"><\/i><\/span>\n\t\t\t\t\t\t\t\t<span class=\"elementor-accordion-icon-opened\"><i class=\"fas fa-minus\"><\/i><\/span>\n\t\t\t\t\t\t\t\t\t\t\t\t\t\t<\/span>\n\t\t\t\t\t\t\t\t\t\t\t\t<a class=\"elementor-accordion-title\" tabindex=\"0\">Steuerbeg\u00fcnstigter Sachbezug<\/a>\n\t\t\t\t\t<\/div>\n\t\t\t\t\t<div id=\"elementor-tab-content-1767\" class=\"elementor-tab-content elementor-clearfix\" data-tab=\"7\" role=\"region\" aria-labelledby=\"elementor-tab-title-1767\"><p>Wir bieten Ihnen die M\u00f6glichkeit, einen steuerbeg\u00fcnstigten Sachbezug in Anspruch zu nehmen.<\/p><\/div>\n\t\t\t\t<\/div>\n\t\t\t\t\t\t\t<div class=\"elementor-accordion-item\">\n\t\t\t\t\t<div id=\"elementor-tab-title-1768\" class=\"elementor-tab-title\" data-tab=\"8\" role=\"button\" aria-controls=\"elementor-tab-content-1768\" aria-expanded=\"false\">\n\t\t\t\t\t\t\t\t\t\t\t\t\t<span class=\"elementor-accordion-icon elementor-accordion-icon-left\" aria-hidden=\"true\">\n\t\t\t\t\t\t\t\t\t\t\t\t\t\t\t<span class=\"elementor-accordion-icon-closed\"><i class=\"fas fa-plus\"><\/i><\/span>\n\t\t\t\t\t\t\t\t<span class=\"elementor-accordion-icon-opened\"><i class=\"fas fa-minus\"><\/i><\/span>\n\t\t\t\t\t\t\t\t\t\t\t\t\t\t<\/span>\n\t\t\t\t\t\t\t\t\t\t\t\t<a class=\"elementor-accordion-title\" tabindex=\"0\">Firmenevents<\/a>\n\t\t\t\t\t<\/div>\n\t\t\t\t\t<div id=\"elementor-tab-content-1768\" class=\"elementor-tab-content elementor-clearfix\" data-tab=\"8\" role=\"region\" aria-labelledby=\"elementor-tab-title-1768\"><p>Wer gemeinsam erfolgreich arbeitet, darf dies auch feiern! Gemeinsame Events wie Weihnachtsfeier, Sommerfest oder Abteilungsfeiern bieten hierzu Gelegenheit.<\/p><\/div>\n\t\t\t\t<\/div>\n\t\t\t\t\t\t\t\t<\/div>\n\t\t\t\t\t\t<\/div>\n\t\t\t\t<\/div>\n\t\t\t\t\t<\/div>\n\t\t<\/div>\n\t\t\t\t<div class=\"elementor-column elementor-col-50 elementor-inner-column elementor-element elementor-element-fe4a810\" data-id=\"fe4a810\" data-element_type=\"column\" data-e-type=\"column\">\n\t\t\t<div class=\"elementor-widget-wrap elementor-element-populated\">\n\t\t\t\t\t\t<div class=\"elementor-element elementor-element-936e4bd elementor-arrows-position-inside elementor-pagination-position-outside elementor-widget elementor-widget-image-carousel\" data-id=\"936e4bd\" data-element_type=\"widget\" data-e-type=\"widget\" data-settings=\"{&quot;slides_to_show&quot;:&quot;1&quot;,&quot;lazyload&quot;:&quot;yes&quot;,&quot;navigation&quot;:&quot;both&quot;,&quot;autoplay&quot;:&quot;yes&quot;,&quot;pause_on_hover&quot;:&quot;yes&quot;,&quot;pause_on_interaction&quot;:&quot;yes&quot;,&quot;autoplay_speed&quot;:5000,&quot;infinite&quot;:&quot;yes&quot;,&quot;effect&quot;:&quot;slide&quot;,&quot;speed&quot;:500}\" data-widget_type=\"image-carousel.default\">\n\t\t\t\t<div class=\"elementor-widget-container\">\n\t\t\t\t\t\t\t<div class=\"elementor-image-carousel-wrapper swiper\" role=\"region\" aria-roledescription=\"carousel\" aria-label=\"Bild Karussell\" dir=\"ltr\">\n\t\t\t<div class=\"elementor-image-carousel swiper-wrapper swiper-image-stretch\" aria-live=\"off\">\n\t\t\t\t\t\t\t\t<div class=\"swiper-slide\" role=\"group\" aria-roledescription=\"slide\" aria-label=\"1 von 3\"><figure class=\"swiper-slide-inner\"><img class=\"swiper-slide-image swiper-lazy\" data-src=\"https:\/\/durmat.com\/wp-content\/uploads\/durum-verschleissschutz_ueberuns-startseite-01.jpg\" alt=\"\" \/><div class=\"swiper-lazy-preloader\"><\/div><\/figure><\/div><div class=\"swiper-slide\" role=\"group\" aria-roledescription=\"slide\" aria-label=\"2 von 3\"><figure class=\"swiper-slide-inner\"><img class=\"swiper-slide-image swiper-lazy\" data-src=\"https:\/\/durmat.com\/wp-content\/uploads\/durum_15.jpg\" alt=\"\" \/><div class=\"swiper-lazy-preloader\"><\/div><\/figure><\/div><div class=\"swiper-slide\" role=\"group\" aria-roledescription=\"slide\" aria-label=\"3 von 3\"><figure class=\"swiper-slide-inner\"><img class=\"swiper-slide-image swiper-lazy\" data-src=\"https:\/\/durmat.com\/wp-content\/uploads\/durum-verschleissschutz_fuelldraehte.jpg\" alt=\"\" \/><div class=\"swiper-lazy-preloader\"><\/div><\/figure><\/div>\t\t\t<\/div>\n\t\t\t\t\t\t\t\t\t\t\t\t<div class=\"elementor-swiper-button elementor-swiper-button-prev\" role=\"button\" tabindex=\"0\">\n\t\t\t\t\t\t<i aria-hidden=\"true\" class=\"eicon-chevron-left\"><\/i>\t\t\t\t\t<\/div>\n\t\t\t\t\t<div class=\"elementor-swiper-button elementor-swiper-button-next\" role=\"button\" tabindex=\"0\">\n\t\t\t\t\t\t<i aria-hidden=\"true\" class=\"eicon-chevron-right\"><\/i>\t\t\t\t\t<\/div>\n\t\t\t\t\n\t\t\t\t\t\t\t\t\t<div class=\"swiper-pagination\"><\/div>\n\t\t\t\t\t\t\t\t\t<\/div>\n\t\t\t\t\t\t<\/div>\n\t\t\t\t<\/div>\n\t\t\t\t\t<\/div>\n\t\t<\/div>\n\t\t\t\t\t<\/div>\n\t\t<\/section>\n\t\t\t\t<section class=\"elementor-section elementor-inner-section elementor-element elementor-element-451d0ee elementor-section-full_width elementor-section-height-default elementor-section-height-default\" data-id=\"451d0ee\" data-element_type=\"section\" data-e-type=\"section\" data-settings=\"{&quot;jet_parallax_layout_list&quot;:[]}\">\n\t\t\t\t\t\t<div class=\"elementor-container elementor-column-gap-default\">\n\t\t\t\t\t<div class=\"elementor-column elementor-col-100 elementor-inner-column elementor-element elementor-element-16dbd59\" data-id=\"16dbd59\" data-element_type=\"column\" data-e-type=\"column\">\n\t\t\t<div class=\"elementor-widget-wrap elementor-element-populated\">\n\t\t\t\t\t\t<div class=\"elementor-element elementor-element-5ad947a elementor-widget elementor-widget-heading\" data-id=\"5ad947a\" data-element_type=\"widget\" data-e-type=\"widget\" data-widget_type=\"heading.default\">\n\t\t\t\t<div class=\"elementor-widget-container\">\n\t\t\t\t\t<h3 class=\"elementor-heading-title elementor-size-default\">Jetzt bewerben!<\/h3>\t\t\t\t<\/div>\n\t\t\t\t<\/div>\n\t\t\t\t<div class=\"elementor-element elementor-element-4d3f618 elementor-widget elementor-widget-shortcode\" data-id=\"4d3f618\" data-element_type=\"widget\" data-e-type=\"widget\" data-widget_type=\"shortcode.default\">\n\t\t\t\t<div class=\"elementor-widget-container\">\n\t\t\t\t\t\t\t<div class=\"elementor-shortcode\"><div class=\"job_listings\" data-location=\"\" data-keywords=\"\" data-show_filters=\"false\" data-show_pagination=\"false\" data-per_page=\"12\" data-orderby=\"date\" data-order=\"DESC\" data-categories=\"\" data-disable-form-state-storage=\"\" data-featured_first=\"false\" data-post_id=\"4873\" ><ul class=\"job_listings\">\n<li class=\"post-205801 job_listing type-job_listing status-publish has-post-thumbnail hentry job-type-teilzeit job-type-vollzeit job_position_featured\" data-longitude=\"\" data-latitude=\"\">\n\t<a href=\"https:\/\/durmat.com\/de\/job\/mitarbeiterin-fuer-die-telefonzentrale-empfang-mit-guten-englischkenntnissen-in-vz-40-std-oder-tz-35-std\/\">\n\t\t<img decoding=\"async\" class=\"company_logo\" src=\"https:\/\/durmat.com\/wp-content\/uploads\/durum-wp-joblogo-150x150.jpg\" alt=\"DURUM Verschlei\u00dfschutz GmbH\" title=\"Schnmuckbild f\u00fcr\">\t\t<div class=\"position\">\n\t\t\t<h3>Mitarbeiterin f\u00fcr die Telefonzentrale\/Empfang<\/h3>\n\t\t\t<div class=\"company\">\n\t\t\t\t<strong>DURUM Verschlei\u00dfschutz GmbH<\/strong> \t\t\t\t<span class=\"tagline\">Die Firma DURUM Verschlei\u00dfschutz GmbH ist ein mittelst\u00e4ndisches Unternehmen der Schwei\u00dfzusatzwerkstoffstoffindustrie, spezialisiert auf die Entwicklung und Herstellung von Hochleistungs-Verschlei\u00dfschutz-Werkstoffen sowie kundenspezifischen L\u00f6sungen. Unsere Produkte werden erfolgreich in den Bereichen \u00d6l- und Gasindustrie, Bergbau, Zementindustrie, Landwirtschaft und Stahlindustrie eingesetzt.<\/span>\t\t\t<\/div>\n\t\t<\/div>\n\t\t<div class=\"location\">\n\t\t\tWillich\t\t<\/div>\n\t\t<ul class=\"meta\">\n\t\t\t\n\t\t\t\t\t\t\t\t\t\t\t\t\t\t\t\t<li class=\"job-type teilzeit\">Teilzeit<\/li>\n\t\t\t\t\t\t\t\t\t<li class=\"job-type vollzeit\">Vollzeit<\/li>\n\t\t\t\t\t\t\t\n\t\t\t<li class=\"date\"><time datetime=\"2026-03-26\">Ver\u00f6ffentlicht vor 3\u00a0Wochen<\/time><\/li>\n\n\t\t\t\t\t<\/ul>\n\t<\/a>\n<\/li>\n<li class=\"post-205793 job_listing type-job_listing status-publish has-post-thumbnail hentry job-type-vollzeit job_position_featured\" data-longitude=\"\" data-latitude=\"\">\n\t<a href=\"https:\/\/durmat.com\/de\/job\/elektroniker-fuer-betriebstechnik-automatisierungstechnik-m-w-d\/\">\n\t\t<img decoding=\"async\" class=\"company_logo\" src=\"https:\/\/durmat.com\/wp-content\/uploads\/durum-wp-joblogo-150x150.jpg\" alt=\"DURUM Verschlei\u00dfschutz GmbH\" title=\"Schnmuckbild f\u00fcr\">\t\t<div class=\"position\">\n\t\t\t<h3>Elektroniker f\u00fcr Betriebstechnik \u201eAutomatisierungstechnik\u201c (m\/w\/d)<\/h3>\n\t\t\t<div class=\"company\">\n\t\t\t\t<strong>DURUM Verschlei\u00dfschutz GmbH<\/strong> \t\t\t\t<span class=\"tagline\">Die Firma DURUM Verschlei\u00dfschutz GmbH ist ein mittelst\u00e4ndisches Unternehmen der Schwei\u00dfzusatzwerkstoffindustrie, spezialisiert auf die Entwicklung und Herstellung von Hochleistungs-Verschlei\u00dfschutz-Werkstoffen sowie kundenspezifischen L\u00f6sungen. Unsere Produkte werden erfolgreich in den Bereichen \u00d6l- und Gasindustrie, Bergbau, Zementindustrie, Landwirtschaft und Stahlindustrie eingesetzt.<\/span>\t\t\t<\/div>\n\t\t<\/div>\n\t\t<div class=\"location\">\n\t\t\tWillich\t\t<\/div>\n\t\t<ul class=\"meta\">\n\t\t\t\n\t\t\t\t\t\t\t\t\t\t\t\t\t\t\t\t<li class=\"job-type vollzeit\">Vollzeit<\/li>\n\t\t\t\t\t\t\t\n\t\t\t<li class=\"date\"><time datetime=\"2026-02-25\">Ver\u00f6ffentlicht vor 2\u00a0Monaten<\/time><\/li>\n\n\t\t\t\t\t<\/ul>\n\t<\/a>\n<\/li>\n<li class=\"post-4878 job_listing type-job_listing status-publish has-post-thumbnail hentry job-type-praktikant job_position_featured\" data-longitude=\"\" data-latitude=\"\">\n\t<a href=\"https:\/\/durmat.com\/de\/job\/praktikant-m-w-d\/\">\n\t\t<img decoding=\"async\" class=\"company_logo\" src=\"https:\/\/durmat.com\/wp-content\/uploads\/durum-wp-joblogo-150x150.jpg\" alt=\"DURUM Verschlei\u00dfschutz GmbH\" title=\"Schnmuckbild f\u00fcr\">\t\t<div class=\"position\">\n\t\t\t<h3>Praktikant (m\/w\/d)<\/h3>\n\t\t\t<div class=\"company\">\n\t\t\t\t<strong>DURUM Verschlei\u00dfschutz GmbH<\/strong> \t\t\t\t<span class=\"tagline\">Die Firma DURUM Verschlei\u00dfschutz GmbH ist ein mittelst\u00e4ndisches Unternehmen der Schwei\u00dfzusatzwerkstoffindustrie, spezialisiert auf die Entwicklung und Herstellung von Hochleistungs-Verschlei\u00dfschutz-Werkstoffen sowie kundenspezifischen L\u00f6sungen. Unsere Produkte werden erfolgreich in den Bereichen \u00d6l- und Gasindustrie, Bergbau, Zementindustrie, Landwirtschaft und Stahlindustrie eingesetzt.<\/span>\t\t\t<\/div>\n\t\t<\/div>\n\t\t<div class=\"location\">\n\t\t\tWillich\t\t<\/div>\n\t\t<ul class=\"meta\">\n\t\t\t\n\t\t\t\t\t\t\t\t\t\t\t\t\t\t\t\t<li class=\"job-type praktikant\">Praktikant<\/li>\n\t\t\t\t\t\t\t\n\t\t\t<li class=\"date\"><time datetime=\"2022-09-06\">Ver\u00f6ffentlicht vor 4\u00a0Jahren<\/time><\/li>\n\n\t\t\t\t\t<\/ul>\n\t<\/a>\n<\/li>\n<li class=\"post-4873 job_listing type-job_listing status-publish has-post-thumbnail hentry job-type-werkstudent job_position_featured\" data-longitude=\"\" data-latitude=\"\">\n\t<a href=\"https:\/\/durmat.com\/de\/job\/werkstudent-m-w-d\/\">\n\t\t<img decoding=\"async\" class=\"company_logo\" src=\"https:\/\/durmat.com\/wp-content\/uploads\/durum-wp-joblogo-150x150.jpg\" alt=\"DURUM Verschlei\u00dfschutz GmbH\" title=\"Schnmuckbild f\u00fcr\">\t\t<div class=\"position\">\n\t\t\t<h3>Werkstudent (m\/w\/d)<\/h3>\n\t\t\t<div class=\"company\">\n\t\t\t\t<strong>DURUM Verschlei\u00dfschutz GmbH<\/strong> \t\t\t\t<span class=\"tagline\">Die Firma DURUM Verschlei\u00dfschutz GmbH ist ein mittelst\u00e4ndisches Unternehmen der Schwei\u00dfzusatzwerkstoffindustrie, spezialisiert auf die Entwicklung und Herstellung von Hochleistungs-Verschlei\u00dfschutz-Werkstoffen sowie kundenspezifischen L\u00f6sungen. Unsere Produkte werden erfolgreich in den Bereichen \u00d6l- und Gasindustrie, Bergbau, Zementindustrie, Landwirtschaft und Stahlindustrie eingesetzt.<\/span>\t\t\t<\/div>\n\t\t<\/div>\n\t\t<div class=\"location\">\n\t\t\tWillich\t\t<\/div>\n\t\t<ul class=\"meta\">\n\t\t\t\n\t\t\t\t\t\t\t\t\t\t\t\t\t\t\t\t<li class=\"job-type werkstudent\">Werkstudent<\/li>\n\t\t\t\t\t\t\t\n\t\t\t<li class=\"date\"><time datetime=\"2022-09-06\">Ver\u00f6ffentlicht vor 4\u00a0Jahren<\/time><\/li>\n\n\t\t\t\t\t<\/ul>\n\t<\/a>\n<\/li>\n<\/ul>\n<\/div><\/div>\n\t\t\t\t\t\t<\/div>\n\t\t\t\t<\/div>\n\t\t\t\t\t<\/div>\n\t\t<\/div>\n\t\t\t\t\t<\/div>\n\t\t<\/section>\n\t\t\t\t\t<\/div>\n\t\t<\/div>\n\t\t\t\t\t<\/div>\n\t\t<\/section>\n\t\t\t\t<\/div>\n\t\t","protected":false},"excerpt":{"rendered":"<p>Starten Sie mit uns durch \u2013 Karriere bei DURUM Als familiengef\u00fchrtes Unternehmen wollen wir stetig wachsen und neue Produkte entwickeln, um auch in Zukunft den Anforderungen unserer nationalen und internationalen Kunden gerecht zu werden. Das Engagement und die Leidenschaft unserer Mitarbeiter sind dabei von gro\u00dfer Bedeutung. Bei DURUM bieten wir Ihnen einen sicheren Arbeitsplatz und [&hellip;]<\/p>\n","protected":false},"author":1,"featured_media":6854,"parent":706,"menu_order":0,"comment_status":"closed","ping_status":"closed","template":"","meta":{"footnotes":""},"class_list":["post-1267","page","type-page","status-publish","has-post-thumbnail","hentry"],"_links":{"self":[{"href":"https:\/\/durmat.com\/de\/wp-json\/wp\/v2\/pages\/1267","targetHints":{"allow":["GET"]}}],"collection":[{"href":"https:\/\/durmat.com\/de\/wp-json\/wp\/v2\/pages"}],"about":[{"href":"https:\/\/durmat.com\/de\/wp-json\/wp\/v2\/types\/page"}],"author":[{"embeddable":true,"href":"https:\/\/durmat.com\/de\/wp-json\/wp\/v2\/users\/1"}],"replies":[{"embeddable":true,"href":"https:\/\/durmat.com\/de\/wp-json\/wp\/v2\/comments?post=1267"}],"version-history":[{"count":45,"href":"https:\/\/durmat.com\/de\/wp-json\/wp\/v2\/pages\/1267\/revisions"}],"predecessor-version":[{"id":205424,"href":"https:\/\/durmat.com\/de\/wp-json\/wp\/v2\/pages\/1267\/revisions\/205424"}],"up":[{"embeddable":true,"href":"https:\/\/durmat.com\/de\/wp-json\/wp\/v2\/pages\/706"}],"wp:featuredmedia":[{"embeddable":true,"href":"https:\/\/durmat.com\/de\/wp-json\/wp\/v2\/media\/6854"}],"wp:attachment":[{"href":"https:\/\/durmat.com\/de\/wp-json\/wp\/v2\/media?parent=1267"}],"curies":[{"name":"wp","href":"https:\/\/api.w.org\/{rel}","templated":true}]}}