{"id":205245,"date":"2025-04-30T15:46:52","date_gmt":"2025-04-30T13:46:52","guid":{"rendered":"https:\/\/durmat.com\/?page_id=205245"},"modified":"2025-09-03T14:30:49","modified_gmt":"2025-09-03T12:30:49","slug":"ueber-uns-in-einfacher-sprache","status":"publish","type":"page","link":"https:\/\/durmat.com\/de\/unternehmen\/ueber-uns-in-einfacher-sprache\/","title":{"rendered":"\u00dcber uns in einfacher Sprache"},"content":{"rendered":"\t\t<div data-elementor-type=\"wp-page\" data-elementor-id=\"205245\" class=\"elementor elementor-205245\" data-elementor-post-type=\"page\">\n\t\t\t\t\t\t<section class=\"elementor-section elementor-top-section elementor-element elementor-element-817711a elementor-section-boxed elementor-section-height-default elementor-section-height-default\" data-id=\"817711a\" data-element_type=\"section\" data-e-type=\"section\" data-settings=\"{&quot;jet_parallax_layout_list&quot;:[]}\">\n\t\t\t\t\t\t<div class=\"elementor-container elementor-column-gap-default\">\n\t\t\t\t\t<div class=\"elementor-column elementor-col-100 elementor-top-column elementor-element elementor-element-5bd8aa1\" data-id=\"5bd8aa1\" data-element_type=\"column\" data-e-type=\"column\">\n\t\t\t<div class=\"elementor-widget-wrap elementor-element-populated\">\n\t\t\t\t\t\t<div class=\"elementor-element elementor-element-e4f0e8f elementor-widget elementor-widget-text-editor\" data-id=\"e4f0e8f\" data-element_type=\"widget\" data-e-type=\"widget\" data-widget_type=\"text-editor.default\">\n\t\t\t\t<div class=\"elementor-widget-container\">\n\t\t\t\t\t\t\t\t\t<h2>Wir sind DURUM<\/h2><p>Uns gibt es seit \u00fcber 40 Jahren.<\/p><p>Wir sch\u00fctzen Maschinen.<br \/>Unsere Arbeit sorgt daf\u00fcr:<br \/>Maschinen halten l\u00e4nger.<\/p><p>Wir arbeiten auf der ganzen Welt.<br \/>Wir liefern unsere Produkte in mehr als 80 L\u00e4nder.<br \/>Wir haben Firmen in Brasilien, Frankreich und den USA.<\/p><h3>Das ist uns wichtig<\/h3><ul><li>Unsere Produkte haben gute Qualit\u00e4t.<\/li><li>Wir beraten Sie freundlich und gut.<\/li><li>Wir entwickeln neue Produkte.<\/li><li>Wir bieten einen guten Service.<\/li><li>Vertrauen ist uns sehr wichtig.<\/li><\/ul><h3>Was wir f\u00fcr Sie tun<\/h3><p>Wir finden die beste L\u00f6sung f\u00fcr Ihr Problem.<br \/>Wir sch\u00fctzen viele verschiedene Maschinen und Anlagen.<br \/>Wir helfen kleinen Firmen und gro\u00dfen Firmen.<\/p><h3>Unsere Produkte<\/h3><p>Wir stellen besondere Produkte her.<br \/>Unsere Produkte sch\u00fctzen Maschinen vor Abnutzung.<br \/>Zum Beispiel:<\/p><ul><li>Schwei\u00df-Dr\u00e4hte<\/li><li>Schwei\u00df-Pulver<\/li><li>Spray-Dr\u00e4hte<\/li><li>Spray-Pulver<\/li><li>fertige Schutz-Platten<\/li><li>fertige Bauteile, die Sie direkt einbauen k\u00f6nnen<\/li><\/ul><p>Einige unserer Produkte enthalten einen Stoff.<br \/>Der Stoff hei\u00dft Wolfram-Karbid.<br \/>Er sorgt f\u00fcr einen besonders starken Schutz.<\/p><h3>Unsere Forschung<\/h3><p>Wir entwickeln neue Materialien.<br \/>Wir entwickeln neue Techniken f\u00fcr das Schwei\u00dfen und das Beschichten.<\/p><p>Wir haben eigene Labore.<br \/>Dort testen wir neue Stoffe.<br \/>Wir entwickeln auch L\u00f6sungen f\u00fcr einzelne Kunden.<\/p><h3>Unsere Projekte<\/h3><p>Wir arbeiten bei vielen Forschungs-Projekten mit.<br \/>Dabei arbeiten wir mit Universit\u00e4ten und Firmen zusammen.<br \/>Manchmal bekommen wir Geld von der EU oder vom Staat.<\/p><p>Manche Ergebnisse teilen wir mit anderen.<br \/>Manche Ergebnisse bleiben geheim.<br \/>Das ist wichtig, wenn Kunden das so wollen.<\/p><h3>Unsere Schulungen<\/h3><p>Wir zeigen Ihnen, wie Sie unsere Produkte gut benutzen.<br \/>Unsere Experten helfen Ihnen.<\/p><h3>Unser Verhaltens-Kodex:<\/h3><p>Wir halten uns an alle Gesetze.<br \/>Wir arbeiten ehrlich.<br \/>Wir verhalten uns gut bei der Arbeit.<br \/>Wir verhalten uns auch au\u00dferhalb der Arbeit gut.<\/p>\t\t\t\t\t\t\t\t<\/div>\n\t\t\t\t<\/div>\n\t\t\t\t\t<\/div>\n\t\t<\/div>\n\t\t\t\t\t<\/div>\n\t\t<\/section>\n\t\t\t\t<\/div>\n\t\t","protected":false},"excerpt":{"rendered":"<p>Wir sind DURUM Uns gibt es seit \u00fcber 40 Jahren. Wir sch\u00fctzen Maschinen.Unsere Arbeit sorgt daf\u00fcr:Maschinen halten l\u00e4nger. Wir arbeiten auf der ganzen Welt.Wir liefern unsere Produkte in mehr als 80 L\u00e4nder.Wir haben Firmen in Brasilien, Frankreich und den USA. Das ist uns wichtig Unsere Produkte haben gute Qualit\u00e4t. Wir beraten Sie freundlich und gut. [&hellip;]<\/p>\n","protected":false},"author":1,"featured_media":2376,"parent":706,"menu_order":0,"comment_status":"closed","ping_status":"closed","template":"","meta":{"footnotes":""},"class_list":["post-205245","page","type-page","status-publish","has-post-thumbnail","hentry"],"_links":{"self":[{"href":"https:\/\/durmat.com\/de\/wp-json\/wp\/v2\/pages\/205245","targetHints":{"allow":["GET"]}}],"collection":[{"href":"https:\/\/durmat.com\/de\/wp-json\/wp\/v2\/pages"}],"about":[{"href":"https:\/\/durmat.com\/de\/wp-json\/wp\/v2\/types\/page"}],"author":[{"embeddable":true,"href":"https:\/\/durmat.com\/de\/wp-json\/wp\/v2\/users\/1"}],"replies":[{"embeddable":true,"href":"https:\/\/durmat.com\/de\/wp-json\/wp\/v2\/comments?post=205245"}],"version-history":[{"count":16,"href":"https:\/\/durmat.com\/de\/wp-json\/wp\/v2\/pages\/205245\/revisions"}],"predecessor-version":[{"id":205585,"href":"https:\/\/durmat.com\/de\/wp-json\/wp\/v2\/pages\/205245\/revisions\/205585"}],"up":[{"embeddable":true,"href":"https:\/\/durmat.com\/de\/wp-json\/wp\/v2\/pages\/706"}],"wp:featuredmedia":[{"embeddable":true,"href":"https:\/\/durmat.com\/de\/wp-json\/wp\/v2\/media\/2376"}],"wp:attachment":[{"href":"https:\/\/durmat.com\/de\/wp-json\/wp\/v2\/media?parent=205245"}],"curies":[{"name":"wp","href":"https:\/\/api.w.org\/{rel}","templated":true}]}}