{"id":706,"date":"2022-06-01T11:24:21","date_gmt":"2022-06-01T09:24:21","guid":{"rendered":"https:\/\/durmat.com\/?page_id=706"},"modified":"2025-06-26T08:42:14","modified_gmt":"2025-06-26T06:42:14","slug":"unternehmen","status":"publish","type":"page","link":"https:\/\/durmat.com\/de\/unternehmen\/","title":{"rendered":"Unternehmen"},"content":{"rendered":"\t\t<div data-elementor-type=\"wp-page\" data-elementor-id=\"706\" class=\"elementor elementor-706\" data-elementor-post-type=\"page\">\n\t\t\t\t\t\t<section class=\"elementor-section elementor-top-section elementor-element elementor-element-b7cff1e elementor-section-full_width elementor-section-height-default elementor-section-height-default\" data-id=\"b7cff1e\" data-element_type=\"section\" data-e-type=\"section\" data-settings=\"{&quot;jet_parallax_layout_list&quot;:[]}\">\n\t\t\t\t\t\t<div class=\"elementor-container elementor-column-gap-default\">\n\t\t\t\t\t<div class=\"elementor-column elementor-col-100 elementor-top-column elementor-element elementor-element-83392c1\" data-id=\"83392c1\" data-element_type=\"column\" data-e-type=\"column\">\n\t\t\t<div class=\"elementor-widget-wrap elementor-element-populated\">\n\t\t\t\t\t\t<div class=\"elementor-element elementor-element-b800871 elementor-widget elementor-widget-heading\" data-id=\"b800871\" data-element_type=\"widget\" data-e-type=\"widget\" data-widget_type=\"heading.default\">\n\t\t\t\t<div class=\"elementor-widget-container\">\n\t\t\t\t\t<h2 class=\"elementor-heading-title elementor-size-default\">DURUM: Stark gegen Verschlei\u00df <\/h2>\t\t\t\t<\/div>\n\t\t\t\t<\/div>\n\t\t\t\t<section class=\"elementor-section elementor-inner-section elementor-element elementor-element-704a8e9 elementor-section-full_width elementor-section-height-default elementor-section-height-default\" data-id=\"704a8e9\" data-element_type=\"section\" data-e-type=\"section\" data-settings=\"{&quot;jet_parallax_layout_list&quot;:[]}\">\n\t\t\t\t\t\t<div class=\"elementor-container elementor-column-gap-default\">\n\t\t\t\t\t<div class=\"elementor-column elementor-col-50 elementor-inner-column elementor-element elementor-element-70bfe97\" data-id=\"70bfe97\" data-element_type=\"column\" data-e-type=\"column\">\n\t\t\t<div class=\"elementor-widget-wrap elementor-element-populated\">\n\t\t\t\t\t\t<div class=\"elementor-element elementor-element-1131462 elementor-widget elementor-widget-text-editor\" data-id=\"1131462\" data-element_type=\"widget\" data-e-type=\"widget\" data-widget_type=\"text-editor.default\">\n\t\t\t\t<div class=\"elementor-widget-container\">\n\t\t\t\t\t\t\t\t\t<p>Jede Branche hat bestimmte Regeln. In unserer z\u00e4hlen vor allem <strong>L\u00f6sungen<\/strong>. Egal, ob es sich um den <strong>Verschlei\u00dfschutz<\/strong> durch Auftragschwei\u00dfen und thermisches Spritzen von Neuteilen oder die <strong>Reparatur<\/strong> und <strong>Instandhaltung <\/strong>von bereits verschlissenen Maschinen handelt \u2013 mit <strong>hochwertigen Rohstoffen<\/strong> aus konfliktfreien Staaten und <strong>innovativer Verfahrenstechnik<\/strong> setzt DURUM dem Verschlei\u00df in nahezu jeder Branche eine <strong>wirksame L\u00f6sung<\/strong> entgegen.<\/p>\t\t\t\t\t\t\t\t<\/div>\n\t\t\t\t<\/div>\n\t\t\t\t<div class=\"elementor-element elementor-element-3306a8c elementor-widget elementor-widget-heading\" data-id=\"3306a8c\" data-element_type=\"widget\" data-e-type=\"widget\" data-widget_type=\"heading.default\">\n\t\t\t\t<div class=\"elementor-widget-container\">\n\t\t\t\t\t<h3 class=\"elementor-heading-title elementor-size-default\">Unsere Leistung f\u00fcr Ihren Erfolg<\/h3>\t\t\t\t<\/div>\n\t\t\t\t<\/div>\n\t\t\t\t<div class=\"elementor-element elementor-element-f5ba74b elementor-widget elementor-widget-text-editor\" data-id=\"f5ba74b\" data-element_type=\"widget\" data-e-type=\"widget\" data-widget_type=\"text-editor.default\">\n\t\t\t\t<div class=\"elementor-widget-container\">\n\t\t\t\t\t\t\t\t\t<p>Die <strong>Qualit\u00e4t<\/strong> s\u00e4mtlicher Anwendungen messen wir dabei nicht an der Gr\u00f6\u00dfe des Einsatzgebiets, sondern an der <strong>Zufriedenheit unserer Kunden<\/strong>. Ein partnerschaftliches Miteinander und Vertraulichkeit bei der Entwicklung sind genauso entscheidend f\u00fcr eine <strong>erfolgreiche Zusammenarbeit<\/strong> wie die physikalischen Materialeigenschaften der Produkte.<\/p><p>Um die h\u00e4rtesten Anforderungen Ihrer Branche zu erf\u00fcllen, ben\u00f6tigen Sie neben <strong>ma\u00dfgeschneiderten Produkten<\/strong> auch <strong>erstklassigen Service<\/strong>. Zusammen mit einem weltweiten Netzwerk und zahlreichen Niederlassungen schaffen wir L\u00f6sungen, auf die Sie sich verlassen k\u00f6nnen.<\/p>\t\t\t\t\t\t\t\t<\/div>\n\t\t\t\t<\/div>\n\t\t\t\t\t<\/div>\n\t\t<\/div>\n\t\t\t\t<div class=\"elementor-column elementor-col-50 elementor-inner-column elementor-element elementor-element-e0ccdb4\" data-id=\"e0ccdb4\" data-element_type=\"column\" data-e-type=\"column\">\n\t\t\t<div class=\"elementor-widget-wrap elementor-element-populated\">\n\t\t\t\t\t\t<div class=\"elementor-element elementor-element-70bfad8 elementor-arrows-position-inside elementor-pagination-position-outside elementor-widget elementor-widget-image-carousel\" data-id=\"70bfad8\" data-element_type=\"widget\" data-e-type=\"widget\" data-settings=\"{&quot;slides_to_show&quot;:&quot;1&quot;,&quot;lazyload&quot;:&quot;yes&quot;,&quot;navigation&quot;:&quot;both&quot;,&quot;autoplay&quot;:&quot;yes&quot;,&quot;pause_on_hover&quot;:&quot;yes&quot;,&quot;pause_on_interaction&quot;:&quot;yes&quot;,&quot;autoplay_speed&quot;:5000,&quot;infinite&quot;:&quot;yes&quot;,&quot;effect&quot;:&quot;slide&quot;,&quot;speed&quot;:500}\" data-widget_type=\"image-carousel.default\">\n\t\t\t\t<div class=\"elementor-widget-container\">\n\t\t\t\t\t\t\t<div class=\"elementor-image-carousel-wrapper swiper\" role=\"region\" aria-roledescription=\"carousel\" aria-label=\"Bild Karussell\" dir=\"ltr\">\n\t\t\t<div class=\"elementor-image-carousel swiper-wrapper swiper-image-stretch\" aria-live=\"off\">\n\t\t\t\t\t\t\t\t<div class=\"swiper-slide\" role=\"group\" aria-roledescription=\"slide\" aria-label=\"1 di 6\"><figure class=\"swiper-slide-inner\"><img class=\"swiper-slide-image swiper-lazy\" data-src=\"https:\/\/durmat.com\/wp-content\/uploads\/durum-verschleissschutz_ueberuns-header-1.jpg\" alt=\"durum-verschleissschutz_ueberuns-header\" \/><div class=\"swiper-lazy-preloader\"><\/div><\/figure><\/div><div class=\"swiper-slide\" role=\"group\" aria-roledescription=\"slide\" aria-label=\"2 di 6\"><figure class=\"swiper-slide-inner\"><img class=\"swiper-slide-image swiper-lazy\" data-src=\"https:\/\/durmat.com\/wp-content\/uploads\/durum-verschleissschutz_ueberuns-innenansicht-01.jpg\" alt=\"durum-verschleissschutz_ueberuns-innenansicht-01\" \/><div class=\"swiper-lazy-preloader\"><\/div><\/figure><\/div><div class=\"swiper-slide\" role=\"group\" aria-roledescription=\"slide\" aria-label=\"3 di 6\"><figure class=\"swiper-slide-inner\"><img class=\"swiper-slide-image swiper-lazy\" data-src=\"https:\/\/durmat.com\/wp-content\/uploads\/durum-verschleissschutz_ueberuns-innenansicht-02.jpg\" alt=\"durum-verschleissschutz_ueberuns-innenansicht-02\" \/><div class=\"swiper-lazy-preloader\"><\/div><\/figure><\/div><div class=\"swiper-slide\" role=\"group\" aria-roledescription=\"slide\" aria-label=\"4 di 6\"><figure class=\"swiper-slide-inner\"><img class=\"swiper-slide-image swiper-lazy\" data-src=\"https:\/\/durmat.com\/wp-content\/uploads\/durum-verschleissschutz_ueberuns-innenansicht-03.jpg\" alt=\"durum-verschleissschutz_ueberuns-innenansicht-03\" \/><div class=\"swiper-lazy-preloader\"><\/div><\/figure><\/div><div class=\"swiper-slide\" role=\"group\" aria-roledescription=\"slide\" aria-label=\"5 di 6\"><figure class=\"swiper-slide-inner\"><img class=\"swiper-slide-image swiper-lazy\" data-src=\"https:\/\/durmat.com\/wp-content\/uploads\/durum-verschleissschutz_ueberuns-aussenansichtt-02.jpg\" alt=\"durum-verschleissschutz_ueberuns-aussenansichtt-02\" \/><div class=\"swiper-lazy-preloader\"><\/div><\/figure><\/div><div class=\"swiper-slide\" role=\"group\" aria-roledescription=\"slide\" aria-label=\"6 di 6\"><figure class=\"swiper-slide-inner\"><img class=\"swiper-slide-image swiper-lazy\" data-src=\"https:\/\/durmat.com\/wp-content\/uploads\/durum_e-saeule_7.jpg\" alt=\"Durum E-S\u00e4ule\" \/><div class=\"swiper-lazy-preloader\"><\/div><\/figure><\/div>\t\t\t<\/div>\n\t\t\t\t\t\t\t\t\t\t\t\t<div class=\"elementor-swiper-button elementor-swiper-button-prev\" role=\"button\" tabindex=\"0\">\n\t\t\t\t\t\t<i aria-hidden=\"true\" class=\"eicon-chevron-left\"><\/i>\t\t\t\t\t<\/div>\n\t\t\t\t\t<div class=\"elementor-swiper-button elementor-swiper-button-next\" role=\"button\" tabindex=\"0\">\n\t\t\t\t\t\t<i aria-hidden=\"true\" class=\"eicon-chevron-right\"><\/i>\t\t\t\t\t<\/div>\n\t\t\t\t\n\t\t\t\t\t\t\t\t\t<div class=\"swiper-pagination\"><\/div>\n\t\t\t\t\t\t\t\t\t<\/div>\n\t\t\t\t\t\t<\/div>\n\t\t\t\t<\/div>\n\t\t\t\t\t<\/div>\n\t\t<\/div>\n\t\t\t\t\t<\/div>\n\t\t<\/section>\n\t\t\t\t<div class=\"elementor-element elementor-element-cf21a73 elementor-widget elementor-widget-heading\" data-id=\"cf21a73\" data-element_type=\"widget\" data-e-type=\"widget\" data-widget_type=\"heading.default\">\n\t\t\t\t<div class=\"elementor-widget-container\">\n\t\t\t\t\t<h3 class=\"elementor-heading-title elementor-size-default\">Unsere Geschichte <\/h3>\t\t\t\t<\/div>\n\t\t\t\t<\/div>\n\t\t\t\t<div class=\"elementor-element elementor-element-1d1fb6c elementor-widget__width-initial elementor-widget elementor-widget-text-editor\" data-id=\"1d1fb6c\" data-element_type=\"widget\" data-e-type=\"widget\" data-widget_type=\"text-editor.default\">\n\t\t\t\t<div class=\"elementor-widget-container\">\n\t\t\t\t\t\t\t\t\t<p>Die <strong>DURUM Verschlei\u00dfschutz GmbH<\/strong> wurde <strong>1984<\/strong> in Mettmann bei D\u00fcsseldorf gegr\u00fcndet. Neben dem Hauptstandort in <strong>Willich <\/strong>(Deutschland) gibt es DURUM-Betriebsst\u00e4tten und Service-Center in Brasilien, Frankreich und den USA, die durch Vertriebspartner auf allen f\u00fcnf Kontinenten dieser Erde erg\u00e4nzt werden. DURUM exportiert in mehr als <strong>80 L\u00e4nder<\/strong> weltweit! Als mittelst\u00e4ndisches Unternehmen mit <strong>mehr als 40 Jahren Erfahrung<\/strong> entwickeln wir anwendungsspezifische <strong>Sonderl\u00f6sungen<\/strong> f\u00fcr unsere Kunden.<\/p>\t\t\t\t\t\t\t\t<\/div>\n\t\t\t\t<\/div>\n\t\t\t\t<div class=\"elementor-element elementor-element-602b2b8 elementor-widget__width-initial elementor-widget elementor-widget-image\" data-id=\"602b2b8\" data-element_type=\"widget\" data-e-type=\"widget\" data-widget_type=\"image.default\">\n\t\t\t\t<div class=\"elementor-widget-container\">\n\t\t\t\t\t\t\t\t\t\t\t\t\t\t\t<img fetchpriority=\"high\" decoding=\"async\" width=\"500\" height=\"154\" src=\"https:\/\/durmat.com\/wp-content\/uploads\/durum_jubilaeumslogo-40-jahre-500.png\" class=\"attachment-large size-large wp-image-197852\" alt=\"Schnmuckbild f\u00fcr\" srcset=\"https:\/\/durmat.com\/wp-content\/uploads\/durum_jubilaeumslogo-40-jahre-500.png 500w, https:\/\/durmat.com\/wp-content\/uploads\/durum_jubilaeumslogo-40-jahre-500-300x92.png 300w, https:\/\/durmat.com\/wp-content\/uploads\/durum_jubilaeumslogo-40-jahre-500-18x6.png 18w\" sizes=\"(max-width: 500px) 100vw, 500px\" title=\"Schnmuckbild f\u00fcr\">\t\t\t\t\t\t\t\t\t\t\t\t\t\t\t<\/div>\n\t\t\t\t<\/div>\n\t\t\t\t<div class=\"elementor-element elementor-element-7dee5dd elementor-widget elementor-widget-heading\" data-id=\"7dee5dd\" data-element_type=\"widget\" data-e-type=\"widget\" data-widget_type=\"heading.default\">\n\t\t\t\t<div class=\"elementor-widget-container\">\n\t\t\t\t\t<h3 class=\"elementor-heading-title elementor-size-default\">Unsere Unternehmensphilosophie<\/h3>\t\t\t\t<\/div>\n\t\t\t\t<\/div>\n\t\t\t\t<div class=\"elementor-element elementor-element-40a452f elementor-widget elementor-widget-text-editor\" data-id=\"40a452f\" data-element_type=\"widget\" data-e-type=\"widget\" data-widget_type=\"text-editor.default\">\n\t\t\t\t<div class=\"elementor-widget-container\">\n\t\t\t\t\t\t\t\t\t<p><strong>Unser Motto: Erfolgreich durch DURUM Beschichtungen! <\/strong>Profitieren Sie mit DURUM von verschlei\u00dffesteren Oberfl\u00e4chenbeschichtungen und somit von <strong>verbesserter Funktionalit\u00e4t, Wirtschaftlichkeit und Wettbewerbsf\u00e4higkeit.\u00a0<\/strong><span style=\"color: var( --e-global-color-primary );\">Wir entwickeln unsere Produkte kontinuierlich weiter und investieren in <\/span><strong style=\"color: var( --e-global-color-primary );\">Forschung<\/strong><span style=\"color: var( --e-global-color-primary );\"> und <\/span><strong style=\"color: var( --e-global-color-primary );\">Entwicklung<\/strong><span style=\"color: var( --e-global-color-primary );\">, um <\/span><strong style=\"color: var( --e-global-color-primary );\">kundenspezifische L\u00f6sungen<\/strong><span style=\"color: var( --e-global-color-primary );\"> f\u00fcr anspruchsvolle <\/span><strong style=\"color: var( --e-global-color-primary );\">Anwendungsbereiche<\/strong><span style=\"color: var( --e-global-color-primary );\"> in der Industrie bieten zu k\u00f6nnen.<\/span><\/p><p>Kurze Entscheidungswege und flache Hierarchien sind der Garant f\u00fcr unsere <strong>Flexibilit\u00e4t <\/strong>und <strong>Leistungsf\u00e4higkeit<\/strong>. Bei aller Dynamik steht DURUM aber auch f\u00fcr Kontinuit\u00e4t und Verl\u00e4sslichkeit in Bezug auf <strong>Termintreue <\/strong>und <strong>stabile Preispolitik<\/strong>.<\/p>\t\t\t\t\t\t\t\t<\/div>\n\t\t\t\t<\/div>\n\t\t\t\t\t<\/div>\n\t\t<\/div>\n\t\t\t\t\t<\/div>\n\t\t<\/section>\n\t\t\t\t<\/div>\n\t\t","protected":false},"excerpt":{"rendered":"<p>DURUM: Stark gegen Verschlei\u00df Jede Branche hat bestimmte Regeln. In unserer z\u00e4hlen vor allem L\u00f6sungen. Egal, ob es sich um den Verschlei\u00dfschutz durch Auftragschwei\u00dfen und thermisches Spritzen von Neuteilen oder die Reparatur und Instandhaltung von bereits verschlissenen Maschinen handelt \u2013 mit hochwertigen Rohstoffen aus konfliktfreien Staaten und innovativer Verfahrenstechnik setzt DURUM dem Verschlei\u00df in nahezu [&hellip;]<\/p>\n","protected":false},"author":1,"featured_media":6854,"parent":0,"menu_order":0,"comment_status":"closed","ping_status":"closed","template":"","meta":{"footnotes":""},"class_list":["post-706","page","type-page","status-publish","has-post-thumbnail","hentry"],"_links":{"self":[{"href":"https:\/\/durmat.com\/de\/wp-json\/wp\/v2\/pages\/706","targetHints":{"allow":["GET"]}}],"collection":[{"href":"https:\/\/durmat.com\/de\/wp-json\/wp\/v2\/pages"}],"about":[{"href":"https:\/\/durmat.com\/de\/wp-json\/wp\/v2\/types\/page"}],"author":[{"embeddable":true,"href":"https:\/\/durmat.com\/de\/wp-json\/wp\/v2\/users\/1"}],"replies":[{"embeddable":true,"href":"https:\/\/durmat.com\/de\/wp-json\/wp\/v2\/comments?post=706"}],"version-history":[{"count":61,"href":"https:\/\/durmat.com\/de\/wp-json\/wp\/v2\/pages\/706\/revisions"}],"predecessor-version":[{"id":205420,"href":"https:\/\/durmat.com\/de\/wp-json\/wp\/v2\/pages\/706\/revisions\/205420"}],"wp:featuredmedia":[{"embeddable":true,"href":"https:\/\/durmat.com\/de\/wp-json\/wp\/v2\/media\/6854"}],"wp:attachment":[{"href":"https:\/\/durmat.com\/de\/wp-json\/wp\/v2\/media?parent=706"}],"curies":[{"name":"wp","href":"https:\/\/api.w.org\/{rel}","templated":true}]}}