{"id":1261,"date":"2022-06-03T10:08:54","date_gmt":"2022-06-03T08:08:54","guid":{"rendered":"https:\/\/durmat.com\/?page_id=1261"},"modified":"2025-08-13T14:59:50","modified_gmt":"2025-08-13T12:59:50","slug":"verhaltenskodex","status":"publish","type":"page","link":"https:\/\/durmat.com\/en\/company\/code-of-conduct\/","title":{"rendered":"Code of Conduct"},"content":{"rendered":"<div data-elementor-type=\"wp-page\" data-elementor-id=\"1261\" class=\"elementor elementor-1261\" data-elementor-post-type=\"page\">\n\t\t\t\t\t\t<section class=\"elementor-section elementor-top-section elementor-element elementor-element-8f0b44d elementor-section-full_width elementor-section-height-default elementor-section-height-default\" data-id=\"8f0b44d\" data-element_type=\"section\" data-e-type=\"section\" data-settings=\"{&quot;jet_parallax_layout_list&quot;:[]}\">\n\t\t\t\t\t\t<div class=\"elementor-container elementor-column-gap-default\">\n\t\t\t\t\t<div class=\"elementor-column elementor-col-100 elementor-top-column elementor-element elementor-element-f63015a\" data-id=\"f63015a\" data-element_type=\"column\" data-e-type=\"column\">\n\t\t\t<div class=\"elementor-widget-wrap elementor-element-populated\">\n\t\t\t\t\t\t<div class=\"elementor-element elementor-element-3250169 elementor-widget elementor-widget-heading\" data-id=\"3250169\" data-element_type=\"widget\" data-e-type=\"widget\" data-widget_type=\"heading.default\">\n\t\t\t\t<div class=\"elementor-widget-container\">\n\t\t\t\t\t<h2 class=\"elementor-heading-title elementor-size-default\">DURUM Wear Protection GmbH<\/h2>\t\t\t\t<\/div>\n\t\t\t\t<\/div>\n\t\t\t\t<section class=\"elementor-section elementor-inner-section elementor-element elementor-element-f0ec446 elementor-section-full_width elementor-section-height-default elementor-section-height-default\" data-id=\"f0ec446\" data-element_type=\"section\" data-e-type=\"section\" data-settings=\"{&quot;jet_parallax_layout_list&quot;:[]}\">\n\t\t\t\t\t\t<div class=\"elementor-container elementor-column-gap-default\">\n\t\t\t\t\t<div class=\"elementor-column elementor-col-50 elementor-inner-column elementor-element elementor-element-e47b024\" data-id=\"e47b024\" data-element_type=\"column\" data-e-type=\"column\">\n\t\t\t<div class=\"elementor-widget-wrap elementor-element-populated\">\n\t\t\t\t\t\t<div class=\"elementor-element elementor-element-2ee62e9 elementor-widget elementor-widget-heading\" data-id=\"2ee62e9\" data-element_type=\"widget\" data-e-type=\"widget\" data-widget_type=\"heading.default\">\n\t\t\t\t<div class=\"elementor-widget-container\">\n\t\t\t\t\t<h3 class=\"elementor-heading-title elementor-size-default\">Foreword by the Management<\/h3>\t\t\t\t<\/div>\n\t\t\t\t<\/div>\n\t\t\t\t<div class=\"elementor-element elementor-element-610fcab elementor-widget elementor-widget-heading\" data-id=\"610fcab\" data-element_type=\"widget\" data-e-type=\"widget\" data-widget_type=\"heading.default\">\n\t\t\t\t<div class=\"elementor-widget-container\">\n\t\t\t\t\t<h4 class=\"elementor-heading-title elementor-size-default\">Dear Ladies and Gentlemen\nDear employees,<\/h4>\t\t\t\t<\/div>\n\t\t\t\t<\/div>\n\t\t\t\t<div class=\"elementor-element elementor-element-80c52d2 elementor-widget elementor-widget-text-editor\" data-id=\"80c52d2\" data-element_type=\"widget\" data-e-type=\"widget\" data-widget_type=\"text-editor.default\">\n\t\t\t\t<div class=\"elementor-widget-container\">\n\t\t\t\t\t\t\t\t\t<p><span style=\"color: var( --e-global-color-primary );\">Many factors contribute to our success. These include the range and quality of our products and services as well as our claim to be an exemplary company in every respect.<\/span><\/p><p>Other factors - more difficult to measure but no less essential - determine who we are and how we are perceived as a company. Integrity, responsibility, compliance with the rules of the competitive game, and respectful treatment of our employees and business partners are of equal importance to us.<\/p><p>We are convinced that economic success and the maintenance of ethical standards are inseparable. Of course, our goal is also to operate successfully in the market. However, in doing so, we only want to conclude business transactions that are in line with applicable laws, the principles of good corporate governance and this Code of Conduct.<\/p><p>One of these factors is our good reputation. It is also based on the fact that we do not compromise when it comes to ethically impeccable conduct. In the future, we will continue to consolidate our reputation with exemplary business conduct both during and outside daily working hours.<\/p><p>This Code of Conduct is intended to help you find your way even better in a business environment that has become increasingly complex in recent years. It summarizes the rules you must follow to comply with laws and regulations. But it also takes into account our values and principles - integrity, responsibility, fairness in competition, sustainability and respect.<\/p><p>The consistent implementation of these values in our daily conduct contributes to our continued appropriate appearance as an employer, contractor and company. This Code of Conduct commits the management as well as all employees of DURUM Verschlei\u00dfschutz GmbH.<\/p><p>Willich, May 2020<\/p><p>The management<\/p>\t\t\t\t\t\t\t\t<\/div>\n\t\t\t\t<\/div>\n\t\t\t\t\t<\/div>\n\t\t<\/div>\n\t\t\t\t<div class=\"elementor-column elementor-col-50 elementor-inner-column elementor-element elementor-element-78b1674\" data-id=\"78b1674\" data-element_type=\"column\" data-e-type=\"column\">\n\t\t\t<div class=\"elementor-widget-wrap elementor-element-populated\">\n\t\t\t\t\t\t<div class=\"elementor-element elementor-element-0a936c1 elementor-widget elementor-widget-image\" data-id=\"0a936c1\" data-element_type=\"widget\" data-e-type=\"widget\" data-widget_type=\"image.default\">\n\t\t\t\t<div class=\"elementor-widget-container\">\n\t\t\t\t\t\t\t\t\t\t\t\t\t\t\t<img fetchpriority=\"high\" decoding=\"async\" width=\"800\" height=\"800\" src=\"https:\/\/durmat.com\/wp-content\/uploads\/Verhaltenskodex-800x800-1.jpg\" class=\"attachment-large size-large wp-image-3645\" alt=\"Durum Code of Conduct\" srcset=\"https:\/\/durmat.com\/wp-content\/uploads\/Verhaltenskodex-800x800-1.jpg 800w, https:\/\/durmat.com\/wp-content\/uploads\/Verhaltenskodex-800x800-1-300x300.jpg 300w, https:\/\/durmat.com\/wp-content\/uploads\/Verhaltenskodex-800x800-1-150x150.jpg 150w, https:\/\/durmat.com\/wp-content\/uploads\/Verhaltenskodex-800x800-1-768x768.jpg 768w\" sizes=\"(max-width: 800px) 100vw, 800px\" title=\"Schematic for\">\t\t\t\t\t\t\t\t\t\t\t\t\t\t\t<\/div>\n\t\t\t\t<\/div>\n\t\t\t\t<div class=\"elementor-element elementor-element-f40f3c4 elementor-align-justify elementor-widget elementor-widget-button\" data-id=\"f40f3c4\" data-element_type=\"widget\" data-e-type=\"widget\" data-widget_type=\"button.default\">\n\t\t\t\t<div class=\"elementor-widget-container\">\n\t\t\t\t\t\t\t\t\t<div class=\"elementor-button-wrapper\">\n\t\t\t\t\t<a class=\"elementor-button elementor-button-link elementor-size-md\" href=\"mailto:info@durum.de\">\n\t\t\t\t\t\t<span class=\"elementor-button-content-wrapper\">\n\t\t\t\t\t\t<span class=\"elementor-button-icon\">\n\t\t\t\t<i aria-hidden=\"true\" class=\"fas fa-paper-plane\"><\/i>\t\t\t<\/span>\n\t\t\t\t\t\t\t\t\t<span class=\"elementor-button-text\">Request now by e-mail<\/span>\n\t\t\t\t\t<\/span>\n\t\t\t\t\t<\/a>\n\t\t\t\t<\/div>\n\t\t\t\t\t\t\t\t<\/div>\n\t\t\t\t<\/div>\n\t\t<div class=\"elementor-element elementor-element-faeb795 e-flex e-con-boxed e-con e-parent\" data-id=\"faeb795\" data-element_type=\"container\" data-e-type=\"container\" data-settings=\"{&quot;background_background&quot;:&quot;classic&quot;,&quot;jet_parallax_layout_list&quot;:[]}\">\n\t\t\t\t\t<div class=\"e-con-inner\">\n\t\t\t\t<div class=\"elementor-element elementor-element-6ac6fd4 elementor-widget elementor-widget-heading\" data-id=\"6ac6fd4\" data-element_type=\"widget\" data-e-type=\"widget\" data-widget_type=\"heading.default\">\n\t\t\t\t<div class=\"elementor-widget-container\">\n\t\t\t\t\t<div class=\"elementor-heading-title elementor-size-default\">DECLARATION ON CONFLICT MATERIALS<br>(EU 2017\/821 AND DODD-FRANK ACT)<\/div>\t\t\t\t<\/div>\n\t\t\t\t<\/div>\n\t\t\t\t<div class=\"elementor-element elementor-element-7874862 elementor-align-justify elementor-widget elementor-widget-button\" data-id=\"7874862\" data-element_type=\"widget\" data-e-type=\"widget\" data-widget_type=\"button.default\">\n\t\t\t\t<div class=\"elementor-widget-container\">\n\t\t\t\t\t\t\t\t\t<div class=\"elementor-button-wrapper\">\n\t\t\t\t\t<a class=\"elementor-button elementor-button-link elementor-size-md\" href=\"https:\/\/durmat.com\/wp-content\/uploads\/konfliktmaterialien-de.pdf\" target=\"_blank\">\n\t\t\t\t\t\t<span class=\"elementor-button-content-wrapper\">\n\t\t\t\t\t\t<span class=\"elementor-button-icon\">\n\t\t\t\t<i aria-hidden=\"true\" class=\"fas fa-file-download\"><\/i>\t\t\t<\/span>\n\t\t\t\t\t\t\t\t\t<span class=\"elementor-button-text\">EN<\/span>\n\t\t\t\t\t<\/span>\n\t\t\t\t\t<\/a>\n\t\t\t\t<\/div>\n\t\t\t\t\t\t\t\t<\/div>\n\t\t\t\t<\/div>\n\t\t\t\t<div class=\"elementor-element elementor-element-ea12e3d elementor-align-justify elementor-widget elementor-widget-button\" data-id=\"ea12e3d\" data-element_type=\"widget\" data-e-type=\"widget\" data-widget_type=\"button.default\">\n\t\t\t\t<div class=\"elementor-widget-container\">\n\t\t\t\t\t\t\t\t\t<div class=\"elementor-button-wrapper\">\n\t\t\t\t\t<a class=\"elementor-button elementor-button-link elementor-size-md\" href=\"https:\/\/durmat.com\/wp-content\/uploads\/Conflict-Minerals-Declaration.pdf\" target=\"_blank\">\n\t\t\t\t\t\t<span class=\"elementor-button-content-wrapper\">\n\t\t\t\t\t\t<span class=\"elementor-button-icon\">\n\t\t\t\t<i aria-hidden=\"true\" class=\"fas fa-file-download\"><\/i>\t\t\t<\/span>\n\t\t\t\t\t\t\t\t\t<span class=\"elementor-button-text\">EN<\/span>\n\t\t\t\t\t<\/span>\n\t\t\t\t\t<\/a>\n\t\t\t\t<\/div>\n\t\t\t\t\t\t\t\t<\/div>\n\t\t\t\t<\/div>\n\t\t\t\t\t<\/div>\n\t\t\t\t<\/div>\n\t\t\t\t\t<\/div>\n\t\t<\/div>\n\t\t\t\t\t<\/div>\n\t\t<\/section>\n\t\t\t\t\t<\/div>\n\t\t<\/div>\n\t\t\t\t\t<\/div>\n\t\t<\/section>\n\t\t\t\t<section class=\"elementor-section elementor-top-section elementor-element elementor-element-6012552 elementor-section-boxed elementor-section-height-default elementor-section-height-default\" data-id=\"6012552\" data-element_type=\"section\" data-e-type=\"section\" data-settings=\"{&quot;jet_parallax_layout_list&quot;:[]}\">\n\t\t\t\t\t\t<div class=\"elementor-container elementor-column-gap-default\">\n\t\t\t\t\t<div class=\"elementor-column elementor-col-100 elementor-top-column elementor-element elementor-element-eb012e5\" data-id=\"eb012e5\" data-element_type=\"column\" data-e-type=\"column\">\n\t\t\t<div class=\"elementor-widget-wrap elementor-element-populated\">\n\t\t\t\t\t\t<div class=\"elementor-element elementor-element-847dfc1 elementor-widget elementor-widget-spacer\" data-id=\"847dfc1\" data-element_type=\"widget\" data-e-type=\"widget\" data-widget_type=\"spacer.default\">\n\t\t\t\t<div class=\"elementor-widget-container\">\n\t\t\t\t\t\t\t<div class=\"elementor-spacer\">\n\t\t\t<div class=\"elementor-spacer-inner\"><\/div>\n\t\t<\/div>\n\t\t\t\t\t\t<\/div>\n\t\t\t\t<\/div>\n\t\t\t\t\t<\/div>\n\t\t<\/div>\n\t\t\t\t\t<\/div>\n\t\t<\/section>\n\t\t\t\t<\/div>","protected":false},"excerpt":{"rendered":"<p>DURUM Verschlei\u00dfschutz GmbH Vorwort der Gesch\u00e4ftsf\u00fchrung Sehr geehrte Damen und Herren, liebe Mitarbeiterinnen und Mitarbeiter, viele Faktoren tragen zu unserem Erfolg bei. Zu ihnen geh\u00f6ren die Bandbreite und Qualit\u00e4t unserer Produkte und Serviceleistungen wie ebenso unser Anspruch ein in jeder Hinsicht vorbildliches Unternehmen zu sein. Andere Faktoren \u2013 die schwieriger zu messen, aber nicht minder [&hellip;]<\/p>\n","protected":false},"author":1,"featured_media":6854,"parent":706,"menu_order":0,"comment_status":"closed","ping_status":"closed","template":"","meta":{"footnotes":""},"class_list":["post-1261","page","type-page","status-publish","has-post-thumbnail","hentry"],"_links":{"self":[{"href":"https:\/\/durmat.com\/en\/wp-json\/wp\/v2\/pages\/1261","targetHints":{"allow":["GET"]}}],"collection":[{"href":"https:\/\/durmat.com\/en\/wp-json\/wp\/v2\/pages"}],"about":[{"href":"https:\/\/durmat.com\/en\/wp-json\/wp\/v2\/types\/page"}],"author":[{"embeddable":true,"href":"https:\/\/durmat.com\/en\/wp-json\/wp\/v2\/users\/1"}],"replies":[{"embeddable":true,"href":"https:\/\/durmat.com\/en\/wp-json\/wp\/v2\/comments?post=1261"}],"version-history":[{"count":56,"href":"https:\/\/durmat.com\/en\/wp-json\/wp\/v2\/pages\/1261\/revisions"}],"predecessor-version":[{"id":205560,"href":"https:\/\/durmat.com\/en\/wp-json\/wp\/v2\/pages\/1261\/revisions\/205560"}],"up":[{"embeddable":true,"href":"https:\/\/durmat.com\/en\/wp-json\/wp\/v2\/pages\/706"}],"wp:featuredmedia":[{"embeddable":true,"href":"https:\/\/durmat.com\/en\/wp-json\/wp\/v2\/media\/6854"}],"wp:attachment":[{"href":"https:\/\/durmat.com\/en\/wp-json\/wp\/v2\/media?parent=1261"}],"curies":[{"name":"wp","href":"https:\/\/api.w.org\/{rel}","templated":true}]}}