{"id":205245,"date":"2025-04-30T15:46:52","date_gmt":"2025-04-30T13:46:52","guid":{"rendered":"https:\/\/durmat.com\/?page_id=205245"},"modified":"2025-09-03T14:30:49","modified_gmt":"2025-09-03T12:30:49","slug":"ueber-uns-in-einfacher-sprache","status":"publish","type":"page","link":"https:\/\/durmat.com\/en\/company\/about-us-in-simple-language\/","title":{"rendered":"About us in simple language"},"content":{"rendered":"<div data-elementor-type=\"wp-page\" data-elementor-id=\"205245\" class=\"elementor elementor-205245\" data-elementor-post-type=\"page\">\n\t\t\t\t\t\t<section class=\"elementor-section elementor-top-section elementor-element elementor-element-817711a elementor-section-boxed elementor-section-height-default elementor-section-height-default\" data-id=\"817711a\" data-element_type=\"section\" data-e-type=\"section\" data-settings=\"{&quot;jet_parallax_layout_list&quot;:[]}\">\n\t\t\t\t\t\t<div class=\"elementor-container elementor-column-gap-default\">\n\t\t\t\t\t<div class=\"elementor-column elementor-col-100 elementor-top-column elementor-element elementor-element-5bd8aa1\" data-id=\"5bd8aa1\" data-element_type=\"column\" data-e-type=\"column\">\n\t\t\t<div class=\"elementor-widget-wrap elementor-element-populated\">\n\t\t\t\t\t\t<div class=\"elementor-element elementor-element-e4f0e8f elementor-widget elementor-widget-text-editor\" data-id=\"e4f0e8f\" data-element_type=\"widget\" data-e-type=\"widget\" data-widget_type=\"text-editor.default\">\n\t\t\t\t<div class=\"elementor-widget-container\">\n\t\t\t\t\t\t\t\t\t<h2>We are DURUM<\/h2><p>We have been around for over 40 years.<\/p><p>We protect machines.<br \/>Our work ensures this:<br \/>Machines last longer.<\/p><p>We work all over the world.<br \/>We supply our products to more than 80 countries.<br \/>We have companies in Brazil, France and the USA.<\/p><h3>This is important to us<\/h3><ul><li>Our products are of good quality.<\/li><li>We give you friendly and good advice.<\/li><li>We develop new products.<\/li><li>We offer a good service.<\/li><li>Trust is very important to us.<\/li><\/ul><h3>What we do for you<\/h3><p>We will find the best solution for your problem.<br \/>We protect many different machines and systems.<br \/>We help small businesses and large companies.<\/p><h3>Our products<\/h3><p>We manufacture special products.<br \/>Our products protect machines from wear and tear.<br \/>For example:<\/p><ul><li>Welding wires<\/li><li>Welding powder<\/li><li>Spray wires<\/li><li>Spray powder<\/li><li>Ready-made protective panels<\/li><li>Ready-made components that you can install directly<\/li><\/ul><p>Some of our products contain a substance.<br \/>The material is called tungsten carbide.<br \/>It provides particularly strong protection.<\/p><h3>Our research<\/h3><p>We develop new materials.<br \/>We develop new techniques for welding and coating.<\/p><p>We have our own laboratories.<br \/>We test new fabrics there.<br \/>We also develop solutions for individual customers.<\/p><h3>Our projects<\/h3><p>We are involved in many research projects.<br \/>We work together with universities and companies.<br \/>Sometimes we get money from the EU or the state.<\/p><p>We share some results with others.<br \/>Some results remain secret.<br \/>That's important if that's what customers want.<\/p><h3>Our training courses<\/h3><p>We will show you how to use our products properly.<br \/>Our experts can help you.<\/p><h3>Our code of conduct:<\/h3><p>We comply with all laws.<br \/>We work honestly.<br \/>We behave well at work.<br \/>We also behave well outside of work.<\/p>\t\t\t\t\t\t\t\t<\/div>\n\t\t\t\t<\/div>\n\t\t\t\t\t<\/div>\n\t\t<\/div>\n\t\t\t\t\t<\/div>\n\t\t<\/section>\n\t\t\t\t<\/div>","protected":false},"excerpt":{"rendered":"<p>Wir sind DURUM Uns gibt es seit \u00fcber 40 Jahren. Wir sch\u00fctzen Maschinen.Unsere Arbeit sorgt daf\u00fcr:Maschinen halten l\u00e4nger. Wir arbeiten auf der ganzen Welt.Wir liefern unsere Produkte in mehr als 80 L\u00e4nder.Wir haben Firmen in Brasilien, Frankreich und den USA. Das ist uns wichtig Unsere Produkte haben gute Qualit\u00e4t. Wir beraten Sie freundlich und gut. [&hellip;]<\/p>\n","protected":false},"author":1,"featured_media":2376,"parent":706,"menu_order":0,"comment_status":"closed","ping_status":"closed","template":"","meta":{"footnotes":""},"class_list":["post-205245","page","type-page","status-publish","has-post-thumbnail","hentry"],"_links":{"self":[{"href":"https:\/\/durmat.com\/en\/wp-json\/wp\/v2\/pages\/205245","targetHints":{"allow":["GET"]}}],"collection":[{"href":"https:\/\/durmat.com\/en\/wp-json\/wp\/v2\/pages"}],"about":[{"href":"https:\/\/durmat.com\/en\/wp-json\/wp\/v2\/types\/page"}],"author":[{"embeddable":true,"href":"https:\/\/durmat.com\/en\/wp-json\/wp\/v2\/users\/1"}],"replies":[{"embeddable":true,"href":"https:\/\/durmat.com\/en\/wp-json\/wp\/v2\/comments?post=205245"}],"version-history":[{"count":16,"href":"https:\/\/durmat.com\/en\/wp-json\/wp\/v2\/pages\/205245\/revisions"}],"predecessor-version":[{"id":205585,"href":"https:\/\/durmat.com\/en\/wp-json\/wp\/v2\/pages\/205245\/revisions\/205585"}],"up":[{"embeddable":true,"href":"https:\/\/durmat.com\/en\/wp-json\/wp\/v2\/pages\/706"}],"wp:featuredmedia":[{"embeddable":true,"href":"https:\/\/durmat.com\/en\/wp-json\/wp\/v2\/media\/2376"}],"wp:attachment":[{"href":"https:\/\/durmat.com\/en\/wp-json\/wp\/v2\/media?parent=205245"}],"curies":[{"name":"wp","href":"https:\/\/api.w.org\/{rel}","templated":true}]}}