{"id":1261,"date":"2022-06-03T10:08:54","date_gmt":"2022-06-03T08:08:54","guid":{"rendered":"https:\/\/durmat.com\/?page_id=1261"},"modified":"2025-08-13T14:59:50","modified_gmt":"2025-08-13T12:59:50","slug":"verhaltenskodex","status":"publish","type":"page","link":"https:\/\/durmat.com\/es\/empresa\/codigo-de-conducta\/","title":{"rendered":"C\u00f3digo de conducta"},"content":{"rendered":"<div data-elementor-type=\"wp-page\" data-elementor-id=\"1261\" class=\"elementor elementor-1261\" data-elementor-post-type=\"page\">\n\t\t\t\t\t\t<section class=\"elementor-section elementor-top-section elementor-element elementor-element-8f0b44d elementor-section-full_width elementor-section-height-default elementor-section-height-default\" data-id=\"8f0b44d\" data-element_type=\"section\" data-e-type=\"section\" data-settings=\"{&quot;jet_parallax_layout_list&quot;:[]}\">\n\t\t\t\t\t\t<div class=\"elementor-container elementor-column-gap-default\">\n\t\t\t\t\t<div class=\"elementor-column elementor-col-100 elementor-top-column elementor-element elementor-element-f63015a\" data-id=\"f63015a\" data-element_type=\"column\" data-e-type=\"column\">\n\t\t\t<div class=\"elementor-widget-wrap elementor-element-populated\">\n\t\t\t\t\t\t<div class=\"elementor-element elementor-element-3250169 elementor-widget elementor-widget-heading\" data-id=\"3250169\" data-element_type=\"widget\" data-e-type=\"widget\" data-widget_type=\"heading.default\">\n\t\t\t\t<div class=\"elementor-widget-container\">\n\t\t\t\t\t<h2 class=\"elementor-heading-title elementor-size-default\">DURUM Wear Protection GmbH<\/h2>\t\t\t\t<\/div>\n\t\t\t\t<\/div>\n\t\t\t\t<section class=\"elementor-section elementor-inner-section elementor-element elementor-element-f0ec446 elementor-section-full_width elementor-section-height-default elementor-section-height-default\" data-id=\"f0ec446\" data-element_type=\"section\" data-e-type=\"section\" data-settings=\"{&quot;jet_parallax_layout_list&quot;:[]}\">\n\t\t\t\t\t\t<div class=\"elementor-container elementor-column-gap-default\">\n\t\t\t\t\t<div class=\"elementor-column elementor-col-50 elementor-inner-column elementor-element elementor-element-e47b024\" data-id=\"e47b024\" data-element_type=\"column\" data-e-type=\"column\">\n\t\t\t<div class=\"elementor-widget-wrap elementor-element-populated\">\n\t\t\t\t\t\t<div class=\"elementor-element elementor-element-2ee62e9 elementor-widget elementor-widget-heading\" data-id=\"2ee62e9\" data-element_type=\"widget\" data-e-type=\"widget\" data-widget_type=\"heading.default\">\n\t\t\t\t<div class=\"elementor-widget-container\">\n\t\t\t\t\t<h3 class=\"elementor-heading-title elementor-size-default\">Pr\u00f3logo de la Direcci\u00f3n<\/h3>\t\t\t\t<\/div>\n\t\t\t\t<\/div>\n\t\t\t\t<div class=\"elementor-element elementor-element-610fcab elementor-widget elementor-widget-heading\" data-id=\"610fcab\" data-element_type=\"widget\" data-e-type=\"widget\" data-widget_type=\"heading.default\">\n\t\t\t\t<div class=\"elementor-widget-container\">\n\t\t\t\t\t<h4 class=\"elementor-heading-title elementor-size-default\">Estimadas se\u00f1oras y se\u00f1ores\nEstimados miembros del personal<\/h4>\t\t\t\t<\/div>\n\t\t\t\t<\/div>\n\t\t\t\t<div class=\"elementor-element elementor-element-80c52d2 elementor-widget elementor-widget-text-editor\" data-id=\"80c52d2\" data-element_type=\"widget\" data-e-type=\"widget\" data-widget_type=\"text-editor.default\">\n\t\t\t\t<div class=\"elementor-widget-container\">\n\t\t\t\t\t\t\t\t\t<p><span style=\"color: var( --e-global-color-primary );\">Son muchos los factores que contribuyen a nuestro \u00e9xito. Entre ellos figuran la gama y la calidad de nuestros productos y servicios, as\u00ed como nuestra pretensi\u00f3n de ser una empresa ejemplar en todos los aspectos.<\/span><\/p><p>Otros factores -m\u00e1s dif\u00edciles de medir pero no menos esenciales- determinan qui\u00e9nes somos y c\u00f3mo nos perciben como empresa. La integridad, la responsabilidad, el cumplimiento de las reglas del juego en la competici\u00f3n y el trato respetuoso a nuestros empleados y socios comerciales tienen la misma importancia para nosotros.<\/p><p>Estamos convencidos de que el \u00e9xito econ\u00f3mico y el mantenimiento de unas normas \u00e9ticas van inseparablemente unidos. Por supuesto, nuestro objetivo tambi\u00e9n es operar con \u00e9xito en el mercado. Sin embargo, al hacerlo, s\u00f3lo queremos concluir transacciones comerciales que est\u00e9n de acuerdo con las leyes aplicables, los principios de buen gobierno corporativo y este C\u00f3digo de Conducta.<\/p><p>Uno de estos factores es nuestra buena reputaci\u00f3n. Tambi\u00e9n se basa en el hecho de que no hacemos concesiones cuando se trata de un comportamiento \u00e9tico. En el futuro, seguiremos reforzando nuestra reputaci\u00f3n con una conducta empresarial ejemplar durante y fuera del horario laboral.<\/p><p>Este C\u00f3digo de Conducta est\u00e1 dise\u00f1ado para ayudarle a desenvolverse mejor en un entorno empresarial que se ha vuelto cada vez m\u00e1s complejo en los \u00faltimos a\u00f1os. Resume las normas que debe seguir para cumplir las leyes y los reglamentos. Pero tambi\u00e9n tiene en cuenta nuestros valores y principios: integridad, responsabilidad, equidad en la competencia, sostenibilidad y respeto.<\/p><p>La aplicaci\u00f3n consecuente de estos valores en nuestra conducta diaria contribuye a garantizar que sigamos present\u00e1ndonos adecuadamente como empleador, contratista y empresa. Este C\u00f3digo de Conducta compromete a la direcci\u00f3n y a todos los empleados de DURUM Verschlei\u00dfschutz GmbH.<\/p><p>Willich, mayo de 2020<\/p><p>La direcci\u00f3n<\/p>\t\t\t\t\t\t\t\t<\/div>\n\t\t\t\t<\/div>\n\t\t\t\t\t<\/div>\n\t\t<\/div>\n\t\t\t\t<div class=\"elementor-column elementor-col-50 elementor-inner-column elementor-element elementor-element-78b1674\" data-id=\"78b1674\" data-element_type=\"column\" data-e-type=\"column\">\n\t\t\t<div class=\"elementor-widget-wrap elementor-element-populated\">\n\t\t\t\t\t\t<div class=\"elementor-element elementor-element-0a936c1 elementor-widget elementor-widget-image\" data-id=\"0a936c1\" data-element_type=\"widget\" data-e-type=\"widget\" data-widget_type=\"image.default\">\n\t\t\t\t<div class=\"elementor-widget-container\">\n\t\t\t\t\t\t\t\t\t\t\t\t\t\t\t<img fetchpriority=\"high\" decoding=\"async\" width=\"800\" height=\"800\" src=\"https:\/\/durmat.com\/wp-content\/uploads\/Verhaltenskodex-800x800-1.jpg\" class=\"attachment-large size-large wp-image-3645\" alt=\"C\u00f3digo de conducta de Durum\" srcset=\"https:\/\/durmat.com\/wp-content\/uploads\/Verhaltenskodex-800x800-1.jpg 800w, https:\/\/durmat.com\/wp-content\/uploads\/Verhaltenskodex-800x800-1-300x300.jpg 300w, https:\/\/durmat.com\/wp-content\/uploads\/Verhaltenskodex-800x800-1-150x150.jpg 150w, https:\/\/durmat.com\/wp-content\/uploads\/Verhaltenskodex-800x800-1-768x768.jpg 768w\" sizes=\"(max-width: 800px) 100vw, 800px\" title=\"Esquema para\">\t\t\t\t\t\t\t\t\t\t\t\t\t\t\t<\/div>\n\t\t\t\t<\/div>\n\t\t\t\t<div class=\"elementor-element elementor-element-f40f3c4 elementor-align-justify elementor-widget elementor-widget-button\" data-id=\"f40f3c4\" data-element_type=\"widget\" data-e-type=\"widget\" data-widget_type=\"button.default\">\n\t\t\t\t<div class=\"elementor-widget-container\">\n\t\t\t\t\t\t\t\t\t<div class=\"elementor-button-wrapper\">\n\t\t\t\t\t<a class=\"elementor-button elementor-button-link elementor-size-md\" href=\"mailto:info@durum.de\">\n\t\t\t\t\t\t<span class=\"elementor-button-content-wrapper\">\n\t\t\t\t\t\t<span class=\"elementor-button-icon\">\n\t\t\t\t<i aria-hidden=\"true\" class=\"fas fa-paper-plane\"><\/i>\t\t\t<\/span>\n\t\t\t\t\t\t\t\t\t<span class=\"elementor-button-text\">Solicitar ahora por correo electr\u00f3nico<\/span>\n\t\t\t\t\t<\/span>\n\t\t\t\t\t<\/a>\n\t\t\t\t<\/div>\n\t\t\t\t\t\t\t\t<\/div>\n\t\t\t\t<\/div>\n\t\t<div class=\"elementor-element elementor-element-faeb795 e-flex e-con-boxed e-con e-parent\" data-id=\"faeb795\" data-element_type=\"container\" data-e-type=\"container\" data-settings=\"{&quot;background_background&quot;:&quot;classic&quot;,&quot;jet_parallax_layout_list&quot;:[]}\">\n\t\t\t\t\t<div class=\"e-con-inner\">\n\t\t\t\t<div class=\"elementor-element elementor-element-6ac6fd4 elementor-widget elementor-widget-heading\" data-id=\"6ac6fd4\" data-element_type=\"widget\" data-e-type=\"widget\" data-widget_type=\"heading.default\">\n\t\t\t\t<div class=\"elementor-widget-container\">\n\t\t\t\t\t<div class=\"elementor-heading-title elementor-size-default\">DECLARACI\u00d3N SOBRE MATERIALES CONFLICTIVOS<br>(EU 2017\/821 Y LEY DODD-FRANK)<\/div>\t\t\t\t<\/div>\n\t\t\t\t<\/div>\n\t\t\t\t<div class=\"elementor-element elementor-element-7874862 elementor-align-justify elementor-widget elementor-widget-button\" data-id=\"7874862\" data-element_type=\"widget\" data-e-type=\"widget\" data-widget_type=\"button.default\">\n\t\t\t\t<div class=\"elementor-widget-container\">\n\t\t\t\t\t\t\t\t\t<div class=\"elementor-button-wrapper\">\n\t\t\t\t\t<a class=\"elementor-button elementor-button-link elementor-size-md\" href=\"https:\/\/durmat.com\/wp-content\/uploads\/konfliktmaterialien-de.pdf\" target=\"_blank\">\n\t\t\t\t\t\t<span class=\"elementor-button-content-wrapper\">\n\t\t\t\t\t\t<span class=\"elementor-button-icon\">\n\t\t\t\t<i aria-hidden=\"true\" class=\"fas fa-file-download\"><\/i>\t\t\t<\/span>\n\t\t\t\t\t\t\t\t\t<span class=\"elementor-button-text\">ES<\/span>\n\t\t\t\t\t<\/span>\n\t\t\t\t\t<\/a>\n\t\t\t\t<\/div>\n\t\t\t\t\t\t\t\t<\/div>\n\t\t\t\t<\/div>\n\t\t\t\t<div class=\"elementor-element elementor-element-ea12e3d elementor-align-justify elementor-widget elementor-widget-button\" data-id=\"ea12e3d\" data-element_type=\"widget\" data-e-type=\"widget\" data-widget_type=\"button.default\">\n\t\t\t\t<div class=\"elementor-widget-container\">\n\t\t\t\t\t\t\t\t\t<div class=\"elementor-button-wrapper\">\n\t\t\t\t\t<a class=\"elementor-button elementor-button-link elementor-size-md\" href=\"https:\/\/durmat.com\/wp-content\/uploads\/Conflict-Minerals-Declaration.pdf\" target=\"_blank\">\n\t\t\t\t\t\t<span class=\"elementor-button-content-wrapper\">\n\t\t\t\t\t\t<span class=\"elementor-button-icon\">\n\t\t\t\t<i aria-hidden=\"true\" class=\"fas fa-file-download\"><\/i>\t\t\t<\/span>\n\t\t\t\t\t\t\t\t\t<span class=\"elementor-button-text\">ES<\/span>\n\t\t\t\t\t<\/span>\n\t\t\t\t\t<\/a>\n\t\t\t\t<\/div>\n\t\t\t\t\t\t\t\t<\/div>\n\t\t\t\t<\/div>\n\t\t\t\t\t<\/div>\n\t\t\t\t<\/div>\n\t\t\t\t\t<\/div>\n\t\t<\/div>\n\t\t\t\t\t<\/div>\n\t\t<\/section>\n\t\t\t\t\t<\/div>\n\t\t<\/div>\n\t\t\t\t\t<\/div>\n\t\t<\/section>\n\t\t\t\t<section class=\"elementor-section elementor-top-section elementor-element elementor-element-6012552 elementor-section-boxed elementor-section-height-default elementor-section-height-default\" data-id=\"6012552\" data-element_type=\"section\" data-e-type=\"section\" data-settings=\"{&quot;jet_parallax_layout_list&quot;:[]}\">\n\t\t\t\t\t\t<div class=\"elementor-container elementor-column-gap-default\">\n\t\t\t\t\t<div class=\"elementor-column elementor-col-100 elementor-top-column elementor-element elementor-element-eb012e5\" data-id=\"eb012e5\" data-element_type=\"column\" data-e-type=\"column\">\n\t\t\t<div class=\"elementor-widget-wrap elementor-element-populated\">\n\t\t\t\t\t\t<div class=\"elementor-element elementor-element-847dfc1 elementor-widget elementor-widget-spacer\" data-id=\"847dfc1\" data-element_type=\"widget\" data-e-type=\"widget\" data-widget_type=\"spacer.default\">\n\t\t\t\t<div class=\"elementor-widget-container\">\n\t\t\t\t\t\t\t<div class=\"elementor-spacer\">\n\t\t\t<div class=\"elementor-spacer-inner\"><\/div>\n\t\t<\/div>\n\t\t\t\t\t\t<\/div>\n\t\t\t\t<\/div>\n\t\t\t\t\t<\/div>\n\t\t<\/div>\n\t\t\t\t\t<\/div>\n\t\t<\/section>\n\t\t\t\t<\/div>","protected":false},"excerpt":{"rendered":"<p>DURUM Verschlei\u00dfschutz GmbH Vorwort der Gesch\u00e4ftsf\u00fchrung Sehr geehrte Damen und Herren, liebe Mitarbeiterinnen und Mitarbeiter, viele Faktoren tragen zu unserem Erfolg bei. Zu ihnen geh\u00f6ren die Bandbreite und Qualit\u00e4t unserer Produkte und Serviceleistungen wie ebenso unser Anspruch ein in jeder Hinsicht vorbildliches Unternehmen zu sein. Andere Faktoren \u2013 die schwieriger zu messen, aber nicht minder [&hellip;]<\/p>\n","protected":false},"author":1,"featured_media":6854,"parent":706,"menu_order":0,"comment_status":"closed","ping_status":"closed","template":"","meta":{"footnotes":""},"class_list":["post-1261","page","type-page","status-publish","has-post-thumbnail","hentry"],"_links":{"self":[{"href":"https:\/\/durmat.com\/es\/wp-json\/wp\/v2\/pages\/1261","targetHints":{"allow":["GET"]}}],"collection":[{"href":"https:\/\/durmat.com\/es\/wp-json\/wp\/v2\/pages"}],"about":[{"href":"https:\/\/durmat.com\/es\/wp-json\/wp\/v2\/types\/page"}],"author":[{"embeddable":true,"href":"https:\/\/durmat.com\/es\/wp-json\/wp\/v2\/users\/1"}],"replies":[{"embeddable":true,"href":"https:\/\/durmat.com\/es\/wp-json\/wp\/v2\/comments?post=1261"}],"version-history":[{"count":56,"href":"https:\/\/durmat.com\/es\/wp-json\/wp\/v2\/pages\/1261\/revisions"}],"predecessor-version":[{"id":205560,"href":"https:\/\/durmat.com\/es\/wp-json\/wp\/v2\/pages\/1261\/revisions\/205560"}],"up":[{"embeddable":true,"href":"https:\/\/durmat.com\/es\/wp-json\/wp\/v2\/pages\/706"}],"wp:featuredmedia":[{"embeddable":true,"href":"https:\/\/durmat.com\/es\/wp-json\/wp\/v2\/media\/6854"}],"wp:attachment":[{"href":"https:\/\/durmat.com\/es\/wp-json\/wp\/v2\/media?parent=1261"}],"curies":[{"name":"wp","href":"https:\/\/api.w.org\/{rel}","templated":true}]}}