{"id":1267,"date":"2022-06-03T10:10:18","date_gmt":"2022-06-03T08:10:18","guid":{"rendered":"https:\/\/durmat.com\/?page_id=1267"},"modified":"2023-06-26T11:40:55","modified_gmt":"2023-06-26T09:40:55","slug":"karriere","status":"publish","type":"page","link":"https:\/\/durmat.com\/es\/empresa\/carrera\/","title":{"rendered":"Carrera profesional"},"content":{"rendered":"<div data-elementor-type=\"wp-page\" data-elementor-id=\"1267\" class=\"elementor elementor-1267\" data-elementor-post-type=\"page\">\n\t\t\t\t\t\t<section class=\"elementor-section elementor-top-section elementor-element elementor-element-71b0ef0 elementor-section-full_width elementor-section-height-default elementor-section-height-default\" data-id=\"71b0ef0\" data-element_type=\"section\" data-e-type=\"section\" data-settings=\"{&quot;jet_parallax_layout_list&quot;:[]}\">\n\t\t\t\t\t\t<div class=\"elementor-container elementor-column-gap-default\">\n\t\t\t\t\t<div class=\"elementor-column elementor-col-100 elementor-top-column elementor-element elementor-element-8824613\" data-id=\"8824613\" data-element_type=\"column\" data-e-type=\"column\">\n\t\t\t<div class=\"elementor-widget-wrap elementor-element-populated\">\n\t\t\t\t\t\t<div class=\"elementor-element elementor-element-9ea23ec elementor-widget elementor-widget-heading\" data-id=\"9ea23ec\" data-element_type=\"widget\" data-e-type=\"widget\" data-widget_type=\"heading.default\">\n\t\t\t\t<div class=\"elementor-widget-container\">\n\t\t\t\t\t<h2 class=\"elementor-heading-title elementor-size-default\">Despegue con nosotros - una carrera con DURUM<\/h2>\t\t\t\t<\/div>\n\t\t\t\t<\/div>\n\t\t\t\t<section class=\"elementor-section elementor-inner-section elementor-element elementor-element-53e3888 elementor-section-full_width elementor-section-height-default elementor-section-height-default\" data-id=\"53e3888\" data-element_type=\"section\" data-e-type=\"section\" data-settings=\"{&quot;jet_parallax_layout_list&quot;:[]}\">\n\t\t\t\t\t\t<div class=\"elementor-container elementor-column-gap-default\">\n\t\t\t\t\t<div class=\"elementor-column elementor-col-50 elementor-inner-column elementor-element elementor-element-2a3e0dc\" data-id=\"2a3e0dc\" data-element_type=\"column\" data-e-type=\"column\">\n\t\t\t<div class=\"elementor-widget-wrap elementor-element-populated\">\n\t\t\t\t\t\t<div class=\"elementor-element elementor-element-ee62d12 elementor-widget elementor-widget-text-editor\" data-id=\"ee62d12\" data-element_type=\"widget\" data-e-type=\"widget\" data-widget_type=\"text-editor.default\">\n\t\t\t\t<div class=\"elementor-widget-container\">\n\t\t\t\t\t\t\t\t\tComo <strong>empresa familiar<\/strong> Queremos crecer de forma constante y desarrollar nuevos productos para satisfacer tambi\u00e9n en el futuro las exigencias de nuestros clientes. <strong>clientes nacionales e internacionales<\/strong> hacer justicia. El compromiso y la pasi\u00f3n de nuestros <strong>Empleados <\/strong>son de gran importancia aqu\u00ed. En DURUM le ofrecemos una <strong>trabajo seguro<\/strong> y un <strong>un lugar de trabajo atractivo<\/strong>en la que pueda desarrollarse constantemente. <strong>\u00a1Solicite ahora un puesto de trabajo en DURUM! \u00a1Tambi\u00e9n puede tomar la iniciativa!<\/strong>\t\t\t\t\t\t\t\t<\/div>\n\t\t\t\t<\/div>\n\t\t\t\t<div class=\"elementor-element elementor-element-6672739 elementor-widget elementor-widget-heading\" data-id=\"6672739\" data-element_type=\"widget\" data-e-type=\"widget\" data-widget_type=\"heading.default\">\n\t\t\t\t<div class=\"elementor-widget-container\">\n\t\t\t\t\t<h3 class=\"elementor-heading-title elementor-size-default\">Forme parte de nuestro equipo y benef\u00edciese de nuestras ventajas:<\/h3>\t\t\t\t<\/div>\n\t\t\t\t<\/div>\n\t\t\t\t<div class=\"elementor-element elementor-element-a83a1be elementor-widget elementor-widget-accordion\" data-id=\"a83a1be\" data-element_type=\"widget\" data-e-type=\"widget\" data-widget_type=\"accordion.default\">\n\t\t\t\t<div class=\"elementor-widget-container\">\n\t\t\t\t\t\t\t<div class=\"elementor-accordion\">\n\t\t\t\t\t\t\t<div class=\"elementor-accordion-item\">\n\t\t\t\t\t<div id=\"elementor-tab-title-1761\" class=\"elementor-tab-title\" data-tab=\"1\" role=\"button\" aria-controls=\"elementor-tab-content-1761\" aria-expanded=\"false\">\n\t\t\t\t\t\t\t\t\t\t\t\t\t<span class=\"elementor-accordion-icon elementor-accordion-icon-left\" aria-hidden=\"true\">\n\t\t\t\t\t\t\t\t\t\t\t\t\t\t\t<span class=\"elementor-accordion-icon-closed\"><i class=\"fas fa-plus\"><\/i><\/span>\n\t\t\t\t\t\t\t\t<span class=\"elementor-accordion-icon-opened\"><i class=\"fas fa-minus\"><\/i><\/span>\n\t\t\t\t\t\t\t\t\t\t\t\t\t\t<\/span>\n\t\t\t\t\t\t\t\t\t\t\t\t<a class=\"elementor-accordion-title\" tabindex=\"0\">30 d\u00edas de vacaciones<\/a>\n\t\t\t\t\t<\/div>\n\t\t\t\t\t<div id=\"elementor-tab-content-1761\" class=\"elementor-tab-content elementor-clearfix\" data-tab=\"1\" role=\"region\" aria-labelledby=\"elementor-tab-title-1761\"><p>Quienes trabajan como es debido tambi\u00e9n deben poder relajarse. Por eso el derecho a vacaciones de nuestros empleados fijos va mucho m\u00e1s all\u00e1 de lo que exige la ley. Como no tenemos vacaciones de empresa, usted puede elegir en gran medida sus propias vacaciones.<\/p><\/div>\n\t\t\t\t<\/div>\n\t\t\t\t\t\t\t<div class=\"elementor-accordion-item\">\n\t\t\t\t\t<div id=\"elementor-tab-title-1762\" class=\"elementor-tab-title\" data-tab=\"2\" role=\"button\" aria-controls=\"elementor-tab-content-1762\" aria-expanded=\"false\">\n\t\t\t\t\t\t\t\t\t\t\t\t\t<span class=\"elementor-accordion-icon elementor-accordion-icon-left\" aria-hidden=\"true\">\n\t\t\t\t\t\t\t\t\t\t\t\t\t\t\t<span class=\"elementor-accordion-icon-closed\"><i class=\"fas fa-plus\"><\/i><\/span>\n\t\t\t\t\t\t\t\t<span class=\"elementor-accordion-icon-opened\"><i class=\"fas fa-minus\"><\/i><\/span>\n\t\t\t\t\t\t\t\t\t\t\t\t\t\t<\/span>\n\t\t\t\t\t\t\t\t\t\t\t\t<a class=\"elementor-accordion-title\" tabindex=\"0\">Modelos de horario flexible<\/a>\n\t\t\t\t\t<\/div>\n\t\t\t\t\t<div id=\"elementor-tab-content-1762\" class=\"elementor-tab-content elementor-clearfix\" data-tab=\"2\" role=\"region\" aria-labelledby=\"elementor-tab-title-1762\"><p>Dependiendo de su compromiso operativo y de sus preferencias personales, podemos organizar de forma \u00f3ptima su horario de trabajo para adaptarlo a su fase actual de la vida. Ofrecemos varios modelos de horario laboral, desde modelos de un solo turno a modelos de dos turnos a una semana de 4 d\u00edas.<\/p><\/div>\n\t\t\t\t<\/div>\n\t\t\t\t\t\t\t<div class=\"elementor-accordion-item\">\n\t\t\t\t\t<div id=\"elementor-tab-title-1763\" class=\"elementor-tab-title\" data-tab=\"3\" role=\"button\" aria-controls=\"elementor-tab-content-1763\" aria-expanded=\"false\">\n\t\t\t\t\t\t\t\t\t\t\t\t\t<span class=\"elementor-accordion-icon elementor-accordion-icon-left\" aria-hidden=\"true\">\n\t\t\t\t\t\t\t\t\t\t\t\t\t\t\t<span class=\"elementor-accordion-icon-closed\"><i class=\"fas fa-plus\"><\/i><\/span>\n\t\t\t\t\t\t\t\t<span class=\"elementor-accordion-icon-opened\"><i class=\"fas fa-minus\"><\/i><\/span>\n\t\t\t\t\t\t\t\t\t\t\t\t\t\t<\/span>\n\t\t\t\t\t\t\t\t\t\t\t\t<a class=\"elementor-accordion-title\" tabindex=\"0\">Ropa de trabajo<\/a>\n\t\t\t\t\t<\/div>\n\t\t\t\t\t<div id=\"elementor-tab-content-1763\" class=\"elementor-tab-content elementor-clearfix\" data-tab=\"3\" role=\"region\" aria-labelledby=\"elementor-tab-title-1763\"><p>Le equipamos Para garantizar que se sienta c\u00f3modo en el trabajo, como empleado del sector comercial recibir\u00e1 un paquete adecuado de ropa de trabajo y equipos de seguridad.<\/p><\/div>\n\t\t\t\t<\/div>\n\t\t\t\t\t\t\t<div class=\"elementor-accordion-item\">\n\t\t\t\t\t<div id=\"elementor-tab-title-1764\" class=\"elementor-tab-title\" data-tab=\"4\" role=\"button\" aria-controls=\"elementor-tab-content-1764\" aria-expanded=\"false\">\n\t\t\t\t\t\t\t\t\t\t\t\t\t<span class=\"elementor-accordion-icon elementor-accordion-icon-left\" aria-hidden=\"true\">\n\t\t\t\t\t\t\t\t\t\t\t\t\t\t\t<span class=\"elementor-accordion-icon-closed\"><i class=\"fas fa-plus\"><\/i><\/span>\n\t\t\t\t\t\t\t\t<span class=\"elementor-accordion-icon-opened\"><i class=\"fas fa-minus\"><\/i><\/span>\n\t\t\t\t\t\t\t\t\t\t\t\t\t\t<\/span>\n\t\t\t\t\t\t\t\t\t\t\t\t<a class=\"elementor-accordion-title\" tabindex=\"0\">Caf\u00e9, t\u00e9 y agua<\/a>\n\t\t\t\t\t<\/div>\n\t\t\t\t\t<div id=\"elementor-tab-content-1764\" class=\"elementor-tab-content elementor-clearfix\" data-tab=\"4\" role=\"region\" aria-labelledby=\"elementor-tab-title-1764\"><p>La salud y el rendimiento est\u00e1n directamente relacionados con beber mucha agua. Le proporcionamos agua mineral gratuita para que no le resulte dif\u00edcil beber durante las horas de trabajo.<\/p><p>Nuestras especialidades de caf\u00e9, que servimos gratuitamente a nuestros empleados, son puro placer. Ya sea durante el descanso, antes o despu\u00e9s del trabajo. Autoservicio a todas horas.<\/p><\/div>\n\t\t\t\t<\/div>\n\t\t\t\t\t\t\t<div class=\"elementor-accordion-item\">\n\t\t\t\t\t<div id=\"elementor-tab-title-1765\" class=\"elementor-tab-title\" data-tab=\"5\" role=\"button\" aria-controls=\"elementor-tab-content-1765\" aria-expanded=\"false\">\n\t\t\t\t\t\t\t\t\t\t\t\t\t<span class=\"elementor-accordion-icon elementor-accordion-icon-left\" aria-hidden=\"true\">\n\t\t\t\t\t\t\t\t\t\t\t\t\t\t\t<span class=\"elementor-accordion-icon-closed\"><i class=\"fas fa-plus\"><\/i><\/span>\n\t\t\t\t\t\t\t\t<span class=\"elementor-accordion-icon-opened\"><i class=\"fas fa-minus\"><\/i><\/span>\n\t\t\t\t\t\t\t\t\t\t\t\t\t\t<\/span>\n\t\t\t\t\t\t\t\t\t\t\t\t<a class=\"elementor-accordion-title\" tabindex=\"0\">Regalos para empleados<\/a>\n\t\t\t\t\t<\/div>\n\t\t\t\t\t<div id=\"elementor-tab-content-1765\" class=\"elementor-tab-content elementor-clearfix\" data-tab=\"5\" role=\"region\" aria-labelledby=\"elementor-tab-title-1765\"><p>Las peque\u00f1as atenciones alegran la vida cotidiana. Por eso hay peque\u00f1os regalos y atenciones para diversas ocasiones. \u00a1Deje que le sorprendamos!<\/p><\/div>\n\t\t\t\t<\/div>\n\t\t\t\t\t\t\t<div class=\"elementor-accordion-item\">\n\t\t\t\t\t<div id=\"elementor-tab-title-1766\" class=\"elementor-tab-title\" data-tab=\"6\" role=\"button\" aria-controls=\"elementor-tab-content-1766\" aria-expanded=\"false\">\n\t\t\t\t\t\t\t\t\t\t\t\t\t<span class=\"elementor-accordion-icon elementor-accordion-icon-left\" aria-hidden=\"true\">\n\t\t\t\t\t\t\t\t\t\t\t\t\t\t\t<span class=\"elementor-accordion-icon-closed\"><i class=\"fas fa-plus\"><\/i><\/span>\n\t\t\t\t\t\t\t\t<span class=\"elementor-accordion-icon-opened\"><i class=\"fas fa-minus\"><\/i><\/span>\n\t\t\t\t\t\t\t\t\t\t\t\t\t\t<\/span>\n\t\t\t\t\t\t\t\t\t\t\t\t<a class=\"elementor-accordion-title\" tabindex=\"0\">R\u00e9gimen de pensiones de empresa<\/a>\n\t\t\t\t\t<\/div>\n\t\t\t\t\t<div id=\"elementor-tab-content-1766\" class=\"elementor-tab-content elementor-clearfix\" data-tab=\"6\" role=\"region\" aria-labelledby=\"elementor-tab-title-1766\"><p>Seguridad financiera incluso en la vejez. Le ofrecemos la opci\u00f3n de un plan de pensiones adicional y voluntario con subvenci\u00f3n empresarial.<\/p><\/div>\n\t\t\t\t<\/div>\n\t\t\t\t\t\t\t<div class=\"elementor-accordion-item\">\n\t\t\t\t\t<div id=\"elementor-tab-title-1767\" class=\"elementor-tab-title\" data-tab=\"7\" role=\"button\" aria-controls=\"elementor-tab-content-1767\" aria-expanded=\"false\">\n\t\t\t\t\t\t\t\t\t\t\t\t\t<span class=\"elementor-accordion-icon elementor-accordion-icon-left\" aria-hidden=\"true\">\n\t\t\t\t\t\t\t\t\t\t\t\t\t\t\t<span class=\"elementor-accordion-icon-closed\"><i class=\"fas fa-plus\"><\/i><\/span>\n\t\t\t\t\t\t\t\t<span class=\"elementor-accordion-icon-opened\"><i class=\"fas fa-minus\"><\/i><\/span>\n\t\t\t\t\t\t\t\t\t\t\t\t\t\t<\/span>\n\t\t\t\t\t\t\t\t\t\t\t\t<a class=\"elementor-accordion-title\" tabindex=\"0\">Remuneraci\u00f3n en especie privilegiada fiscalmente<\/a>\n\t\t\t\t\t<\/div>\n\t\t\t\t\t<div id=\"elementor-tab-content-1767\" class=\"elementor-tab-content elementor-clearfix\" data-tab=\"7\" role=\"region\" aria-labelledby=\"elementor-tab-title-1767\"><p>Le ofrecemos la posibilidad de reclamar un pago en especie exento de impuestos.<\/p><\/div>\n\t\t\t\t<\/div>\n\t\t\t\t\t\t\t<div class=\"elementor-accordion-item\">\n\t\t\t\t\t<div id=\"elementor-tab-title-1768\" class=\"elementor-tab-title\" data-tab=\"8\" role=\"button\" aria-controls=\"elementor-tab-content-1768\" aria-expanded=\"false\">\n\t\t\t\t\t\t\t\t\t\t\t\t\t<span class=\"elementor-accordion-icon elementor-accordion-icon-left\" aria-hidden=\"true\">\n\t\t\t\t\t\t\t\t\t\t\t\t\t\t\t<span class=\"elementor-accordion-icon-closed\"><i class=\"fas fa-plus\"><\/i><\/span>\n\t\t\t\t\t\t\t\t<span class=\"elementor-accordion-icon-opened\"><i class=\"fas fa-minus\"><\/i><\/span>\n\t\t\t\t\t\t\t\t\t\t\t\t\t\t<\/span>\n\t\t\t\t\t\t\t\t\t\t\t\t<a class=\"elementor-accordion-title\" tabindex=\"0\">Eventos corporativos<\/a>\n\t\t\t\t\t<\/div>\n\t\t\t\t\t<div id=\"elementor-tab-content-1768\" class=\"elementor-tab-content elementor-clearfix\" data-tab=\"8\" role=\"region\" aria-labelledby=\"elementor-tab-title-1768\"><p>Si trabajan juntos con \u00e9xito, \u00a1pueden celebrarlo! Los actos conjuntos como las fiestas de Navidad, los festivales de verano o las celebraciones departamentales brindan la oportunidad de hacerlo.<\/p><\/div>\n\t\t\t\t<\/div>\n\t\t\t\t\t\t\t\t<\/div>\n\t\t\t\t\t\t<\/div>\n\t\t\t\t<\/div>\n\t\t\t\t\t<\/div>\n\t\t<\/div>\n\t\t\t\t<div class=\"elementor-column elementor-col-50 elementor-inner-column elementor-element elementor-element-fe4a810\" data-id=\"fe4a810\" data-element_type=\"column\" data-e-type=\"column\">\n\t\t\t<div class=\"elementor-widget-wrap elementor-element-populated\">\n\t\t\t\t\t\t<div class=\"elementor-element elementor-element-936e4bd elementor-arrows-position-inside elementor-pagination-position-outside elementor-widget elementor-widget-image-carousel\" data-id=\"936e4bd\" data-element_type=\"widget\" data-e-type=\"widget\" data-settings=\"{&quot;slides_to_show&quot;:&quot;1&quot;,&quot;lazyload&quot;:&quot;yes&quot;,&quot;navigation&quot;:&quot;both&quot;,&quot;autoplay&quot;:&quot;yes&quot;,&quot;pause_on_hover&quot;:&quot;yes&quot;,&quot;pause_on_interaction&quot;:&quot;yes&quot;,&quot;autoplay_speed&quot;:5000,&quot;infinite&quot;:&quot;yes&quot;,&quot;effect&quot;:&quot;slide&quot;,&quot;speed&quot;:500}\" data-widget_type=\"image-carousel.default\">\n\t\t\t\t<div class=\"elementor-widget-container\">\n\t\t\t\t\t\t\t<div class=\"elementor-image-carousel-wrapper swiper\" role=\"region\" aria-roledescription=\"carousel\" aria-label=\"Carrusel de im\u00e1genes\" dir=\"ltr\">\n\t\t\t<div class=\"elementor-image-carousel swiper-wrapper swiper-image-stretch\" aria-live=\"off\">\n\t\t\t\t\t\t\t\t<div class=\"swiper-slide\" role=\"group\" aria-roledescription=\"slide\" aria-label=\"1 de 3\"><figure class=\"swiper-slide-inner\"><img class=\"swiper-slide-image swiper-lazy\" data-src=\"https:\/\/durmat.com\/wp-content\/uploads\/durum-verschleissschutz_ueberuns-startseite-01.jpg\" alt=\"\" \/><div class=\"swiper-lazy-preloader\"><\/div><\/figure><\/div><div class=\"swiper-slide\" role=\"group\" aria-roledescription=\"slide\" aria-label=\"2 de 3\"><figure class=\"swiper-slide-inner\"><img class=\"swiper-slide-image swiper-lazy\" data-src=\"https:\/\/durmat.com\/wp-content\/uploads\/durum_15.jpg\" alt=\"\" \/><div class=\"swiper-lazy-preloader\"><\/div><\/figure><\/div><div class=\"swiper-slide\" role=\"group\" aria-roledescription=\"slide\" aria-label=\"3 de 3\"><figure class=\"swiper-slide-inner\"><img class=\"swiper-slide-image swiper-lazy\" data-src=\"https:\/\/durmat.com\/wp-content\/uploads\/durum-verschleissschutz_fuelldraehte.jpg\" alt=\"\" \/><div class=\"swiper-lazy-preloader\"><\/div><\/figure><\/div>\t\t\t<\/div>\n\t\t\t\t\t\t\t\t\t\t\t\t<div class=\"elementor-swiper-button elementor-swiper-button-prev\" role=\"button\" tabindex=\"0\">\n\t\t\t\t\t\t<i aria-hidden=\"true\" class=\"eicon-chevron-left\"><\/i>\t\t\t\t\t<\/div>\n\t\t\t\t\t<div class=\"elementor-swiper-button elementor-swiper-button-next\" role=\"button\" tabindex=\"0\">\n\t\t\t\t\t\t<i aria-hidden=\"true\" class=\"eicon-chevron-right\"><\/i>\t\t\t\t\t<\/div>\n\t\t\t\t\n\t\t\t\t\t\t\t\t\t<div class=\"swiper-pagination\"><\/div>\n\t\t\t\t\t\t\t\t\t<\/div>\n\t\t\t\t\t\t<\/div>\n\t\t\t\t<\/div>\n\t\t\t\t\t<\/div>\n\t\t<\/div>\n\t\t\t\t\t<\/div>\n\t\t<\/section>\n\t\t\t\t<section class=\"elementor-section elementor-inner-section elementor-element elementor-element-451d0ee elementor-section-full_width elementor-section-height-default elementor-section-height-default\" data-id=\"451d0ee\" data-element_type=\"section\" data-e-type=\"section\" data-settings=\"{&quot;jet_parallax_layout_list&quot;:[]}\">\n\t\t\t\t\t\t<div class=\"elementor-container elementor-column-gap-default\">\n\t\t\t\t\t<div class=\"elementor-column elementor-col-100 elementor-inner-column elementor-element elementor-element-16dbd59\" data-id=\"16dbd59\" data-element_type=\"column\" data-e-type=\"column\">\n\t\t\t<div class=\"elementor-widget-wrap elementor-element-populated\">\n\t\t\t\t\t\t<div class=\"elementor-element elementor-element-5ad947a elementor-widget elementor-widget-heading\" data-id=\"5ad947a\" data-element_type=\"widget\" data-e-type=\"widget\" data-widget_type=\"heading.default\">\n\t\t\t\t<div class=\"elementor-widget-container\">\n\t\t\t\t\t<h3 class=\"elementor-heading-title elementor-size-default\">Presente su candidatura<\/h3>\t\t\t\t<\/div>\n\t\t\t\t<\/div>\n\t\t\t\t<div class=\"elementor-element elementor-element-4d3f618 elementor-widget elementor-widget-shortcode\" data-id=\"4d3f618\" data-element_type=\"widget\" data-e-type=\"widget\" data-widget_type=\"shortcode.default\">\n\t\t\t\t<div class=\"elementor-widget-container\">\n\t\t\t\t\t\t\t<div class=\"elementor-shortcode\"><div class=\"job_listings\" data-location=\"\" data-keywords=\"\" data-show_filters=\"false\" data-show_pagination=\"false\" data-per_page=\"12\" data-orderby=\"date\" data-order=\"DESC\" data-categories=\"\" data-disable-form-state-storage=\"\" data-featured_first=\"false\" data-post_id=\"4873\" ><ul class=\"job_listings\">\n<li class=\"post-205801 job_listing type-job_listing status-publish has-post-thumbnail hentry job-type-teilzeit job-type-vollzeit job_position_featured\" data-longitude=\"\" data-latitude=\"\">\n\t<a href=\"https:\/\/durmat.com\/es\/job\/recepcionista-para-centralita-telefonica-con-buenos-conocimientos-de-ingles-en-vz-40-h-o-tz-35-h\/\">\n\t\t<img decoding=\"async\" class=\"company_logo\" src=\"https:\/\/durmat.com\/wp-content\/uploads\/durum-wp-joblogo-150x150.jpg\" alt=\"DURUM Wear Protection GmbH\" title=\"Esquema para\">\t\t<div class=\"position\">\n\t\t\t<h3>Empleado para la centralita telef\u00f3nica\/recepci\u00f3n<\/h3>\n\t\t\t<div class=\"company\">\n\t\t\t\t<strong>DURUM Wear Protection GmbH<\/strong> \t\t\t\t<span class=\"tagline\">DURUM Verschlei\u00dfschutz GmbH es una empresa mediana de la industria de consumibles de soldadura, especializada en el desarrollo y la fabricaci\u00f3n de materiales de protecci\u00f3n contra el desgaste de alto rendimiento y soluciones a medida. Nuestros productos se utilizan con \u00e9xito en la industria del petr\u00f3leo y el gas, la miner\u00eda, la industria cementera, la agricultura y la siderurgia.<\/span>\t\t\t<\/div>\n\t\t<\/div>\n\t\t<div class=\"location\">\n\t\t\tWillich\t\t<\/div>\n\t\t<ul class=\"meta\">\n\t\t\t\n\t\t\t\t\t\t\t\t\t\t\t\t\t\t\t\t<li class=\"job-type teilzeit\">A tiempo parcial<\/li>\n\t\t\t\t\t\t\t\t\t<li class=\"job-type vollzeit\">A tiempo completo<\/li>\n\t\t\t\t\t\t\t\n\t\t\t<li class=\"date\"><time datetime=\"2026-03-26\">Publicado hace 3 semanas<\/time><\/li>\n\n\t\t\t\t\t<\/ul>\n\t<\/a>\n<\/li>\n<li class=\"post-205793 job_listing type-job_listing status-publish has-post-thumbnail hentry job-type-vollzeit job_position_featured\" data-longitude=\"\" data-latitude=\"\">\n\t<a href=\"https:\/\/durmat.com\/es\/job\/tecnico-en-electronica-para-ingenieria-industrial-tecnologia-de-automatizacion-m-f-d\/\">\n\t\t<img decoding=\"async\" class=\"company_logo\" src=\"https:\/\/durmat.com\/wp-content\/uploads\/durum-wp-joblogo-150x150.jpg\" alt=\"DURUM Wear Protection GmbH\" title=\"Esquema para\">\t\t<div class=\"position\">\n\t\t\t<h3>T\u00e9cnico electr\u00f3nico de tecnolog\u00eda operativa \u201eTecnolog\u00eda de automatizaci\u00f3n\u201c (h\/m)<\/h3>\n\t\t\t<div class=\"company\">\n\t\t\t\t<strong>DURUM Wear Protection GmbH<\/strong> \t\t\t\t<span class=\"tagline\">DURUM Verschlei\u00dfschutz GmbH es una empresa mediana de la industria de consumibles de soldadura, especializada en el desarrollo y la fabricaci\u00f3n de materiales de protecci\u00f3n contra el desgaste de alto rendimiento y soluciones a medida. Nuestros productos se utilizan con \u00e9xito en la industria del petr\u00f3leo y el gas, la miner\u00eda, la industria cementera, la agricultura y la siderurgia.<\/span>\t\t\t<\/div>\n\t\t<\/div>\n\t\t<div class=\"location\">\n\t\t\tWillich\t\t<\/div>\n\t\t<ul class=\"meta\">\n\t\t\t\n\t\t\t\t\t\t\t\t\t\t\t\t\t\t\t\t<li class=\"job-type vollzeit\">A tiempo completo<\/li>\n\t\t\t\t\t\t\t\n\t\t\t<li class=\"date\"><time datetime=\"2026-02-25\">Publicado hace 2 meses<\/time><\/li>\n\n\t\t\t\t\t<\/ul>\n\t<\/a>\n<\/li>\n<li class=\"post-4878 job_listing type-job_listing status-publish has-post-thumbnail hentry job-type-praktikant job_position_featured\" data-longitude=\"\" data-latitude=\"\">\n\t<a href=\"https:\/\/durmat.com\/es\/job\/aprendiz-m-w-d\/\">\n\t\t<img decoding=\"async\" class=\"company_logo\" src=\"https:\/\/durmat.com\/wp-content\/uploads\/durum-wp-joblogo-150x150.jpg\" alt=\"DURUM Wear Protection GmbH\" title=\"Esquema para\">\t\t<div class=\"position\">\n\t\t\t<h3>Becario (h\/m\/d)<\/h3>\n\t\t\t<div class=\"company\">\n\t\t\t\t<strong>DURUM Wear Protection GmbH<\/strong> \t\t\t\t<span class=\"tagline\">DURUM Verschlei\u00dfschutz GmbH es una empresa mediana de la industria de consumibles de soldadura, especializada en el desarrollo y la fabricaci\u00f3n de materiales de protecci\u00f3n contra el desgaste de alto rendimiento y soluciones a medida. Nuestros productos se utilizan con \u00e9xito en la industria del petr\u00f3leo y el gas, la miner\u00eda, la industria cementera, la agricultura y la siderurgia.<\/span>\t\t\t<\/div>\n\t\t<\/div>\n\t\t<div class=\"location\">\n\t\t\tWillich\t\t<\/div>\n\t\t<ul class=\"meta\">\n\t\t\t\n\t\t\t\t\t\t\t\t\t\t\t\t\t\t\t\t<li class=\"job-type praktikant\">Aprendiz<\/li>\n\t\t\t\t\t\t\t\n\t\t\t<li class=\"date\"><time datetime=\"2022-09-06\">Publicado hace 4 a\u00f1os<\/time><\/li>\n\n\t\t\t\t\t<\/ul>\n\t<\/a>\n<\/li>\n<li class=\"post-4873 job_listing type-job_listing status-publish has-post-thumbnail hentry job-type-werkstudent job_position_featured\" data-longitude=\"\" data-latitude=\"\">\n\t<a href=\"https:\/\/durmat.com\/es\/job\/trabajo-estudio-m-w-d\/\">\n\t\t<img decoding=\"async\" class=\"company_logo\" src=\"https:\/\/durmat.com\/wp-content\/uploads\/durum-wp-joblogo-150x150.jpg\" alt=\"DURUM Wear Protection GmbH\" title=\"Esquema para\">\t\t<div class=\"position\">\n\t\t\t<h3>Estudiante trabajador (h\/m\/d)<\/h3>\n\t\t\t<div class=\"company\">\n\t\t\t\t<strong>DURUM Wear Protection GmbH<\/strong> \t\t\t\t<span class=\"tagline\">DURUM Verschlei\u00dfschutz GmbH es una empresa mediana de la industria de consumibles de soldadura, especializada en el desarrollo y la fabricaci\u00f3n de materiales de protecci\u00f3n contra el desgaste de alto rendimiento y soluciones a medida. Nuestros productos se utilizan con \u00e9xito en la industria del petr\u00f3leo y el gas, la miner\u00eda, la industria cementera, la agricultura y la siderurgia.<\/span>\t\t\t<\/div>\n\t\t<\/div>\n\t\t<div class=\"location\">\n\t\t\tWillich\t\t<\/div>\n\t\t<ul class=\"meta\">\n\t\t\t\n\t\t\t\t\t\t\t\t\t\t\t\t\t\t\t\t<li class=\"job-type werkstudent\">Estudiante trabajador<\/li>\n\t\t\t\t\t\t\t\n\t\t\t<li class=\"date\"><time datetime=\"2022-09-06\">Publicado hace 4 a\u00f1os<\/time><\/li>\n\n\t\t\t\t\t<\/ul>\n\t<\/a>\n<\/li>\n<\/ul>\n<\/div><\/div>\n\t\t\t\t\t\t<\/div>\n\t\t\t\t<\/div>\n\t\t\t\t\t<\/div>\n\t\t<\/div>\n\t\t\t\t\t<\/div>\n\t\t<\/section>\n\t\t\t\t\t<\/div>\n\t\t<\/div>\n\t\t\t\t\t<\/div>\n\t\t<\/section>\n\t\t\t\t<\/div>","protected":false},"excerpt":{"rendered":"<p>Starten Sie mit uns durch \u2013 Karriere bei DURUM Als familiengef\u00fchrtes Unternehmen wollen wir stetig wachsen und neue Produkte entwickeln, um auch in Zukunft den Anforderungen unserer nationalen und internationalen Kunden gerecht zu werden. Das Engagement und die Leidenschaft unserer Mitarbeiter sind dabei von gro\u00dfer Bedeutung. Bei DURUM bieten wir Ihnen einen sicheren Arbeitsplatz und [&hellip;]<\/p>\n","protected":false},"author":1,"featured_media":6854,"parent":706,"menu_order":0,"comment_status":"closed","ping_status":"closed","template":"","meta":{"footnotes":""},"class_list":["post-1267","page","type-page","status-publish","has-post-thumbnail","hentry"],"_links":{"self":[{"href":"https:\/\/durmat.com\/es\/wp-json\/wp\/v2\/pages\/1267","targetHints":{"allow":["GET"]}}],"collection":[{"href":"https:\/\/durmat.com\/es\/wp-json\/wp\/v2\/pages"}],"about":[{"href":"https:\/\/durmat.com\/es\/wp-json\/wp\/v2\/types\/page"}],"author":[{"embeddable":true,"href":"https:\/\/durmat.com\/es\/wp-json\/wp\/v2\/users\/1"}],"replies":[{"embeddable":true,"href":"https:\/\/durmat.com\/es\/wp-json\/wp\/v2\/comments?post=1267"}],"version-history":[{"count":45,"href":"https:\/\/durmat.com\/es\/wp-json\/wp\/v2\/pages\/1267\/revisions"}],"predecessor-version":[{"id":205424,"href":"https:\/\/durmat.com\/es\/wp-json\/wp\/v2\/pages\/1267\/revisions\/205424"}],"up":[{"embeddable":true,"href":"https:\/\/durmat.com\/es\/wp-json\/wp\/v2\/pages\/706"}],"wp:featuredmedia":[{"embeddable":true,"href":"https:\/\/durmat.com\/es\/wp-json\/wp\/v2\/media\/6854"}],"wp:attachment":[{"href":"https:\/\/durmat.com\/es\/wp-json\/wp\/v2\/media?parent=1267"}],"curies":[{"name":"wp","href":"https:\/\/api.w.org\/{rel}","templated":true}]}}