{"id":204967,"date":"2025-01-15T09:13:37","date_gmt":"2025-01-15T08:13:37","guid":{"rendered":"https:\/\/durmat.com\/?page_id=204967"},"modified":"2025-12-16T09:18:49","modified_gmt":"2025-12-16T08:18:49","slug":"messen-und-expos","status":"publish","type":"page","link":"https:\/\/durmat.com\/es\/empresa\/ferias-y-exposiciones\/","title":{"rendered":"Ferias y exposiciones"},"content":{"rendered":"<div data-elementor-type=\"wp-page\" data-elementor-id=\"204967\" class=\"elementor elementor-204967\" data-elementor-post-type=\"page\">\n\t\t\t\t\t\t<section class=\"elementor-section elementor-top-section elementor-element elementor-element-e0caf0f elementor-section-full_width elementor-section-height-default elementor-section-height-default\" data-id=\"e0caf0f\" data-element_type=\"section\" data-e-type=\"section\" data-settings=\"{&quot;jet_parallax_layout_list&quot;:[]}\">\n\t\t\t\t\t\t<div class=\"elementor-container elementor-column-gap-default\">\n\t\t\t\t\t<div class=\"elementor-column elementor-col-100 elementor-top-column elementor-element elementor-element-16d24a2\" data-id=\"16d24a2\" data-element_type=\"column\" data-e-type=\"column\">\n\t\t\t<div class=\"elementor-widget-wrap elementor-element-populated\">\n\t\t\t\t\t\t<div class=\"elementor-element elementor-element-f79a2e0 elementor-widget elementor-widget-heading\" data-id=\"f79a2e0\" data-element_type=\"widget\" data-e-type=\"widget\" data-widget_type=\"heading.default\">\n\t\t\t\t<div class=\"elementor-widget-container\">\n\t\t\t\t\t<h2 class=\"elementor-heading-title elementor-size-default\">\u00a1Descubra DURUM en ferias y exposiciones internacionales!<\/h2>\t\t\t\t<\/div>\n\t\t\t\t<\/div>\n\t\t\t\t<div class=\"elementor-element elementor-element-7db25e3 elementor-widget elementor-widget-text-editor\" data-id=\"7db25e3\" data-element_type=\"widget\" data-e-type=\"widget\" data-widget_type=\"text-editor.default\">\n\t\t\t\t<div class=\"elementor-widget-container\">\n\t\t\t\t\t\t\t\t\t<p>DURUM presenta en <strong>eventos l\u00edderes en todo el mundo<\/strong> soluciones innovadoras en las \u00e1reas de <strong>Protecci\u00f3n contra el desgaste<\/strong> y <strong>Soldadura por deposici\u00f3n<\/strong>. Aproveche la oportunidad, <strong>experimente nuestros productos y tecnolog\u00edas en directo<\/strong> y p\u00f3ngase en contacto con nuestro <strong>Expertos en intercambio<\/strong>. Tanto si se trata de los \u00faltimos desarrollos como de aplicaciones de eficacia probada, esperamos poder ofrecerle <strong>Nuestra experiencia<\/strong> y <strong>Soluciones a medida<\/strong> para sus necesidades. Inf\u00f3rmese aqu\u00ed sobre <strong>Pr\u00f3ximas fechas<\/strong> y vis\u00edtenos <strong>in situ<\/strong>!<\/p>\t\t\t\t\t\t\t\t<\/div>\n\t\t\t\t<\/div>\n\t\t\t\t\t<\/div>\n\t\t<\/div>\n\t\t\t\t\t<\/div>\n\t\t<\/section>\n\t\t\t\t<section class=\"elementor-section elementor-top-section elementor-element elementor-element-96873e8 elementor-section-full_width elementor-section-height-default elementor-section-height-default\" data-id=\"96873e8\" data-element_type=\"section\" data-e-type=\"section\" id=\"bauma\" data-settings=\"{&quot;jet_parallax_layout_list&quot;:[]}\">\n\t\t\t\t\t\t<div class=\"elementor-container elementor-column-gap-default\">\n\t\t\t\t\t<div class=\"elementor-column elementor-col-100 elementor-top-column elementor-element elementor-element-f4bfeee\" data-id=\"f4bfeee\" data-element_type=\"column\" data-e-type=\"column\">\n\t\t\t<div class=\"elementor-widget-wrap elementor-element-populated\">\n\t\t\t\t\t\t<section class=\"elementor-section elementor-inner-section elementor-element elementor-element-97e29b7 elementor-reverse-mobile elementor-section-full_width elementor-section-height-default elementor-section-height-default\" data-id=\"97e29b7\" data-element_type=\"section\" data-e-type=\"section\" data-settings=\"{&quot;background_background&quot;:&quot;classic&quot;,&quot;jet_parallax_layout_list&quot;:[]}\">\n\t\t\t\t\t\t<div class=\"elementor-container elementor-column-gap-default\">\n\t\t\t\t\t<div class=\"elementor-column elementor-col-66 elementor-inner-column elementor-element elementor-element-d61bfcb\" data-id=\"d61bfcb\" data-element_type=\"column\" data-e-type=\"column\">\n\t\t\t<div class=\"elementor-widget-wrap elementor-element-populated\">\n\t\t\t\t\t\t<div class=\"elementor-element elementor-element-07d1408 elementor-widget elementor-widget-heading\" data-id=\"07d1408\" data-element_type=\"widget\" data-e-type=\"widget\" data-widget_type=\"heading.default\">\n\t\t\t\t<div class=\"elementor-widget-container\">\n\t\t\t\t\t<h3 class=\"elementor-heading-title elementor-size-default\">DURUM en la ROG.E 2026 de R\u00edo de Janeiro<\/h3>\t\t\t\t<\/div>\n\t\t\t\t<\/div>\n\t\t\t\t<div class=\"elementor-element elementor-element-29d10df elementor-widget elementor-widget-text-editor\" data-id=\"29d10df\" data-element_type=\"widget\" data-e-type=\"widget\" data-widget_type=\"text-editor.default\">\n\t\t\t\t<div class=\"elementor-widget-container\">\n\t\t\t\t\t\t\t\t\t<p>Visite DURUM desde <strong>Del 21 al 24 de septiembre de 2026<\/strong> en el ROG.E de R\u00edo de Janeiro.<br data-start=\"190\" data-end=\"193\" \/>Como expositor en la <strong>Pabell\u00f3n alem\u00e1n de la AHK de R\u00edo de Janeiro<\/strong> presentamos soluciones para la protecci\u00f3n contra el desgaste y modernas tecnolog\u00edas de revestimiento. Hable con nuestros expertos sobre aplicaciones para entornos industriales exigentes. Esperamos su visita.<\/p>\t\t\t\t\t\t\t\t<\/div>\n\t\t\t\t<\/div>\n\t\t\t\t<div class=\"elementor-element elementor-element-5d91f8e elementor-widget elementor-widget-image\" data-id=\"5d91f8e\" data-element_type=\"widget\" data-e-type=\"widget\" data-no-translation=\"\" data-widget_type=\"image.default\">\n\t\t\t\t<div class=\"elementor-widget-container\">\n\t\t\t\t\t<style>.elementor-element-5d91f8e{display:none !important}<\/style>\t\t\t\t<\/div>\n\t\t\t\t<\/div>\n\t\t\t\t<div class=\"elementor-element elementor-element-b74bc38 elementor-widget elementor-widget-image\" data-id=\"b74bc38\" data-element_type=\"widget\" data-e-type=\"widget\" data-widget_type=\"image.default\">\n\t\t\t\t<div class=\"elementor-widget-container\">\n\t\t\t\t\t\t\t\t\t\t\t\t\t\t\t\t<a href=\"https:\/\/www.ibp.org.br\/en\/knowledge-hub\/news\/ibp-launches-the-new-roge-the-worlds-largest-energy-festival\/\" target=\"_blank\" rel=\"noopener\">\n\t\t\t\t\t\t\t<img fetchpriority=\"high\" decoding=\"async\" width=\"359\" height=\"140\" src=\"https:\/\/durmat.com\/wp-content\/uploads\/download.jpg\" class=\"attachment-large size-large wp-image-205672\" alt=\"Esquema para\" srcset=\"https:\/\/durmat.com\/wp-content\/uploads\/download.jpg 359w, https:\/\/durmat.com\/wp-content\/uploads\/download-300x117.jpg 300w, https:\/\/durmat.com\/wp-content\/uploads\/download-18x7.jpg 18w\" sizes=\"(max-width: 359px) 100vw, 359px\" title=\"Esquema para\">\t\t\t\t\t\t\t\t<\/a>\n\t\t\t\t\t\t\t\t\t\t\t\t\t\t\t<\/div>\n\t\t\t\t<\/div>\n\t\t\t\t<div class=\"elementor-element elementor-element-e1c2901 elementor-icon-list--layout-inline elementor-list-item-link-full_width elementor-widget elementor-widget-icon-list\" data-id=\"e1c2901\" data-element_type=\"widget\" data-e-type=\"widget\" data-no-translation=\"\" data-widget_type=\"icon-list.default\">\n\t\t\t\t<div class=\"elementor-widget-container\">\n\t\t\t\t\t<style>.elementor-element-e1c2901{display:none !important}<\/style>\t\t\t\t<\/div>\n\t\t\t\t<\/div>\n\t\t\t\t<div class=\"elementor-element elementor-element-f409034 elementor-icon-list--layout-inline elementor-list-item-link-full_width elementor-widget elementor-widget-icon-list\" data-id=\"f409034\" data-element_type=\"widget\" data-e-type=\"widget\" data-widget_type=\"icon-list.default\">\n\t\t\t\t<div class=\"elementor-widget-container\">\n\t\t\t\t\t\t\t<ul class=\"elementor-icon-list-items elementor-inline-items\">\n\t\t\t\t\t\t\t<li class=\"elementor-icon-list-item elementor-inline-item\">\n\t\t\t\t\t\t\t\t\t\t\t<a href=\"https:\/\/www.ibp.org.br\/en\/knowledge-hub\/news\/ibp-launches-the-new-roge-the-worlds-largest-energy-festival\/\" target=\"_blank\" rel=\"noopener\">\n\n\t\t\t\t\t\t\t\t\t\t\t\t<span class=\"elementor-icon-list-icon\">\n\t\t\t\t\t\t\t<i aria-hidden=\"true\" class=\"fas fa-external-link-alt\"><\/i>\t\t\t\t\t\t<\/span>\n\t\t\t\t\t\t\t\t\t\t<span class=\"elementor-icon-list-text\">Al anuncio del ROG.E 2026<\/span>\n\t\t\t\t\t\t\t\t\t\t\t<\/a>\n\t\t\t\t\t\t\t\t\t<\/li>\n\t\t\t\t\t\t<\/ul>\n\t\t\t\t\t\t<\/div>\n\t\t\t\t<\/div>\n\t\t\t\t\t<\/div>\n\t\t<\/div>\n\t\t\t\t<div class=\"elementor-column elementor-col-33 elementor-inner-column elementor-element elementor-element-5490fe8\" data-id=\"5490fe8\" data-element_type=\"column\" data-e-type=\"column\">\n\t\t\t<div class=\"elementor-widget-wrap elementor-element-populated\">\n\t\t\t\t\t\t<div class=\"elementor-element elementor-element-1f58c97 elementor-widget__width-auto elementor-widget elementor-widget-image\" data-id=\"1f58c97\" data-element_type=\"widget\" data-e-type=\"widget\" data-no-translation=\"\" data-widget_type=\"image.default\">\n\t\t\t\t<div class=\"elementor-widget-container\">\n\t\t\t\t\t<style>.elementor-element-1f58c97{display:none !important}<\/style>\t\t\t\t<\/div>\n\t\t\t\t<\/div>\n\t\t\t\t<div class=\"elementor-element elementor-element-fa654f6 elementor-widget__width-auto elementor-widget elementor-widget-image\" data-id=\"fa654f6\" data-element_type=\"widget\" data-e-type=\"widget\" data-widget_type=\"image.default\">\n\t\t\t\t<div class=\"elementor-widget-container\">\n\t\t\t\t\t\t\t\t\t\t\t\t\t\t\t\t<a href=\"https:\/\/www.ibp.org.br\/en\/knowledge-hub\/news\/ibp-launches-the-new-roge-the-worlds-largest-energy-festival\/\" target=\"_blank\" rel=\"noopener\">\n\t\t\t\t\t\t\t<img decoding=\"async\" width=\"269\" height=\"187\" src=\"https:\/\/durmat.com\/wp-content\/uploads\/download.png\" class=\"attachment-large size-large wp-image-205673\" alt=\"Esquema para\" srcset=\"https:\/\/durmat.com\/wp-content\/uploads\/download.png 269w, https:\/\/durmat.com\/wp-content\/uploads\/download-18x12.png 18w\" sizes=\"(max-width: 269px) 100vw, 269px\" title=\"Esquema para\">\t\t\t\t\t\t\t\t<\/a>\n\t\t\t\t\t\t\t\t\t\t\t\t\t\t\t<\/div>\n\t\t\t\t<\/div>\n\t\t\t\t\t<\/div>\n\t\t<\/div>\n\t\t\t\t\t<\/div>\n\t\t<\/section>\n\t\t\t\t\t<\/div>\n\t\t<\/div>\n\t\t\t\t\t<\/div>\n\t\t<\/section>\n\t\t\t\t<\/div>","protected":false},"excerpt":{"rendered":"<p>Entdecken Sie DURUM auf internationalen Messen und Expos! DURUM pr\u00e4sentiert auf f\u00fchrenden Veranstaltungen weltweit innovative L\u00f6sungen in den Bereichen Verschlei\u00dfschutz und Auftragschwei\u00dfen. Nutzen Sie die Gelegenheit, unsere Produkte und Technologien live zu erleben und sich mit unseren Experten auszutauschen. Ob neueste Entwicklungen oder bew\u00e4hrte Anwendungen \u2013 wir freuen uns darauf, Ihnen unsere Expertise vorzustellen und [&hellip;]<\/p>\n","protected":false},"author":1,"featured_media":7050,"parent":706,"menu_order":0,"comment_status":"closed","ping_status":"closed","template":"","meta":{"footnotes":""},"class_list":["post-204967","page","type-page","status-publish","has-post-thumbnail","hentry"],"_links":{"self":[{"href":"https:\/\/durmat.com\/es\/wp-json\/wp\/v2\/pages\/204967","targetHints":{"allow":["GET"]}}],"collection":[{"href":"https:\/\/durmat.com\/es\/wp-json\/wp\/v2\/pages"}],"about":[{"href":"https:\/\/durmat.com\/es\/wp-json\/wp\/v2\/types\/page"}],"author":[{"embeddable":true,"href":"https:\/\/durmat.com\/es\/wp-json\/wp\/v2\/users\/1"}],"replies":[{"embeddable":true,"href":"https:\/\/durmat.com\/es\/wp-json\/wp\/v2\/comments?post=204967"}],"version-history":[{"count":127,"href":"https:\/\/durmat.com\/es\/wp-json\/wp\/v2\/pages\/204967\/revisions"}],"predecessor-version":[{"id":205782,"href":"https:\/\/durmat.com\/es\/wp-json\/wp\/v2\/pages\/204967\/revisions\/205782"}],"up":[{"embeddable":true,"href":"https:\/\/durmat.com\/es\/wp-json\/wp\/v2\/pages\/706"}],"wp:featuredmedia":[{"embeddable":true,"href":"https:\/\/durmat.com\/es\/wp-json\/wp\/v2\/media\/7050"}],"wp:attachment":[{"href":"https:\/\/durmat.com\/es\/wp-json\/wp\/v2\/media?parent=204967"}],"curies":[{"name":"wp","href":"https:\/\/api.w.org\/{rel}","templated":true}]}}