{"id":205243,"date":"2025-05-07T11:00:53","date_gmt":"2025-05-07T09:00:53","guid":{"rendered":"https:\/\/durmat.com\/?page_id=205243"},"modified":"2025-06-17T11:27:52","modified_gmt":"2025-06-17T09:27:52","slug":"erklaerung-zur-barrierefreiheit","status":"publish","type":"page","link":"https:\/\/durmat.com\/es\/empresa\/declaracion-sobre-accesibilidad\/","title":{"rendered":"Declaraci\u00f3n sobre accesibilidad"},"content":{"rendered":"<div data-elementor-type=\"wp-page\" data-elementor-id=\"205243\" class=\"elementor elementor-205243\" data-elementor-post-type=\"page\">\n\t\t\t\t\t\t<section class=\"elementor-section elementor-top-section elementor-element elementor-element-544dd4a elementor-section-boxed elementor-section-height-default elementor-section-height-default\" data-id=\"544dd4a\" data-element_type=\"section\" data-e-type=\"section\" data-settings=\"{&quot;jet_parallax_layout_list&quot;:[]}\">\n\t\t\t\t\t\t<div class=\"elementor-container elementor-column-gap-default\">\n\t\t\t\t\t<div class=\"elementor-column elementor-col-100 elementor-top-column elementor-element elementor-element-4cf41da\" data-id=\"4cf41da\" data-element_type=\"column\" data-e-type=\"column\">\n\t\t\t<div class=\"elementor-widget-wrap elementor-element-populated\">\n\t\t\t\t\t\t<div class=\"elementor-element elementor-element-36ca997 elementor-widget elementor-widget-text-editor\" data-id=\"36ca997\" data-element_type=\"widget\" data-e-type=\"widget\" data-widget_type=\"text-editor.default\">\n\t\t\t\t<div class=\"elementor-widget-container\">\n\t\t\t\t\t\t\t\t\t<p>Como parte de nuestra declaraci\u00f3n de accesibilidad, nos gustar\u00eda ofrecerle una visi\u00f3n general del estado de la compatibilidad del\/de los servicio(s) descrito(s) a continuaci\u00f3n con los requisitos de accesibilidad seg\u00fan la normativa legal (en particular con la Ley de Refuerzo de la Accesibilidad - BFSG).<\/p>\n<h2>Datos del proveedor de servicios<\/h2><p>DURUM WEAR PROTECTION GMBH<br \/>\nCarl-Friedrich-Benz-Str. 7<br \/>\n47877 Willich<br \/>\nRenania del Norte-Westfalia<\/p>\n\n<h2>Descripci\u00f3n general del servicio<\/h2><p>Suministro de informaci\u00f3n sobre la empresa en durmat.com.<\/p>\n\n<h2>Explicaciones sobre la puesta en marcha del servicio<\/h2><p>La empresa ofrece informaci\u00f3n sobre sus propios productos y servicios en su sitio web. El sitio web ofrece la posibilidad de ponerse en contacto con la empresa a trav\u00e9s de varios formularios.<\/p>\n\n<h2>Estado de compatibilidad con los requisitos<\/h2>\n<p>Este servicio es parcialmente compatible con la Ley de Refuerzo de la Accesibilidad (BFSG).<\/p> <p>Las siguientes partes\/contenidos\/funciones del servicio no son accesibles:<\/p><p>Los contenidos de v\u00eddeo de la web no se pueden apagar ni pausar, faltan contenidos alternativos para las presentaciones audiovisuales. El etiquetado de los formularios y los mensajes de error relacionados con los campos son a veces inadecuados. El manejo del teclado del sitio web est\u00e1 limitado en algunos lugares. Varias representaciones en color no son suficientemente ricas en contraste, hay varios errores de sintaxis HTML y atributos HTML superfluos que dificultan la percepci\u00f3n del sitio web.<\/p>\n<h3>Alternativas sin barreras<\/h3>\n<p>Toda la informaci\u00f3n procedente de v\u00eddeos y datos de im\u00e1genes se facilita tambi\u00e9n en el texto cuando procede. Tambi\u00e9n se puede contactar directamente con la empresa por correo electr\u00f3nico y tel\u00e9fono en cualquier momento.<\/p>\n<h3>Partes no accesibles del servicio - plazos de aplicaci\u00f3n<\/h3>\n<p>Nos esforzamos por optimizar el sitio web para que sea accesible en un futuro pr\u00f3ximo y minimizar en la medida de lo posible los problemas de funcionamiento. Por el momento no podemos dar un plazo exacto para ello.<\/p>\n\n<h2>Preparaci\u00f3n de la declaraci\u00f3n de accesibilidad<\/h2> <p>Fecha de elaboraci\u00f3n de la declaraci\u00f3n de accesibilidad: 11\/06\/2025<br \/> Fecha de la \u00faltima revisi\u00f3n de los servicios mencionados con respecto a los requisitos de accesibilidad: 10\/06\/2025<\/p>\n\t\t\t\t\t\t\t\t<\/div>\n\t\t\t\t<\/div>\n\t\t\t\t\t<\/div>\n\t\t<\/div>\n\t\t\t\t\t<\/div>\n\t\t<\/section>\n\t\t\t\t<\/div>","protected":false},"excerpt":{"rendered":"<p>Im Rahmen unserer Barrierefreiheitserkl&auml;rung m&ouml;chten wir Ihnen einen &Uuml;berblick &uuml;ber den Stand der Vereinbarkeit der unten beschriebenen Dienstleistung(en) mit den Anforderungen der Barrierefreiheit nach gesetzlichen Vorschriften (insbesondere mit dem Barrierefreiheitsst&auml;rkungsgesetz &ndash; BFSG) geben. Angaben zum Dienstleistungserbringer DURUM VERSCHLEISS-SCHUTZ GMBH Carl-Friedrich-Benz-Str. 7 47877 Willich Nordrhein-Westfalen Allgemeine Beschreibung der Dienstleistung Bereitstellung von Informationen zum Unternehmen unter durmat.com. [&hellip;]<\/p>\n","protected":false},"author":1,"featured_media":6854,"parent":706,"menu_order":0,"comment_status":"closed","ping_status":"closed","template":"","meta":{"footnotes":""},"class_list":["post-205243","page","type-page","status-publish","has-post-thumbnail","hentry"],"_links":{"self":[{"href":"https:\/\/durmat.com\/es\/wp-json\/wp\/v2\/pages\/205243","targetHints":{"allow":["GET"]}}],"collection":[{"href":"https:\/\/durmat.com\/es\/wp-json\/wp\/v2\/pages"}],"about":[{"href":"https:\/\/durmat.com\/es\/wp-json\/wp\/v2\/types\/page"}],"author":[{"embeddable":true,"href":"https:\/\/durmat.com\/es\/wp-json\/wp\/v2\/users\/1"}],"replies":[{"embeddable":true,"href":"https:\/\/durmat.com\/es\/wp-json\/wp\/v2\/comments?post=205243"}],"version-history":[{"count":4,"href":"https:\/\/durmat.com\/es\/wp-json\/wp\/v2\/pages\/205243\/revisions"}],"predecessor-version":[{"id":205338,"href":"https:\/\/durmat.com\/es\/wp-json\/wp\/v2\/pages\/205243\/revisions\/205338"}],"up":[{"embeddable":true,"href":"https:\/\/durmat.com\/es\/wp-json\/wp\/v2\/pages\/706"}],"wp:featuredmedia":[{"embeddable":true,"href":"https:\/\/durmat.com\/es\/wp-json\/wp\/v2\/media\/6854"}],"wp:attachment":[{"href":"https:\/\/durmat.com\/es\/wp-json\/wp\/v2\/media?parent=205243"}],"curies":[{"name":"wp","href":"https:\/\/api.w.org\/{rel}","templated":true}]}}