{"id":205245,"date":"2025-04-30T15:46:52","date_gmt":"2025-04-30T13:46:52","guid":{"rendered":"https:\/\/durmat.com\/?page_id=205245"},"modified":"2025-09-03T14:30:49","modified_gmt":"2025-09-03T12:30:49","slug":"ueber-uns-in-einfacher-sprache","status":"publish","type":"page","link":"https:\/\/durmat.com\/es\/empresa\/sobre-nosotros-en-lenguaje-sencillo\/","title":{"rendered":"Sobre nosotros en lenguaje sencillo"},"content":{"rendered":"<div data-elementor-type=\"wp-page\" data-elementor-id=\"205245\" class=\"elementor elementor-205245\" data-elementor-post-type=\"page\">\n\t\t\t\t\t\t<section class=\"elementor-section elementor-top-section elementor-element elementor-element-817711a elementor-section-boxed elementor-section-height-default elementor-section-height-default\" data-id=\"817711a\" data-element_type=\"section\" data-e-type=\"section\" data-settings=\"{&quot;jet_parallax_layout_list&quot;:[]}\">\n\t\t\t\t\t\t<div class=\"elementor-container elementor-column-gap-default\">\n\t\t\t\t\t<div class=\"elementor-column elementor-col-100 elementor-top-column elementor-element elementor-element-5bd8aa1\" data-id=\"5bd8aa1\" data-element_type=\"column\" data-e-type=\"column\">\n\t\t\t<div class=\"elementor-widget-wrap elementor-element-populated\">\n\t\t\t\t\t\t<div class=\"elementor-element elementor-element-e4f0e8f elementor-widget elementor-widget-text-editor\" data-id=\"e4f0e8f\" data-element_type=\"widget\" data-e-type=\"widget\" data-widget_type=\"text-editor.default\">\n\t\t\t\t<div class=\"elementor-widget-container\">\n\t\t\t\t\t\t\t\t\t<h2>Somos DURUM<\/h2><p>Llevamos m\u00e1s de 40 a\u00f1os en el mercado.<\/p><p>Protegemos las m\u00e1quinas.<br \/>Nuestro trabajo lo garantiza:<br \/>Las m\u00e1quinas duran m\u00e1s.<\/p><p>Trabajamos en todo el mundo.<br \/>Suministramos nuestros productos a m\u00e1s de 80 pa\u00edses.<br \/>Tenemos empresas en Brasil, Francia y Estados Unidos.<\/p><h3>Esto es importante para nosotros<\/h3><ul><li>Nuestros productos son de buena calidad.<\/li><li>Le asesoramos amablemente y con buen criterio.<\/li><li>Desarrollamos nuevos productos.<\/li><li>Ofrecemos un buen servicio.<\/li><li>La confianza es muy importante para nosotros.<\/li><\/ul><h3>Qu\u00e9 hacemos por usted<\/h3><p>Encontraremos la mejor soluci\u00f3n para su problema.<br \/>Protegemos muchas m\u00e1quinas y sistemas diferentes.<br \/>Ayudamos a peque\u00f1as y grandes empresas.<\/p><h3>Nuestros productos<\/h3><p>Fabricamos productos especiales.<br \/>Nuestros productos protegen las m\u00e1quinas del desgaste.<br \/>Por ejemplo:<\/p><ul><li>Alambres de soldadura<\/li><li>Polvo de soldadura<\/li><li>Cables de pulverizaci\u00f3n<\/li><li>Polvo en spray<\/li><li>Paneles de protecci\u00f3n prefabricados<\/li><li>Componentes listos para instalar directamente<\/li><\/ul><p>Algunos de nuestros productos contienen una sustancia.<br \/>El material se llama carburo de wolframio.<br \/>Proporciona una protecci\u00f3n especialmente fuerte.<\/p><h3>Nuestra investigaci\u00f3n<\/h3><p>Desarrollamos nuevos materiales.<br \/>Desarrollamos nuevas t\u00e9cnicas de soldadura y revestimiento.<\/p><p>Tenemos nuestros propios laboratorios.<br \/>All\u00ed probamos nuevos tejidos.<br \/>Tambi\u00e9n desarrollamos soluciones para clientes individuales.<\/p><h3>Nuestros proyectos<\/h3><p>Participamos en numerosos proyectos de investigaci\u00f3n.<br \/>Colaboramos con universidades y empresas.<br \/>A veces recibimos dinero de la UE o del Estado.<\/p><p>Compartimos algunos resultados con los dem\u00e1s.<br \/>Algunos resultados siguen siendo secretos.<br \/>Eso es importante si es lo que quieren los clientes.<\/p><h3>Nuestros cursos de formaci\u00f3n<\/h3><p>Le mostraremos c\u00f3mo utilizar correctamente nuestros productos.<br \/>Nuestros expertos pueden ayudarle.<\/p><h3>Nuestro c\u00f3digo de conducta:<\/h3><p>Cumplimos todas las leyes.<br \/>Trabajamos con honestidad.<br \/>Nos comportamos bien en el trabajo.<br \/>Tambi\u00e9n nos comportamos bien fuera del trabajo.<\/p>\t\t\t\t\t\t\t\t<\/div>\n\t\t\t\t<\/div>\n\t\t\t\t\t<\/div>\n\t\t<\/div>\n\t\t\t\t\t<\/div>\n\t\t<\/section>\n\t\t\t\t<\/div>","protected":false},"excerpt":{"rendered":"<p>Wir sind DURUM Uns gibt es seit \u00fcber 40 Jahren. Wir sch\u00fctzen Maschinen.Unsere Arbeit sorgt daf\u00fcr:Maschinen halten l\u00e4nger. Wir arbeiten auf der ganzen Welt.Wir liefern unsere Produkte in mehr als 80 L\u00e4nder.Wir haben Firmen in Brasilien, Frankreich und den USA. Das ist uns wichtig Unsere Produkte haben gute Qualit\u00e4t. Wir beraten Sie freundlich und gut. [&hellip;]<\/p>\n","protected":false},"author":1,"featured_media":2376,"parent":706,"menu_order":0,"comment_status":"closed","ping_status":"closed","template":"","meta":{"footnotes":""},"class_list":["post-205245","page","type-page","status-publish","has-post-thumbnail","hentry"],"_links":{"self":[{"href":"https:\/\/durmat.com\/es\/wp-json\/wp\/v2\/pages\/205245","targetHints":{"allow":["GET"]}}],"collection":[{"href":"https:\/\/durmat.com\/es\/wp-json\/wp\/v2\/pages"}],"about":[{"href":"https:\/\/durmat.com\/es\/wp-json\/wp\/v2\/types\/page"}],"author":[{"embeddable":true,"href":"https:\/\/durmat.com\/es\/wp-json\/wp\/v2\/users\/1"}],"replies":[{"embeddable":true,"href":"https:\/\/durmat.com\/es\/wp-json\/wp\/v2\/comments?post=205245"}],"version-history":[{"count":16,"href":"https:\/\/durmat.com\/es\/wp-json\/wp\/v2\/pages\/205245\/revisions"}],"predecessor-version":[{"id":205585,"href":"https:\/\/durmat.com\/es\/wp-json\/wp\/v2\/pages\/205245\/revisions\/205585"}],"up":[{"embeddable":true,"href":"https:\/\/durmat.com\/es\/wp-json\/wp\/v2\/pages\/706"}],"wp:featuredmedia":[{"embeddable":true,"href":"https:\/\/durmat.com\/es\/wp-json\/wp\/v2\/media\/2376"}],"wp:attachment":[{"href":"https:\/\/durmat.com\/es\/wp-json\/wp\/v2\/media?parent=205245"}],"curies":[{"name":"wp","href":"https:\/\/api.w.org\/{rel}","templated":true}]}}