{"id":714,"date":"2022-06-01T11:27:54","date_gmt":"2022-06-01T09:27:54","guid":{"rendered":"https:\/\/durmat.com\/?page_id=714"},"modified":"2025-07-03T09:20:35","modified_gmt":"2025-07-03T07:20:35","slug":"impressum","status":"publish","type":"page","link":"https:\/\/durmat.com\/es\/imprimir\/","title":{"rendered":"Pie de imprenta"},"content":{"rendered":"<div data-elementor-type=\"wp-page\" data-elementor-id=\"714\" class=\"elementor elementor-714\" data-elementor-post-type=\"page\">\n\t\t\t\t\t\t<section class=\"elementor-section elementor-top-section elementor-element elementor-element-6b2edca elementor-section-full_width elementor-section-height-default elementor-section-height-default\" data-id=\"6b2edca\" data-element_type=\"section\" data-e-type=\"section\" data-settings=\"{&quot;jet_parallax_layout_list&quot;:[]}\">\n\t\t\t\t\t\t<div class=\"elementor-container elementor-column-gap-default\">\n\t\t\t\t\t<div class=\"elementor-column elementor-col-100 elementor-top-column elementor-element elementor-element-f3869c7\" data-id=\"f3869c7\" data-element_type=\"column\" data-e-type=\"column\">\n\t\t\t<div class=\"elementor-widget-wrap elementor-element-populated\">\n\t\t\t\t\t\t<section class=\"elementor-section elementor-inner-section elementor-element elementor-element-6d78a0d elementor-section-full_width elementor-section-height-default elementor-section-height-default\" data-id=\"6d78a0d\" data-element_type=\"section\" data-e-type=\"section\" data-settings=\"{&quot;jet_parallax_layout_list&quot;:[]}\">\n\t\t\t\t\t\t<div class=\"elementor-container elementor-column-gap-default\">\n\t\t\t\t\t<div class=\"elementor-column elementor-col-100 elementor-inner-column elementor-element elementor-element-3ba15b4\" data-id=\"3ba15b4\" data-element_type=\"column\" data-e-type=\"column\">\n\t\t\t<div class=\"elementor-widget-wrap elementor-element-populated\">\n\t\t\t\t\t\t<div class=\"elementor-element elementor-element-e6b68f6 elementor-widget elementor-widget-text-editor\" data-id=\"e6b68f6\" data-element_type=\"widget\" data-e-type=\"widget\" data-widget_type=\"text-editor.default\">\n\t\t\t\t<div class=\"elementor-widget-container\">\n\t\t\t\t\t\t\t\t\t<p>DURUM Wear Protection GmbH<br \/>Carl-Friedrich-Benz-Str. 7<br \/>47877 Willich<\/p><p>Registro mercantil: 3947<br \/>Juzgado de registro: Juzgado Local de Krefeld<\/p><p><strong>Representado por:<\/strong><br \/>Peter Knauf<\/p><h2>P\u00f3ngase en contacto con<\/h2><p>Tel\u00e9fono: +49 2154 4837-0<br \/>Fax: +49 2154 4837-78<br \/>Correo electr\u00f3nico: info@durmat.com<\/p><h2>CIF<\/h2><p>N\u00famero de identificaci\u00f3n fiscal conforme al art\u00edculo 27 a de la Ley del impuesto sobre el volumen de negocios:<br \/>DE-120144622<\/p><h2>Editorialmente responsable<\/h2><p>Peter Knauf<\/p><h2>Resoluci\u00f3n de litigios de consumo\/centro de arbitraje universal<\/h2><p>No estamos dispuestos ni obligados a participar en un procedimiento de resoluci\u00f3n de litigios ante una junta de arbitraje de consumo.<\/p>\t\t\t\t\t\t\t\t<\/div>\n\t\t\t\t<\/div>\n\t\t\t\t<div class=\"elementor-element elementor-element-969206b elementor-widget elementor-widget-text-editor\" data-id=\"969206b\" data-element_type=\"widget\" data-e-type=\"widget\" data-widget_type=\"text-editor.default\">\n\t\t\t\t<div class=\"elementor-widget-container\">\n\t\t\t\t\t\t\t\t\t<h2>Autorizaci\u00f3n como expedidor conocido<\/h2><p>N\u00famero de autorizaci\u00f3n: DE\/KC\/01753-01\/0718, Bochum, 10 de julio de 2013.<\/p><h2>Cr\u00e9ditos de las im\u00e1genes<\/h2><ul><li>Las im\u00e1genes tienen licencia a trav\u00e9s de: stock.adobe.com<\/li><li>Material de imagen propio<\/li><\/ul><h2>Aplicaci\u00f3n t\u00e9cnica<\/h2><p><a href=\"https:\/\/c-g-w.net\/\" target=\"_blank\" rel=\"noopener\">CGW GmbH - Comunicaci\u00f3n de servicio completo<\/a><br \/>Calle Karl-Arnold 8<br \/>47877 Willich<br \/>Alemania<\/p>\t\t\t\t\t\t\t\t<\/div>\n\t\t\t\t<\/div>\n\t\t\t\t\t<\/div>\n\t\t<\/div>\n\t\t\t\t\t<\/div>\n\t\t<\/section>\n\t\t\t\t\t<\/div>\n\t\t<\/div>\n\t\t\t\t\t<\/div>\n\t\t<\/section>\n\t\t\t\t<\/div>","protected":false},"excerpt":{"rendered":"<p>DURUM Verschlei\u00dfschutz GmbHCarl-Friedrich-Benz-Str. 747877 Willich Handelsregister: 3947Registergericht: Amtsgericht Krefeld Vertreten durch:Peter Knauf Kontakt Telefon: +49 2154 4837-0Telefax: +49 2154 4837-78E-Mail: info@durmat.com Umsatzsteuer-ID Umsatzsteuer-Identifikationsnummer gem\u00e4\u00df \u00a7 27 a Umsatzsteuergesetz:DE-120144622 Redaktionell verantwortlich Peter Knauf Verbraucher\u00adstreit\u00adbeilegung\/Universal\u00adschlichtungs\u00adstelle Wir sind nicht bereit oder verpflichtet, an Streitbeilegungsverfahren vor einer Verbraucherschlichtungsstelle teilzunehmen. Zulassung als bekannter Versender Zulassungsnummer: DE\/KC\/01753-01\/0718, Bochum, 10. Juli 2013 [&hellip;]<\/p>\n","protected":false},"author":1,"featured_media":6854,"parent":0,"menu_order":0,"comment_status":"closed","ping_status":"closed","template":"","meta":{"footnotes":""},"class_list":["post-714","page","type-page","status-publish","has-post-thumbnail","hentry"],"_links":{"self":[{"href":"https:\/\/durmat.com\/es\/wp-json\/wp\/v2\/pages\/714","targetHints":{"allow":["GET"]}}],"collection":[{"href":"https:\/\/durmat.com\/es\/wp-json\/wp\/v2\/pages"}],"about":[{"href":"https:\/\/durmat.com\/es\/wp-json\/wp\/v2\/types\/page"}],"author":[{"embeddable":true,"href":"https:\/\/durmat.com\/es\/wp-json\/wp\/v2\/users\/1"}],"replies":[{"embeddable":true,"href":"https:\/\/durmat.com\/es\/wp-json\/wp\/v2\/comments?post=714"}],"version-history":[{"count":62,"href":"https:\/\/durmat.com\/es\/wp-json\/wp\/v2\/pages\/714\/revisions"}],"predecessor-version":[{"id":205494,"href":"https:\/\/durmat.com\/es\/wp-json\/wp\/v2\/pages\/714\/revisions\/205494"}],"wp:featuredmedia":[{"embeddable":true,"href":"https:\/\/durmat.com\/es\/wp-json\/wp\/v2\/media\/6854"}],"wp:attachment":[{"href":"https:\/\/durmat.com\/es\/wp-json\/wp\/v2\/media?parent=714"}],"curies":[{"name":"wp","href":"https:\/\/api.w.org\/{rel}","templated":true}]}}