{"id":1261,"date":"2022-06-03T10:08:54","date_gmt":"2022-06-03T08:08:54","guid":{"rendered":"https:\/\/durmat.com\/?page_id=1261"},"modified":"2025-08-13T14:59:50","modified_gmt":"2025-08-13T12:59:50","slug":"verhaltenskodex","status":"publish","type":"page","link":"https:\/\/durmat.com\/fr\/societe\/code-de-conduite\/","title":{"rendered":"Code de conduite"},"content":{"rendered":"<div data-elementor-type=\"wp-page\" data-elementor-id=\"1261\" class=\"elementor elementor-1261\" data-elementor-post-type=\"page\">\n\t\t\t\t\t\t<section class=\"elementor-section elementor-top-section elementor-element elementor-element-8f0b44d elementor-section-full_width elementor-section-height-default elementor-section-height-default\" data-id=\"8f0b44d\" data-element_type=\"section\" data-e-type=\"section\" data-settings=\"{&quot;jet_parallax_layout_list&quot;:[]}\">\n\t\t\t\t\t\t<div class=\"elementor-container elementor-column-gap-default\">\n\t\t\t\t\t<div class=\"elementor-column elementor-col-100 elementor-top-column elementor-element elementor-element-f63015a\" data-id=\"f63015a\" data-element_type=\"column\" data-e-type=\"column\">\n\t\t\t<div class=\"elementor-widget-wrap elementor-element-populated\">\n\t\t\t\t\t\t<div class=\"elementor-element elementor-element-3250169 elementor-widget elementor-widget-heading\" data-id=\"3250169\" data-element_type=\"widget\" data-e-type=\"widget\" data-widget_type=\"heading.default\">\n\t\t\t\t<div class=\"elementor-widget-container\">\n\t\t\t\t\t<h2 class=\"elementor-heading-title elementor-size-default\">DURUM Verschlei\u00dfschutz GmbH<\/h2>\t\t\t\t<\/div>\n\t\t\t\t<\/div>\n\t\t\t\t<section class=\"elementor-section elementor-inner-section elementor-element elementor-element-f0ec446 elementor-section-full_width elementor-section-height-default elementor-section-height-default\" data-id=\"f0ec446\" data-element_type=\"section\" data-e-type=\"section\" data-settings=\"{&quot;jet_parallax_layout_list&quot;:[]}\">\n\t\t\t\t\t\t<div class=\"elementor-container elementor-column-gap-default\">\n\t\t\t\t\t<div class=\"elementor-column elementor-col-50 elementor-inner-column elementor-element elementor-element-e47b024\" data-id=\"e47b024\" data-element_type=\"column\" data-e-type=\"column\">\n\t\t\t<div class=\"elementor-widget-wrap elementor-element-populated\">\n\t\t\t\t\t\t<div class=\"elementor-element elementor-element-2ee62e9 elementor-widget elementor-widget-heading\" data-id=\"2ee62e9\" data-element_type=\"widget\" data-e-type=\"widget\" data-widget_type=\"heading.default\">\n\t\t\t\t<div class=\"elementor-widget-container\">\n\t\t\t\t\t<h3 class=\"elementor-heading-title elementor-size-default\">Pr\u00e9face de la direction<\/h3>\t\t\t\t<\/div>\n\t\t\t\t<\/div>\n\t\t\t\t<div class=\"elementor-element elementor-element-610fcab elementor-widget elementor-widget-heading\" data-id=\"610fcab\" data-element_type=\"widget\" data-e-type=\"widget\" data-widget_type=\"heading.default\">\n\t\t\t\t<div class=\"elementor-widget-container\">\n\t\t\t\t\t<h4 class=\"elementor-heading-title elementor-size-default\">Ch\u00e8res Mesdames, chers Messieurs\nChers collaborateurs<\/h4>\t\t\t\t<\/div>\n\t\t\t\t<\/div>\n\t\t\t\t<div class=\"elementor-element elementor-element-80c52d2 elementor-widget elementor-widget-text-editor\" data-id=\"80c52d2\" data-element_type=\"widget\" data-e-type=\"widget\" data-widget_type=\"text-editor.default\">\n\t\t\t\t<div class=\"elementor-widget-container\">\n\t\t\t\t\t\t\t\t\t<p><span style=\"color: var( --e-global-color-primary );\">De nombreux facteurs contribuent \u00e0 notre succ\u00e8s. Parmi eux, l'\u00e9tendue et la qualit\u00e9 de nos produits et services, ainsi que notre volont\u00e9 d'\u00eatre une entreprise exemplaire \u00e0 tous points de vue.<\/span><\/p><p>D'autres facteurs - plus difficiles \u00e0 mesurer mais tout aussi essentiels - d\u00e9terminent qui nous sommes et comment nous sommes per\u00e7us en tant qu'entreprise. L'int\u00e9grit\u00e9, la responsabilit\u00e9, le respect des r\u00e8gles du jeu concurrentiel et le traitement respectueux de nos employ\u00e9s et de nos partenaires commerciaux sont des pr\u00e9occupations que nous pla\u00e7ons sur un pied d'\u00e9galit\u00e9.<\/p><p>Nous sommes convaincus que la r\u00e9ussite \u00e9conomique et le respect des normes \u00e9thiques sont indissociables. Notre objectif est bien s\u00fbr de r\u00e9ussir sur le march\u00e9. Mais nous ne voulons conclure que des affaires conformes aux lois en vigueur, aux principes de bonne gouvernance d'entreprise et au pr\u00e9sent code de conduite.<\/p><p>L'un de ces facteurs est notre bonne r\u00e9putation. Elle repose \u00e9galement sur le fait que nous ne faisons aucun compromis en mati\u00e8re de comportement \u00e9thique. \u00c0 l'avenir, nous continuerons \u00e0 consolider notre r\u00e9putation en adoptant un comportement professionnel exemplaire pendant et en dehors des heures de travail quotidiennes.<\/p><p>Le pr\u00e9sent code de conduite a pour but de vous aider \u00e0 mieux vous orienter dans un environnement commercial qui est devenu de plus en plus complexe au cours des derni\u00e8res ann\u00e9es. Il r\u00e9sume les r\u00e8gles que vous devez suivre pour vous conformer aux lois et aux r\u00e9glementations. Il tient \u00e9galement compte de nos valeurs et principes - int\u00e9grit\u00e9, responsabilit\u00e9, concurrence loyale, durabilit\u00e9 et respect.<\/p><p>L'application syst\u00e9matique de ces valeurs dans notre comportement quotidien contribue \u00e0 ce que nous continuions \u00e0 nous comporter de mani\u00e8re appropri\u00e9e en tant qu'employeur, entrepreneur et entreprise. Ce code de conduite engage la direction ainsi que tous les employ\u00e9s de DURUM Verschlei\u00dfschutz GmbH.<\/p><p>Willich, en mai 2020<\/p><p>La direction<\/p>\t\t\t\t\t\t\t\t<\/div>\n\t\t\t\t<\/div>\n\t\t\t\t\t<\/div>\n\t\t<\/div>\n\t\t\t\t<div class=\"elementor-column elementor-col-50 elementor-inner-column elementor-element elementor-element-78b1674\" data-id=\"78b1674\" data-element_type=\"column\" data-e-type=\"column\">\n\t\t\t<div class=\"elementor-widget-wrap elementor-element-populated\">\n\t\t\t\t\t\t<div class=\"elementor-element elementor-element-0a936c1 elementor-widget elementor-widget-image\" data-id=\"0a936c1\" data-element_type=\"widget\" data-e-type=\"widget\" data-widget_type=\"image.default\">\n\t\t\t\t<div class=\"elementor-widget-container\">\n\t\t\t\t\t\t\t\t\t\t\t\t\t\t\t<img fetchpriority=\"high\" decoding=\"async\" width=\"800\" height=\"800\" src=\"https:\/\/durmat.com\/wp-content\/uploads\/Verhaltenskodex-800x800-1.jpg\" class=\"attachment-large size-large wp-image-3645\" alt=\"Code de conduite de Durum\" srcset=\"https:\/\/durmat.com\/wp-content\/uploads\/Verhaltenskodex-800x800-1.jpg 800w, https:\/\/durmat.com\/wp-content\/uploads\/Verhaltenskodex-800x800-1-300x300.jpg 300w, https:\/\/durmat.com\/wp-content\/uploads\/Verhaltenskodex-800x800-1-150x150.jpg 150w, https:\/\/durmat.com\/wp-content\/uploads\/Verhaltenskodex-800x800-1-768x768.jpg 768w\" sizes=\"(max-width: 800px) 100vw, 800px\" title=\"Photo pour\">\t\t\t\t\t\t\t\t\t\t\t\t\t\t\t<\/div>\n\t\t\t\t<\/div>\n\t\t\t\t<div class=\"elementor-element elementor-element-f40f3c4 elementor-align-justify elementor-widget elementor-widget-button\" data-id=\"f40f3c4\" data-element_type=\"widget\" data-e-type=\"widget\" data-widget_type=\"button.default\">\n\t\t\t\t<div class=\"elementor-widget-container\">\n\t\t\t\t\t\t\t\t\t<div class=\"elementor-button-wrapper\">\n\t\t\t\t\t<a class=\"elementor-button elementor-button-link elementor-size-md\" href=\"mailto:info@durum.de\">\n\t\t\t\t\t\t<span class=\"elementor-button-content-wrapper\">\n\t\t\t\t\t\t<span class=\"elementor-button-icon\">\n\t\t\t\t<i aria-hidden=\"true\" class=\"fas fa-paper-plane\"><\/i>\t\t\t<\/span>\n\t\t\t\t\t\t\t\t\t<span class=\"elementor-button-text\">Demander maintenant par e-mail<\/span>\n\t\t\t\t\t<\/span>\n\t\t\t\t\t<\/a>\n\t\t\t\t<\/div>\n\t\t\t\t\t\t\t\t<\/div>\n\t\t\t\t<\/div>\n\t\t<div class=\"elementor-element elementor-element-faeb795 e-flex e-con-boxed e-con e-parent\" data-id=\"faeb795\" data-element_type=\"container\" data-e-type=\"container\" data-settings=\"{&quot;background_background&quot;:&quot;classic&quot;,&quot;jet_parallax_layout_list&quot;:[]}\">\n\t\t\t\t\t<div class=\"e-con-inner\">\n\t\t\t\t<div class=\"elementor-element elementor-element-6ac6fd4 elementor-widget elementor-widget-heading\" data-id=\"6ac6fd4\" data-element_type=\"widget\" data-e-type=\"widget\" data-widget_type=\"heading.default\">\n\t\t\t\t<div class=\"elementor-widget-container\">\n\t\t\t\t\t<div class=\"elementor-heading-title elementor-size-default\">D\u00c9CLARATION SUR LES MAT\u00c9RIAUX DE CONFLIT<br>(EU 2017\/821 ET DODD-FRANK ACT)<\/div>\t\t\t\t<\/div>\n\t\t\t\t<\/div>\n\t\t\t\t<div class=\"elementor-element elementor-element-7874862 elementor-align-justify elementor-widget elementor-widget-button\" data-id=\"7874862\" data-element_type=\"widget\" data-e-type=\"widget\" data-widget_type=\"button.default\">\n\t\t\t\t<div class=\"elementor-widget-container\">\n\t\t\t\t\t\t\t\t\t<div class=\"elementor-button-wrapper\">\n\t\t\t\t\t<a class=\"elementor-button elementor-button-link elementor-size-md\" href=\"https:\/\/durmat.com\/wp-content\/uploads\/konfliktmaterialien-de.pdf\" target=\"_blank\">\n\t\t\t\t\t\t<span class=\"elementor-button-content-wrapper\">\n\t\t\t\t\t\t<span class=\"elementor-button-icon\">\n\t\t\t\t<i aria-hidden=\"true\" class=\"fas fa-file-download\"><\/i>\t\t\t<\/span>\n\t\t\t\t\t\t\t\t\t<span class=\"elementor-button-text\">FR<\/span>\n\t\t\t\t\t<\/span>\n\t\t\t\t\t<\/a>\n\t\t\t\t<\/div>\n\t\t\t\t\t\t\t\t<\/div>\n\t\t\t\t<\/div>\n\t\t\t\t<div class=\"elementor-element elementor-element-ea12e3d elementor-align-justify elementor-widget elementor-widget-button\" data-id=\"ea12e3d\" data-element_type=\"widget\" data-e-type=\"widget\" data-widget_type=\"button.default\">\n\t\t\t\t<div class=\"elementor-widget-container\">\n\t\t\t\t\t\t\t\t\t<div class=\"elementor-button-wrapper\">\n\t\t\t\t\t<a class=\"elementor-button elementor-button-link elementor-size-md\" href=\"https:\/\/durmat.com\/wp-content\/uploads\/Conflict-Minerals-Declaration.pdf\" target=\"_blank\">\n\t\t\t\t\t\t<span class=\"elementor-button-content-wrapper\">\n\t\t\t\t\t\t<span class=\"elementor-button-icon\">\n\t\t\t\t<i aria-hidden=\"true\" class=\"fas fa-file-download\"><\/i>\t\t\t<\/span>\n\t\t\t\t\t\t\t\t\t<span class=\"elementor-button-text\">EN<\/span>\n\t\t\t\t\t<\/span>\n\t\t\t\t\t<\/a>\n\t\t\t\t<\/div>\n\t\t\t\t\t\t\t\t<\/div>\n\t\t\t\t<\/div>\n\t\t\t\t\t<\/div>\n\t\t\t\t<\/div>\n\t\t\t\t\t<\/div>\n\t\t<\/div>\n\t\t\t\t\t<\/div>\n\t\t<\/section>\n\t\t\t\t\t<\/div>\n\t\t<\/div>\n\t\t\t\t\t<\/div>\n\t\t<\/section>\n\t\t\t\t<section class=\"elementor-section elementor-top-section elementor-element elementor-element-6012552 elementor-section-boxed elementor-section-height-default elementor-section-height-default\" data-id=\"6012552\" data-element_type=\"section\" data-e-type=\"section\" data-settings=\"{&quot;jet_parallax_layout_list&quot;:[]}\">\n\t\t\t\t\t\t<div class=\"elementor-container elementor-column-gap-default\">\n\t\t\t\t\t<div class=\"elementor-column elementor-col-100 elementor-top-column elementor-element elementor-element-eb012e5\" data-id=\"eb012e5\" data-element_type=\"column\" data-e-type=\"column\">\n\t\t\t<div class=\"elementor-widget-wrap elementor-element-populated\">\n\t\t\t\t\t\t<div class=\"elementor-element elementor-element-847dfc1 elementor-widget elementor-widget-spacer\" data-id=\"847dfc1\" data-element_type=\"widget\" data-e-type=\"widget\" data-widget_type=\"spacer.default\">\n\t\t\t\t<div class=\"elementor-widget-container\">\n\t\t\t\t\t\t\t<div class=\"elementor-spacer\">\n\t\t\t<div class=\"elementor-spacer-inner\"><\/div>\n\t\t<\/div>\n\t\t\t\t\t\t<\/div>\n\t\t\t\t<\/div>\n\t\t\t\t\t<\/div>\n\t\t<\/div>\n\t\t\t\t\t<\/div>\n\t\t<\/section>\n\t\t\t\t<\/div>","protected":false},"excerpt":{"rendered":"<p>DURUM Verschlei\u00dfschutz GmbH Vorwort der Gesch\u00e4ftsf\u00fchrung Sehr geehrte Damen und Herren, liebe Mitarbeiterinnen und Mitarbeiter, viele Faktoren tragen zu unserem Erfolg bei. Zu ihnen geh\u00f6ren die Bandbreite und Qualit\u00e4t unserer Produkte und Serviceleistungen wie ebenso unser Anspruch ein in jeder Hinsicht vorbildliches Unternehmen zu sein. Andere Faktoren \u2013 die schwieriger zu messen, aber nicht minder [&hellip;]<\/p>\n","protected":false},"author":1,"featured_media":6854,"parent":706,"menu_order":0,"comment_status":"closed","ping_status":"closed","template":"","meta":{"footnotes":""},"class_list":["post-1261","page","type-page","status-publish","has-post-thumbnail","hentry"],"_links":{"self":[{"href":"https:\/\/durmat.com\/fr\/wp-json\/wp\/v2\/pages\/1261","targetHints":{"allow":["GET"]}}],"collection":[{"href":"https:\/\/durmat.com\/fr\/wp-json\/wp\/v2\/pages"}],"about":[{"href":"https:\/\/durmat.com\/fr\/wp-json\/wp\/v2\/types\/page"}],"author":[{"embeddable":true,"href":"https:\/\/durmat.com\/fr\/wp-json\/wp\/v2\/users\/1"}],"replies":[{"embeddable":true,"href":"https:\/\/durmat.com\/fr\/wp-json\/wp\/v2\/comments?post=1261"}],"version-history":[{"count":56,"href":"https:\/\/durmat.com\/fr\/wp-json\/wp\/v2\/pages\/1261\/revisions"}],"predecessor-version":[{"id":205560,"href":"https:\/\/durmat.com\/fr\/wp-json\/wp\/v2\/pages\/1261\/revisions\/205560"}],"up":[{"embeddable":true,"href":"https:\/\/durmat.com\/fr\/wp-json\/wp\/v2\/pages\/706"}],"wp:featuredmedia":[{"embeddable":true,"href":"https:\/\/durmat.com\/fr\/wp-json\/wp\/v2\/media\/6854"}],"wp:attachment":[{"href":"https:\/\/durmat.com\/fr\/wp-json\/wp\/v2\/media?parent=1261"}],"curies":[{"name":"wp","href":"https:\/\/api.w.org\/{rel}","templated":true}]}}