{"id":1263,"date":"2022-06-03T10:09:26","date_gmt":"2022-06-03T08:09:26","guid":{"rendered":"https:\/\/durmat.com\/?page_id=1263"},"modified":"2025-12-16T09:19:15","modified_gmt":"2025-12-16T08:19:15","slug":"nachhaltigkeit","status":"publish","type":"page","link":"https:\/\/durmat.com\/fr\/societe\/developpement-durable\/","title":{"rendered":"Durabilit\u00e9"},"content":{"rendered":"<div data-elementor-type=\"wp-page\" data-elementor-id=\"1263\" class=\"elementor elementor-1263\" data-elementor-post-type=\"page\">\n\t\t\t\t\t\t<section class=\"elementor-section elementor-top-section elementor-element elementor-element-d27a7fe elementor-section-full_width elementor-section-height-default elementor-section-height-default\" data-id=\"d27a7fe\" data-element_type=\"section\" data-e-type=\"section\" data-settings=\"{&quot;jet_parallax_layout_list&quot;:[]}\">\n\t\t\t\t\t\t<div class=\"elementor-container elementor-column-gap-default\">\n\t\t\t\t\t<div class=\"elementor-column elementor-col-100 elementor-top-column elementor-element elementor-element-55a6220\" data-id=\"55a6220\" data-element_type=\"column\" data-e-type=\"column\">\n\t\t\t<div class=\"elementor-widget-wrap elementor-element-populated\">\n\t\t\t\t\t\t<div class=\"elementor-element elementor-element-7291d3e elementor-widget elementor-widget-heading\" data-id=\"7291d3e\" data-element_type=\"widget\" data-e-type=\"widget\" data-widget_type=\"heading.default\">\n\t\t\t\t<div class=\"elementor-widget-container\">\n\t\t\t\t\t<h2 class=\"elementor-heading-title elementor-size-default\">Nous agissons de mani\u00e8re durable<\/h2>\t\t\t\t<\/div>\n\t\t\t\t<\/div>\n\t\t\t\t<section class=\"elementor-section elementor-inner-section elementor-element elementor-element-b200fb2 elementor-section-full_width elementor-section-height-default elementor-section-height-default\" data-id=\"b200fb2\" data-element_type=\"section\" data-e-type=\"section\" data-settings=\"{&quot;jet_parallax_layout_list&quot;:[]}\">\n\t\t\t\t\t\t<div class=\"elementor-container elementor-column-gap-default\">\n\t\t\t\t\t<div class=\"elementor-column elementor-col-50 elementor-inner-column elementor-element elementor-element-e7f9aa4\" data-id=\"e7f9aa4\" data-element_type=\"column\" data-e-type=\"column\">\n\t\t\t<div class=\"elementor-widget-wrap elementor-element-populated\">\n\t\t\t\t\t\t<div class=\"elementor-element elementor-element-cebf1d3 elementor-widget elementor-widget-heading\" data-id=\"cebf1d3\" data-element_type=\"widget\" data-e-type=\"widget\" data-widget_type=\"heading.default\">\n\t\t\t\t<div class=\"elementor-widget-container\">\n\t\t\t\t\t<h3 class=\"elementor-heading-title elementor-size-default\">Ensemble pour une meilleure protection du climat<\/h3>\t\t\t\t<\/div>\n\t\t\t\t<\/div>\n\t\t\t\t<div class=\"elementor-element elementor-element-24a0fe1 elementor-widget elementor-widget-text-editor\" data-id=\"24a0fe1\" data-element_type=\"widget\" data-e-type=\"widget\" data-widget_type=\"text-editor.default\">\n\t\t\t\t<div class=\"elementor-widget-container\">\n\t\t\t\t\t\t\t\t\t<p>Chez DURUM, nous savons que nos actions ont un impact sur l'environnement. C'est pourquoi nous assumons <strong>Responsabilit\u00e9<\/strong> et contribuent \u00e0 une <strong>un avenir plus vert<\/strong>.<\/p><p>Nous nous engageons pour plus de durabilit\u00e9 \u00e0 travers de nombreuses mesures : une <strong>Installation photovolta\u00efque<\/strong> sur le toit de notre site de Willich produit de l'\u00e9lectricit\u00e9 solaire propre. Nous avons r\u00e9duit notre parc automobile au maximum. <strong>V\u00e9hicules \u00e9lectriques<\/strong> de l'ann\u00e9e derni\u00e8re. De plus, nous avons install\u00e9 devant notre <strong>Biotope<\/strong> Le site a \u00e9t\u00e9 am\u00e9nag\u00e9 dans le cadre d'un projet de construction d'un parc naturel qui offre un nouvel habitat \u00e0 la faune et \u00e0 la flore.\u00a0 \u00a0<\/p>\t\t\t\t\t\t\t\t<\/div>\n\t\t\t\t<\/div>\n\t\t\t\t<div class=\"elementor-element elementor-element-2341274 elementor-widget elementor-widget-menu-anchor\" data-id=\"2341274\" data-element_type=\"widget\" data-e-type=\"widget\" data-widget_type=\"menu-anchor.default\">\n\t\t\t\t<div class=\"elementor-widget-container\">\n\t\t\t\t\t\t\t<div class=\"elementor-menu-anchor\" id=\"oekoprofit\"><\/div>\n\t\t\t\t\t\t<\/div>\n\t\t\t\t<\/div>\n\t\t\t\t\t<\/div>\n\t\t<\/div>\n\t\t\t\t<div class=\"elementor-column elementor-col-50 elementor-inner-column elementor-element elementor-element-d816f86\" data-id=\"d816f86\" data-element_type=\"column\" data-e-type=\"column\">\n\t\t\t<div class=\"elementor-widget-wrap elementor-element-populated\">\n\t\t\t\t\t\t<div class=\"elementor-element elementor-element-f111901 elementor-arrows-position-inside elementor-pagination-position-outside elementor-widget elementor-widget-image-carousel\" data-id=\"f111901\" data-element_type=\"widget\" data-e-type=\"widget\" data-settings=\"{&quot;slides_to_show&quot;:&quot;1&quot;,&quot;lazyload&quot;:&quot;yes&quot;,&quot;navigation&quot;:&quot;both&quot;,&quot;autoplay&quot;:&quot;yes&quot;,&quot;pause_on_hover&quot;:&quot;yes&quot;,&quot;pause_on_interaction&quot;:&quot;yes&quot;,&quot;autoplay_speed&quot;:5000,&quot;infinite&quot;:&quot;yes&quot;,&quot;effect&quot;:&quot;slide&quot;,&quot;speed&quot;:500}\" data-widget_type=\"image-carousel.default\">\n\t\t\t\t<div class=\"elementor-widget-container\">\n\t\t\t\t\t\t\t<div class=\"elementor-image-carousel-wrapper swiper\" role=\"region\" aria-roledescription=\"carousel\" aria-label=\"Image Carrousel\" dir=\"ltr\">\n\t\t\t<div class=\"elementor-image-carousel swiper-wrapper swiper-image-stretch\" aria-live=\"off\">\n\t\t\t\t\t\t\t\t<div class=\"swiper-slide\" role=\"group\" aria-roledescription=\"slide\" aria-label=\"1 de 5\"><figure class=\"swiper-slide-inner\"><img class=\"swiper-slide-image swiper-lazy\" data-src=\"https:\/\/durmat.com\/wp-content\/uploads\/durum_photovoltaik_3.jpg\" alt=\"Durum photovolta\u00efque\" \/><div class=\"swiper-lazy-preloader\"><\/div><\/figure><\/div><div class=\"swiper-slide\" role=\"group\" aria-roledescription=\"slide\" aria-label=\"2 sur 5\"><figure class=\"swiper-slide-inner\"><img class=\"swiper-slide-image swiper-lazy\" data-src=\"https:\/\/durmat.com\/wp-content\/uploads\/durum_e-saeule_7.jpg\" alt=\"Durum E-colonne\" \/><div class=\"swiper-lazy-preloader\"><\/div><\/figure><\/div><div class=\"swiper-slide\" role=\"group\" aria-roledescription=\"slide\" aria-label=\"3 sur 5\"><figure class=\"swiper-slide-inner\"><img class=\"swiper-slide-image swiper-lazy\" data-src=\"https:\/\/durmat.com\/wp-content\/uploads\/durum_nachhaltigkeit-teich.jpg\" alt=\"Durum Durabilit\u00e9 - \u00c9tang\" \/><div class=\"swiper-lazy-preloader\"><\/div><\/figure><\/div><div class=\"swiper-slide\" role=\"group\" aria-roledescription=\"slide\" aria-label=\"4 sur 5\"><figure class=\"swiper-slide-inner\"><img class=\"swiper-slide-image swiper-lazy\" data-src=\"https:\/\/durmat.com\/wp-content\/uploads\/durum_nachhaltigkeit-teich-fische.jpg\" alt=\"Durum Durabilit\u00e9 - \u00c9tang\" \/><div class=\"swiper-lazy-preloader\"><\/div><\/figure><\/div><div class=\"swiper-slide\" role=\"group\" aria-roledescription=\"slide\" aria-label=\"5 sur 5\"><figure class=\"swiper-slide-inner\"><img class=\"swiper-slide-image swiper-lazy\" data-src=\"https:\/\/durmat.com\/wp-content\/uploads\/durum_nachhaltigkeit-kroki.jpg\" alt=\"Crocus de Durum\" \/><div class=\"swiper-lazy-preloader\"><\/div><\/figure><\/div>\t\t\t<\/div>\n\t\t\t\t\t\t\t\t\t\t\t\t<div class=\"elementor-swiper-button elementor-swiper-button-prev\" role=\"button\" tabindex=\"0\">\n\t\t\t\t\t\t<i aria-hidden=\"true\" class=\"eicon-chevron-left\"><\/i>\t\t\t\t\t<\/div>\n\t\t\t\t\t<div class=\"elementor-swiper-button elementor-swiper-button-next\" role=\"button\" tabindex=\"0\">\n\t\t\t\t\t\t<i aria-hidden=\"true\" class=\"eicon-chevron-right\"><\/i>\t\t\t\t\t<\/div>\n\t\t\t\t\n\t\t\t\t\t\t\t\t\t<div class=\"swiper-pagination\"><\/div>\n\t\t\t\t\t\t\t\t\t<\/div>\n\t\t\t\t\t\t<\/div>\n\t\t\t\t<\/div>\n\t\t\t\t\t<\/div>\n\t\t<\/div>\n\t\t\t\t\t<\/div>\n\t\t<\/section>\n\t\t\t\t\t<\/div>\n\t\t<\/div>\n\t\t\t\t\t<\/div>\n\t\t<\/section>\n\t\t<div class=\"elementor-element elementor-element-3c9aef0 e-con-full e-flex e-con e-parent\" data-id=\"3c9aef0\" data-element_type=\"container\" data-e-type=\"container\" id=\"oekoprofit\" data-settings=\"{&quot;jet_parallax_layout_list&quot;:[]}\">\n\t\t\t\t<div class=\"elementor-element elementor-element-d1d45d3 elementor-widget elementor-widget-heading\" data-id=\"d1d45d3\" data-element_type=\"widget\" data-e-type=\"widget\" data-widget_type=\"heading.default\">\n\t\t\t\t<div class=\"elementor-widget-container\">\n\t\t\t\t\t<h2 class=\"elementor-heading-title elementor-size-default\">Conclusion r\u00e9ussie du programme \u00d6KOPROFIT\u00ae \u00e0 Krefeld<\/h2>\t\t\t\t<\/div>\n\t\t\t\t<\/div>\n\t\t\t\t<div class=\"elementor-element elementor-element-31e0bde elementor-widget elementor-widget-heading\" data-id=\"31e0bde\" data-element_type=\"widget\" data-e-type=\"widget\" data-widget_type=\"heading.default\">\n\t\t\t\t<div class=\"elementor-widget-container\">\n\t\t\t\t\t<h3 class=\"elementor-heading-title elementor-size-default\">Nous avons \u00e9t\u00e9 r\u00e9compens\u00e9s !<\/h3>\t\t\t\t<\/div>\n\t\t\t\t<\/div>\n\t\t<div class=\"elementor-element elementor-element-267eaa3 e-con-full e-flex e-con e-child\" data-id=\"267eaa3\" data-element_type=\"container\" data-e-type=\"container\" data-settings=\"{&quot;jet_parallax_layout_list&quot;:[]}\">\n\t\t\t\t<div class=\"elementor-element elementor-element-22e1fee elementor-widget__width-auto elementor-widget elementor-widget-text-editor\" data-id=\"22e1fee\" data-element_type=\"widget\" data-e-type=\"widget\" data-widget_type=\"text-editor.default\">\n\t\t\t\t<div class=\"elementor-widget-container\">\n\t\t\t\t\t\t\t\t\t<p>La r\u00e9ussite du projet <b>\u00d6KOPROFIT\u00ae Krefeld<\/b> est une nouvelle \u00e9tape dans notre d\u00e9marche vers une gestion responsable et tourn\u00e9e vers l'avenir. Au <b>01.12.2025<\/b> nous avons \u00e9t\u00e9 <b>Salle historique du conseil municipal de la mairie de Krefeld <\/b>officiellement avec la\u00a0<a href=\"https:\/\/www.krefeld.de\/de\/inhalt\/praemierung-fuer-nachhaltiges-wirtschaften\/\" target=\"_blank\" rel=\"nofollow noopener\">Distinction \u00d6KOPROFIT\u00ae<\/a>.<\/p><p>En collaboration avec la <strong>Ville de Krefeld, ENVIROpro <\/strong>et <strong>uncinq<\/strong> Dans le cadre de ce projet, nous avons pu mettre en \u0153uvre des mesures cibl\u00e9es visant \u00e0 pr\u00e9server les ressources, \u00e0 am\u00e9liorer l'efficacit\u00e9 \u00e9nerg\u00e9tique et \u00e0 r\u00e9duire l'impact environnemental. Cette distinction confirme qu'il est possible de concilier avec succ\u00e8s action \u00e9cologique et avantage \u00e9conomique.<\/p><p>En tant que <b>Entreprise certifi\u00e9e \u00d6KOPROFIT\u00ae 2025<\/b> Nous poursuivons r\u00e9solument dans cette voie, avec pour objectif de renforcer notre comp\u00e9titivit\u00e9, d'assumer nos responsabilit\u00e9s envers l'environnement et la soci\u00e9t\u00e9 et de participer activement au d\u00e9veloppement durable de la r\u00e9gion.<\/p><p>\u00a0<\/p><p><img fetchpriority=\"high\" decoding=\"async\" class=\"alignnone wp-image-205760 size-full\" src=\"https:\/\/durmat.com\/wp-content\/uploads\/Logo_Stadt-Krefeld-2025_RGB-500px.png\" alt=\"Photo pour\" width=\"500\" height=\"185\" title=\"Photo pour\" srcset=\"https:\/\/durmat.com\/wp-content\/uploads\/Logo_Stadt-Krefeld-2025_RGB-500px.png 500w, https:\/\/durmat.com\/wp-content\/uploads\/Logo_Stadt-Krefeld-2025_RGB-500px-300x111.png 300w, https:\/\/durmat.com\/wp-content\/uploads\/Logo_Stadt-Krefeld-2025_RGB-500px-18x7.png 18w\" sizes=\"(max-width: 500px) 100vw, 500px\" \/><\/p>\t\t\t\t\t\t\t\t<\/div>\n\t\t\t\t<\/div>\n\t\t\t\t<div class=\"elementor-element elementor-element-7552eb1 elementor-widget__width-initial elementor-widget elementor-widget-image\" data-id=\"7552eb1\" data-element_type=\"widget\" data-e-type=\"widget\" data-widget_type=\"image.default\">\n\t\t\t\t<div class=\"elementor-widget-container\">\n\t\t\t\t\t\t\t\t\t\t\t\t\t\t\t<img decoding=\"async\" width=\"753\" height=\"1024\" src=\"https:\/\/durmat.com\/wp-content\/uploads\/durum-oekoprofit-award-rahmen-753x1024.jpg\" class=\"attachment-large size-large wp-image-205758\" alt=\"Photo pour\" srcset=\"https:\/\/durmat.com\/wp-content\/uploads\/durum-oekoprofit-award-rahmen-753x1024.jpg 753w, https:\/\/durmat.com\/wp-content\/uploads\/durum-oekoprofit-award-rahmen-221x300.jpg 221w, https:\/\/durmat.com\/wp-content\/uploads\/durum-oekoprofit-award-rahmen-768x1044.jpg 768w, https:\/\/durmat.com\/wp-content\/uploads\/durum-oekoprofit-award-rahmen-1130x1536.jpg 1130w, https:\/\/durmat.com\/wp-content\/uploads\/durum-oekoprofit-award-rahmen-9x12.jpg 9w, https:\/\/durmat.com\/wp-content\/uploads\/durum-oekoprofit-award-rahmen.jpg 1412w\" sizes=\"(max-width: 753px) 100vw, 753px\" title=\"Photo pour\">\t\t\t\t\t\t\t\t\t\t\t\t\t\t\t<\/div>\n\t\t\t\t<\/div>\n\t\t\t\t<\/div>\n\t\t\t\t<\/div>\n\t\t\t\t<section class=\"elementor-section elementor-top-section elementor-element elementor-element-7aac40e elementor-section-full_width elementor-section-height-default elementor-section-height-default\" data-id=\"7aac40e\" data-element_type=\"section\" data-e-type=\"section\" data-settings=\"{&quot;jet_parallax_layout_list&quot;:[]}\">\n\t\t\t\t\t\t<div class=\"elementor-container elementor-column-gap-default\">\n\t\t\t\t\t<div class=\"elementor-column elementor-col-100 elementor-top-column elementor-element elementor-element-f777535\" data-id=\"f777535\" data-element_type=\"column\" data-e-type=\"column\">\n\t\t\t<div class=\"elementor-widget-wrap elementor-element-populated\">\n\t\t\t\t\t\t<section class=\"elementor-section elementor-inner-section elementor-element elementor-element-259b865 elementor-section-full_width elementor-section-height-default elementor-section-height-default\" data-id=\"259b865\" data-element_type=\"section\" data-e-type=\"section\" data-settings=\"{&quot;jet_parallax_layout_list&quot;:[]}\">\n\t\t\t\t\t\t<div class=\"elementor-container elementor-column-gap-default\">\n\t\t\t\t\t<div class=\"elementor-column elementor-col-50 elementor-inner-column elementor-element elementor-element-f9ce2ff\" data-id=\"f9ce2ff\" data-element_type=\"column\" data-e-type=\"column\">\n\t\t\t<div class=\"elementor-widget-wrap elementor-element-populated\">\n\t\t\t\t\t\t<div class=\"elementor-element elementor-element-f686804 elementor-widget elementor-widget-heading\" data-id=\"f686804\" data-element_type=\"widget\" data-e-type=\"widget\" data-widget_type=\"heading.default\">\n\t\t\t\t<div class=\"elementor-widget-container\">\n\t\t\t\t\t<h2 class=\"elementor-heading-title elementor-size-default\">Aides europ\u00e9ennes et nationales dans le cadre de la prime \u00e0 l'innovation<\/h2>\t\t\t\t<\/div>\n\t\t\t\t<\/div>\n\t\t\t\t<div class=\"elementor-element elementor-element-43bdaa2 elementor-widget elementor-widget-text-editor\" data-id=\"43bdaa2\" data-element_type=\"widget\" data-e-type=\"widget\" data-widget_type=\"text-editor.default\">\n\t\t\t\t<div class=\"elementor-widget-container\">\n\t\t\t\t\t\t\t\t\t<p>L'Union europ\u00e9enne, en collaboration avec le minist\u00e8re f\u00e9d\u00e9ral de l'\u00c9conomie et de la Protection du climat, soutient, par le biais de la facilit\u00e9 europ\u00e9enne pour la construction et la r\u00e9silience (ARF), la mesure de prime \u00e0 l'innovation (part f\u00e9d\u00e9rale doubl\u00e9e de la directive visant \u00e0 promouvoir les ventes de v\u00e9hicules \u00e9lectriques en Allemagne).<\/p>\t\t\t\t\t\t\t\t<\/div>\n\t\t\t\t<\/div>\n\t\t\t\t<div class=\"elementor-element elementor-element-160da3e elementor-widget elementor-widget-image\" data-id=\"160da3e\" data-element_type=\"widget\" data-e-type=\"widget\" data-widget_type=\"image.default\">\n\t\t\t\t<div class=\"elementor-widget-container\">\n\t\t\t\t\t\t\t\t\t\t\t\t\t\t\t<img decoding=\"async\" width=\"800\" height=\"246\" src=\"https:\/\/durmat.com\/wp-content\/uploads\/bmwi-logo-eu.png\" class=\"attachment-large size-large wp-image-205351\" alt=\"Photo pour\" srcset=\"https:\/\/durmat.com\/wp-content\/uploads\/bmwi-logo-eu.png 835w, https:\/\/durmat.com\/wp-content\/uploads\/bmwi-logo-eu-300x92.png 300w, https:\/\/durmat.com\/wp-content\/uploads\/bmwi-logo-eu-768x236.png 768w, https:\/\/durmat.com\/wp-content\/uploads\/bmwi-logo-eu-18x6.png 18w\" sizes=\"(max-width: 800px) 100vw, 800px\" title=\"Photo pour\">\t\t\t\t\t\t\t\t\t\t\t\t\t\t\t<\/div>\n\t\t\t\t<\/div>\n\t\t\t\t\t<\/div>\n\t\t<\/div>\n\t\t\t\t<div class=\"elementor-column elementor-col-50 elementor-inner-column elementor-element elementor-element-13d6092\" data-id=\"13d6092\" data-element_type=\"column\" data-e-type=\"column\" data-settings=\"{&quot;background_background&quot;:&quot;classic&quot;}\">\n\t\t\t<div class=\"elementor-widget-wrap elementor-element-populated\">\n\t\t\t\t\t\t<div class=\"elementor-element elementor-element-eddc157 elementor-widget elementor-widget-heading\" data-id=\"eddc157\" data-element_type=\"widget\" data-e-type=\"widget\" data-widget_type=\"heading.default\">\n\t\t\t\t<div class=\"elementor-widget-container\">\n\t\t\t\t\t<h3 class=\"elementor-heading-title elementor-size-default\">Charg\u00e9 de la mise en \u0153uvre de la mesure de soutien :<\/h3>\t\t\t\t<\/div>\n\t\t\t\t<\/div>\n\t\t\t\t<div class=\"elementor-element elementor-element-4e29c99 elementor-widget__width-initial elementor-widget elementor-widget-image\" data-id=\"4e29c99\" data-element_type=\"widget\" data-e-type=\"widget\" data-widget_type=\"image.default\">\n\t\t\t\t<div class=\"elementor-widget-container\">\n\t\t\t\t\t\t\t\t\t\t\t\t\t\t\t<img loading=\"lazy\" decoding=\"async\" width=\"300\" height=\"160\" src=\"https:\/\/durmat.com\/wp-content\/uploads\/bundesamt-fuer-wirtschaft-und-ausfuhrkontrolle-300x160.png\" class=\"attachment-medium size-medium wp-image-205352\" alt=\"Photo pour\" srcset=\"https:\/\/durmat.com\/wp-content\/uploads\/bundesamt-fuer-wirtschaft-und-ausfuhrkontrolle-300x160.png 300w, https:\/\/durmat.com\/wp-content\/uploads\/bundesamt-fuer-wirtschaft-und-ausfuhrkontrolle-768x409.png 768w, https:\/\/durmat.com\/wp-content\/uploads\/bundesamt-fuer-wirtschaft-und-ausfuhrkontrolle-18x10.png 18w, https:\/\/durmat.com\/wp-content\/uploads\/bundesamt-fuer-wirtschaft-und-ausfuhrkontrolle.png 947w\" sizes=\"(max-width: 300px) 100vw, 300px\" title=\"Photo pour\">\t\t\t\t\t\t\t\t\t\t\t\t\t\t\t<\/div>\n\t\t\t\t<\/div>\n\t\t\t\t\t<\/div>\n\t\t<\/div>\n\t\t\t\t\t<\/div>\n\t\t<\/section>\n\t\t\t\t<div class=\"elementor-element elementor-element-7298fdb elementor-widget elementor-widget-text-editor\" data-id=\"7298fdb\" data-element_type=\"widget\" data-e-type=\"widget\" data-widget_type=\"text-editor.default\">\n\t\t\t\t<div class=\"elementor-widget-container\">\n\t\t\t\t\t\t\t\t\t<p>Pour plus d'informations sur la facilit\u00e9 europ\u00e9enne pour la reprise et la r\u00e9silience et sur le plan allemand pour la reprise et la r\u00e9silience (DARP), veuillez consulter :<br \/><a href=\"https:\/\/commission.europa.eu\/business-economy-euro\/economic-recovery\/recovery-and-resilience-facility_de\" target=\"_blank\" rel=\"noopener\">https:\/\/commission.europa.eu\/business-economy-euro\/economic-recovery\/recovery-and-resilience-facility_de<\/a><br \/><a href=\"https:\/\/www.bundesfinanzministerium.de\/Content\/DE\/Standardartikel\/Themen\/Europa\/DARP\/deutscher-aufbau-und-resilienzplan.html\" target=\"_blank\" rel=\"noopener\">https:\/\/www.bundesfinanzministerium.de\/Content\/DE\/Standardartikel\/Themen\/Europa\/DARP\/deutscher-aufbau-und-resilienzplan.html<\/a><br \/><a href=\"https:\/\/www.bundesfinanzministerium.de\/Content\/DE\/Downloads\/Broschueren_Bestellservice\/deutscher-aufbau-und-resilienzplan-darp.html\" target=\"_blank\" rel=\"noopener\">https:\/\/www.bundesfinanzministerium.de\/Content\/DE\/Downloads\/Broschueren_Bestellservice\/deutscher-aufbau-und-resilienzplan-darp.html<\/a><\/p>\t\t\t\t\t\t\t\t<\/div>\n\t\t\t\t<\/div>\n\t\t\t\t\t<\/div>\n\t\t<\/div>\n\t\t\t\t\t<\/div>\n\t\t<\/section>\n\t\t\t\t<\/div>","protected":false},"excerpt":{"rendered":"<p>Wir handeln nachhaltig Gemeinsam f\u00fcr mehr Klimaschutz Bei DURUM wissen wir, dass unser Handeln Auswirkungen auf die Umwelt hat. Deshalb \u00fcbernehmen wir Verantwortung und leisten einen Beitrag f\u00fcr eine gr\u00fcnere Zukunft. Mit zahlreichen Ma\u00dfnahmen setzen wir uns f\u00fcr mehr Nachhaltigkeit ein:\u00a0Eine Photovoltaik-Anlage auf dem Dach unseres Standortes in Willich erzeugt sauberen Solarstrom. Unseren Fahrzeugbestand haben [&hellip;]<\/p>\n","protected":false},"author":1,"featured_media":6854,"parent":706,"menu_order":0,"comment_status":"closed","ping_status":"closed","template":"","meta":{"footnotes":""},"class_list":["post-1263","page","type-page","status-publish","has-post-thumbnail","hentry"],"_links":{"self":[{"href":"https:\/\/durmat.com\/fr\/wp-json\/wp\/v2\/pages\/1263","targetHints":{"allow":["GET"]}}],"collection":[{"href":"https:\/\/durmat.com\/fr\/wp-json\/wp\/v2\/pages"}],"about":[{"href":"https:\/\/durmat.com\/fr\/wp-json\/wp\/v2\/types\/page"}],"author":[{"embeddable":true,"href":"https:\/\/durmat.com\/fr\/wp-json\/wp\/v2\/users\/1"}],"replies":[{"embeddable":true,"href":"https:\/\/durmat.com\/fr\/wp-json\/wp\/v2\/comments?post=1263"}],"version-history":[{"count":64,"href":"https:\/\/durmat.com\/fr\/wp-json\/wp\/v2\/pages\/1263\/revisions"}],"predecessor-version":[{"id":205785,"href":"https:\/\/durmat.com\/fr\/wp-json\/wp\/v2\/pages\/1263\/revisions\/205785"}],"up":[{"embeddable":true,"href":"https:\/\/durmat.com\/fr\/wp-json\/wp\/v2\/pages\/706"}],"wp:featuredmedia":[{"embeddable":true,"href":"https:\/\/durmat.com\/fr\/wp-json\/wp\/v2\/media\/6854"}],"wp:attachment":[{"href":"https:\/\/durmat.com\/fr\/wp-json\/wp\/v2\/media?parent=1263"}],"curies":[{"name":"wp","href":"https:\/\/api.w.org\/{rel}","templated":true}]}}