{"id":1267,"date":"2022-06-03T10:10:18","date_gmt":"2022-06-03T08:10:18","guid":{"rendered":"https:\/\/durmat.com\/?page_id=1267"},"modified":"2023-06-26T11:40:55","modified_gmt":"2023-06-26T09:40:55","slug":"karriere","status":"publish","type":"page","link":"https:\/\/durmat.com\/fr\/societe\/carriere\/","title":{"rendered":"Carri\u00e8re"},"content":{"rendered":"<div data-elementor-type=\"wp-page\" data-elementor-id=\"1267\" class=\"elementor elementor-1267\" data-elementor-post-type=\"page\">\n\t\t\t\t\t\t<section class=\"elementor-section elementor-top-section elementor-element elementor-element-71b0ef0 elementor-section-full_width elementor-section-height-default elementor-section-height-default\" data-id=\"71b0ef0\" data-element_type=\"section\" data-e-type=\"section\" data-settings=\"{&quot;jet_parallax_layout_list&quot;:[]}\">\n\t\t\t\t\t\t<div class=\"elementor-container elementor-column-gap-default\">\n\t\t\t\t\t<div class=\"elementor-column elementor-col-100 elementor-top-column elementor-element elementor-element-8824613\" data-id=\"8824613\" data-element_type=\"column\" data-e-type=\"column\">\n\t\t\t<div class=\"elementor-widget-wrap elementor-element-populated\">\n\t\t\t\t\t\t<div class=\"elementor-element elementor-element-9ea23ec elementor-widget elementor-widget-heading\" data-id=\"9ea23ec\" data-element_type=\"widget\" data-e-type=\"widget\" data-widget_type=\"heading.default\">\n\t\t\t\t<div class=\"elementor-widget-container\">\n\t\t\t\t\t<h2 class=\"elementor-heading-title elementor-size-default\">D\u00e9marrez avec nous - Carri\u00e8re chez DURUM<\/h2>\t\t\t\t<\/div>\n\t\t\t\t<\/div>\n\t\t\t\t<section class=\"elementor-section elementor-inner-section elementor-element elementor-element-53e3888 elementor-section-full_width elementor-section-height-default elementor-section-height-default\" data-id=\"53e3888\" data-element_type=\"section\" data-e-type=\"section\" data-settings=\"{&quot;jet_parallax_layout_list&quot;:[]}\">\n\t\t\t\t\t\t<div class=\"elementor-container elementor-column-gap-default\">\n\t\t\t\t\t<div class=\"elementor-column elementor-col-50 elementor-inner-column elementor-element elementor-element-2a3e0dc\" data-id=\"2a3e0dc\" data-element_type=\"column\" data-e-type=\"column\">\n\t\t\t<div class=\"elementor-widget-wrap elementor-element-populated\">\n\t\t\t\t\t\t<div class=\"elementor-element elementor-element-ee62d12 elementor-widget elementor-widget-text-editor\" data-id=\"ee62d12\" data-element_type=\"widget\" data-e-type=\"widget\" data-widget_type=\"text-editor.default\">\n\t\t\t\t<div class=\"elementor-widget-container\">\n\t\t\t\t\t\t\t\t\tEn tant que <strong>entreprise familiale<\/strong> nous voulons cro\u00eetre constamment et d\u00e9velopper de nouveaux produits pour continuer \u00e0 r\u00e9pondre aux exigences de nos clients. <strong>des clients nationaux et internationaux<\/strong> de r\u00e9pondre \u00e0 nos besoins. L'engagement et la passion de nos <strong>Employ\u00e9s <\/strong>sont d'une grande importance \u00e0 cet \u00e9gard. Chez DURUM, nous vous proposons un <strong>un lieu de travail s\u00fbr<\/strong> et un <strong>un environnement de travail attrayant<\/strong>Nous vous proposons un environnement de travail dans lequel vous pouvez \u00e9voluer en permanence. <strong>Postulez d\u00e8s maintenant chez DURUM ! N'h\u00e9sitez pas \u00e0 prendre des initiatives !<\/strong>\t\t\t\t\t\t\t\t<\/div>\n\t\t\t\t<\/div>\n\t\t\t\t<div class=\"elementor-element elementor-element-6672739 elementor-widget elementor-widget-heading\" data-id=\"6672739\" data-element_type=\"widget\" data-e-type=\"widget\" data-widget_type=\"heading.default\">\n\t\t\t\t<div class=\"elementor-widget-container\">\n\t\t\t\t\t<h3 class=\"elementor-heading-title elementor-size-default\">Rejoignez notre \u00e9quipe et profitez de nos avantages :<\/h3>\t\t\t\t<\/div>\n\t\t\t\t<\/div>\n\t\t\t\t<div class=\"elementor-element elementor-element-a83a1be elementor-widget elementor-widget-accordion\" data-id=\"a83a1be\" data-element_type=\"widget\" data-e-type=\"widget\" data-widget_type=\"accordion.default\">\n\t\t\t\t<div class=\"elementor-widget-container\">\n\t\t\t\t\t\t\t<div class=\"elementor-accordion\">\n\t\t\t\t\t\t\t<div class=\"elementor-accordion-item\">\n\t\t\t\t\t<div id=\"elementor-tab-title-1761\" class=\"elementor-tab-title\" data-tab=\"1\" role=\"button\" aria-controls=\"elementor-tab-content-1761\" aria-expanded=\"false\">\n\t\t\t\t\t\t\t\t\t\t\t\t\t<span class=\"elementor-accordion-icon elementor-accordion-icon-left\" aria-hidden=\"true\">\n\t\t\t\t\t\t\t\t\t\t\t\t\t\t\t<span class=\"elementor-accordion-icon-closed\"><i class=\"fas fa-plus\"><\/i><\/span>\n\t\t\t\t\t\t\t\t<span class=\"elementor-accordion-icon-opened\"><i class=\"fas fa-minus\"><\/i><\/span>\n\t\t\t\t\t\t\t\t\t\t\t\t\t\t<\/span>\n\t\t\t\t\t\t\t\t\t\t\t\t<a class=\"elementor-accordion-title\" tabindex=\"0\">Cong\u00e9 de 30 jours<\/a>\n\t\t\t\t\t<\/div>\n\t\t\t\t\t<div id=\"elementor-tab-content-1761\" class=\"elementor-tab-content elementor-clearfix\" data-tab=\"1\" role=\"region\" aria-labelledby=\"elementor-tab-title-1761\"><p>Quand on travaille correctement, il faut aussi pouvoir se reposer. C'est pourquoi le droit aux vacances de nos employ\u00e9s permanents va bien au-del\u00e0 de ce que pr\u00e9voit la loi. Comme nous n'avons pas de cong\u00e9s d'entreprise, vous pouvez en grande partie choisir vos propres vacances.<\/p><\/div>\n\t\t\t\t<\/div>\n\t\t\t\t\t\t\t<div class=\"elementor-accordion-item\">\n\t\t\t\t\t<div id=\"elementor-tab-title-1762\" class=\"elementor-tab-title\" data-tab=\"2\" role=\"button\" aria-controls=\"elementor-tab-content-1762\" aria-expanded=\"false\">\n\t\t\t\t\t\t\t\t\t\t\t\t\t<span class=\"elementor-accordion-icon elementor-accordion-icon-left\" aria-hidden=\"true\">\n\t\t\t\t\t\t\t\t\t\t\t\t\t\t\t<span class=\"elementor-accordion-icon-closed\"><i class=\"fas fa-plus\"><\/i><\/span>\n\t\t\t\t\t\t\t\t<span class=\"elementor-accordion-icon-opened\"><i class=\"fas fa-minus\"><\/i><\/span>\n\t\t\t\t\t\t\t\t\t\t\t\t\t\t<\/span>\n\t\t\t\t\t\t\t\t\t\t\t\t<a class=\"elementor-accordion-title\" tabindex=\"0\">Mod\u00e8les de travail flexibles<\/a>\n\t\t\t\t\t<\/div>\n\t\t\t\t\t<div id=\"elementor-tab-content-1762\" class=\"elementor-tab-content elementor-clearfix\" data-tab=\"2\" role=\"region\" aria-labelledby=\"elementor-tab-title-1762\"><p>En fonction de l'engagement de l'entreprise et de vos pr\u00e9f\u00e9rences personnelles, nous pouvons organiser votre temps de travail de mani\u00e8re optimale, adapt\u00e9e \u00e0 votre phase de vie actuelle. Nous proposons diff\u00e9rents mod\u00e8les de temps de travail, du travail en une ou deux \u00e9quipes \u00e0 la semaine de quatre jours.<\/p><\/div>\n\t\t\t\t<\/div>\n\t\t\t\t\t\t\t<div class=\"elementor-accordion-item\">\n\t\t\t\t\t<div id=\"elementor-tab-title-1763\" class=\"elementor-tab-title\" data-tab=\"3\" role=\"button\" aria-controls=\"elementor-tab-content-1763\" aria-expanded=\"false\">\n\t\t\t\t\t\t\t\t\t\t\t\t\t<span class=\"elementor-accordion-icon elementor-accordion-icon-left\" aria-hidden=\"true\">\n\t\t\t\t\t\t\t\t\t\t\t\t\t\t\t<span class=\"elementor-accordion-icon-closed\"><i class=\"fas fa-plus\"><\/i><\/span>\n\t\t\t\t\t\t\t\t<span class=\"elementor-accordion-icon-opened\"><i class=\"fas fa-minus\"><\/i><\/span>\n\t\t\t\t\t\t\t\t\t\t\t\t\t\t<\/span>\n\t\t\t\t\t\t\t\t\t\t\t\t<a class=\"elementor-accordion-title\" tabindex=\"0\">V\u00eatements de travail<\/a>\n\t\t\t\t\t<\/div>\n\t\t\t\t\t<div id=\"elementor-tab-content-1763\" class=\"elementor-tab-content elementor-clearfix\" data-tab=\"3\" role=\"region\" aria-labelledby=\"elementor-tab-title-1763\"><p>Nous vous \u00e9quipons ! Pour que vous vous sentiez \u00e0 l'aise au travail, vous recevez, en tant qu'employ\u00e9 du secteur commercial, un ensemble appropri\u00e9 de v\u00eatements de travail et d'\u00e9quipements de s\u00e9curit\u00e9.<\/p><\/div>\n\t\t\t\t<\/div>\n\t\t\t\t\t\t\t<div class=\"elementor-accordion-item\">\n\t\t\t\t\t<div id=\"elementor-tab-title-1764\" class=\"elementor-tab-title\" data-tab=\"4\" role=\"button\" aria-controls=\"elementor-tab-content-1764\" aria-expanded=\"false\">\n\t\t\t\t\t\t\t\t\t\t\t\t\t<span class=\"elementor-accordion-icon elementor-accordion-icon-left\" aria-hidden=\"true\">\n\t\t\t\t\t\t\t\t\t\t\t\t\t\t\t<span class=\"elementor-accordion-icon-closed\"><i class=\"fas fa-plus\"><\/i><\/span>\n\t\t\t\t\t\t\t\t<span class=\"elementor-accordion-icon-opened\"><i class=\"fas fa-minus\"><\/i><\/span>\n\t\t\t\t\t\t\t\t\t\t\t\t\t\t<\/span>\n\t\t\t\t\t\t\t\t\t\t\t\t<a class=\"elementor-accordion-title\" tabindex=\"0\">Caf\u00e9, th\u00e9 &amp; eau<\/a>\n\t\t\t\t\t<\/div>\n\t\t\t\t\t<div id=\"elementor-tab-content-1764\" class=\"elementor-tab-content elementor-clearfix\" data-tab=\"4\" role=\"region\" aria-labelledby=\"elementor-tab-title-1764\"><p>La sant\u00e9 et la performance sont directement li\u00e9es \u00e0 la consommation d'eau en abondance. Pour que vous n'ayez pas de mal \u00e0 boire pendant vos heures de travail, nous vous fournissons gratuitement de l'eau min\u00e9rale.<\/p><p>Les sp\u00e9cialit\u00e9s de caf\u00e9 que nous offrons gratuitement \u00e0 nos collaborateurs sont un pur plaisir. Que ce soit pendant la pause, avant le travail ou apr\u00e8s le travail. En libre-service 24 heures sur 24.<\/p><\/div>\n\t\t\t\t<\/div>\n\t\t\t\t\t\t\t<div class=\"elementor-accordion-item\">\n\t\t\t\t\t<div id=\"elementor-tab-title-1765\" class=\"elementor-tab-title\" data-tab=\"5\" role=\"button\" aria-controls=\"elementor-tab-content-1765\" aria-expanded=\"false\">\n\t\t\t\t\t\t\t\t\t\t\t\t\t<span class=\"elementor-accordion-icon elementor-accordion-icon-left\" aria-hidden=\"true\">\n\t\t\t\t\t\t\t\t\t\t\t\t\t\t\t<span class=\"elementor-accordion-icon-closed\"><i class=\"fas fa-plus\"><\/i><\/span>\n\t\t\t\t\t\t\t\t<span class=\"elementor-accordion-icon-opened\"><i class=\"fas fa-minus\"><\/i><\/span>\n\t\t\t\t\t\t\t\t\t\t\t\t\t\t<\/span>\n\t\t\t\t\t\t\t\t\t\t\t\t<a class=\"elementor-accordion-title\" tabindex=\"0\">Cadeaux pour les employ\u00e9s<\/a>\n\t\t\t\t\t<\/div>\n\t\t\t\t\t<div id=\"elementor-tab-content-1765\" class=\"elementor-tab-content elementor-clearfix\" data-tab=\"5\" role=\"region\" aria-labelledby=\"elementor-tab-title-1765\"><p>Les petites attentions illuminent le quotidien. C'est pourquoi nous proposons des petits cadeaux et des attentions \u00e0 diff\u00e9rentes occasions. Laissez-vous surprendre, tout simplement !<\/p><\/div>\n\t\t\t\t<\/div>\n\t\t\t\t\t\t\t<div class=\"elementor-accordion-item\">\n\t\t\t\t\t<div id=\"elementor-tab-title-1766\" class=\"elementor-tab-title\" data-tab=\"6\" role=\"button\" aria-controls=\"elementor-tab-content-1766\" aria-expanded=\"false\">\n\t\t\t\t\t\t\t\t\t\t\t\t\t<span class=\"elementor-accordion-icon elementor-accordion-icon-left\" aria-hidden=\"true\">\n\t\t\t\t\t\t\t\t\t\t\t\t\t\t\t<span class=\"elementor-accordion-icon-closed\"><i class=\"fas fa-plus\"><\/i><\/span>\n\t\t\t\t\t\t\t\t<span class=\"elementor-accordion-icon-opened\"><i class=\"fas fa-minus\"><\/i><\/span>\n\t\t\t\t\t\t\t\t\t\t\t\t\t\t<\/span>\n\t\t\t\t\t\t\t\t\t\t\t\t<a class=\"elementor-accordion-title\" tabindex=\"0\">Retraite professionnelle<\/a>\n\t\t\t\t\t<\/div>\n\t\t\t\t\t<div id=\"elementor-tab-content-1766\" class=\"elementor-tab-content elementor-clearfix\" data-tab=\"6\" role=\"region\" aria-labelledby=\"elementor-tab-title-1766\"><p>La s\u00e9curit\u00e9 financi\u00e8re, m\u00eame \u00e0 la retraite. Nous vous offrons la possibilit\u00e9 d'une pr\u00e9voyance future suppl\u00e9mentaire et facultative avec une subvention de l'employeur.<\/p><\/div>\n\t\t\t\t<\/div>\n\t\t\t\t\t\t\t<div class=\"elementor-accordion-item\">\n\t\t\t\t\t<div id=\"elementor-tab-title-1767\" class=\"elementor-tab-title\" data-tab=\"7\" role=\"button\" aria-controls=\"elementor-tab-content-1767\" aria-expanded=\"false\">\n\t\t\t\t\t\t\t\t\t\t\t\t\t<span class=\"elementor-accordion-icon elementor-accordion-icon-left\" aria-hidden=\"true\">\n\t\t\t\t\t\t\t\t\t\t\t\t\t\t\t<span class=\"elementor-accordion-icon-closed\"><i class=\"fas fa-plus\"><\/i><\/span>\n\t\t\t\t\t\t\t\t<span class=\"elementor-accordion-icon-opened\"><i class=\"fas fa-minus\"><\/i><\/span>\n\t\t\t\t\t\t\t\t\t\t\t\t\t\t<\/span>\n\t\t\t\t\t\t\t\t\t\t\t\t<a class=\"elementor-accordion-title\" tabindex=\"0\">Avantage fiscal en nature<\/a>\n\t\t\t\t\t<\/div>\n\t\t\t\t\t<div id=\"elementor-tab-content-1767\" class=\"elementor-tab-content elementor-clearfix\" data-tab=\"7\" role=\"region\" aria-labelledby=\"elementor-tab-title-1767\"><p>Nous vous offrons la possibilit\u00e9 de b\u00e9n\u00e9ficier d'un avantage fiscal en nature.<\/p><\/div>\n\t\t\t\t<\/div>\n\t\t\t\t\t\t\t<div class=\"elementor-accordion-item\">\n\t\t\t\t\t<div id=\"elementor-tab-title-1768\" class=\"elementor-tab-title\" data-tab=\"8\" role=\"button\" aria-controls=\"elementor-tab-content-1768\" aria-expanded=\"false\">\n\t\t\t\t\t\t\t\t\t\t\t\t\t<span class=\"elementor-accordion-icon elementor-accordion-icon-left\" aria-hidden=\"true\">\n\t\t\t\t\t\t\t\t\t\t\t\t\t\t\t<span class=\"elementor-accordion-icon-closed\"><i class=\"fas fa-plus\"><\/i><\/span>\n\t\t\t\t\t\t\t\t<span class=\"elementor-accordion-icon-opened\"><i class=\"fas fa-minus\"><\/i><\/span>\n\t\t\t\t\t\t\t\t\t\t\t\t\t\t<\/span>\n\t\t\t\t\t\t\t\t\t\t\t\t<a class=\"elementor-accordion-title\" tabindex=\"0\">\u00c9v\u00e9nements d'entreprise<\/a>\n\t\t\t\t\t<\/div>\n\t\t\t\t\t<div id=\"elementor-tab-content-1768\" class=\"elementor-tab-content elementor-clearfix\" data-tab=\"8\" role=\"region\" aria-labelledby=\"elementor-tab-title-1768\"><p>Quand on travaille ensemble avec succ\u00e8s, on peut le f\u00eater ! Les \u00e9v\u00e9nements communs tels que la f\u00eate de No\u00ebl, la f\u00eate d'\u00e9t\u00e9 ou les f\u00eates de d\u00e9partement sont autant d'occasions de le faire.<\/p><\/div>\n\t\t\t\t<\/div>\n\t\t\t\t\t\t\t\t<\/div>\n\t\t\t\t\t\t<\/div>\n\t\t\t\t<\/div>\n\t\t\t\t\t<\/div>\n\t\t<\/div>\n\t\t\t\t<div class=\"elementor-column elementor-col-50 elementor-inner-column elementor-element elementor-element-fe4a810\" data-id=\"fe4a810\" data-element_type=\"column\" data-e-type=\"column\">\n\t\t\t<div class=\"elementor-widget-wrap elementor-element-populated\">\n\t\t\t\t\t\t<div class=\"elementor-element elementor-element-936e4bd elementor-arrows-position-inside elementor-pagination-position-outside elementor-widget elementor-widget-image-carousel\" data-id=\"936e4bd\" data-element_type=\"widget\" data-e-type=\"widget\" data-settings=\"{&quot;slides_to_show&quot;:&quot;1&quot;,&quot;lazyload&quot;:&quot;yes&quot;,&quot;navigation&quot;:&quot;both&quot;,&quot;autoplay&quot;:&quot;yes&quot;,&quot;pause_on_hover&quot;:&quot;yes&quot;,&quot;pause_on_interaction&quot;:&quot;yes&quot;,&quot;autoplay_speed&quot;:5000,&quot;infinite&quot;:&quot;yes&quot;,&quot;effect&quot;:&quot;slide&quot;,&quot;speed&quot;:500}\" data-widget_type=\"image-carousel.default\">\n\t\t\t\t<div class=\"elementor-widget-container\">\n\t\t\t\t\t\t\t<div class=\"elementor-image-carousel-wrapper swiper\" role=\"region\" aria-roledescription=\"carousel\" aria-label=\"Image Carrousel\" dir=\"ltr\">\n\t\t\t<div class=\"elementor-image-carousel swiper-wrapper swiper-image-stretch\" aria-live=\"off\">\n\t\t\t\t\t\t\t\t<div class=\"swiper-slide\" role=\"group\" aria-roledescription=\"slide\" aria-label=\"1 de 3\"><figure class=\"swiper-slide-inner\"><img class=\"swiper-slide-image swiper-lazy\" data-src=\"https:\/\/durmat.com\/wp-content\/uploads\/durum-verschleissschutz_ueberuns-startseite-01.jpg\" alt=\"\" \/><div class=\"swiper-lazy-preloader\"><\/div><\/figure><\/div><div class=\"swiper-slide\" role=\"group\" aria-roledescription=\"slide\" aria-label=\"2 sur 3\"><figure class=\"swiper-slide-inner\"><img class=\"swiper-slide-image swiper-lazy\" data-src=\"https:\/\/durmat.com\/wp-content\/uploads\/durum_15.jpg\" alt=\"\" \/><div class=\"swiper-lazy-preloader\"><\/div><\/figure><\/div><div class=\"swiper-slide\" role=\"group\" aria-roledescription=\"slide\" aria-label=\"3 sur 3\"><figure class=\"swiper-slide-inner\"><img class=\"swiper-slide-image swiper-lazy\" data-src=\"https:\/\/durmat.com\/wp-content\/uploads\/durum-verschleissschutz_fuelldraehte.jpg\" alt=\"\" \/><div class=\"swiper-lazy-preloader\"><\/div><\/figure><\/div>\t\t\t<\/div>\n\t\t\t\t\t\t\t\t\t\t\t\t<div class=\"elementor-swiper-button elementor-swiper-button-prev\" role=\"button\" tabindex=\"0\">\n\t\t\t\t\t\t<i aria-hidden=\"true\" class=\"eicon-chevron-left\"><\/i>\t\t\t\t\t<\/div>\n\t\t\t\t\t<div class=\"elementor-swiper-button elementor-swiper-button-next\" role=\"button\" tabindex=\"0\">\n\t\t\t\t\t\t<i aria-hidden=\"true\" class=\"eicon-chevron-right\"><\/i>\t\t\t\t\t<\/div>\n\t\t\t\t\n\t\t\t\t\t\t\t\t\t<div class=\"swiper-pagination\"><\/div>\n\t\t\t\t\t\t\t\t\t<\/div>\n\t\t\t\t\t\t<\/div>\n\t\t\t\t<\/div>\n\t\t\t\t\t<\/div>\n\t\t<\/div>\n\t\t\t\t\t<\/div>\n\t\t<\/section>\n\t\t\t\t<section class=\"elementor-section elementor-inner-section elementor-element elementor-element-451d0ee elementor-section-full_width elementor-section-height-default elementor-section-height-default\" data-id=\"451d0ee\" data-element_type=\"section\" data-e-type=\"section\" data-settings=\"{&quot;jet_parallax_layout_list&quot;:[]}\">\n\t\t\t\t\t\t<div class=\"elementor-container elementor-column-gap-default\">\n\t\t\t\t\t<div class=\"elementor-column elementor-col-100 elementor-inner-column elementor-element elementor-element-16dbd59\" data-id=\"16dbd59\" data-element_type=\"column\" data-e-type=\"column\">\n\t\t\t<div class=\"elementor-widget-wrap elementor-element-populated\">\n\t\t\t\t\t\t<div class=\"elementor-element elementor-element-5ad947a elementor-widget elementor-widget-heading\" data-id=\"5ad947a\" data-element_type=\"widget\" data-e-type=\"widget\" data-widget_type=\"heading.default\">\n\t\t\t\t<div class=\"elementor-widget-container\">\n\t\t\t\t\t<h3 class=\"elementor-heading-title elementor-size-default\">Postulez d\u00e8s maintenant !<\/h3>\t\t\t\t<\/div>\n\t\t\t\t<\/div>\n\t\t\t\t<div class=\"elementor-element elementor-element-4d3f618 elementor-widget elementor-widget-shortcode\" data-id=\"4d3f618\" data-element_type=\"widget\" data-e-type=\"widget\" data-widget_type=\"shortcode.default\">\n\t\t\t\t<div class=\"elementor-widget-container\">\n\t\t\t\t\t\t\t<div class=\"elementor-shortcode\"><div class=\"job_listings\" data-location=\"\" data-keywords=\"\" data-show_filters=\"false\" data-show_pagination=\"false\" data-per_page=\"12\" data-orderby=\"date\" data-order=\"DESC\" data-categories=\"\" data-disable-form-state-storage=\"\" data-featured_first=\"false\" data-post_id=\"4873\" ><ul class=\"job_listings\">\n<li class=\"post-205801 job_listing type-job_listing status-publish has-post-thumbnail hentry job-type-teilzeit job-type-vollzeit job_position_featured\" data-longitude=\"\" data-latitude=\"\">\n\t<a href=\"https:\/\/durmat.com\/fr\/job\/collaborateurtrice-du-standard-telephonique-de-laccueil-avec-de-bonnes-connaissances-de-langlais-en-vz-40-std-ou-tz-35-std\/\">\n\t\t<img decoding=\"async\" class=\"company_logo\" src=\"https:\/\/durmat.com\/wp-content\/uploads\/durum-wp-joblogo-150x150.jpg\" alt=\"DURUM Verschlei\u00dfschutz GmbH\" title=\"Photo pour\">\t\t<div class=\"position\">\n\t\t\t<h3>Collaborateur pour le standard t\u00e9l\u00e9phonique\/la r\u00e9ception<\/h3>\n\t\t\t<div class=\"company\">\n\t\t\t\t<strong>DURUM Verschlei\u00dfschutz GmbH<\/strong> \t\t\t\t<span class=\"tagline\">La soci\u00e9t\u00e9 DURUM Verschlei\u00dfschutz GmbH est une entreprise de taille moyenne dans l'industrie des mat\u00e9riaux d'apport de soudage, sp\u00e9cialis\u00e9e dans le d\u00e9veloppement et la fabrication de mat\u00e9riaux anti-usure haute performance et de solutions personnalis\u00e9es. Nos produits sont utilis\u00e9s avec succ\u00e8s dans les secteurs du p\u00e9trole et du gaz, de l'exploitation mini\u00e8re, de la cimenterie, de l'agriculture et de la sid\u00e9rurgie.<\/span>\t\t\t<\/div>\n\t\t<\/div>\n\t\t<div class=\"location\">\n\t\t\tWillich\t\t<\/div>\n\t\t<ul class=\"meta\">\n\t\t\t\n\t\t\t\t\t\t\t\t\t\t\t\t\t\t\t\t<li class=\"job-type teilzeit\">Temps partiel<\/li>\n\t\t\t\t\t\t\t\t\t<li class=\"job-type vollzeit\">Temps plein<\/li>\n\t\t\t\t\t\t\t\n\t\t\t<li class=\"date\"><time datetime=\"2026-03-26\">Publi\u00e9 il y a 1 mois<\/time><\/li>\n\n\t\t\t\t\t<\/ul>\n\t<\/a>\n<\/li>\n<li class=\"post-205793 job_listing type-job_listing status-publish has-post-thumbnail hentry job-type-vollzeit job_position_featured\" data-longitude=\"\" data-latitude=\"\">\n\t<a href=\"https:\/\/durmat.com\/fr\/job\/electronicien-dexploitation-technique-dautomatisation-m-f-d\/\">\n\t\t<img decoding=\"async\" class=\"company_logo\" src=\"https:\/\/durmat.com\/wp-content\/uploads\/durum-wp-joblogo-150x150.jpg\" alt=\"DURUM Verschlei\u00dfschutz GmbH\" title=\"Photo pour\">\t\t<div class=\"position\">\n\t\t\t<h3>Electronicien en technique d'exploitation \u201eTechnique d'automatisation\u201c (m\/f)<\/h3>\n\t\t\t<div class=\"company\">\n\t\t\t\t<strong>DURUM Verschlei\u00dfschutz GmbH<\/strong> \t\t\t\t<span class=\"tagline\">La soci\u00e9t\u00e9 DURUM Verschlei\u00dfschutz GmbH est une entreprise de taille moyenne dans l'industrie des mat\u00e9riaux d'apport de soudage, sp\u00e9cialis\u00e9e dans le d\u00e9veloppement et la fabrication de mat\u00e9riaux anti-usure haute performance et de solutions personnalis\u00e9es. Nos produits sont utilis\u00e9s avec succ\u00e8s dans les secteurs du p\u00e9trole et du gaz, de l'exploitation mini\u00e8re, de la cimenterie, de l'agriculture et de la sid\u00e9rurgie.<\/span>\t\t\t<\/div>\n\t\t<\/div>\n\t\t<div class=\"location\">\n\t\t\tWillich\t\t<\/div>\n\t\t<ul class=\"meta\">\n\t\t\t\n\t\t\t\t\t\t\t\t\t\t\t\t\t\t\t\t<li class=\"job-type vollzeit\">Temps plein<\/li>\n\t\t\t\t\t\t\t\n\t\t\t<li class=\"date\"><time datetime=\"2026-02-25\">Publi\u00e9 il y a 2 mois<\/time><\/li>\n\n\t\t\t\t\t<\/ul>\n\t<\/a>\n<\/li>\n<li class=\"post-4878 job_listing type-job_listing status-publish has-post-thumbnail hentry job-type-praktikant job_position_featured\" data-longitude=\"\" data-latitude=\"\">\n\t<a href=\"https:\/\/durmat.com\/fr\/job\/stagiaire-m-w-f\/\">\n\t\t<img decoding=\"async\" class=\"company_logo\" src=\"https:\/\/durmat.com\/wp-content\/uploads\/durum-wp-joblogo-150x150.jpg\" alt=\"DURUM Verschlei\u00dfschutz GmbH\" title=\"Photo pour\">\t\t<div class=\"position\">\n\t\t\t<h3>Stagiaire (h\/f)<\/h3>\n\t\t\t<div class=\"company\">\n\t\t\t\t<strong>DURUM Verschlei\u00dfschutz GmbH<\/strong> \t\t\t\t<span class=\"tagline\">La soci\u00e9t\u00e9 DURUM Verschlei\u00dfschutz GmbH est une entreprise de taille moyenne dans l'industrie des mat\u00e9riaux d'apport de soudage, sp\u00e9cialis\u00e9e dans le d\u00e9veloppement et la fabrication de mat\u00e9riaux anti-usure haute performance et de solutions personnalis\u00e9es. Nos produits sont utilis\u00e9s avec succ\u00e8s dans les secteurs du p\u00e9trole et du gaz, de l'exploitation mini\u00e8re, de la cimenterie, de l'agriculture et de la sid\u00e9rurgie.<\/span>\t\t\t<\/div>\n\t\t<\/div>\n\t\t<div class=\"location\">\n\t\t\tWillich\t\t<\/div>\n\t\t<ul class=\"meta\">\n\t\t\t\n\t\t\t\t\t\t\t\t\t\t\t\t\t\t\t\t<li class=\"job-type praktikant\">Stagiaire<\/li>\n\t\t\t\t\t\t\t\n\t\t\t<li class=\"date\"><time datetime=\"2022-09-06\">Publi\u00e9 il y a 4 ans<\/time><\/li>\n\n\t\t\t\t\t<\/ul>\n\t<\/a>\n<\/li>\n<li class=\"post-4873 job_listing type-job_listing status-publish has-post-thumbnail hentry job-type-werkstudent job_position_featured\" data-longitude=\"\" data-latitude=\"\">\n\t<a href=\"https:\/\/durmat.com\/fr\/job\/etudiant-employe-m-f\/\">\n\t\t<img decoding=\"async\" class=\"company_logo\" src=\"https:\/\/durmat.com\/wp-content\/uploads\/durum-wp-joblogo-150x150.jpg\" alt=\"DURUM Verschlei\u00dfschutz GmbH\" title=\"Photo pour\">\t\t<div class=\"position\">\n\t\t\t<h3>\u00c9tudiant salari\u00e9 (h\/f)<\/h3>\n\t\t\t<div class=\"company\">\n\t\t\t\t<strong>DURUM Verschlei\u00dfschutz GmbH<\/strong> \t\t\t\t<span class=\"tagline\">La soci\u00e9t\u00e9 DURUM Verschlei\u00dfschutz GmbH est une entreprise de taille moyenne dans l'industrie des mat\u00e9riaux d'apport de soudage, sp\u00e9cialis\u00e9e dans le d\u00e9veloppement et la fabrication de mat\u00e9riaux anti-usure haute performance et de solutions personnalis\u00e9es. Nos produits sont utilis\u00e9s avec succ\u00e8s dans les secteurs du p\u00e9trole et du gaz, de l'exploitation mini\u00e8re, de la cimenterie, de l'agriculture et de la sid\u00e9rurgie.<\/span>\t\t\t<\/div>\n\t\t<\/div>\n\t\t<div class=\"location\">\n\t\t\tWillich\t\t<\/div>\n\t\t<ul class=\"meta\">\n\t\t\t\n\t\t\t\t\t\t\t\t\t\t\t\t\t\t\t\t<li class=\"job-type werkstudent\">\u00c9tudiant salari\u00e9<\/li>\n\t\t\t\t\t\t\t\n\t\t\t<li class=\"date\"><time datetime=\"2022-09-06\">Publi\u00e9 il y a 4 ans<\/time><\/li>\n\n\t\t\t\t\t<\/ul>\n\t<\/a>\n<\/li>\n<\/ul>\n<\/div><\/div>\n\t\t\t\t\t\t<\/div>\n\t\t\t\t<\/div>\n\t\t\t\t\t<\/div>\n\t\t<\/div>\n\t\t\t\t\t<\/div>\n\t\t<\/section>\n\t\t\t\t\t<\/div>\n\t\t<\/div>\n\t\t\t\t\t<\/div>\n\t\t<\/section>\n\t\t\t\t<\/div>","protected":false},"excerpt":{"rendered":"<p>Starten Sie mit uns durch \u2013 Karriere bei DURUM Als familiengef\u00fchrtes Unternehmen wollen wir stetig wachsen und neue Produkte entwickeln, um auch in Zukunft den Anforderungen unserer nationalen und internationalen Kunden gerecht zu werden. Das Engagement und die Leidenschaft unserer Mitarbeiter sind dabei von gro\u00dfer Bedeutung. Bei DURUM bieten wir Ihnen einen sicheren Arbeitsplatz und [&hellip;]<\/p>\n","protected":false},"author":1,"featured_media":6854,"parent":706,"menu_order":0,"comment_status":"closed","ping_status":"closed","template":"","meta":{"footnotes":""},"class_list":["post-1267","page","type-page","status-publish","has-post-thumbnail","hentry"],"_links":{"self":[{"href":"https:\/\/durmat.com\/fr\/wp-json\/wp\/v2\/pages\/1267","targetHints":{"allow":["GET"]}}],"collection":[{"href":"https:\/\/durmat.com\/fr\/wp-json\/wp\/v2\/pages"}],"about":[{"href":"https:\/\/durmat.com\/fr\/wp-json\/wp\/v2\/types\/page"}],"author":[{"embeddable":true,"href":"https:\/\/durmat.com\/fr\/wp-json\/wp\/v2\/users\/1"}],"replies":[{"embeddable":true,"href":"https:\/\/durmat.com\/fr\/wp-json\/wp\/v2\/comments?post=1267"}],"version-history":[{"count":45,"href":"https:\/\/durmat.com\/fr\/wp-json\/wp\/v2\/pages\/1267\/revisions"}],"predecessor-version":[{"id":205424,"href":"https:\/\/durmat.com\/fr\/wp-json\/wp\/v2\/pages\/1267\/revisions\/205424"}],"up":[{"embeddable":true,"href":"https:\/\/durmat.com\/fr\/wp-json\/wp\/v2\/pages\/706"}],"wp:featuredmedia":[{"embeddable":true,"href":"https:\/\/durmat.com\/fr\/wp-json\/wp\/v2\/media\/6854"}],"wp:attachment":[{"href":"https:\/\/durmat.com\/fr\/wp-json\/wp\/v2\/media?parent=1267"}],"curies":[{"name":"wp","href":"https:\/\/api.w.org\/{rel}","templated":true}]}}