{"id":204967,"date":"2025-01-15T09:13:37","date_gmt":"2025-01-15T08:13:37","guid":{"rendered":"https:\/\/durmat.com\/?page_id=204967"},"modified":"2025-12-16T09:18:49","modified_gmt":"2025-12-16T08:18:49","slug":"messen-und-expos","status":"publish","type":"page","link":"https:\/\/durmat.com\/fr\/societe\/salons-et-expositions\/","title":{"rendered":"Foires et Expos"},"content":{"rendered":"<div data-elementor-type=\"wp-page\" data-elementor-id=\"204967\" class=\"elementor elementor-204967\" data-elementor-post-type=\"page\">\n\t\t\t\t\t\t<section class=\"elementor-section elementor-top-section elementor-element elementor-element-e0caf0f elementor-section-full_width elementor-section-height-default elementor-section-height-default\" data-id=\"e0caf0f\" data-element_type=\"section\" data-e-type=\"section\" data-settings=\"{&quot;jet_parallax_layout_list&quot;:[]}\">\n\t\t\t\t\t\t<div class=\"elementor-container elementor-column-gap-default\">\n\t\t\t\t\t<div class=\"elementor-column elementor-col-100 elementor-top-column elementor-element elementor-element-16d24a2\" data-id=\"16d24a2\" data-element_type=\"column\" data-e-type=\"column\">\n\t\t\t<div class=\"elementor-widget-wrap elementor-element-populated\">\n\t\t\t\t\t\t<div class=\"elementor-element elementor-element-f79a2e0 elementor-widget elementor-widget-heading\" data-id=\"f79a2e0\" data-element_type=\"widget\" data-e-type=\"widget\" data-widget_type=\"heading.default\">\n\t\t\t\t<div class=\"elementor-widget-container\">\n\t\t\t\t\t<h2 class=\"elementor-heading-title elementor-size-default\">D\u00e9couvrez DURUM lors de salons internationaux et d'expositions !<\/h2>\t\t\t\t<\/div>\n\t\t\t\t<\/div>\n\t\t\t\t<div class=\"elementor-element elementor-element-7db25e3 elementor-widget elementor-widget-text-editor\" data-id=\"7db25e3\" data-element_type=\"widget\" data-e-type=\"widget\" data-widget_type=\"text-editor.default\">\n\t\t\t\t<div class=\"elementor-widget-container\">\n\t\t\t\t\t\t\t\t\t<p>DURUM pr\u00e9sente sur <strong>\u00e9v\u00e9nements majeurs dans le monde<\/strong> des solutions innovantes dans les domaines <strong>Protection contre l'usure<\/strong> et <strong>Rechargement par soudage<\/strong>. Profitez de l'occasion, <strong>d\u00e9couvrir nos produits et nos technologies en direct<\/strong> et de s'associer \u00e0 nos <strong>\u00c9changer des experts<\/strong>. Qu'il s'agisse des derniers d\u00e9veloppements ou d'applications \u00e9prouv\u00e9es, nous sommes impatients de vous pr\u00e9senter <strong>notre expertise<\/strong> pr\u00e9senter et <strong>solutions personnalis\u00e9es<\/strong> pour r\u00e9pondre \u00e0 vos besoins. Renseignez-vous ici sur <strong>prochaines dates<\/strong> et venez nous rendre visite <strong>sur place<\/strong>!<\/p>\t\t\t\t\t\t\t\t<\/div>\n\t\t\t\t<\/div>\n\t\t\t\t\t<\/div>\n\t\t<\/div>\n\t\t\t\t\t<\/div>\n\t\t<\/section>\n\t\t\t\t<section class=\"elementor-section elementor-top-section elementor-element elementor-element-96873e8 elementor-section-full_width elementor-section-height-default elementor-section-height-default\" data-id=\"96873e8\" data-element_type=\"section\" data-e-type=\"section\" id=\"bauma\" data-settings=\"{&quot;jet_parallax_layout_list&quot;:[]}\">\n\t\t\t\t\t\t<div class=\"elementor-container elementor-column-gap-default\">\n\t\t\t\t\t<div class=\"elementor-column elementor-col-100 elementor-top-column elementor-element elementor-element-f4bfeee\" data-id=\"f4bfeee\" data-element_type=\"column\" data-e-type=\"column\">\n\t\t\t<div class=\"elementor-widget-wrap elementor-element-populated\">\n\t\t\t\t\t\t<section class=\"elementor-section elementor-inner-section elementor-element elementor-element-97e29b7 elementor-reverse-mobile elementor-section-full_width elementor-section-height-default elementor-section-height-default\" data-id=\"97e29b7\" data-element_type=\"section\" data-e-type=\"section\" data-settings=\"{&quot;background_background&quot;:&quot;classic&quot;,&quot;jet_parallax_layout_list&quot;:[]}\">\n\t\t\t\t\t\t<div class=\"elementor-container elementor-column-gap-default\">\n\t\t\t\t\t<div class=\"elementor-column elementor-col-66 elementor-inner-column elementor-element elementor-element-d61bfcb\" data-id=\"d61bfcb\" data-element_type=\"column\" data-e-type=\"column\">\n\t\t\t<div class=\"elementor-widget-wrap elementor-element-populated\">\n\t\t\t\t\t\t<div class=\"elementor-element elementor-element-07d1408 elementor-widget elementor-widget-heading\" data-id=\"07d1408\" data-element_type=\"widget\" data-e-type=\"widget\" data-widget_type=\"heading.default\">\n\t\t\t\t<div class=\"elementor-widget-container\">\n\t\t\t\t\t<h3 class=\"elementor-heading-title elementor-size-default\">DURUM au salon ROG.E 2026 \u00e0 Rio de Janeiro<\/h3>\t\t\t\t<\/div>\n\t\t\t\t<\/div>\n\t\t\t\t<div class=\"elementor-element elementor-element-29d10df elementor-widget elementor-widget-text-editor\" data-id=\"29d10df\" data-element_type=\"widget\" data-e-type=\"widget\" data-widget_type=\"text-editor.default\">\n\t\t\t\t<div class=\"elementor-widget-container\">\n\t\t\t\t\t\t\t\t\t<p>Visitez DURUM du <strong>21 au 24 septembre 2026<\/strong> \u00e0 la ROG.E \u00e0 Rio de Janeiro.<br data-start=\"190\" data-end=\"193\" \/>En tant qu'exposant au <strong>Pavillon allemand de la AHK Rio de Janeiro<\/strong> nous pr\u00e9sentons des solutions pour la protection contre l'usure et les technologies de rev\u00eatement modernes. Venez discuter avec nos experts des applications pour les environnements industriels exigeants. Nous nous r\u00e9jouissons de votre visite.<\/p>\t\t\t\t\t\t\t\t<\/div>\n\t\t\t\t<\/div>\n\t\t\t\t<div class=\"elementor-element elementor-element-5d91f8e elementor-widget elementor-widget-image\" data-id=\"5d91f8e\" data-element_type=\"widget\" data-e-type=\"widget\" data-no-translation=\"\" data-widget_type=\"image.default\">\n\t\t\t\t<div class=\"elementor-widget-container\">\n\t\t\t\t\t<style>.elementor-element-5d91f8e{display:none !important}<\/style>\t\t\t\t<\/div>\n\t\t\t\t<\/div>\n\t\t\t\t<div class=\"elementor-element elementor-element-b74bc38 elementor-widget elementor-widget-image\" data-id=\"b74bc38\" data-element_type=\"widget\" data-e-type=\"widget\" data-widget_type=\"image.default\">\n\t\t\t\t<div class=\"elementor-widget-container\">\n\t\t\t\t\t\t\t\t\t\t\t\t\t\t\t\t<a href=\"https:\/\/www.ibp.org.br\/en\/knowledge-hub\/news\/ibp-launches-the-new-roge-the-worlds-largest-energy-festival\/\" target=\"_blank\" rel=\"noopener\">\n\t\t\t\t\t\t\t<img fetchpriority=\"high\" decoding=\"async\" width=\"359\" height=\"140\" src=\"https:\/\/durmat.com\/wp-content\/uploads\/download.jpg\" class=\"attachment-large size-large wp-image-205672\" alt=\"Photo pour\" srcset=\"https:\/\/durmat.com\/wp-content\/uploads\/download.jpg 359w, https:\/\/durmat.com\/wp-content\/uploads\/download-300x117.jpg 300w, https:\/\/durmat.com\/wp-content\/uploads\/download-18x7.jpg 18w\" sizes=\"(max-width: 359px) 100vw, 359px\" title=\"Photo pour\">\t\t\t\t\t\t\t\t<\/a>\n\t\t\t\t\t\t\t\t\t\t\t\t\t\t\t<\/div>\n\t\t\t\t<\/div>\n\t\t\t\t<div class=\"elementor-element elementor-element-e1c2901 elementor-icon-list--layout-inline elementor-list-item-link-full_width elementor-widget elementor-widget-icon-list\" data-id=\"e1c2901\" data-element_type=\"widget\" data-e-type=\"widget\" data-no-translation=\"\" data-widget_type=\"icon-list.default\">\n\t\t\t\t<div class=\"elementor-widget-container\">\n\t\t\t\t\t<style>.elementor-element-e1c2901{display:none !important}<\/style>\t\t\t\t<\/div>\n\t\t\t\t<\/div>\n\t\t\t\t<div class=\"elementor-element elementor-element-f409034 elementor-icon-list--layout-inline elementor-list-item-link-full_width elementor-widget elementor-widget-icon-list\" data-id=\"f409034\" data-element_type=\"widget\" data-e-type=\"widget\" data-widget_type=\"icon-list.default\">\n\t\t\t\t<div class=\"elementor-widget-container\">\n\t\t\t\t\t\t\t<ul class=\"elementor-icon-list-items elementor-inline-items\">\n\t\t\t\t\t\t\t<li class=\"elementor-icon-list-item elementor-inline-item\">\n\t\t\t\t\t\t\t\t\t\t\t<a href=\"https:\/\/www.ibp.org.br\/en\/knowledge-hub\/news\/ibp-launches-the-new-roge-the-worlds-largest-energy-festival\/\" target=\"_blank\" rel=\"noopener\">\n\n\t\t\t\t\t\t\t\t\t\t\t\t<span class=\"elementor-icon-list-icon\">\n\t\t\t\t\t\t\t<i aria-hidden=\"true\" class=\"fas fa-external-link-alt\"><\/i>\t\t\t\t\t\t<\/span>\n\t\t\t\t\t\t\t\t\t\t<span class=\"elementor-icon-list-text\">Vers l'annonce de ROG.E 2026<\/span>\n\t\t\t\t\t\t\t\t\t\t\t<\/a>\n\t\t\t\t\t\t\t\t\t<\/li>\n\t\t\t\t\t\t<\/ul>\n\t\t\t\t\t\t<\/div>\n\t\t\t\t<\/div>\n\t\t\t\t\t<\/div>\n\t\t<\/div>\n\t\t\t\t<div class=\"elementor-column elementor-col-33 elementor-inner-column elementor-element elementor-element-5490fe8\" data-id=\"5490fe8\" data-element_type=\"column\" data-e-type=\"column\">\n\t\t\t<div class=\"elementor-widget-wrap elementor-element-populated\">\n\t\t\t\t\t\t<div class=\"elementor-element elementor-element-1f58c97 elementor-widget__width-auto elementor-widget elementor-widget-image\" data-id=\"1f58c97\" data-element_type=\"widget\" data-e-type=\"widget\" data-no-translation=\"\" data-widget_type=\"image.default\">\n\t\t\t\t<div class=\"elementor-widget-container\">\n\t\t\t\t\t<style>.elementor-element-1f58c97{display:none !important}<\/style>\t\t\t\t<\/div>\n\t\t\t\t<\/div>\n\t\t\t\t<div class=\"elementor-element elementor-element-fa654f6 elementor-widget__width-auto elementor-widget elementor-widget-image\" data-id=\"fa654f6\" data-element_type=\"widget\" data-e-type=\"widget\" data-widget_type=\"image.default\">\n\t\t\t\t<div class=\"elementor-widget-container\">\n\t\t\t\t\t\t\t\t\t\t\t\t\t\t\t\t<a href=\"https:\/\/www.ibp.org.br\/en\/knowledge-hub\/news\/ibp-launches-the-new-roge-the-worlds-largest-energy-festival\/\" target=\"_blank\" rel=\"noopener\">\n\t\t\t\t\t\t\t<img decoding=\"async\" width=\"269\" height=\"187\" src=\"https:\/\/durmat.com\/wp-content\/uploads\/download.png\" class=\"attachment-large size-large wp-image-205673\" alt=\"Photo pour\" srcset=\"https:\/\/durmat.com\/wp-content\/uploads\/download.png 269w, https:\/\/durmat.com\/wp-content\/uploads\/download-18x12.png 18w\" sizes=\"(max-width: 269px) 100vw, 269px\" title=\"Photo pour\">\t\t\t\t\t\t\t\t<\/a>\n\t\t\t\t\t\t\t\t\t\t\t\t\t\t\t<\/div>\n\t\t\t\t<\/div>\n\t\t\t\t\t<\/div>\n\t\t<\/div>\n\t\t\t\t\t<\/div>\n\t\t<\/section>\n\t\t\t\t\t<\/div>\n\t\t<\/div>\n\t\t\t\t\t<\/div>\n\t\t<\/section>\n\t\t\t\t<\/div>","protected":false},"excerpt":{"rendered":"<p>Entdecken Sie DURUM auf internationalen Messen und Expos! DURUM pr\u00e4sentiert auf f\u00fchrenden Veranstaltungen weltweit innovative L\u00f6sungen in den Bereichen Verschlei\u00dfschutz und Auftragschwei\u00dfen. Nutzen Sie die Gelegenheit, unsere Produkte und Technologien live zu erleben und sich mit unseren Experten auszutauschen. Ob neueste Entwicklungen oder bew\u00e4hrte Anwendungen \u2013 wir freuen uns darauf, Ihnen unsere Expertise vorzustellen und [&hellip;]<\/p>\n","protected":false},"author":1,"featured_media":7050,"parent":706,"menu_order":0,"comment_status":"closed","ping_status":"closed","template":"","meta":{"footnotes":""},"class_list":["post-204967","page","type-page","status-publish","has-post-thumbnail","hentry"],"_links":{"self":[{"href":"https:\/\/durmat.com\/fr\/wp-json\/wp\/v2\/pages\/204967","targetHints":{"allow":["GET"]}}],"collection":[{"href":"https:\/\/durmat.com\/fr\/wp-json\/wp\/v2\/pages"}],"about":[{"href":"https:\/\/durmat.com\/fr\/wp-json\/wp\/v2\/types\/page"}],"author":[{"embeddable":true,"href":"https:\/\/durmat.com\/fr\/wp-json\/wp\/v2\/users\/1"}],"replies":[{"embeddable":true,"href":"https:\/\/durmat.com\/fr\/wp-json\/wp\/v2\/comments?post=204967"}],"version-history":[{"count":127,"href":"https:\/\/durmat.com\/fr\/wp-json\/wp\/v2\/pages\/204967\/revisions"}],"predecessor-version":[{"id":205782,"href":"https:\/\/durmat.com\/fr\/wp-json\/wp\/v2\/pages\/204967\/revisions\/205782"}],"up":[{"embeddable":true,"href":"https:\/\/durmat.com\/fr\/wp-json\/wp\/v2\/pages\/706"}],"wp:featuredmedia":[{"embeddable":true,"href":"https:\/\/durmat.com\/fr\/wp-json\/wp\/v2\/media\/7050"}],"wp:attachment":[{"href":"https:\/\/durmat.com\/fr\/wp-json\/wp\/v2\/media?parent=204967"}],"curies":[{"name":"wp","href":"https:\/\/api.w.org\/{rel}","templated":true}]}}