{"id":205243,"date":"2025-05-07T11:00:53","date_gmt":"2025-05-07T09:00:53","guid":{"rendered":"https:\/\/durmat.com\/?page_id=205243"},"modified":"2025-06-17T11:27:52","modified_gmt":"2025-06-17T09:27:52","slug":"erklaerung-zur-barrierefreiheit","status":"publish","type":"page","link":"https:\/\/durmat.com\/fr\/societe\/declaration-daccessibilite\/","title":{"rendered":"D\u00e9claration d'accessibilit\u00e9"},"content":{"rendered":"<div data-elementor-type=\"wp-page\" data-elementor-id=\"205243\" class=\"elementor elementor-205243\" data-elementor-post-type=\"page\">\n\t\t\t\t\t\t<section class=\"elementor-section elementor-top-section elementor-element elementor-element-544dd4a elementor-section-boxed elementor-section-height-default elementor-section-height-default\" data-id=\"544dd4a\" data-element_type=\"section\" data-e-type=\"section\" data-settings=\"{&quot;jet_parallax_layout_list&quot;:[]}\">\n\t\t\t\t\t\t<div class=\"elementor-container elementor-column-gap-default\">\n\t\t\t\t\t<div class=\"elementor-column elementor-col-100 elementor-top-column elementor-element elementor-element-4cf41da\" data-id=\"4cf41da\" data-element_type=\"column\" data-e-type=\"column\">\n\t\t\t<div class=\"elementor-widget-wrap elementor-element-populated\">\n\t\t\t\t\t\t<div class=\"elementor-element elementor-element-36ca997 elementor-widget elementor-widget-text-editor\" data-id=\"36ca997\" data-element_type=\"widget\" data-e-type=\"widget\" data-widget_type=\"text-editor.default\">\n\t\t\t\t<div class=\"elementor-widget-container\">\n\t\t\t\t\t\t\t\t\t<p>Dans le cadre de notre d\u00e9claration d'accessibilit\u00e9, nous souhaitons vous donner un aper\u00e7u de l'\u00e9tat de la compatibilit\u00e9 du\/des service(s) d\u00e9crit(s) ci-dessous avec les exigences d'accessibilit\u00e9 selon les dispositions l\u00e9gales (en particulier avec la loi sur le renforcement de l'accessibilit\u00e9 - BFSG).<\/p>\n<h2>Informations sur le prestataire de services<\/h2><p>DURUM VERSCHLEISS-SCHUTZ GMBH<br \/>\n7, rue Carl-Friedrich-Benz<br \/>\n47877 Willich<br \/>\nRh\u00e9nanie-du-Nord-Westphalie<\/p>\n\n<h2>Description g\u00e9n\u00e9rale du service<\/h2><p>Mise \u00e0 disposition d'informations sur l'entreprise sur durmat.com.<\/p>\n\n<h2>Explications sur la mise en \u0153uvre du service<\/h2><p>Par le biais de son site web, l'entreprise fournit des informations sur ses propres produits et services. Le site offre la possibilit\u00e9 de prendre contact via diff\u00e9rents formulaires.<\/p>\n\n<h2>\u00c9tat de la compatibilit\u00e9 avec les exigences<\/h2>\n<p>Le service susmentionn\u00e9 est partiellement compatible avec la loi sur le renforcement de l'accessibilit\u00e9 (LRAI).<\/p> <p>Les parties\/contenus\/fonctions suivants du service ne sont pas accessibles :<\/p><p>Les contenus vid\u00e9o sur le site web ne peuvent pas \u00eatre d\u00e9sactiv\u00e9s ou mis en pause, il manque des contenus alternatifs pour les pr\u00e9sentations audio individuelles. L'\u00e9tiquetage des formulaires et les messages d'erreur relatifs aux champs sont parfois insuffisants. L'utilisation du clavier sur le site web est limit\u00e9e \u00e0 certains endroits. Diff\u00e9rentes couleurs ne sont pas suffisamment contrast\u00e9es, il existe diff\u00e9rentes erreurs de syntaxe HTML et des attributs HTML superflus qui rendent le site Web difficile \u00e0 percevoir.<\/p>\n<h3>Alternatives accessibles<\/h3>\n<p>Toutes les informations tir\u00e9es des vid\u00e9os et des donn\u00e9es photographiques sont \u00e9galement mises \u00e0 disposition dans le texte, dans la mesure o\u00f9 leur contenu est pertinent. Il est \u00e9galement possible de prendre contact avec l'entreprise directement par e-mail et par t\u00e9l\u00e9phone \u00e0 tout moment.<\/p>\n<h3>Parties du service non accessibles - D\u00e9lais de mise en \u0153uvre<\/h3>\n<p>Nous nous effor\u00e7ons d'optimiser rapidement l'accessibilit\u00e9 du site web et de minimiser autant que possible les probl\u00e8mes d'utilisation. Nous ne pouvons pas donner d'indication pr\u00e9cise quant au d\u00e9lai.<\/p>\n\n<h2>\u00c9laboration de la d\u00e9claration d'accessibilit\u00e9<\/h2> <p>Date d'\u00e9tablissement de la d\u00e9claration d'accessibilit\u00e9 : 11\/06\/2025<br \/> Date du dernier contr\u00f4le des prestations susmentionn\u00e9es en ce qui concerne les exigences en mati\u00e8re d'accessibilit\u00e9 : 10.06.2025<\/p>\n\t\t\t\t\t\t\t\t<\/div>\n\t\t\t\t<\/div>\n\t\t\t\t\t<\/div>\n\t\t<\/div>\n\t\t\t\t\t<\/div>\n\t\t<\/section>\n\t\t\t\t<\/div>","protected":false},"excerpt":{"rendered":"<p>Im Rahmen unserer Barrierefreiheitserkl&auml;rung m&ouml;chten wir Ihnen einen &Uuml;berblick &uuml;ber den Stand der Vereinbarkeit der unten beschriebenen Dienstleistung(en) mit den Anforderungen der Barrierefreiheit nach gesetzlichen Vorschriften (insbesondere mit dem Barrierefreiheitsst&auml;rkungsgesetz &ndash; BFSG) geben. Angaben zum Dienstleistungserbringer DURUM VERSCHLEISS-SCHUTZ GMBH Carl-Friedrich-Benz-Str. 7 47877 Willich Nordrhein-Westfalen Allgemeine Beschreibung der Dienstleistung Bereitstellung von Informationen zum Unternehmen unter durmat.com. [&hellip;]<\/p>\n","protected":false},"author":1,"featured_media":6854,"parent":706,"menu_order":0,"comment_status":"closed","ping_status":"closed","template":"","meta":{"footnotes":""},"class_list":["post-205243","page","type-page","status-publish","has-post-thumbnail","hentry"],"_links":{"self":[{"href":"https:\/\/durmat.com\/fr\/wp-json\/wp\/v2\/pages\/205243","targetHints":{"allow":["GET"]}}],"collection":[{"href":"https:\/\/durmat.com\/fr\/wp-json\/wp\/v2\/pages"}],"about":[{"href":"https:\/\/durmat.com\/fr\/wp-json\/wp\/v2\/types\/page"}],"author":[{"embeddable":true,"href":"https:\/\/durmat.com\/fr\/wp-json\/wp\/v2\/users\/1"}],"replies":[{"embeddable":true,"href":"https:\/\/durmat.com\/fr\/wp-json\/wp\/v2\/comments?post=205243"}],"version-history":[{"count":4,"href":"https:\/\/durmat.com\/fr\/wp-json\/wp\/v2\/pages\/205243\/revisions"}],"predecessor-version":[{"id":205338,"href":"https:\/\/durmat.com\/fr\/wp-json\/wp\/v2\/pages\/205243\/revisions\/205338"}],"up":[{"embeddable":true,"href":"https:\/\/durmat.com\/fr\/wp-json\/wp\/v2\/pages\/706"}],"wp:featuredmedia":[{"embeddable":true,"href":"https:\/\/durmat.com\/fr\/wp-json\/wp\/v2\/media\/6854"}],"wp:attachment":[{"href":"https:\/\/durmat.com\/fr\/wp-json\/wp\/v2\/media?parent=205243"}],"curies":[{"name":"wp","href":"https:\/\/api.w.org\/{rel}","templated":true}]}}