{"id":205245,"date":"2025-04-30T15:46:52","date_gmt":"2025-04-30T13:46:52","guid":{"rendered":"https:\/\/durmat.com\/?page_id=205245"},"modified":"2025-09-03T14:30:49","modified_gmt":"2025-09-03T12:30:49","slug":"ueber-uns-in-einfacher-sprache","status":"publish","type":"page","link":"https:\/\/durmat.com\/fr\/societe\/a-propos-de-nous-en-langage-simple\/","title":{"rendered":"\u00c0 propos de nous en langage simple"},"content":{"rendered":"<div data-elementor-type=\"wp-page\" data-elementor-id=\"205245\" class=\"elementor elementor-205245\" data-elementor-post-type=\"page\">\n\t\t\t\t\t\t<section class=\"elementor-section elementor-top-section elementor-element elementor-element-817711a elementor-section-boxed elementor-section-height-default elementor-section-height-default\" data-id=\"817711a\" data-element_type=\"section\" data-e-type=\"section\" data-settings=\"{&quot;jet_parallax_layout_list&quot;:[]}\">\n\t\t\t\t\t\t<div class=\"elementor-container elementor-column-gap-default\">\n\t\t\t\t\t<div class=\"elementor-column elementor-col-100 elementor-top-column elementor-element elementor-element-5bd8aa1\" data-id=\"5bd8aa1\" data-element_type=\"column\" data-e-type=\"column\">\n\t\t\t<div class=\"elementor-widget-wrap elementor-element-populated\">\n\t\t\t\t\t\t<div class=\"elementor-element elementor-element-e4f0e8f elementor-widget elementor-widget-text-editor\" data-id=\"e4f0e8f\" data-element_type=\"widget\" data-e-type=\"widget\" data-widget_type=\"text-editor.default\">\n\t\t\t\t<div class=\"elementor-widget-container\">\n\t\t\t\t\t\t\t\t\t<h2>Nous sommes DURUM<\/h2><p>Nous existons depuis plus de 40 ans.<\/p><p>Nous prot\u00e9geons les machines.<br \/>Notre travail y veille :<br \/>Les machines durent plus longtemps.<\/p><p>Nous travaillons dans le monde entier.<br \/>Nous livrons nos produits dans plus de 80 pays.<br \/>Nous avons des entreprises au Br\u00e9sil, en France et aux \u00c9tats-Unis.<\/p><h3>Ce qui est important pour nous<\/h3><ul><li>Nos produits sont de bonne qualit\u00e9.<\/li><li>Nous vous conseillons aimablement et bien.<\/li><li>Nous d\u00e9veloppons de nouveaux produits.<\/li><li>Nous offrons un service de qualit\u00e9.<\/li><li>La confiance est tr\u00e8s importante pour nous.<\/li><\/ul><h3>Ce que nous faisons pour vous<\/h3><p>Nous trouverons la meilleure solution \u00e0 votre probl\u00e8me.<br \/>Nous prot\u00e9geons de nombreuses machines et installations diff\u00e9rentes.<br \/>Nous aidons les petites entreprises et les grandes entreprises.<\/p><h3>Nos produits<\/h3><p>Nous fabriquons des produits sp\u00e9ciaux.<br \/>Nos produits prot\u00e8gent les machines contre l'usure.<br \/>Par exemple<\/p><ul><li>Fils de soudage<\/li><li>Poudre de soudure<\/li><li>Fils de spray<\/li><li>Poudre en spray<\/li><li>Panneaux de protection pr\u00eats \u00e0 l'emploi<\/li><li>des composants pr\u00eats \u00e0 l'emploi que vous pouvez installer directement<\/li><\/ul><p>Certains de nos produits contiennent une substance.<br \/>La substance s'appelle le carbure de tungst\u00e8ne.<br \/>Il assure une protection particuli\u00e8rement forte.<\/p><h3>Notre recherche<\/h3><p>Nous d\u00e9veloppons de nouveaux mat\u00e9riaux.<br \/>Nous d\u00e9veloppons de nouvelles techniques de soudage et de rev\u00eatement.<\/p><p>Nous avons nos propres laboratoires.<br \/>C'est l\u00e0 que nous testons de nouveaux tissus.<br \/>Nous d\u00e9veloppons \u00e9galement des solutions pour des clients individuels.<\/p><h3>Nos projets<\/h3><p>Nous participons \u00e0 de nombreux projets de recherche.<br \/>Pour ce faire, nous travaillons en collaboration avec des universit\u00e9s et des entreprises.<br \/>Parfois, nous recevons de l'argent de l'UE ou de l'\u00c9tat.<\/p><p>Nous partageons certains r\u00e9sultats avec d'autres.<br \/>Certains r\u00e9sultats restent secrets.<br \/>C'est important si les clients le souhaitent.<\/p><h3>Nos formations<\/h3><p>Nous vous montrons comment bien utiliser nos produits.<br \/>Nos experts sont l\u00e0 pour vous aider.<\/p><h3>Notre code de conduite :<\/h3><p>Nous respectons toutes les lois.<br \/>Nous travaillons honn\u00eatement.<br \/>Nous nous comportons bien au travail.<br \/>Nous nous comportons bien en dehors du travail.<\/p>\t\t\t\t\t\t\t\t<\/div>\n\t\t\t\t<\/div>\n\t\t\t\t\t<\/div>\n\t\t<\/div>\n\t\t\t\t\t<\/div>\n\t\t<\/section>\n\t\t\t\t<\/div>","protected":false},"excerpt":{"rendered":"<p>Wir sind DURUM Uns gibt es seit \u00fcber 40 Jahren. Wir sch\u00fctzen Maschinen.Unsere Arbeit sorgt daf\u00fcr:Maschinen halten l\u00e4nger. Wir arbeiten auf der ganzen Welt.Wir liefern unsere Produkte in mehr als 80 L\u00e4nder.Wir haben Firmen in Brasilien, Frankreich und den USA. Das ist uns wichtig Unsere Produkte haben gute Qualit\u00e4t. Wir beraten Sie freundlich und gut. [&hellip;]<\/p>\n","protected":false},"author":1,"featured_media":2376,"parent":706,"menu_order":0,"comment_status":"closed","ping_status":"closed","template":"","meta":{"footnotes":""},"class_list":["post-205245","page","type-page","status-publish","has-post-thumbnail","hentry"],"_links":{"self":[{"href":"https:\/\/durmat.com\/fr\/wp-json\/wp\/v2\/pages\/205245","targetHints":{"allow":["GET"]}}],"collection":[{"href":"https:\/\/durmat.com\/fr\/wp-json\/wp\/v2\/pages"}],"about":[{"href":"https:\/\/durmat.com\/fr\/wp-json\/wp\/v2\/types\/page"}],"author":[{"embeddable":true,"href":"https:\/\/durmat.com\/fr\/wp-json\/wp\/v2\/users\/1"}],"replies":[{"embeddable":true,"href":"https:\/\/durmat.com\/fr\/wp-json\/wp\/v2\/comments?post=205245"}],"version-history":[{"count":16,"href":"https:\/\/durmat.com\/fr\/wp-json\/wp\/v2\/pages\/205245\/revisions"}],"predecessor-version":[{"id":205585,"href":"https:\/\/durmat.com\/fr\/wp-json\/wp\/v2\/pages\/205245\/revisions\/205585"}],"up":[{"embeddable":true,"href":"https:\/\/durmat.com\/fr\/wp-json\/wp\/v2\/pages\/706"}],"wp:featuredmedia":[{"embeddable":true,"href":"https:\/\/durmat.com\/fr\/wp-json\/wp\/v2\/media\/2376"}],"wp:attachment":[{"href":"https:\/\/durmat.com\/fr\/wp-json\/wp\/v2\/media?parent=205245"}],"curies":[{"name":"wp","href":"https:\/\/api.w.org\/{rel}","templated":true}]}}