{"id":714,"date":"2022-06-01T11:27:54","date_gmt":"2022-06-01T09:27:54","guid":{"rendered":"https:\/\/durmat.com\/?page_id=714"},"modified":"2025-07-03T09:20:35","modified_gmt":"2025-07-03T07:20:35","slug":"impressum","status":"publish","type":"page","link":"https:\/\/durmat.com\/fr\/mentions-legales\/","title":{"rendered":"Mentions l\u00e9gales"},"content":{"rendered":"<div data-elementor-type=\"wp-page\" data-elementor-id=\"714\" class=\"elementor elementor-714\" data-elementor-post-type=\"page\">\n\t\t\t\t\t\t<section class=\"elementor-section elementor-top-section elementor-element elementor-element-6b2edca elementor-section-full_width elementor-section-height-default elementor-section-height-default\" data-id=\"6b2edca\" data-element_type=\"section\" data-e-type=\"section\" data-settings=\"{&quot;jet_parallax_layout_list&quot;:[]}\">\n\t\t\t\t\t\t<div class=\"elementor-container elementor-column-gap-default\">\n\t\t\t\t\t<div class=\"elementor-column elementor-col-100 elementor-top-column elementor-element elementor-element-f3869c7\" data-id=\"f3869c7\" data-element_type=\"column\" data-e-type=\"column\">\n\t\t\t<div class=\"elementor-widget-wrap elementor-element-populated\">\n\t\t\t\t\t\t<section class=\"elementor-section elementor-inner-section elementor-element elementor-element-6d78a0d elementor-section-full_width elementor-section-height-default elementor-section-height-default\" data-id=\"6d78a0d\" data-element_type=\"section\" data-e-type=\"section\" data-settings=\"{&quot;jet_parallax_layout_list&quot;:[]}\">\n\t\t\t\t\t\t<div class=\"elementor-container elementor-column-gap-default\">\n\t\t\t\t\t<div class=\"elementor-column elementor-col-100 elementor-inner-column elementor-element elementor-element-3ba15b4\" data-id=\"3ba15b4\" data-element_type=\"column\" data-e-type=\"column\">\n\t\t\t<div class=\"elementor-widget-wrap elementor-element-populated\">\n\t\t\t\t\t\t<div class=\"elementor-element elementor-element-e6b68f6 elementor-widget elementor-widget-text-editor\" data-id=\"e6b68f6\" data-element_type=\"widget\" data-e-type=\"widget\" data-widget_type=\"text-editor.default\">\n\t\t\t\t<div class=\"elementor-widget-container\">\n\t\t\t\t\t\t\t\t\t<p>DURUM Verschlei\u00dfschutz GmbH<br \/>7, rue Carl-Friedrich-Benz<br \/>47877 Willich<\/p><p>Registre du commerce : 3947<br \/>Cour de registre : Tribunal d'instance de Krefeld<\/p><p><strong>Repr\u00e9sent\u00e9 par :<\/strong><br \/>Peter Knauf<\/p><h2>Contact<\/h2><p>T\u00e9l\u00e9phone : +49 2154 4837-0<br \/>T\u00e9l\u00e9copieur : +49 2154 4837-78<br \/>Courrier \u00e9lectronique : info@durmat.com<\/p><h2>Num\u00e9ro d'identification de la taxe sur le chiffre d'affaires<\/h2><p>Num\u00e9ro d'identification de la taxe sur le chiffre d'affaires conform\u00e9ment au \u00a7 27 a de la loi sur la taxe sur le chiffre d'affaires :<br \/>FR-120144622<\/p><h2>Responsable de la r\u00e9daction<\/h2><p>Peter Knauf<\/p><h2>R\u00e8glement des litiges de consommation\/organisme de conciliation universel<\/h2><p>Nous ne sommes pas dispos\u00e9s ou oblig\u00e9s de participer \u00e0 des proc\u00e9dures de r\u00e8glement des litiges devant un organisme de conciliation des consommateurs.<\/p>\t\t\t\t\t\t\t\t<\/div>\n\t\t\t\t<\/div>\n\t\t\t\t<div class=\"elementor-element elementor-element-969206b elementor-widget elementor-widget-text-editor\" data-id=\"969206b\" data-element_type=\"widget\" data-e-type=\"widget\" data-widget_type=\"text-editor.default\">\n\t\t\t\t<div class=\"elementor-widget-container\">\n\t\t\t\t\t\t\t\t\t<h2>Agr\u00e9ment en tant qu'exp\u00e9diteur connu<\/h2><p>Num\u00e9ro d'agr\u00e9ment : DE\/KC\/01753-01\/0718, Bochum, 10 juillet 2013<\/p><h2>Cr\u00e9dits photographiques<\/h2><ul><li>Les images sont sous licence de : stock.adobe.com<\/li><li>Images personnelles<\/li><\/ul><h2>Mise en \u0153uvre technique<\/h2><p><a href=\"https:\/\/c-g-w.net\/\" target=\"_blank\" rel=\"noopener\">CGW GmbH - Communication \u00e0 service complet<\/a><br \/>8, rue Karl Arnold<br \/>47877 Willich<br \/>Allemagne<\/p>\t\t\t\t\t\t\t\t<\/div>\n\t\t\t\t<\/div>\n\t\t\t\t\t<\/div>\n\t\t<\/div>\n\t\t\t\t\t<\/div>\n\t\t<\/section>\n\t\t\t\t\t<\/div>\n\t\t<\/div>\n\t\t\t\t\t<\/div>\n\t\t<\/section>\n\t\t\t\t<\/div>","protected":false},"excerpt":{"rendered":"<p>DURUM Verschlei\u00dfschutz GmbHCarl-Friedrich-Benz-Str. 747877 Willich Handelsregister: 3947Registergericht: Amtsgericht Krefeld Vertreten durch:Peter Knauf Kontakt Telefon: +49 2154 4837-0Telefax: +49 2154 4837-78E-Mail: info@durmat.com Umsatzsteuer-ID Umsatzsteuer-Identifikationsnummer gem\u00e4\u00df \u00a7 27 a Umsatzsteuergesetz:DE-120144622 Redaktionell verantwortlich Peter Knauf Verbraucher\u00adstreit\u00adbeilegung\/Universal\u00adschlichtungs\u00adstelle Wir sind nicht bereit oder verpflichtet, an Streitbeilegungsverfahren vor einer Verbraucherschlichtungsstelle teilzunehmen. Zulassung als bekannter Versender Zulassungsnummer: DE\/KC\/01753-01\/0718, Bochum, 10. Juli 2013 [&hellip;]<\/p>\n","protected":false},"author":1,"featured_media":6854,"parent":0,"menu_order":0,"comment_status":"closed","ping_status":"closed","template":"","meta":{"footnotes":""},"class_list":["post-714","page","type-page","status-publish","has-post-thumbnail","hentry"],"_links":{"self":[{"href":"https:\/\/durmat.com\/fr\/wp-json\/wp\/v2\/pages\/714","targetHints":{"allow":["GET"]}}],"collection":[{"href":"https:\/\/durmat.com\/fr\/wp-json\/wp\/v2\/pages"}],"about":[{"href":"https:\/\/durmat.com\/fr\/wp-json\/wp\/v2\/types\/page"}],"author":[{"embeddable":true,"href":"https:\/\/durmat.com\/fr\/wp-json\/wp\/v2\/users\/1"}],"replies":[{"embeddable":true,"href":"https:\/\/durmat.com\/fr\/wp-json\/wp\/v2\/comments?post=714"}],"version-history":[{"count":62,"href":"https:\/\/durmat.com\/fr\/wp-json\/wp\/v2\/pages\/714\/revisions"}],"predecessor-version":[{"id":205494,"href":"https:\/\/durmat.com\/fr\/wp-json\/wp\/v2\/pages\/714\/revisions\/205494"}],"wp:featuredmedia":[{"embeddable":true,"href":"https:\/\/durmat.com\/fr\/wp-json\/wp\/v2\/media\/6854"}],"wp:attachment":[{"href":"https:\/\/durmat.com\/fr\/wp-json\/wp\/v2\/media?parent=714"}],"curies":[{"name":"wp","href":"https:\/\/api.w.org\/{rel}","templated":true}]}}