{"id":1267,"date":"2022-06-03T10:10:18","date_gmt":"2022-06-03T08:10:18","guid":{"rendered":"https:\/\/durmat.com\/?page_id=1267"},"modified":"2023-06-26T11:40:55","modified_gmt":"2023-06-26T09:40:55","slug":"karriere","status":"publish","type":"page","link":"https:\/\/durmat.com\/it\/azienda\/carriera\/","title":{"rendered":"Carriera"},"content":{"rendered":"<div data-elementor-type=\"wp-page\" data-elementor-id=\"1267\" class=\"elementor elementor-1267\" data-elementor-post-type=\"page\">\n\t\t\t\t\t\t<section class=\"elementor-section elementor-top-section elementor-element elementor-element-71b0ef0 elementor-section-full_width elementor-section-height-default elementor-section-height-default\" data-id=\"71b0ef0\" data-element_type=\"section\" data-e-type=\"section\" data-settings=\"{&quot;jet_parallax_layout_list&quot;:[]}\">\n\t\t\t\t\t\t<div class=\"elementor-container elementor-column-gap-default\">\n\t\t\t\t\t<div class=\"elementor-column elementor-col-100 elementor-top-column elementor-element elementor-element-8824613\" data-id=\"8824613\" data-element_type=\"column\" data-e-type=\"column\">\n\t\t\t<div class=\"elementor-widget-wrap elementor-element-populated\">\n\t\t\t\t\t\t<div class=\"elementor-element elementor-element-9ea23ec elementor-widget elementor-widget-heading\" data-id=\"9ea23ec\" data-element_type=\"widget\" data-e-type=\"widget\" data-widget_type=\"heading.default\">\n\t\t\t\t<div class=\"elementor-widget-container\">\n\t\t\t\t\t<h2 class=\"elementor-heading-title elementor-size-default\">Decolla con noi - una carriera con DURUM<\/h2>\t\t\t\t<\/div>\n\t\t\t\t<\/div>\n\t\t\t\t<section class=\"elementor-section elementor-inner-section elementor-element elementor-element-53e3888 elementor-section-full_width elementor-section-height-default elementor-section-height-default\" data-id=\"53e3888\" data-element_type=\"section\" data-e-type=\"section\" data-settings=\"{&quot;jet_parallax_layout_list&quot;:[]}\">\n\t\t\t\t\t\t<div class=\"elementor-container elementor-column-gap-default\">\n\t\t\t\t\t<div class=\"elementor-column elementor-col-50 elementor-inner-column elementor-element elementor-element-2a3e0dc\" data-id=\"2a3e0dc\" data-element_type=\"column\" data-e-type=\"column\">\n\t\t\t<div class=\"elementor-widget-wrap elementor-element-populated\">\n\t\t\t\t\t\t<div class=\"elementor-element elementor-element-ee62d12 elementor-widget elementor-widget-text-editor\" data-id=\"ee62d12\" data-element_type=\"widget\" data-e-type=\"widget\" data-widget_type=\"text-editor.default\">\n\t\t\t\t<div class=\"elementor-widget-container\">\n\t\t\t\t\t\t\t\t\tCome <strong>azienda a conduzione familiare<\/strong> Vogliamo crescere costantemente e sviluppare nuovi prodotti per soddisfare le esigenze dei nostri clienti anche in futuro. <strong>clienti nazionali e internazionali<\/strong> per fare giustizia. L'impegno e la passione dei nostri <strong>I dipendenti <\/strong>sono di grande importanza qui. Noi di DURUM le offriamo un <strong>lavoro sicuro<\/strong> e un <strong>un luogo di lavoro attraente<\/strong>in cui pu\u00f2 svilupparsi costantemente. <strong>Si candidi ora per un lavoro presso DURUM! \u00c8 anche il benvenuto a prendere l'iniziativa!<\/strong>\t\t\t\t\t\t\t\t<\/div>\n\t\t\t\t<\/div>\n\t\t\t\t<div class=\"elementor-element elementor-element-6672739 elementor-widget elementor-widget-heading\" data-id=\"6672739\" data-element_type=\"widget\" data-e-type=\"widget\" data-widget_type=\"heading.default\">\n\t\t\t\t<div class=\"elementor-widget-container\">\n\t\t\t\t\t<h3 class=\"elementor-heading-title elementor-size-default\">Diventi parte del nostro team e approfitti dei nostri vantaggi:<\/h3>\t\t\t\t<\/div>\n\t\t\t\t<\/div>\n\t\t\t\t<div class=\"elementor-element elementor-element-a83a1be elementor-widget elementor-widget-accordion\" data-id=\"a83a1be\" data-element_type=\"widget\" data-e-type=\"widget\" data-widget_type=\"accordion.default\">\n\t\t\t\t<div class=\"elementor-widget-container\">\n\t\t\t\t\t\t\t<div class=\"elementor-accordion\">\n\t\t\t\t\t\t\t<div class=\"elementor-accordion-item\">\n\t\t\t\t\t<div id=\"elementor-tab-title-1761\" class=\"elementor-tab-title\" data-tab=\"1\" role=\"button\" aria-controls=\"elementor-tab-content-1761\" aria-expanded=\"false\">\n\t\t\t\t\t\t\t\t\t\t\t\t\t<span class=\"elementor-accordion-icon elementor-accordion-icon-left\" aria-hidden=\"true\">\n\t\t\t\t\t\t\t\t\t\t\t\t\t\t\t<span class=\"elementor-accordion-icon-closed\"><i class=\"fas fa-plus\"><\/i><\/span>\n\t\t\t\t\t\t\t\t<span class=\"elementor-accordion-icon-opened\"><i class=\"fas fa-minus\"><\/i><\/span>\n\t\t\t\t\t\t\t\t\t\t\t\t\t\t<\/span>\n\t\t\t\t\t\t\t\t\t\t\t\t<a class=\"elementor-accordion-title\" tabindex=\"0\">30 giorni di vacanza<\/a>\n\t\t\t\t\t<\/div>\n\t\t\t\t\t<div id=\"elementor-tab-content-1761\" class=\"elementor-tab-content elementor-clearfix\" data-tab=\"1\" role=\"region\" aria-labelledby=\"elementor-tab-title-1761\"><p>Chi lavora bene deve anche potersi rilassare. Ecco perch\u00e9 il diritto alle ferie dei nostri dipendenti a tempo indeterminato va ben oltre quanto richiesto dalla legge. Poich\u00e9 non abbiamo ferie aziendali, pu\u00f2 scegliere in larga misura le sue ferie.<\/p><\/div>\n\t\t\t\t<\/div>\n\t\t\t\t\t\t\t<div class=\"elementor-accordion-item\">\n\t\t\t\t\t<div id=\"elementor-tab-title-1762\" class=\"elementor-tab-title\" data-tab=\"2\" role=\"button\" aria-controls=\"elementor-tab-content-1762\" aria-expanded=\"false\">\n\t\t\t\t\t\t\t\t\t\t\t\t\t<span class=\"elementor-accordion-icon elementor-accordion-icon-left\" aria-hidden=\"true\">\n\t\t\t\t\t\t\t\t\t\t\t\t\t\t\t<span class=\"elementor-accordion-icon-closed\"><i class=\"fas fa-plus\"><\/i><\/span>\n\t\t\t\t\t\t\t\t<span class=\"elementor-accordion-icon-opened\"><i class=\"fas fa-minus\"><\/i><\/span>\n\t\t\t\t\t\t\t\t\t\t\t\t\t\t<\/span>\n\t\t\t\t\t\t\t\t\t\t\t\t<a class=\"elementor-accordion-title\" tabindex=\"0\">Modelli di orario di lavoro flessibile<\/a>\n\t\t\t\t\t<\/div>\n\t\t\t\t\t<div id=\"elementor-tab-content-1762\" class=\"elementor-tab-content elementor-clearfix\" data-tab=\"2\" role=\"region\" aria-labelledby=\"elementor-tab-title-1762\"><p>A seconda del suo impegno operativo e delle sue preferenze personali, possiamo organizzare in modo ottimale il suo orario di lavoro per adattarlo alla sua attuale fase di vita. Offriamo diversi modelli di orario di lavoro, da un turno a due turni a una settimana di 4 giorni.<\/p><\/div>\n\t\t\t\t<\/div>\n\t\t\t\t\t\t\t<div class=\"elementor-accordion-item\">\n\t\t\t\t\t<div id=\"elementor-tab-title-1763\" class=\"elementor-tab-title\" data-tab=\"3\" role=\"button\" aria-controls=\"elementor-tab-content-1763\" aria-expanded=\"false\">\n\t\t\t\t\t\t\t\t\t\t\t\t\t<span class=\"elementor-accordion-icon elementor-accordion-icon-left\" aria-hidden=\"true\">\n\t\t\t\t\t\t\t\t\t\t\t\t\t\t\t<span class=\"elementor-accordion-icon-closed\"><i class=\"fas fa-plus\"><\/i><\/span>\n\t\t\t\t\t\t\t\t<span class=\"elementor-accordion-icon-opened\"><i class=\"fas fa-minus\"><\/i><\/span>\n\t\t\t\t\t\t\t\t\t\t\t\t\t\t<\/span>\n\t\t\t\t\t\t\t\t\t\t\t\t<a class=\"elementor-accordion-title\" tabindex=\"0\">Abbigliamento da lavoro<\/a>\n\t\t\t\t\t<\/div>\n\t\t\t\t\t<div id=\"elementor-tab-content-1763\" class=\"elementor-tab-content elementor-clearfix\" data-tab=\"3\" role=\"region\" aria-labelledby=\"elementor-tab-title-1763\"><p>La equipaggiamo! Per garantire che si senta a suo agio sul lavoro, in qualit\u00e0 di dipendente del settore commerciale ricever\u00e0 un pacchetto adeguato di abbigliamento da lavoro e di attrezzature di sicurezza.<\/p><\/div>\n\t\t\t\t<\/div>\n\t\t\t\t\t\t\t<div class=\"elementor-accordion-item\">\n\t\t\t\t\t<div id=\"elementor-tab-title-1764\" class=\"elementor-tab-title\" data-tab=\"4\" role=\"button\" aria-controls=\"elementor-tab-content-1764\" aria-expanded=\"false\">\n\t\t\t\t\t\t\t\t\t\t\t\t\t<span class=\"elementor-accordion-icon elementor-accordion-icon-left\" aria-hidden=\"true\">\n\t\t\t\t\t\t\t\t\t\t\t\t\t\t\t<span class=\"elementor-accordion-icon-closed\"><i class=\"fas fa-plus\"><\/i><\/span>\n\t\t\t\t\t\t\t\t<span class=\"elementor-accordion-icon-opened\"><i class=\"fas fa-minus\"><\/i><\/span>\n\t\t\t\t\t\t\t\t\t\t\t\t\t\t<\/span>\n\t\t\t\t\t\t\t\t\t\t\t\t<a class=\"elementor-accordion-title\" tabindex=\"0\">Caff\u00e8, t\u00e8 e acqua<\/a>\n\t\t\t\t\t<\/div>\n\t\t\t\t\t<div id=\"elementor-tab-content-1764\" class=\"elementor-tab-content elementor-clearfix\" data-tab=\"4\" role=\"region\" aria-labelledby=\"elementor-tab-title-1764\"><p>La salute e le prestazioni sono direttamente collegate al bere molta acqua. Forniamo acqua minerale gratuita, in modo che non abbia difficolt\u00e0 a bere durante le ore di lavoro.<\/p><p>Le nostre specialit\u00e0 di caff\u00e8, che serviamo gratuitamente ai nostri dipendenti, sono un puro piacere. Sia durante la pausa, che prima del lavoro o dopo il lavoro. Self-service 24 ore su 24.<\/p><\/div>\n\t\t\t\t<\/div>\n\t\t\t\t\t\t\t<div class=\"elementor-accordion-item\">\n\t\t\t\t\t<div id=\"elementor-tab-title-1765\" class=\"elementor-tab-title\" data-tab=\"5\" role=\"button\" aria-controls=\"elementor-tab-content-1765\" aria-expanded=\"false\">\n\t\t\t\t\t\t\t\t\t\t\t\t\t<span class=\"elementor-accordion-icon elementor-accordion-icon-left\" aria-hidden=\"true\">\n\t\t\t\t\t\t\t\t\t\t\t\t\t\t\t<span class=\"elementor-accordion-icon-closed\"><i class=\"fas fa-plus\"><\/i><\/span>\n\t\t\t\t\t\t\t\t<span class=\"elementor-accordion-icon-opened\"><i class=\"fas fa-minus\"><\/i><\/span>\n\t\t\t\t\t\t\t\t\t\t\t\t\t\t<\/span>\n\t\t\t\t\t\t\t\t\t\t\t\t<a class=\"elementor-accordion-title\" tabindex=\"0\">Regali per i dipendenti<\/a>\n\t\t\t\t\t<\/div>\n\t\t\t\t\t<div id=\"elementor-tab-content-1765\" class=\"elementor-tab-content elementor-clearfix\" data-tab=\"5\" role=\"region\" aria-labelledby=\"elementor-tab-title-1765\"><p>Le piccole attenzioni rallegrano la vita quotidiana. Ecco perch\u00e9 ci sono piccoli regali e attenzioni per diverse occasioni. Si lasci sorprendere da noi!<\/p><\/div>\n\t\t\t\t<\/div>\n\t\t\t\t\t\t\t<div class=\"elementor-accordion-item\">\n\t\t\t\t\t<div id=\"elementor-tab-title-1766\" class=\"elementor-tab-title\" data-tab=\"6\" role=\"button\" aria-controls=\"elementor-tab-content-1766\" aria-expanded=\"false\">\n\t\t\t\t\t\t\t\t\t\t\t\t\t<span class=\"elementor-accordion-icon elementor-accordion-icon-left\" aria-hidden=\"true\">\n\t\t\t\t\t\t\t\t\t\t\t\t\t\t\t<span class=\"elementor-accordion-icon-closed\"><i class=\"fas fa-plus\"><\/i><\/span>\n\t\t\t\t\t\t\t\t<span class=\"elementor-accordion-icon-opened\"><i class=\"fas fa-minus\"><\/i><\/span>\n\t\t\t\t\t\t\t\t\t\t\t\t\t\t<\/span>\n\t\t\t\t\t\t\t\t\t\t\t\t<a class=\"elementor-accordion-title\" tabindex=\"0\">Piano pensionistico aziendale<\/a>\n\t\t\t\t\t<\/div>\n\t\t\t\t\t<div id=\"elementor-tab-content-1766\" class=\"elementor-tab-content elementor-clearfix\" data-tab=\"6\" role=\"region\" aria-labelledby=\"elementor-tab-title-1766\"><p>Sicurezza finanziaria anche in et\u00e0 avanzata. Le offriamo l'opzione di un piano pensionistico aggiuntivo volontario con sovvenzione del datore di lavoro.<\/p><\/div>\n\t\t\t\t<\/div>\n\t\t\t\t\t\t\t<div class=\"elementor-accordion-item\">\n\t\t\t\t\t<div id=\"elementor-tab-title-1767\" class=\"elementor-tab-title\" data-tab=\"7\" role=\"button\" aria-controls=\"elementor-tab-content-1767\" aria-expanded=\"false\">\n\t\t\t\t\t\t\t\t\t\t\t\t\t<span class=\"elementor-accordion-icon elementor-accordion-icon-left\" aria-hidden=\"true\">\n\t\t\t\t\t\t\t\t\t\t\t\t\t\t\t<span class=\"elementor-accordion-icon-closed\"><i class=\"fas fa-plus\"><\/i><\/span>\n\t\t\t\t\t\t\t\t<span class=\"elementor-accordion-icon-opened\"><i class=\"fas fa-minus\"><\/i><\/span>\n\t\t\t\t\t\t\t\t\t\t\t\t\t\t<\/span>\n\t\t\t\t\t\t\t\t\t\t\t\t<a class=\"elementor-accordion-title\" tabindex=\"0\">Remunerazione in natura fiscalmente privilegiata<\/a>\n\t\t\t\t\t<\/div>\n\t\t\t\t\t<div id=\"elementor-tab-content-1767\" class=\"elementor-tab-content elementor-clearfix\" data-tab=\"7\" role=\"region\" aria-labelledby=\"elementor-tab-title-1767\"><p>Le offriamo l'opportunit\u00e0 di richiedere un pagamento in natura fiscalmente agevolato.<\/p><\/div>\n\t\t\t\t<\/div>\n\t\t\t\t\t\t\t<div class=\"elementor-accordion-item\">\n\t\t\t\t\t<div id=\"elementor-tab-title-1768\" class=\"elementor-tab-title\" data-tab=\"8\" role=\"button\" aria-controls=\"elementor-tab-content-1768\" aria-expanded=\"false\">\n\t\t\t\t\t\t\t\t\t\t\t\t\t<span class=\"elementor-accordion-icon elementor-accordion-icon-left\" aria-hidden=\"true\">\n\t\t\t\t\t\t\t\t\t\t\t\t\t\t\t<span class=\"elementor-accordion-icon-closed\"><i class=\"fas fa-plus\"><\/i><\/span>\n\t\t\t\t\t\t\t\t<span class=\"elementor-accordion-icon-opened\"><i class=\"fas fa-minus\"><\/i><\/span>\n\t\t\t\t\t\t\t\t\t\t\t\t\t\t<\/span>\n\t\t\t\t\t\t\t\t\t\t\t\t<a class=\"elementor-accordion-title\" tabindex=\"0\">Eventi aziendali<\/a>\n\t\t\t\t\t<\/div>\n\t\t\t\t\t<div id=\"elementor-tab-content-1768\" class=\"elementor-tab-content elementor-clearfix\" data-tab=\"8\" role=\"region\" aria-labelledby=\"elementor-tab-title-1768\"><p>Se lavorate insieme con successo, potete festeggiarlo! Eventi comuni come le feste di Natale, i festival estivi o le celebrazioni di reparto offrono l'opportunit\u00e0 di farlo.<\/p><\/div>\n\t\t\t\t<\/div>\n\t\t\t\t\t\t\t\t<\/div>\n\t\t\t\t\t\t<\/div>\n\t\t\t\t<\/div>\n\t\t\t\t\t<\/div>\n\t\t<\/div>\n\t\t\t\t<div class=\"elementor-column elementor-col-50 elementor-inner-column elementor-element elementor-element-fe4a810\" data-id=\"fe4a810\" data-element_type=\"column\" data-e-type=\"column\">\n\t\t\t<div class=\"elementor-widget-wrap elementor-element-populated\">\n\t\t\t\t\t\t<div class=\"elementor-element elementor-element-936e4bd elementor-arrows-position-inside elementor-pagination-position-outside elementor-widget elementor-widget-image-carousel\" data-id=\"936e4bd\" data-element_type=\"widget\" data-e-type=\"widget\" data-settings=\"{&quot;slides_to_show&quot;:&quot;1&quot;,&quot;lazyload&quot;:&quot;yes&quot;,&quot;navigation&quot;:&quot;both&quot;,&quot;autoplay&quot;:&quot;yes&quot;,&quot;pause_on_hover&quot;:&quot;yes&quot;,&quot;pause_on_interaction&quot;:&quot;yes&quot;,&quot;autoplay_speed&quot;:5000,&quot;infinite&quot;:&quot;yes&quot;,&quot;effect&quot;:&quot;slide&quot;,&quot;speed&quot;:500}\" data-widget_type=\"image-carousel.default\">\n\t\t\t\t<div class=\"elementor-widget-container\">\n\t\t\t\t\t\t\t<div class=\"elementor-image-carousel-wrapper swiper\" role=\"region\" aria-roledescription=\"carousel\" aria-label=\"Carosello di immagini\" dir=\"ltr\">\n\t\t\t<div class=\"elementor-image-carousel swiper-wrapper swiper-image-stretch\" aria-live=\"off\">\n\t\t\t\t\t\t\t\t<div class=\"swiper-slide\" role=\"group\" aria-roledescription=\"slide\" aria-label=\"1 da 3\"><figure class=\"swiper-slide-inner\"><img class=\"swiper-slide-image swiper-lazy\" data-src=\"https:\/\/durmat.com\/wp-content\/uploads\/durum-verschleissschutz_ueberuns-startseite-01.jpg\" alt=\"\" \/><div class=\"swiper-lazy-preloader\"><\/div><\/figure><\/div><div class=\"swiper-slide\" role=\"group\" aria-roledescription=\"slide\" aria-label=\"2 da 3\"><figure class=\"swiper-slide-inner\"><img class=\"swiper-slide-image swiper-lazy\" data-src=\"https:\/\/durmat.com\/wp-content\/uploads\/durum_15.jpg\" alt=\"\" \/><div class=\"swiper-lazy-preloader\"><\/div><\/figure><\/div><div class=\"swiper-slide\" role=\"group\" aria-roledescription=\"slide\" aria-label=\"3 da 3\"><figure class=\"swiper-slide-inner\"><img class=\"swiper-slide-image swiper-lazy\" data-src=\"https:\/\/durmat.com\/wp-content\/uploads\/durum-verschleissschutz_fuelldraehte.jpg\" alt=\"\" \/><div class=\"swiper-lazy-preloader\"><\/div><\/figure><\/div>\t\t\t<\/div>\n\t\t\t\t\t\t\t\t\t\t\t\t<div class=\"elementor-swiper-button elementor-swiper-button-prev\" role=\"button\" tabindex=\"0\">\n\t\t\t\t\t\t<i aria-hidden=\"true\" class=\"eicon-chevron-left\"><\/i>\t\t\t\t\t<\/div>\n\t\t\t\t\t<div class=\"elementor-swiper-button elementor-swiper-button-next\" role=\"button\" tabindex=\"0\">\n\t\t\t\t\t\t<i aria-hidden=\"true\" class=\"eicon-chevron-right\"><\/i>\t\t\t\t\t<\/div>\n\t\t\t\t\n\t\t\t\t\t\t\t\t\t<div class=\"swiper-pagination\"><\/div>\n\t\t\t\t\t\t\t\t\t<\/div>\n\t\t\t\t\t\t<\/div>\n\t\t\t\t<\/div>\n\t\t\t\t\t<\/div>\n\t\t<\/div>\n\t\t\t\t\t<\/div>\n\t\t<\/section>\n\t\t\t\t<section class=\"elementor-section elementor-inner-section elementor-element elementor-element-451d0ee elementor-section-full_width elementor-section-height-default elementor-section-height-default\" data-id=\"451d0ee\" data-element_type=\"section\" data-e-type=\"section\" data-settings=\"{&quot;jet_parallax_layout_list&quot;:[]}\">\n\t\t\t\t\t\t<div class=\"elementor-container elementor-column-gap-default\">\n\t\t\t\t\t<div class=\"elementor-column elementor-col-100 elementor-inner-column elementor-element elementor-element-16dbd59\" data-id=\"16dbd59\" data-element_type=\"column\" data-e-type=\"column\">\n\t\t\t<div class=\"elementor-widget-wrap elementor-element-populated\">\n\t\t\t\t\t\t<div class=\"elementor-element elementor-element-5ad947a elementor-widget elementor-widget-heading\" data-id=\"5ad947a\" data-element_type=\"widget\" data-e-type=\"widget\" data-widget_type=\"heading.default\">\n\t\t\t\t<div class=\"elementor-widget-container\">\n\t\t\t\t\t<h3 class=\"elementor-heading-title elementor-size-default\">Si candidi ora!<\/h3>\t\t\t\t<\/div>\n\t\t\t\t<\/div>\n\t\t\t\t<div class=\"elementor-element elementor-element-4d3f618 elementor-widget elementor-widget-shortcode\" data-id=\"4d3f618\" data-element_type=\"widget\" data-e-type=\"widget\" data-widget_type=\"shortcode.default\">\n\t\t\t\t<div class=\"elementor-widget-container\">\n\t\t\t\t\t\t\t<div class=\"elementor-shortcode\"><div class=\"job_listings\" data-location=\"\" data-keywords=\"\" data-show_filters=\"false\" data-show_pagination=\"false\" data-per_page=\"12\" data-orderby=\"date\" data-order=\"DESC\" data-categories=\"\" data-disable-form-state-storage=\"\" data-featured_first=\"false\" data-post_id=\"4873\" ><ul class=\"job_listings\">\n<li class=\"post-205801 job_listing type-job_listing status-publish has-post-thumbnail hentry job-type-teilzeit job-type-vollzeit job_position_featured\" data-longitude=\"\" data-latitude=\"\">\n\t<a href=\"https:\/\/durmat.com\/it\/job\/mitarbeiterin-fuer-die-telefonzentrale-empfang-mit-guten-englischkenntnissen-in-vz-40-std-oder-tz-35-std\/\">\n\t\t<img decoding=\"async\" class=\"company_logo\" src=\"https:\/\/durmat.com\/wp-content\/uploads\/durum-wp-joblogo-150x150.jpg\" alt=\"DURUM Wear Protection GmbH\" title=\"Schema per\">\t\t<div class=\"position\">\n\t\t\t<h3>Impiegato per il centralino telefonico\/reception<\/h3>\n\t\t\t<div class=\"company\">\n\t\t\t\t<strong>DURUM Wear Protection GmbH<\/strong> \t\t\t\t<span class=\"tagline\">DURUM Verschlei\u00dfschutz GmbH \u00e8 un'azienda di medie dimensioni nel settore dei materiali di consumo per saldatura, specializzata nello sviluppo e nella produzione di materiali antiusura ad alte prestazioni e di soluzioni personalizzate. I nostri prodotti sono utilizzati con successo nell'industria petrolifera e del gas, nel settore minerario, nell'industria del cemento, nell'agricoltura e nell'industria siderurgica.<\/span>\t\t\t<\/div>\n\t\t<\/div>\n\t\t<div class=\"location\">\n\t\t\tWillich\t\t<\/div>\n\t\t<ul class=\"meta\">\n\t\t\t\n\t\t\t\t\t\t\t\t\t\t\t\t\t\t\t\t<li class=\"job-type teilzeit\">Part-time<\/li>\n\t\t\t\t\t\t\t\t\t<li class=\"job-type vollzeit\">A tempo pieno<\/li>\n\t\t\t\t\t\t\t\n\t\t\t<li class=\"date\"><time datetime=\"2026-03-26\">Pubblicato 2 settimane fa<\/time><\/li>\n\n\t\t\t\t\t<\/ul>\n\t<\/a>\n<\/li>\n<li class=\"post-205793 job_listing type-job_listing status-publish has-post-thumbnail hentry job-type-vollzeit job_position_featured\" data-longitude=\"\" data-latitude=\"\">\n\t<a href=\"https:\/\/durmat.com\/it\/job\/tecnico-elettronico-per-lingegneria-industriale-tecnologia-dellautomazione-m-f-d\/\">\n\t\t<img decoding=\"async\" class=\"company_logo\" src=\"https:\/\/durmat.com\/wp-content\/uploads\/durum-wp-joblogo-150x150.jpg\" alt=\"DURUM Wear Protection GmbH\" title=\"Schema per\">\t\t<div class=\"position\">\n\t\t\t<h3>Tecnico elettronico per la tecnologia operativa \u201eTecnologia dell'automazione\u201c (m\/f\/d)<\/h3>\n\t\t\t<div class=\"company\">\n\t\t\t\t<strong>DURUM Wear Protection GmbH<\/strong> \t\t\t\t<span class=\"tagline\">DURUM Verschlei\u00dfschutz GmbH \u00e8 un'azienda di medie dimensioni nel settore dei materiali di consumo per saldatura, specializzata nello sviluppo e nella produzione di materiali antiusura ad alte prestazioni e di soluzioni personalizzate. I nostri prodotti sono utilizzati con successo nell'industria petrolifera e del gas, nel settore minerario, nell'industria del cemento, nell'agricoltura e nell'industria siderurgica.<\/span>\t\t\t<\/div>\n\t\t<\/div>\n\t\t<div class=\"location\">\n\t\t\tWillich\t\t<\/div>\n\t\t<ul class=\"meta\">\n\t\t\t\n\t\t\t\t\t\t\t\t\t\t\t\t\t\t\t\t<li class=\"job-type vollzeit\">A tempo pieno<\/li>\n\t\t\t\t\t\t\t\n\t\t\t<li class=\"date\"><time datetime=\"2026-02-25\">Pubblicato 1 mese fa<\/time><\/li>\n\n\t\t\t\t\t<\/ul>\n\t<\/a>\n<\/li>\n<li class=\"post-4878 job_listing type-job_listing status-publish has-post-thumbnail hentry job-type-praktikant job_position_featured\" data-longitude=\"\" data-latitude=\"\">\n\t<a href=\"https:\/\/durmat.com\/it\/job\/apprendista-m-w-d\/\">\n\t\t<img decoding=\"async\" class=\"company_logo\" src=\"https:\/\/durmat.com\/wp-content\/uploads\/durum-wp-joblogo-150x150.jpg\" alt=\"DURUM Wear Protection GmbH\" title=\"Schema per\">\t\t<div class=\"position\">\n\t\t\t<h3>Stagista (m\/f\/d)<\/h3>\n\t\t\t<div class=\"company\">\n\t\t\t\t<strong>DURUM Wear Protection GmbH<\/strong> \t\t\t\t<span class=\"tagline\">DURUM Verschlei\u00dfschutz GmbH \u00e8 un'azienda di medie dimensioni nel settore dei materiali di consumo per saldatura, specializzata nello sviluppo e nella produzione di materiali antiusura ad alte prestazioni e di soluzioni personalizzate. I nostri prodotti sono utilizzati con successo nell'industria petrolifera e del gas, nel settore minerario, nell'industria del cemento, nell'agricoltura e nell'industria siderurgica.<\/span>\t\t\t<\/div>\n\t\t<\/div>\n\t\t<div class=\"location\">\n\t\t\tWillich\t\t<\/div>\n\t\t<ul class=\"meta\">\n\t\t\t\n\t\t\t\t\t\t\t\t\t\t\t\t\t\t\t\t<li class=\"job-type praktikant\">Apprendista<\/li>\n\t\t\t\t\t\t\t\n\t\t\t<li class=\"date\"><time datetime=\"2022-09-06\">Pubblicato 4 anni fa<\/time><\/li>\n\n\t\t\t\t\t<\/ul>\n\t<\/a>\n<\/li>\n<li class=\"post-4873 job_listing type-job_listing status-publish has-post-thumbnail hentry job-type-werkstudent job_position_featured\" data-longitude=\"\" data-latitude=\"\">\n\t<a href=\"https:\/\/durmat.com\/it\/job\/studio-lavoro-m-w-d\/\">\n\t\t<img decoding=\"async\" class=\"company_logo\" src=\"https:\/\/durmat.com\/wp-content\/uploads\/durum-wp-joblogo-150x150.jpg\" alt=\"DURUM Wear Protection GmbH\" title=\"Schema per\">\t\t<div class=\"position\">\n\t\t\t<h3>Studente lavoratore (m\/f\/d)<\/h3>\n\t\t\t<div class=\"company\">\n\t\t\t\t<strong>DURUM Wear Protection GmbH<\/strong> \t\t\t\t<span class=\"tagline\">DURUM Verschlei\u00dfschutz GmbH \u00e8 un'azienda di medie dimensioni nel settore dei materiali di consumo per saldatura, specializzata nello sviluppo e nella produzione di materiali antiusura ad alte prestazioni e di soluzioni personalizzate. I nostri prodotti sono utilizzati con successo nell'industria petrolifera e del gas, nel settore minerario, nell'industria del cemento, nell'agricoltura e nell'industria siderurgica.<\/span>\t\t\t<\/div>\n\t\t<\/div>\n\t\t<div class=\"location\">\n\t\t\tWillich\t\t<\/div>\n\t\t<ul class=\"meta\">\n\t\t\t\n\t\t\t\t\t\t\t\t\t\t\t\t\t\t\t\t<li class=\"job-type werkstudent\">Studente lavoratore<\/li>\n\t\t\t\t\t\t\t\n\t\t\t<li class=\"date\"><time datetime=\"2022-09-06\">Pubblicato 4 anni fa<\/time><\/li>\n\n\t\t\t\t\t<\/ul>\n\t<\/a>\n<\/li>\n<\/ul>\n<\/div><\/div>\n\t\t\t\t\t\t<\/div>\n\t\t\t\t<\/div>\n\t\t\t\t\t<\/div>\n\t\t<\/div>\n\t\t\t\t\t<\/div>\n\t\t<\/section>\n\t\t\t\t\t<\/div>\n\t\t<\/div>\n\t\t\t\t\t<\/div>\n\t\t<\/section>\n\t\t\t\t<\/div>","protected":false},"excerpt":{"rendered":"<p>Starten Sie mit uns durch \u2013 Karriere bei DURUM Als familiengef\u00fchrtes Unternehmen wollen wir stetig wachsen und neue Produkte entwickeln, um auch in Zukunft den Anforderungen unserer nationalen und internationalen Kunden gerecht zu werden. Das Engagement und die Leidenschaft unserer Mitarbeiter sind dabei von gro\u00dfer Bedeutung. Bei DURUM bieten wir Ihnen einen sicheren Arbeitsplatz und [&hellip;]<\/p>\n","protected":false},"author":1,"featured_media":6854,"parent":706,"menu_order":0,"comment_status":"closed","ping_status":"closed","template":"","meta":{"footnotes":""},"class_list":["post-1267","page","type-page","status-publish","has-post-thumbnail","hentry"],"_links":{"self":[{"href":"https:\/\/durmat.com\/it\/wp-json\/wp\/v2\/pages\/1267","targetHints":{"allow":["GET"]}}],"collection":[{"href":"https:\/\/durmat.com\/it\/wp-json\/wp\/v2\/pages"}],"about":[{"href":"https:\/\/durmat.com\/it\/wp-json\/wp\/v2\/types\/page"}],"author":[{"embeddable":true,"href":"https:\/\/durmat.com\/it\/wp-json\/wp\/v2\/users\/1"}],"replies":[{"embeddable":true,"href":"https:\/\/durmat.com\/it\/wp-json\/wp\/v2\/comments?post=1267"}],"version-history":[{"count":45,"href":"https:\/\/durmat.com\/it\/wp-json\/wp\/v2\/pages\/1267\/revisions"}],"predecessor-version":[{"id":205424,"href":"https:\/\/durmat.com\/it\/wp-json\/wp\/v2\/pages\/1267\/revisions\/205424"}],"up":[{"embeddable":true,"href":"https:\/\/durmat.com\/it\/wp-json\/wp\/v2\/pages\/706"}],"wp:featuredmedia":[{"embeddable":true,"href":"https:\/\/durmat.com\/it\/wp-json\/wp\/v2\/media\/6854"}],"wp:attachment":[{"href":"https:\/\/durmat.com\/it\/wp-json\/wp\/v2\/media?parent=1267"}],"curies":[{"name":"wp","href":"https:\/\/api.w.org\/{rel}","templated":true}]}}