{"id":205243,"date":"2025-05-07T11:00:53","date_gmt":"2025-05-07T09:00:53","guid":{"rendered":"https:\/\/durmat.com\/?page_id=205243"},"modified":"2025-06-17T11:27:52","modified_gmt":"2025-06-17T09:27:52","slug":"erklaerung-zur-barrierefreiheit","status":"publish","type":"page","link":"https:\/\/durmat.com\/it\/azienda\/dichiarazione-sullaccessibilita\/","title":{"rendered":"Dichiarazione sull'accessibilit\u00e0"},"content":{"rendered":"<div data-elementor-type=\"wp-page\" data-elementor-id=\"205243\" class=\"elementor elementor-205243\" data-elementor-post-type=\"page\">\n\t\t\t\t\t\t<section class=\"elementor-section elementor-top-section elementor-element elementor-element-544dd4a elementor-section-boxed elementor-section-height-default elementor-section-height-default\" data-id=\"544dd4a\" data-element_type=\"section\" data-e-type=\"section\" data-settings=\"{&quot;jet_parallax_layout_list&quot;:[]}\">\n\t\t\t\t\t\t<div class=\"elementor-container elementor-column-gap-default\">\n\t\t\t\t\t<div class=\"elementor-column elementor-col-100 elementor-top-column elementor-element elementor-element-4cf41da\" data-id=\"4cf41da\" data-element_type=\"column\" data-e-type=\"column\">\n\t\t\t<div class=\"elementor-widget-wrap elementor-element-populated\">\n\t\t\t\t\t\t<div class=\"elementor-element elementor-element-36ca997 elementor-widget elementor-widget-text-editor\" data-id=\"36ca997\" data-element_type=\"widget\" data-e-type=\"widget\" data-widget_type=\"text-editor.default\">\n\t\t\t\t<div class=\"elementor-widget-container\">\n\t\t\t\t\t\t\t\t\t<p>Nell'ambito della nostra dichiarazione di accessibilit\u00e0, desideriamo fornirvi una panoramica dello stato di compatibilit\u00e0 dei servizi descritti di seguito con i requisiti di accessibilit\u00e0 secondo le norme di legge (in particolare con la legge sul rafforzamento dell'accessibilit\u00e0 - BFSG).<\/p>\n<h2>Dettagli del fornitore di servizi<\/h2><p>PROTEZIONE ANTIUSURA DURUM GMBH<br \/>\nCarl-Friedrich-Benz-Str. 7<br \/>\n47877 Willich<br \/>\nNord Reno-Westfalia<\/p>\n\n<h2>Descrizione generale del servizio<\/h2><p>Fornitura di informazioni sull'azienda su durmat.com.<\/p>\n\n<h2>Spiegazioni sull'implementazione del servizio<\/h2><p>L'azienda fornisce informazioni sui propri prodotti e servizi sul proprio sito web. Il sito web offre la possibilit\u00e0 di contattare l'azienda tramite vari moduli.<\/p>\n\n<h2>Stato di compatibilit\u00e0 con i requisiti<\/h2>\n<p>Il servizio di cui sopra \u00e8 parzialmente compatibile con la legge sul rafforzamento dell'accessibilit\u00e0 (BFSG).<\/p> <p>Le seguenti parti\/contenuti\/funzioni del servizio non sono accessibili:<\/p><p>I contenuti video sul sito web non possono essere disattivati o messi in pausa, mancano contenuti alternativi per le presentazioni audiovisive. L'etichettatura dei moduli e i messaggi di errore relativi ai campi sono talvolta inadeguati. L'utilizzo della tastiera del sito web \u00e8 limitato in alcuni punti. Diverse rappresentazioni a colori non sono sufficientemente ricche di contrasto, ci sono diversi errori di sintassi HTML e attributi HTML superflui che rendono il sito web difficile da percepire.<\/p>\n<h3>Alternative senza barriere<\/h3>\n<p>Tutte le informazioni contenute nei video e nelle immagini sono disponibili anche nel testo, se pertinenti. L'azienda pu\u00f2 essere contattata direttamente via e-mail e telefono in qualsiasi momento.<\/p>\n<h3>Parti non accessibili del servizio - scadenze di attuazione<\/h3>\n<p>Stiamo cercando di ottimizzare il sito web per renderlo accessibile nel prossimo futuro e per ridurre al minimo i problemi di funzionamento. Al momento non siamo in grado di fornire una tempistica precisa.<\/p>\n\n<h2>Preparazione della dichiarazione di accessibilit\u00e0<\/h2> <p>Data di redazione della dichiarazione di accessibilit\u00e0: 11\/06\/2025<br \/> Data dell'ultima revisione dei servizi sopra citati in relazione ai requisiti di accessibilit\u00e0: 10\/06\/2025<\/p>\n\t\t\t\t\t\t\t\t<\/div>\n\t\t\t\t<\/div>\n\t\t\t\t\t<\/div>\n\t\t<\/div>\n\t\t\t\t\t<\/div>\n\t\t<\/section>\n\t\t\t\t<\/div>","protected":false},"excerpt":{"rendered":"<p>Im Rahmen unserer Barrierefreiheitserkl&auml;rung m&ouml;chten wir Ihnen einen &Uuml;berblick &uuml;ber den Stand der Vereinbarkeit der unten beschriebenen Dienstleistung(en) mit den Anforderungen der Barrierefreiheit nach gesetzlichen Vorschriften (insbesondere mit dem Barrierefreiheitsst&auml;rkungsgesetz &ndash; BFSG) geben. Angaben zum Dienstleistungserbringer DURUM VERSCHLEISS-SCHUTZ GMBH Carl-Friedrich-Benz-Str. 7 47877 Willich Nordrhein-Westfalen Allgemeine Beschreibung der Dienstleistung Bereitstellung von Informationen zum Unternehmen unter durmat.com. [&hellip;]<\/p>\n","protected":false},"author":1,"featured_media":6854,"parent":706,"menu_order":0,"comment_status":"closed","ping_status":"closed","template":"","meta":{"footnotes":""},"class_list":["post-205243","page","type-page","status-publish","has-post-thumbnail","hentry"],"_links":{"self":[{"href":"https:\/\/durmat.com\/it\/wp-json\/wp\/v2\/pages\/205243","targetHints":{"allow":["GET"]}}],"collection":[{"href":"https:\/\/durmat.com\/it\/wp-json\/wp\/v2\/pages"}],"about":[{"href":"https:\/\/durmat.com\/it\/wp-json\/wp\/v2\/types\/page"}],"author":[{"embeddable":true,"href":"https:\/\/durmat.com\/it\/wp-json\/wp\/v2\/users\/1"}],"replies":[{"embeddable":true,"href":"https:\/\/durmat.com\/it\/wp-json\/wp\/v2\/comments?post=205243"}],"version-history":[{"count":4,"href":"https:\/\/durmat.com\/it\/wp-json\/wp\/v2\/pages\/205243\/revisions"}],"predecessor-version":[{"id":205338,"href":"https:\/\/durmat.com\/it\/wp-json\/wp\/v2\/pages\/205243\/revisions\/205338"}],"up":[{"embeddable":true,"href":"https:\/\/durmat.com\/it\/wp-json\/wp\/v2\/pages\/706"}],"wp:featuredmedia":[{"embeddable":true,"href":"https:\/\/durmat.com\/it\/wp-json\/wp\/v2\/media\/6854"}],"wp:attachment":[{"href":"https:\/\/durmat.com\/it\/wp-json\/wp\/v2\/media?parent=205243"}],"curies":[{"name":"wp","href":"https:\/\/api.w.org\/{rel}","templated":true}]}}