{"id":205245,"date":"2025-04-30T15:46:52","date_gmt":"2025-04-30T13:46:52","guid":{"rendered":"https:\/\/durmat.com\/?page_id=205245"},"modified":"2025-09-03T14:30:49","modified_gmt":"2025-09-03T12:30:49","slug":"ueber-uns-in-einfacher-sprache","status":"publish","type":"page","link":"https:\/\/durmat.com\/it\/azienda\/su-di-noi-in-un-linguaggio-semplice\/","title":{"rendered":"Chi siamo in un linguaggio semplice"},"content":{"rendered":"<div data-elementor-type=\"wp-page\" data-elementor-id=\"205245\" class=\"elementor elementor-205245\" data-elementor-post-type=\"page\">\n\t\t\t\t\t\t<section class=\"elementor-section elementor-top-section elementor-element elementor-element-817711a elementor-section-boxed elementor-section-height-default elementor-section-height-default\" data-id=\"817711a\" data-element_type=\"section\" data-e-type=\"section\" data-settings=\"{&quot;jet_parallax_layout_list&quot;:[]}\">\n\t\t\t\t\t\t<div class=\"elementor-container elementor-column-gap-default\">\n\t\t\t\t\t<div class=\"elementor-column elementor-col-100 elementor-top-column elementor-element elementor-element-5bd8aa1\" data-id=\"5bd8aa1\" data-element_type=\"column\" data-e-type=\"column\">\n\t\t\t<div class=\"elementor-widget-wrap elementor-element-populated\">\n\t\t\t\t\t\t<div class=\"elementor-element elementor-element-e4f0e8f elementor-widget elementor-widget-text-editor\" data-id=\"e4f0e8f\" data-element_type=\"widget\" data-e-type=\"widget\" data-widget_type=\"text-editor.default\">\n\t\t\t\t<div class=\"elementor-widget-container\">\n\t\t\t\t\t\t\t\t\t<h2>Siamo DURUM<\/h2><p>Siamo in giro da oltre 40 anni.<\/p><p>Proteggiamo le macchine.<br \/>Il nostro lavoro lo garantisce:<br \/>Le macchine durano pi\u00f9 a lungo.<\/p><p>Lavoriamo in tutto il mondo.<br \/>Forniamo i nostri prodotti a pi\u00f9 di 80 Paesi.<br \/>Abbiamo aziende in Brasile, Francia e Stati Uniti.<\/p><h3>Questo \u00e8 importante per noi<\/h3><ul><li>I nostri prodotti sono di buona qualit\u00e0.<\/li><li>Le diamo consigli amichevoli e validi.<\/li><li>Sviluppiamo nuovi prodotti.<\/li><li>Offriamo un buon servizio.<\/li><li>La fiducia \u00e8 molto importante per noi.<\/li><\/ul><h3>Cosa facciamo per voi<\/h3><p>Troveremo la soluzione migliore per il suo problema.<br \/>Proteggiamo molti macchinari e sistemi diversi.<br \/>Aiutiamo le piccole imprese e le grandi aziende.<\/p><h3>I nostri prodotti<\/h3><p>Realizziamo prodotti speciali.<br \/>I nostri prodotti proteggono le macchine dall'usura.<br \/>Per esempio:<\/p><ul><li>Fili di saldatura<\/li><li>Polvere per saldatura<\/li><li>Fili spray<\/li><li>Polvere spray<\/li><li>Pannelli protettivi pronti per l'uso<\/li><li>Componenti gi\u00e0 pronti che pu\u00f2 installare direttamente<\/li><\/ul><p>Alcuni dei nostri prodotti contengono una sostanza.<br \/>Il materiale si chiama carburo di tungsteno.<br \/>Fornisce una protezione particolarmente forte.<\/p><h3>La nostra ricerca<\/h3><p>Sviluppiamo nuovi materiali.<br \/>Sviluppiamo nuove tecniche di saldatura e rivestimento.<\/p><p>Abbiamo i nostri laboratori.<br \/>L\u00ec testiamo i nuovi tessuti.<br \/>Sviluppiamo anche soluzioni per i singoli clienti.<\/p><h3>I nostri progetti<\/h3><p>Siamo coinvolti in molti progetti di ricerca.<br \/>Collaboriamo con universit\u00e0 e aziende.<br \/>A volte riceviamo denaro dall'UE o dallo Stato.<\/p><p>Condividiamo alcuni risultati con altri.<br \/>Alcuni risultati rimangono segreti.<br \/>Questo \u00e8 importante se \u00e8 ci\u00f2 che i clienti vogliono.<\/p><h3>I nostri corsi di formazione<\/h3><p>Le mostreremo come utilizzare correttamente i nostri prodotti.<br \/>I nostri esperti possono aiutarla.<\/p><h3>Il nostro codice di condotta:<\/h3><p>Rispettiamo tutte le leggi.<br \/>Lavoriamo in modo onesto.<br \/>Ci comportiamo bene al lavoro.<br \/>Ci comportiamo bene anche al di fuori del lavoro.<\/p>\t\t\t\t\t\t\t\t<\/div>\n\t\t\t\t<\/div>\n\t\t\t\t\t<\/div>\n\t\t<\/div>\n\t\t\t\t\t<\/div>\n\t\t<\/section>\n\t\t\t\t<\/div>","protected":false},"excerpt":{"rendered":"<p>Wir sind DURUM Uns gibt es seit \u00fcber 40 Jahren. Wir sch\u00fctzen Maschinen.Unsere Arbeit sorgt daf\u00fcr:Maschinen halten l\u00e4nger. Wir arbeiten auf der ganzen Welt.Wir liefern unsere Produkte in mehr als 80 L\u00e4nder.Wir haben Firmen in Brasilien, Frankreich und den USA. Das ist uns wichtig Unsere Produkte haben gute Qualit\u00e4t. Wir beraten Sie freundlich und gut. [&hellip;]<\/p>\n","protected":false},"author":1,"featured_media":2376,"parent":706,"menu_order":0,"comment_status":"closed","ping_status":"closed","template":"","meta":{"footnotes":""},"class_list":["post-205245","page","type-page","status-publish","has-post-thumbnail","hentry"],"_links":{"self":[{"href":"https:\/\/durmat.com\/it\/wp-json\/wp\/v2\/pages\/205245","targetHints":{"allow":["GET"]}}],"collection":[{"href":"https:\/\/durmat.com\/it\/wp-json\/wp\/v2\/pages"}],"about":[{"href":"https:\/\/durmat.com\/it\/wp-json\/wp\/v2\/types\/page"}],"author":[{"embeddable":true,"href":"https:\/\/durmat.com\/it\/wp-json\/wp\/v2\/users\/1"}],"replies":[{"embeddable":true,"href":"https:\/\/durmat.com\/it\/wp-json\/wp\/v2\/comments?post=205245"}],"version-history":[{"count":16,"href":"https:\/\/durmat.com\/it\/wp-json\/wp\/v2\/pages\/205245\/revisions"}],"predecessor-version":[{"id":205585,"href":"https:\/\/durmat.com\/it\/wp-json\/wp\/v2\/pages\/205245\/revisions\/205585"}],"up":[{"embeddable":true,"href":"https:\/\/durmat.com\/it\/wp-json\/wp\/v2\/pages\/706"}],"wp:featuredmedia":[{"embeddable":true,"href":"https:\/\/durmat.com\/it\/wp-json\/wp\/v2\/media\/2376"}],"wp:attachment":[{"href":"https:\/\/durmat.com\/it\/wp-json\/wp\/v2\/media?parent=205245"}],"curies":[{"name":"wp","href":"https:\/\/api.w.org\/{rel}","templated":true}]}}