{"id":669,"date":"2022-06-01T10:56:15","date_gmt":"2022-06-01T08:56:15","guid":{"rendered":"https:\/\/durmat.com\/?page_id=669"},"modified":"2023-07-07T09:50:06","modified_gmt":"2023-07-07T07:50:06","slug":"forschung-entwicklung","status":"publish","type":"page","link":"https:\/\/durmat.com\/it\/ricerca-sviluppo\/","title":{"rendered":"Ricerca e sviluppo"},"content":{"rendered":"<div data-elementor-type=\"wp-page\" data-elementor-id=\"669\" class=\"elementor elementor-669\" data-elementor-post-type=\"page\">\n\t\t\t\t\t\t<section class=\"elementor-section elementor-top-section elementor-element elementor-element-7dfacd3 elementor-section-full_width elementor-section-height-default elementor-section-height-default\" data-id=\"7dfacd3\" data-element_type=\"section\" data-e-type=\"section\" data-settings=\"{&quot;jet_parallax_layout_list&quot;:[]}\">\n\t\t\t\t\t\t<div class=\"elementor-container elementor-column-gap-default\">\n\t\t\t\t\t<div class=\"elementor-column elementor-col-100 elementor-top-column elementor-element elementor-element-f0efcac\" data-id=\"f0efcac\" data-element_type=\"column\" data-e-type=\"column\">\n\t\t\t<div class=\"elementor-widget-wrap elementor-element-populated\">\n\t\t\t\t\t\t<div class=\"elementor-element elementor-element-d9b88ca elementor-widget elementor-widget-heading\" data-id=\"d9b88ca\" data-element_type=\"widget\" data-e-type=\"widget\" data-widget_type=\"heading.default\">\n\t\t\t\t<div class=\"elementor-widget-container\">\n\t\t\t\t\t<h2 class=\"elementor-heading-title elementor-size-default\">Ricerca innovativa per lo sviluppo del suo business<\/h2>\t\t\t\t<\/div>\n\t\t\t\t<\/div>\n\t\t\t\t<section class=\"elementor-section elementor-inner-section elementor-element elementor-element-bb3d3b2 elementor-section-full_width elementor-section-height-default elementor-section-height-default\" data-id=\"bb3d3b2\" data-element_type=\"section\" data-e-type=\"section\" data-settings=\"{&quot;jet_parallax_layout_list&quot;:[]}\">\n\t\t\t\t\t\t<div class=\"elementor-container elementor-column-gap-default\">\n\t\t\t\t\t<div class=\"elementor-column elementor-col-50 elementor-inner-column elementor-element elementor-element-8c063dd\" data-id=\"8c063dd\" data-element_type=\"column\" data-e-type=\"column\">\n\t\t\t<div class=\"elementor-widget-wrap elementor-element-populated\">\n\t\t\t\t\t\t<div class=\"elementor-element elementor-element-d53599c elementor-widget elementor-widget-text-editor\" data-id=\"d53599c\" data-element_type=\"widget\" data-e-type=\"widget\" data-widget_type=\"text-editor.default\">\n\t\t\t\t<div class=\"elementor-widget-container\">\n\t\t\t\t\t\t\t\t\t<p>Nessuno <strong>Soluzione di protezione dall'usura <\/strong>\u00e8 cos\u00ec buono che non c'\u00e8 bisogno di <strong>migliore<\/strong> potrebbe fare. Per questo motivo, sviluppiamo costantemente materiali comuni per la saldatura e lo spray termico e facciamo ricerca su <strong>La pi\u00f9 moderna tecnologia del processo applicativo<\/strong> - naturalmente anche per conto dei clienti.<\/p><p>Nei nostri laboratori, realizziamo non solo la saldatura tecnica <strong>Monitoraggio della qualit\u00e0 <\/strong>Numerose serie di test con <strong>Leghe nuove<\/strong> attraverso e sviluppare <strong>Soluzioni su misura<\/strong> per applicazioni altamente specializzate. In questo modo, diamo un contributo significativo all'ulteriore sviluppo continuo della <strong>Standard di protezione dall'usura<\/strong> e rendere i processi pi\u00f9 efficienti.<\/p>\t\t\t\t\t\t\t\t<\/div>\n\t\t\t\t<\/div>\n\t\t\t\t\t<\/div>\n\t\t<\/div>\n\t\t\t\t<div class=\"elementor-column elementor-col-50 elementor-inner-column elementor-element elementor-element-f231695\" data-id=\"f231695\" data-element_type=\"column\" data-e-type=\"column\">\n\t\t\t<div class=\"elementor-widget-wrap elementor-element-populated\">\n\t\t\t\t\t\t<div class=\"elementor-element elementor-element-08dd605 elementor-arrows-position-inside elementor-pagination-position-outside elementor-widget elementor-widget-image-carousel\" data-id=\"08dd605\" data-element_type=\"widget\" data-e-type=\"widget\" data-settings=\"{&quot;slides_to_show&quot;:&quot;1&quot;,&quot;lazyload&quot;:&quot;yes&quot;,&quot;navigation&quot;:&quot;both&quot;,&quot;autoplay&quot;:&quot;yes&quot;,&quot;pause_on_hover&quot;:&quot;yes&quot;,&quot;pause_on_interaction&quot;:&quot;yes&quot;,&quot;autoplay_speed&quot;:5000,&quot;infinite&quot;:&quot;yes&quot;,&quot;effect&quot;:&quot;slide&quot;,&quot;speed&quot;:500}\" data-widget_type=\"image-carousel.default\">\n\t\t\t\t<div class=\"elementor-widget-container\">\n\t\t\t\t\t\t\t<div class=\"elementor-image-carousel-wrapper swiper\" role=\"region\" aria-roledescription=\"carousel\" aria-label=\"Carosello di immagini\" dir=\"ltr\">\n\t\t\t<div class=\"elementor-image-carousel swiper-wrapper swiper-image-stretch\" aria-live=\"off\">\n\t\t\t\t\t\t\t\t<div class=\"swiper-slide\" role=\"group\" aria-roledescription=\"slide\" aria-label=\"1 da 2\"><figure class=\"swiper-slide-inner\"><img class=\"swiper-slide-image swiper-lazy\" data-src=\"https:\/\/durmat.com\/wp-content\/uploads\/durum-verschleissschutz_dienstleistungen-header.jpg\" alt=\"intestazione servizi_di_protezione_durevole\" \/><div class=\"swiper-lazy-preloader\"><\/div><\/figure><\/div><div class=\"swiper-slide\" role=\"group\" aria-roledescription=\"slide\" aria-label=\"2 da 2\"><figure class=\"swiper-slide-inner\"><img class=\"swiper-slide-image swiper-lazy\" data-src=\"https:\/\/durmat.com\/wp-content\/uploads\/durum-verschleissschutz_dienstleistungen-labore-header.jpg\" alt=\"intestazione dei servizi di protezione del lavoro durum\" \/><div class=\"swiper-lazy-preloader\"><\/div><\/figure><\/div>\t\t\t<\/div>\n\t\t\t\t\t\t\t\t\t\t\t\t<div class=\"elementor-swiper-button elementor-swiper-button-prev\" role=\"button\" tabindex=\"0\">\n\t\t\t\t\t\t<i aria-hidden=\"true\" class=\"eicon-chevron-left\"><\/i>\t\t\t\t\t<\/div>\n\t\t\t\t\t<div class=\"elementor-swiper-button elementor-swiper-button-next\" role=\"button\" tabindex=\"0\">\n\t\t\t\t\t\t<i aria-hidden=\"true\" class=\"eicon-chevron-right\"><\/i>\t\t\t\t\t<\/div>\n\t\t\t\t\n\t\t\t\t\t\t\t\t\t<div class=\"swiper-pagination\"><\/div>\n\t\t\t\t\t\t\t\t\t<\/div>\n\t\t\t\t\t\t<\/div>\n\t\t\t\t<\/div>\n\t\t\t\t\t<\/div>\n\t\t<\/div>\n\t\t\t\t\t<\/div>\n\t\t<\/section>\n\t\t\t\t<div class=\"elementor-element elementor-element-3edea58 elementor-widget elementor-widget-heading\" data-id=\"3edea58\" data-element_type=\"widget\" data-e-type=\"widget\" data-widget_type=\"heading.default\">\n\t\t\t\t<div class=\"elementor-widget-container\">\n\t\t\t\t\t<h3 class=\"elementor-heading-title elementor-size-default\">DURUM come partner\/sostenitore del progetto<\/h3>\t\t\t\t<\/div>\n\t\t\t\t<\/div>\n\t\t\t\t<section class=\"elementor-section elementor-inner-section elementor-element elementor-element-725b17d elementor-section-full_width elementor-section-height-default elementor-section-height-default\" data-id=\"725b17d\" data-element_type=\"section\" data-e-type=\"section\" data-settings=\"{&quot;jet_parallax_layout_list&quot;:[]}\">\n\t\t\t\t\t\t<div class=\"elementor-container elementor-column-gap-default\">\n\t\t\t\t\t<div class=\"elementor-column elementor-col-50 elementor-inner-column elementor-element elementor-element-0dd18ee\" data-id=\"0dd18ee\" data-element_type=\"column\" data-e-type=\"column\">\n\t\t\t<div class=\"elementor-widget-wrap elementor-element-populated\">\n\t\t\t\t\t\t<div class=\"elementor-element elementor-element-e426f4b elementor-widget elementor-widget-image\" data-id=\"e426f4b\" data-element_type=\"widget\" data-e-type=\"widget\" data-widget_type=\"image.default\">\n\t\t\t\t<div class=\"elementor-widget-container\">\n\t\t\t\t\t\t\t\t\t\t\t\t\t\t\t<img fetchpriority=\"high\" decoding=\"async\" width=\"800\" height=\"534\" src=\"https:\/\/durmat.com\/wp-content\/uploads\/Durum-Willich-8669.jpg\" class=\"attachment-large size-large wp-image-7126\" alt=\"Schema per\" srcset=\"https:\/\/durmat.com\/wp-content\/uploads\/Durum-Willich-8669.jpg 1000w, https:\/\/durmat.com\/wp-content\/uploads\/Durum-Willich-8669-300x200.jpg 300w, https:\/\/durmat.com\/wp-content\/uploads\/Durum-Willich-8669-768x512.jpg 768w\" sizes=\"(max-width: 800px) 100vw, 800px\" title=\"Schema per\">\t\t\t\t\t\t\t\t\t\t\t\t\t\t\t<\/div>\n\t\t\t\t<\/div>\n\t\t\t\t\t<\/div>\n\t\t<\/div>\n\t\t\t\t<div class=\"elementor-column elementor-col-50 elementor-inner-column elementor-element elementor-element-69c0222\" data-id=\"69c0222\" data-element_type=\"column\" data-e-type=\"column\">\n\t\t\t<div class=\"elementor-widget-wrap elementor-element-populated\">\n\t\t\t\t\t\t<div class=\"elementor-element elementor-element-76da4c1 elementor-widget elementor-widget-text-editor\" data-id=\"76da4c1\" data-element_type=\"widget\" data-e-type=\"widget\" data-widget_type=\"text-editor.default\">\n\t\t\t\t<div class=\"elementor-widget-container\">\n\t\t\t\t\t\t\t\t\t<p>Da molti anni siamo attivi nel lavoro di ricerca e sviluppo per soddisfare le richieste di qualit\u00e0 in costante crescita dei nostri clienti con i prodotti DURMAT\u00ae. In stretta collaborazione con <strong>Istituti scientifici<\/strong> DURUM ha gi\u00e0 prodotto numerosi <strong>Progetti di ricerca e sviluppo<\/strong> come partner e coordinatore.<\/p><p>Partecipando a questi progetti, accresciamo costantemente le nostre conoscenze aziendali e rimaniamo competitivi, mentre allo stesso tempo sviluppiamo sempre nuovi campi di applicazione per <strong>tecnologie innovative<\/strong>.<\/p><p>Questi progetti di ricerca e sviluppo sono, per lo pi\u00f9, bilaterali. <strong>Progetti dei clienti <\/strong>con un'attenzione particolare ai requisiti del rispettivo partner, che vengono elaborati con assoluta riservatezza nei confronti di terzi e si traducono in una tecnologia di impianto specifica per il cliente. Inoltre, realizziamo <strong>Progetti di collaborazione<\/strong> con diversi partner di progetto, in parte anche finanziati pubblicamente da programmi di sviluppo statali, federali o dell'UE, alcuni dei cui risultati sono stati pubblicati.<\/p>\t\t\t\t\t\t\t\t<\/div>\n\t\t\t\t<\/div>\n\t\t\t\t\t<\/div>\n\t\t<\/div>\n\t\t\t\t\t<\/div>\n\t\t<\/section>\n\t\t\t\t\t<\/div>\n\t\t<\/div>\n\t\t\t\t\t<\/div>\n\t\t<\/section>\n\t\t\t\t<section class=\"elementor-section elementor-top-section elementor-element elementor-element-88d62b9 elementor-section-full_width elementor-section-height-default elementor-section-height-default\" data-id=\"88d62b9\" data-element_type=\"section\" data-e-type=\"section\" data-settings=\"{&quot;jet_parallax_layout_list&quot;:[]}\">\n\t\t\t\t\t\t<div class=\"elementor-container elementor-column-gap-default\">\n\t\t\t\t\t<div class=\"elementor-column elementor-col-100 elementor-top-column elementor-element elementor-element-1798cfc\" data-id=\"1798cfc\" data-element_type=\"column\" data-e-type=\"column\">\n\t\t\t<div class=\"elementor-widget-wrap elementor-element-populated\">\n\t\t\t\t\t\t<div class=\"elementor-element elementor-element-3d8ecd2 elementor-widget elementor-widget-template\" data-id=\"3d8ecd2\" data-element_type=\"widget\" data-e-type=\"widget\" data-widget_type=\"template.default\">\n\t\t\t\t<div class=\"elementor-widget-container\">\n\t\t\t\t\t\t\t<div class=\"elementor-template\">\n\t\t\t\t\t<div data-elementor-type=\"section\" data-elementor-id=\"3339\" class=\"elementor elementor-3339\" data-elementor-post-type=\"elementor_library\">\n\t\t\t\t\t<section class=\"elementor-section elementor-top-section elementor-element elementor-element-ce2a629 elementor-section-full_width elementor-section-height-default elementor-section-height-default\" data-id=\"ce2a629\" data-element_type=\"section\" data-e-type=\"section\" data-settings=\"{&quot;jet_parallax_layout_list&quot;:[]}\">\n\t\t\t\t\t\t<div class=\"elementor-container elementor-column-gap-default\">\n\t\t\t\t\t<div class=\"elementor-column elementor-col-100 elementor-top-column elementor-element elementor-element-c3b7f8c\" data-id=\"c3b7f8c\" data-element_type=\"column\" data-e-type=\"column\">\n\t\t\t<div class=\"elementor-widget-wrap elementor-element-populated\">\n\t\t\t\t\t\t<div class=\"elementor-element elementor-element-8eca65b elementor-cta--skin-cover elementor-animated-content elementor-bg-transform elementor-bg-transform-zoom-in elementor-widget elementor-widget-global elementor-global-2509 elementor-widget-call-to-action\" data-id=\"8eca65b\" data-element_type=\"widget\" data-e-type=\"widget\" data-widget_type=\"call-to-action.default\">\n\t\t\t\t<div class=\"elementor-widget-container\">\n\t\t\t\t\t\t\t<div class=\"elementor-cta\">\n\t\t\t\t\t<div class=\"elementor-cta__bg-wrapper\">\n\t\t\t\t<div class=\"elementor-cta__bg elementor-bg\" style=\"background-image: url(https:\/\/durmat.com\/wp-content\/uploads\/durum_cta-bg-rueckrufservice.jpg);\" role=\"img\" aria-label=\"durum_cta-bg-servizio di chiamata di ritorno\"><\/div>\n\t\t\t\t<div class=\"elementor-cta__bg-overlay\"><\/div>\n\t\t\t<\/div>\n\t\t\t\t\t\t\t<div class=\"elementor-cta__content\">\n\t\t\t\t\n\t\t\t\t\t\t\t\t\t<h2 class=\"elementor-cta__title elementor-cta__content-item elementor-content-item elementor-animated-item--grow\">\n\t\t\t\t\t\tServizio di callback\t\t\t\t\t<\/h2>\n\t\t\t\t\n\t\t\t\t\t\t\t\t\t<div class=\"elementor-cta__description elementor-cta__content-item elementor-content-item elementor-animated-item--grow\">\n\t\t\t\t\t\tHa altre domande o problemi? Allora ci contatti, saremo felici di aiutarla!\t\t\t\t\t<\/div>\n\t\t\t\t\n\t\t\t\t\t\t\t\t\t<div class=\"elementor-cta__button-wrapper elementor-cta__content-item elementor-content-item elementor-animated-item--grow\">\n\t\t\t\t\t<a class=\"elementor-cta__button elementor-button elementor-size-lg\" href=\"#elementor-action%3Aaction%3Dpopup%3Aopen%26settings%3DeyJpZCI6IjQ0MDEiLCJ0b2dnbGUiOmZhbHNlfQ%3D%3D\">\n\t\t\t\t\t\tS\u00ec, vorrei essere chiamato!\t\t\t\t\t<\/a>\n\t\t\t\t\t<\/div>\n\t\t\t\t\t\t\t<\/div>\n\t\t\t\t\t\t<\/div>\n\t\t\t\t\t\t<\/div>\n\t\t\t\t<\/div>\n\t\t\t\t\t<\/div>\n\t\t<\/div>\n\t\t\t\t\t<\/div>\n\t\t<\/section>\n\t\t\t\t<\/div>\n\t\t\t\t<\/div>\n\t\t\t\t\t\t<\/div>\n\t\t\t\t<\/div>\n\t\t\t\t\t<\/div>\n\t\t<\/div>\n\t\t\t\t\t<\/div>\n\t\t<\/section>\n\t\t\t\t<\/div>","protected":false},"excerpt":{"rendered":"<p>Innovative Forschung f\u00fcr Ihre Gesch\u00e4ftsentwicklung Keine Verschlei\u00dfschutzl\u00f6sung ist so gut, dass man sie nicht noch besser machen k\u00f6nnte. Darum entwickeln wir g\u00e4ngige Schwei\u00df- und thermische Spritzwerkstoffe immer weiter und forschen an modernster Auftragungsprozesstechnik \u2013 nat\u00fcrlich auch im Kundenauftrag. In unseren eigenen Laboren f\u00fchren wir neben der schwei\u00dftechnischen Qualit\u00e4ts\u00fcberwachung zahlreiche Versuchsreihen mit neuartigen Legierungen durch und [&hellip;]<\/p>\n","protected":false},"author":1,"featured_media":7922,"parent":0,"menu_order":0,"comment_status":"closed","ping_status":"closed","template":"","meta":{"footnotes":""},"class_list":["post-669","page","type-page","status-publish","has-post-thumbnail","hentry"],"_links":{"self":[{"href":"https:\/\/durmat.com\/it\/wp-json\/wp\/v2\/pages\/669","targetHints":{"allow":["GET"]}}],"collection":[{"href":"https:\/\/durmat.com\/it\/wp-json\/wp\/v2\/pages"}],"about":[{"href":"https:\/\/durmat.com\/it\/wp-json\/wp\/v2\/types\/page"}],"author":[{"embeddable":true,"href":"https:\/\/durmat.com\/it\/wp-json\/wp\/v2\/users\/1"}],"replies":[{"embeddable":true,"href":"https:\/\/durmat.com\/it\/wp-json\/wp\/v2\/comments?post=669"}],"version-history":[{"count":38,"href":"https:\/\/durmat.com\/it\/wp-json\/wp\/v2\/pages\/669\/revisions"}],"predecessor-version":[{"id":205238,"href":"https:\/\/durmat.com\/it\/wp-json\/wp\/v2\/pages\/669\/revisions\/205238"}],"wp:featuredmedia":[{"embeddable":true,"href":"https:\/\/durmat.com\/it\/wp-json\/wp\/v2\/media\/7922"}],"wp:attachment":[{"href":"https:\/\/durmat.com\/it\/wp-json\/wp\/v2\/media?parent=669"}],"curies":[{"name":"wp","href":"https:\/\/api.w.org\/{rel}","templated":true}]}}