{"id":706,"date":"2022-06-01T11:24:21","date_gmt":"2022-06-01T09:24:21","guid":{"rendered":"https:\/\/durmat.com\/?page_id=706"},"modified":"2025-06-26T08:42:14","modified_gmt":"2025-06-26T06:42:14","slug":"unternehmen","status":"publish","type":"page","link":"https:\/\/durmat.com\/it\/azienda\/","title":{"rendered":"Azienda"},"content":{"rendered":"<div data-elementor-type=\"wp-page\" data-elementor-id=\"706\" class=\"elementor elementor-706\" data-elementor-post-type=\"page\">\n\t\t\t\t\t\t<section class=\"elementor-section elementor-top-section elementor-element elementor-element-b7cff1e elementor-section-full_width elementor-section-height-default elementor-section-height-default\" data-id=\"b7cff1e\" data-element_type=\"section\" data-e-type=\"section\" data-settings=\"{&quot;jet_parallax_layout_list&quot;:[]}\">\n\t\t\t\t\t\t<div class=\"elementor-container elementor-column-gap-default\">\n\t\t\t\t\t<div class=\"elementor-column elementor-col-100 elementor-top-column elementor-element elementor-element-83392c1\" data-id=\"83392c1\" data-element_type=\"column\" data-e-type=\"column\">\n\t\t\t<div class=\"elementor-widget-wrap elementor-element-populated\">\n\t\t\t\t\t\t<div class=\"elementor-element elementor-element-b800871 elementor-widget elementor-widget-heading\" data-id=\"b800871\" data-element_type=\"widget\" data-e-type=\"widget\" data-widget_type=\"heading.default\">\n\t\t\t\t<div class=\"elementor-widget-container\">\n\t\t\t\t\t<h2 class=\"elementor-heading-title elementor-size-default\">DURUM: resistente all'usura <\/h2>\t\t\t\t<\/div>\n\t\t\t\t<\/div>\n\t\t\t\t<section class=\"elementor-section elementor-inner-section elementor-element elementor-element-704a8e9 elementor-section-full_width elementor-section-height-default elementor-section-height-default\" data-id=\"704a8e9\" data-element_type=\"section\" data-e-type=\"section\" data-settings=\"{&quot;jet_parallax_layout_list&quot;:[]}\">\n\t\t\t\t\t\t<div class=\"elementor-container elementor-column-gap-default\">\n\t\t\t\t\t<div class=\"elementor-column elementor-col-50 elementor-inner-column elementor-element elementor-element-70bfe97\" data-id=\"70bfe97\" data-element_type=\"column\" data-e-type=\"column\">\n\t\t\t<div class=\"elementor-widget-wrap elementor-element-populated\">\n\t\t\t\t\t\t<div class=\"elementor-element elementor-element-1131462 elementor-widget elementor-widget-text-editor\" data-id=\"1131462\" data-element_type=\"widget\" data-e-type=\"widget\" data-widget_type=\"text-editor.default\">\n\t\t\t\t<div class=\"elementor-widget-container\">\n\t\t\t\t\t\t\t\t\t<p>Ogni settore ha determinate regole. Nel nostro, le pi\u00f9 importanti sono <strong>Soluzioni<\/strong>. Non importa se si tratta della <strong>Protezione dall'usura<\/strong> mediante saldatura ad accumulo e spruzzatura termica di parti nuove o la <strong>Riparazione<\/strong> e <strong>Manutenzione <\/strong>di macchine gi\u00e0 usurate - con <strong>materie prime di alta qualit\u00e0<\/strong> da Stati liberi da conflitti e <strong>Tecnologia di processo innovativa<\/strong> DURUM mette fine all'usura in quasi tutti i settori. <strong>soluzione efficace<\/strong> contro.<\/p>\t\t\t\t\t\t\t\t<\/div>\n\t\t\t\t<\/div>\n\t\t\t\t<div class=\"elementor-element elementor-element-3306a8c elementor-widget elementor-widget-heading\" data-id=\"3306a8c\" data-element_type=\"widget\" data-e-type=\"widget\" data-widget_type=\"heading.default\">\n\t\t\t\t<div class=\"elementor-widget-container\">\n\t\t\t\t\t<h3 class=\"elementor-heading-title elementor-size-default\">Le nostre prestazioni per il suo successo<\/h3>\t\t\t\t<\/div>\n\t\t\t\t<\/div>\n\t\t\t\t<div class=\"elementor-element elementor-element-f5ba74b elementor-widget elementor-widget-text-editor\" data-id=\"f5ba74b\" data-element_type=\"widget\" data-e-type=\"widget\" data-widget_type=\"text-editor.default\">\n\t\t\t\t<div class=\"elementor-widget-container\">\n\t\t\t\t\t\t\t\t\t<p>Il <strong>Qualit\u00e0<\/strong> di tutte le applicazioni non \u00e8 misurata in termini di dimensioni dell'area di applicazione, ma in termini di <strong>Soddisfazione dei nostri clienti<\/strong>. La cooperazione nel partenariato e la riservatezza nello sviluppo sono altrettanto decisivi per una <strong>cooperazione di successo<\/strong> come le propriet\u00e0 fisiche dei materiali dei prodotti.<\/p><p>Per soddisfare i requisiti pi\u00f9 severi del suo settore, ha bisogno, oltre che di <strong>Prodotti personalizzati<\/strong> anche <strong>servizio di prima classe<\/strong>. Insieme a una rete mondiale e a numerose filiali, creiamo soluzioni su cui pu\u00f2 contare.<\/p>\t\t\t\t\t\t\t\t<\/div>\n\t\t\t\t<\/div>\n\t\t\t\t\t<\/div>\n\t\t<\/div>\n\t\t\t\t<div class=\"elementor-column elementor-col-50 elementor-inner-column elementor-element elementor-element-e0ccdb4\" data-id=\"e0ccdb4\" data-element_type=\"column\" data-e-type=\"column\">\n\t\t\t<div class=\"elementor-widget-wrap elementor-element-populated\">\n\t\t\t\t\t\t<div class=\"elementor-element elementor-element-70bfad8 elementor-arrows-position-inside elementor-pagination-position-outside elementor-widget elementor-widget-image-carousel\" data-id=\"70bfad8\" data-element_type=\"widget\" data-e-type=\"widget\" data-settings=\"{&quot;slides_to_show&quot;:&quot;1&quot;,&quot;lazyload&quot;:&quot;yes&quot;,&quot;navigation&quot;:&quot;both&quot;,&quot;autoplay&quot;:&quot;yes&quot;,&quot;pause_on_hover&quot;:&quot;yes&quot;,&quot;pause_on_interaction&quot;:&quot;yes&quot;,&quot;autoplay_speed&quot;:5000,&quot;infinite&quot;:&quot;yes&quot;,&quot;effect&quot;:&quot;slide&quot;,&quot;speed&quot;:500}\" data-widget_type=\"image-carousel.default\">\n\t\t\t\t<div class=\"elementor-widget-container\">\n\t\t\t\t\t\t\t<div class=\"elementor-image-carousel-wrapper swiper\" role=\"region\" aria-roledescription=\"carousel\" aria-label=\"Carosello di immagini\" dir=\"ltr\">\n\t\t\t<div class=\"elementor-image-carousel swiper-wrapper swiper-image-stretch\" aria-live=\"off\">\n\t\t\t\t\t\t\t\t<div class=\"swiper-slide\" role=\"group\" aria-roledescription=\"slide\" aria-label=\"1 di 6\" data-no-translation-aria-label=\"\"><figure class=\"swiper-slide-inner\"><img class=\"swiper-slide-image swiper-lazy\" data-src=\"https:\/\/durmat.com\/wp-content\/uploads\/durum-verschleissschutz_ueberuns-header-1.jpg\" alt=\"durum-wear_protection_overuns-header\" \/><div class=\"swiper-lazy-preloader\"><\/div><\/figure><\/div><div class=\"swiper-slide\" role=\"group\" aria-roledescription=\"slide\" aria-label=\"2 di 6\" data-no-translation-aria-label=\"\"><figure class=\"swiper-slide-inner\"><img class=\"swiper-slide-image swiper-lazy\" data-src=\"https:\/\/durmat.com\/wp-content\/uploads\/durum-verschleissschutz_ueberuns-innenansicht-01.jpg\" alt=\"durum_indossamento_protezione_interna-01\" \/><div class=\"swiper-lazy-preloader\"><\/div><\/figure><\/div><div class=\"swiper-slide\" role=\"group\" aria-roledescription=\"slide\" aria-label=\"3 di 6\" data-no-translation-aria-label=\"\"><figure class=\"swiper-slide-inner\"><img class=\"swiper-slide-image swiper-lazy\" data-src=\"https:\/\/durmat.com\/wp-content\/uploads\/durum-verschleissschutz_ueberuns-innenansicht-02.jpg\" alt=\"durum_indossamento_protezione_interna-02\" \/><div class=\"swiper-lazy-preloader\"><\/div><\/figure><\/div><div class=\"swiper-slide\" role=\"group\" aria-roledescription=\"slide\" aria-label=\"4 di 6\" data-no-translation-aria-label=\"\"><figure class=\"swiper-slide-inner\"><img class=\"swiper-slide-image swiper-lazy\" data-src=\"https:\/\/durmat.com\/wp-content\/uploads\/durum-verschleissschutz_ueberuns-innenansicht-03.jpg\" alt=\"durum-wear_protection_overhead-inside-view-03\" \/><div class=\"swiper-lazy-preloader\"><\/div><\/figure><\/div><div class=\"swiper-slide\" role=\"group\" aria-roledescription=\"slide\" aria-label=\"5 di 6\" data-no-translation-aria-label=\"\"><figure class=\"swiper-slide-inner\"><img class=\"swiper-slide-image swiper-lazy\" data-src=\"https:\/\/durmat.com\/wp-content\/uploads\/durum-verschleissschutz_ueberuns-aussenansichtt-02.jpg\" alt=\"durum_wear_protection_outside_view-02\" \/><div class=\"swiper-lazy-preloader\"><\/div><\/figure><\/div><div class=\"swiper-slide\" role=\"group\" aria-roledescription=\"slide\" aria-label=\"6 di 6\" data-no-translation-aria-label=\"\"><figure class=\"swiper-slide-inner\"><img class=\"swiper-slide-image swiper-lazy\" data-src=\"https:\/\/durmat.com\/wp-content\/uploads\/durum_e-saeule_7.jpg\" alt=\"Montante E Durum\" \/><div class=\"swiper-lazy-preloader\"><\/div><\/figure><\/div>\t\t\t<\/div>\n\t\t\t\t\t\t\t\t\t\t\t\t<div class=\"elementor-swiper-button elementor-swiper-button-prev\" role=\"button\" tabindex=\"0\">\n\t\t\t\t\t\t<i aria-hidden=\"true\" class=\"eicon-chevron-left\"><\/i>\t\t\t\t\t<\/div>\n\t\t\t\t\t<div class=\"elementor-swiper-button elementor-swiper-button-next\" role=\"button\" tabindex=\"0\">\n\t\t\t\t\t\t<i aria-hidden=\"true\" class=\"eicon-chevron-right\"><\/i>\t\t\t\t\t<\/div>\n\t\t\t\t\n\t\t\t\t\t\t\t\t\t<div class=\"swiper-pagination\"><\/div>\n\t\t\t\t\t\t\t\t\t<\/div>\n\t\t\t\t\t\t<\/div>\n\t\t\t\t<\/div>\n\t\t\t\t\t<\/div>\n\t\t<\/div>\n\t\t\t\t\t<\/div>\n\t\t<\/section>\n\t\t\t\t<div class=\"elementor-element elementor-element-cf21a73 elementor-widget elementor-widget-heading\" data-id=\"cf21a73\" data-element_type=\"widget\" data-e-type=\"widget\" data-widget_type=\"heading.default\">\n\t\t\t\t<div class=\"elementor-widget-container\">\n\t\t\t\t\t<h3 class=\"elementor-heading-title elementor-size-default\">La nostra storia <\/h3>\t\t\t\t<\/div>\n\t\t\t\t<\/div>\n\t\t\t\t<div class=\"elementor-element elementor-element-1d1fb6c elementor-widget__width-initial elementor-widget elementor-widget-text-editor\" data-id=\"1d1fb6c\" data-element_type=\"widget\" data-e-type=\"widget\" data-widget_type=\"text-editor.default\">\n\t\t\t\t<div class=\"elementor-widget-container\">\n\t\t\t\t\t\t\t\t\t<p>Il <strong>DURUM Wear Protection GmbH<\/strong> era <strong>1984<\/strong> \u00e8 stata fondata a Mettmann, vicino a D\u00fcsseldorf. Oltre alla sede principale di <strong>Willich <\/strong>(Germania), ci sono strutture operative e centri di assistenza DURUM in Brasile, Francia e Stati Uniti, che sono integrati da partner di vendita in tutti e cinque i continenti del mondo. DURUM esporta in pi\u00f9 di <strong>80 Paesi<\/strong> in tutto il mondo! Come azienda di medie dimensioni con <strong>oltre 40 anni di esperienza<\/strong> sviluppiamo applicazioni specifiche <strong>Soluzioni speciali<\/strong> per i nostri clienti.<\/p>\t\t\t\t\t\t\t\t<\/div>\n\t\t\t\t<\/div>\n\t\t\t\t<div class=\"elementor-element elementor-element-602b2b8 elementor-widget__width-initial elementor-widget elementor-widget-image\" data-id=\"602b2b8\" data-element_type=\"widget\" data-e-type=\"widget\" data-widget_type=\"image.default\">\n\t\t\t\t<div class=\"elementor-widget-container\">\n\t\t\t\t\t\t\t\t\t\t\t\t\t\t\t<img fetchpriority=\"high\" decoding=\"async\" width=\"500\" height=\"154\" src=\"https:\/\/durmat.com\/wp-content\/uploads\/durum_jubilaeumslogo-40-jahre-500.png\" class=\"attachment-large size-large wp-image-197852\" alt=\"Schema per\" srcset=\"https:\/\/durmat.com\/wp-content\/uploads\/durum_jubilaeumslogo-40-jahre-500.png 500w, https:\/\/durmat.com\/wp-content\/uploads\/durum_jubilaeumslogo-40-jahre-500-300x92.png 300w, https:\/\/durmat.com\/wp-content\/uploads\/durum_jubilaeumslogo-40-jahre-500-18x6.png 18w\" sizes=\"(max-width: 500px) 100vw, 500px\" title=\"Schema per\">\t\t\t\t\t\t\t\t\t\t\t\t\t\t\t<\/div>\n\t\t\t\t<\/div>\n\t\t\t\t<div class=\"elementor-element elementor-element-7dee5dd elementor-widget elementor-widget-heading\" data-id=\"7dee5dd\" data-element_type=\"widget\" data-e-type=\"widget\" data-widget_type=\"heading.default\">\n\t\t\t\t<div class=\"elementor-widget-container\">\n\t\t\t\t\t<h3 class=\"elementor-heading-title elementor-size-default\">La nostra filosofia aziendale<\/h3>\t\t\t\t<\/div>\n\t\t\t\t<\/div>\n\t\t\t\t<div class=\"elementor-element elementor-element-40a452f elementor-widget elementor-widget-text-editor\" data-id=\"40a452f\" data-element_type=\"widget\" data-e-type=\"widget\" data-widget_type=\"text-editor.default\">\n\t\t\t\t<div class=\"elementor-widget-container\">\n\t\t\t\t\t\t\t\t\t<p><strong>Il nostro motto: successo grazie ai rivestimenti DURUM! <\/strong>Con DURUM beneficia di rivestimenti superficiali pi\u00f9 resistenti all'usura e quindi di <strong>una migliore funzionalit\u00e0, efficienza economica e competitivit\u00e0.\u00a0<\/strong><span style=\"color: var( --e-global-color-primary );\">Sviluppiamo continuamente i nostri prodotti e investiamo in <\/span><strong style=\"color: var( --e-global-color-primary );\">Ricerca<\/strong><span style=\"color: var( --e-global-color-primary );\"> e <\/span><strong style=\"color: var( --e-global-color-primary );\">Sviluppo<\/strong><span style=\"color: var( --e-global-color-primary );\">um <\/span><strong style=\"color: var( --e-global-color-primary );\">soluzioni personalizzate<\/strong><span style=\"color: var( --e-global-color-primary );\"> per i pi\u00f9 esigenti <\/span><strong style=\"color: var( --e-global-color-primary );\">Aree di applicazione<\/strong><span style=\"color: var( --e-global-color-primary );\"> nel settore.<\/span><\/p><p>Processi decisionali brevi e gerarchie piatte sono la garanzia per la nostra <strong>Flessibilit\u00e0 <\/strong>e <strong>Prestazioni<\/strong>. Per tutto il suo dinamismo, tuttavia, DURUM \u00e8 anche sinonimo di continuit\u00e0 e affidabilit\u00e0 per quanto riguarda <strong>Rispetto delle scadenze <\/strong>e <strong>politica dei prezzi stabile<\/strong>.<\/p>\t\t\t\t\t\t\t\t<\/div>\n\t\t\t\t<\/div>\n\t\t\t\t\t<\/div>\n\t\t<\/div>\n\t\t\t\t\t<\/div>\n\t\t<\/section>\n\t\t\t\t<\/div>","protected":false},"excerpt":{"rendered":"<p>DURUM: Stark gegen Verschlei\u00df Jede Branche hat bestimmte Regeln. In unserer z\u00e4hlen vor allem L\u00f6sungen. Egal, ob es sich um den Verschlei\u00dfschutz durch Auftragschwei\u00dfen und thermisches Spritzen von Neuteilen oder die Reparatur und Instandhaltung von bereits verschlissenen Maschinen handelt \u2013 mit hochwertigen Rohstoffen aus konfliktfreien Staaten und innovativer Verfahrenstechnik setzt DURUM dem Verschlei\u00df in nahezu [&hellip;]<\/p>\n","protected":false},"author":1,"featured_media":6854,"parent":0,"menu_order":0,"comment_status":"closed","ping_status":"closed","template":"","meta":{"footnotes":""},"class_list":["post-706","page","type-page","status-publish","has-post-thumbnail","hentry"],"_links":{"self":[{"href":"https:\/\/durmat.com\/it\/wp-json\/wp\/v2\/pages\/706","targetHints":{"allow":["GET"]}}],"collection":[{"href":"https:\/\/durmat.com\/it\/wp-json\/wp\/v2\/pages"}],"about":[{"href":"https:\/\/durmat.com\/it\/wp-json\/wp\/v2\/types\/page"}],"author":[{"embeddable":true,"href":"https:\/\/durmat.com\/it\/wp-json\/wp\/v2\/users\/1"}],"replies":[{"embeddable":true,"href":"https:\/\/durmat.com\/it\/wp-json\/wp\/v2\/comments?post=706"}],"version-history":[{"count":61,"href":"https:\/\/durmat.com\/it\/wp-json\/wp\/v2\/pages\/706\/revisions"}],"predecessor-version":[{"id":205420,"href":"https:\/\/durmat.com\/it\/wp-json\/wp\/v2\/pages\/706\/revisions\/205420"}],"wp:featuredmedia":[{"embeddable":true,"href":"https:\/\/durmat.com\/it\/wp-json\/wp\/v2\/media\/6854"}],"wp:attachment":[{"href":"https:\/\/durmat.com\/it\/wp-json\/wp\/v2\/media?parent=706"}],"curies":[{"name":"wp","href":"https:\/\/api.w.org\/{rel}","templated":true}]}}