{"id":1267,"date":"2022-06-03T10:10:18","date_gmt":"2022-06-03T08:10:18","guid":{"rendered":"https:\/\/durmat.com\/?page_id=1267"},"modified":"2023-06-26T11:40:55","modified_gmt":"2023-06-26T09:40:55","slug":"karriere","status":"publish","type":"page","link":"https:\/\/durmat.com\/pt\/empresa\/carreira\/","title":{"rendered":"Carreira"},"content":{"rendered":"<div data-elementor-type=\"wp-page\" data-elementor-id=\"1267\" class=\"elementor elementor-1267\" data-elementor-post-type=\"page\">\n\t\t\t\t\t\t<section class=\"elementor-section elementor-top-section elementor-element elementor-element-71b0ef0 elementor-section-full_width elementor-section-height-default elementor-section-height-default\" data-id=\"71b0ef0\" data-element_type=\"section\" data-e-type=\"section\" data-settings=\"{&quot;jet_parallax_layout_list&quot;:[]}\">\n\t\t\t\t\t\t<div class=\"elementor-container elementor-column-gap-default\">\n\t\t\t\t\t<div class=\"elementor-column elementor-col-100 elementor-top-column elementor-element elementor-element-8824613\" data-id=\"8824613\" data-element_type=\"column\" data-e-type=\"column\">\n\t\t\t<div class=\"elementor-widget-wrap elementor-element-populated\">\n\t\t\t\t\t\t<div class=\"elementor-element elementor-element-9ea23ec elementor-widget elementor-widget-heading\" data-id=\"9ea23ec\" data-element_type=\"widget\" data-e-type=\"widget\" data-widget_type=\"heading.default\">\n\t\t\t\t<div class=\"elementor-widget-container\">\n\t\t\t\t\t<h2 class=\"elementor-heading-title elementor-size-default\">Decole conosco - uma carreira na DURUM<\/h2>\t\t\t\t<\/div>\n\t\t\t\t<\/div>\n\t\t\t\t<section class=\"elementor-section elementor-inner-section elementor-element elementor-element-53e3888 elementor-section-full_width elementor-section-height-default elementor-section-height-default\" data-id=\"53e3888\" data-element_type=\"section\" data-e-type=\"section\" data-settings=\"{&quot;jet_parallax_layout_list&quot;:[]}\">\n\t\t\t\t\t\t<div class=\"elementor-container elementor-column-gap-default\">\n\t\t\t\t\t<div class=\"elementor-column elementor-col-50 elementor-inner-column elementor-element elementor-element-2a3e0dc\" data-id=\"2a3e0dc\" data-element_type=\"column\" data-e-type=\"column\">\n\t\t\t<div class=\"elementor-widget-wrap elementor-element-populated\">\n\t\t\t\t\t\t<div class=\"elementor-element elementor-element-ee62d12 elementor-widget elementor-widget-text-editor\" data-id=\"ee62d12\" data-element_type=\"widget\" data-e-type=\"widget\" data-widget_type=\"text-editor.default\">\n\t\t\t\t<div class=\"elementor-widget-container\">\n\t\t\t\t\t\t\t\t\tComo <strong>empresa familiar<\/strong> Queremos crescer de forma constante e desenvolver novos produtos para atender \u00e0s exig\u00eancias de nossos clientes tamb\u00e9m no futuro. <strong>clientes nacionais e internacionais<\/strong> para fazer justi\u00e7a. O compromisso e a paix\u00e3o de nossos <strong>Funcion\u00e1rios <\/strong>s\u00e3o de grande import\u00e2ncia aqui. Na DURUM, oferecemos ao senhor um <strong>emprego seguro<\/strong> e um <strong>local de trabalho atraente<\/strong>no qual o senhor pode se desenvolver constantemente. <strong>Candidate-se agora a um emprego na DURUM! O senhor tamb\u00e9m \u00e9 bem-vindo para tomar a iniciativa!<\/strong>\t\t\t\t\t\t\t\t<\/div>\n\t\t\t\t<\/div>\n\t\t\t\t<div class=\"elementor-element elementor-element-6672739 elementor-widget elementor-widget-heading\" data-id=\"6672739\" data-element_type=\"widget\" data-e-type=\"widget\" data-widget_type=\"heading.default\">\n\t\t\t\t<div class=\"elementor-widget-container\">\n\t\t\t\t\t<h3 class=\"elementor-heading-title elementor-size-default\">Fa\u00e7a parte de nossa equipe e beneficie-se de nossas vantagens:<\/h3>\t\t\t\t<\/div>\n\t\t\t\t<\/div>\n\t\t\t\t<div class=\"elementor-element elementor-element-a83a1be elementor-widget elementor-widget-accordion\" data-id=\"a83a1be\" data-element_type=\"widget\" data-e-type=\"widget\" data-widget_type=\"accordion.default\">\n\t\t\t\t<div class=\"elementor-widget-container\">\n\t\t\t\t\t\t\t<div class=\"elementor-accordion\">\n\t\t\t\t\t\t\t<div class=\"elementor-accordion-item\">\n\t\t\t\t\t<div id=\"elementor-tab-title-1761\" class=\"elementor-tab-title\" data-tab=\"1\" role=\"button\" aria-controls=\"elementor-tab-content-1761\" aria-expanded=\"false\">\n\t\t\t\t\t\t\t\t\t\t\t\t\t<span class=\"elementor-accordion-icon elementor-accordion-icon-left\" aria-hidden=\"true\">\n\t\t\t\t\t\t\t\t\t\t\t\t\t\t\t<span class=\"elementor-accordion-icon-closed\"><i class=\"fas fa-plus\"><\/i><\/span>\n\t\t\t\t\t\t\t\t<span class=\"elementor-accordion-icon-opened\"><i class=\"fas fa-minus\"><\/i><\/span>\n\t\t\t\t\t\t\t\t\t\t\t\t\t\t<\/span>\n\t\t\t\t\t\t\t\t\t\t\t\t<a class=\"elementor-accordion-title\" tabindex=\"0\">30 dias de f\u00e9rias<\/a>\n\t\t\t\t\t<\/div>\n\t\t\t\t\t<div id=\"elementor-tab-content-1761\" class=\"elementor-tab-content elementor-clearfix\" data-tab=\"1\" role=\"region\" aria-labelledby=\"elementor-tab-title-1761\"><p>Aqueles que trabalham adequadamente tamb\u00e9m devem poder relaxar. \u00c9 por isso que o direito a f\u00e9rias de nossos funcion\u00e1rios permanentes vai muito al\u00e9m do que \u00e9 exigido por lei. Como n\u00e3o temos f\u00e9rias coletivas, o senhor pode escolher suas pr\u00f3prias f\u00e9rias em grande parte.<\/p><\/div>\n\t\t\t\t<\/div>\n\t\t\t\t\t\t\t<div class=\"elementor-accordion-item\">\n\t\t\t\t\t<div id=\"elementor-tab-title-1762\" class=\"elementor-tab-title\" data-tab=\"2\" role=\"button\" aria-controls=\"elementor-tab-content-1762\" aria-expanded=\"false\">\n\t\t\t\t\t\t\t\t\t\t\t\t\t<span class=\"elementor-accordion-icon elementor-accordion-icon-left\" aria-hidden=\"true\">\n\t\t\t\t\t\t\t\t\t\t\t\t\t\t\t<span class=\"elementor-accordion-icon-closed\"><i class=\"fas fa-plus\"><\/i><\/span>\n\t\t\t\t\t\t\t\t<span class=\"elementor-accordion-icon-opened\"><i class=\"fas fa-minus\"><\/i><\/span>\n\t\t\t\t\t\t\t\t\t\t\t\t\t\t<\/span>\n\t\t\t\t\t\t\t\t\t\t\t\t<a class=\"elementor-accordion-title\" tabindex=\"0\">Modelos de hor\u00e1rio de trabalho flex\u00edvel<\/a>\n\t\t\t\t\t<\/div>\n\t\t\t\t\t<div id=\"elementor-tab-content-1762\" class=\"elementor-tab-content elementor-clearfix\" data-tab=\"2\" role=\"region\" aria-labelledby=\"elementor-tab-title-1762\"><p>Dependendo do seu compromisso operacional e das suas prefer\u00eancias pessoais, podemos organizar o seu hor\u00e1rio de trabalho da melhor forma poss\u00edvel para se adequar \u00e0 sua fase atual da vida. Oferecemos v\u00e1rios modelos de hor\u00e1rio de trabalho, desde um turno at\u00e9 dois turnos e uma semana de quatro dias.<\/p><\/div>\n\t\t\t\t<\/div>\n\t\t\t\t\t\t\t<div class=\"elementor-accordion-item\">\n\t\t\t\t\t<div id=\"elementor-tab-title-1763\" class=\"elementor-tab-title\" data-tab=\"3\" role=\"button\" aria-controls=\"elementor-tab-content-1763\" aria-expanded=\"false\">\n\t\t\t\t\t\t\t\t\t\t\t\t\t<span class=\"elementor-accordion-icon elementor-accordion-icon-left\" aria-hidden=\"true\">\n\t\t\t\t\t\t\t\t\t\t\t\t\t\t\t<span class=\"elementor-accordion-icon-closed\"><i class=\"fas fa-plus\"><\/i><\/span>\n\t\t\t\t\t\t\t\t<span class=\"elementor-accordion-icon-opened\"><i class=\"fas fa-minus\"><\/i><\/span>\n\t\t\t\t\t\t\t\t\t\t\t\t\t\t<\/span>\n\t\t\t\t\t\t\t\t\t\t\t\t<a class=\"elementor-accordion-title\" tabindex=\"0\">Vestu\u00e1rio de trabalho<\/a>\n\t\t\t\t\t<\/div>\n\t\t\t\t\t<div id=\"elementor-tab-content-1763\" class=\"elementor-tab-content elementor-clearfix\" data-tab=\"3\" role=\"region\" aria-labelledby=\"elementor-tab-title-1763\"><p>N\u00f3s equipamos o senhor! Para garantir que o senhor se sinta confort\u00e1vel no trabalho, como funcion\u00e1rio do setor comercial, receber\u00e1 um pacote adequado de roupas de trabalho e equipamentos de seguran\u00e7a.<\/p><\/div>\n\t\t\t\t<\/div>\n\t\t\t\t\t\t\t<div class=\"elementor-accordion-item\">\n\t\t\t\t\t<div id=\"elementor-tab-title-1764\" class=\"elementor-tab-title\" data-tab=\"4\" role=\"button\" aria-controls=\"elementor-tab-content-1764\" aria-expanded=\"false\">\n\t\t\t\t\t\t\t\t\t\t\t\t\t<span class=\"elementor-accordion-icon elementor-accordion-icon-left\" aria-hidden=\"true\">\n\t\t\t\t\t\t\t\t\t\t\t\t\t\t\t<span class=\"elementor-accordion-icon-closed\"><i class=\"fas fa-plus\"><\/i><\/span>\n\t\t\t\t\t\t\t\t<span class=\"elementor-accordion-icon-opened\"><i class=\"fas fa-minus\"><\/i><\/span>\n\t\t\t\t\t\t\t\t\t\t\t\t\t\t<\/span>\n\t\t\t\t\t\t\t\t\t\t\t\t<a class=\"elementor-accordion-title\" tabindex=\"0\">Caf\u00e9, ch\u00e1 e \u00e1gua<\/a>\n\t\t\t\t\t<\/div>\n\t\t\t\t\t<div id=\"elementor-tab-content-1764\" class=\"elementor-tab-content elementor-clearfix\" data-tab=\"4\" role=\"region\" aria-labelledby=\"elementor-tab-title-1764\"><p>A sa\u00fade e o desempenho est\u00e3o diretamente relacionados \u00e0 ingest\u00e3o de muita \u00e1gua. Fornecemos \u00e1gua mineral gratuita para que o senhor n\u00e3o tenha dificuldade para beber durante o hor\u00e1rio de trabalho.<\/p><p>Nossas especialidades de caf\u00e9, que servimos gratuitamente aos nossos funcion\u00e1rios, s\u00e3o puro prazer. Seja durante o intervalo, antes ou depois do trabalho. Self-service 24 horas por dia.<\/p><\/div>\n\t\t\t\t<\/div>\n\t\t\t\t\t\t\t<div class=\"elementor-accordion-item\">\n\t\t\t\t\t<div id=\"elementor-tab-title-1765\" class=\"elementor-tab-title\" data-tab=\"5\" role=\"button\" aria-controls=\"elementor-tab-content-1765\" aria-expanded=\"false\">\n\t\t\t\t\t\t\t\t\t\t\t\t\t<span class=\"elementor-accordion-icon elementor-accordion-icon-left\" aria-hidden=\"true\">\n\t\t\t\t\t\t\t\t\t\t\t\t\t\t\t<span class=\"elementor-accordion-icon-closed\"><i class=\"fas fa-plus\"><\/i><\/span>\n\t\t\t\t\t\t\t\t<span class=\"elementor-accordion-icon-opened\"><i class=\"fas fa-minus\"><\/i><\/span>\n\t\t\t\t\t\t\t\t\t\t\t\t\t\t<\/span>\n\t\t\t\t\t\t\t\t\t\t\t\t<a class=\"elementor-accordion-title\" tabindex=\"0\">Presentes para funcion\u00e1rios<\/a>\n\t\t\t\t\t<\/div>\n\t\t\t\t\t<div id=\"elementor-tab-content-1765\" class=\"elementor-tab-content elementor-clearfix\" data-tab=\"5\" role=\"region\" aria-labelledby=\"elementor-tab-title-1765\"><p>Pequenas aten\u00e7\u00f5es alegram a vida cotidiana. \u00c9 por isso que existem pequenos presentes e aten\u00e7\u00f5es para v\u00e1rias ocasi\u00f5es. Deixe-nos surpreender o senhor!<\/p><\/div>\n\t\t\t\t<\/div>\n\t\t\t\t\t\t\t<div class=\"elementor-accordion-item\">\n\t\t\t\t\t<div id=\"elementor-tab-title-1766\" class=\"elementor-tab-title\" data-tab=\"6\" role=\"button\" aria-controls=\"elementor-tab-content-1766\" aria-expanded=\"false\">\n\t\t\t\t\t\t\t\t\t\t\t\t\t<span class=\"elementor-accordion-icon elementor-accordion-icon-left\" aria-hidden=\"true\">\n\t\t\t\t\t\t\t\t\t\t\t\t\t\t\t<span class=\"elementor-accordion-icon-closed\"><i class=\"fas fa-plus\"><\/i><\/span>\n\t\t\t\t\t\t\t\t<span class=\"elementor-accordion-icon-opened\"><i class=\"fas fa-minus\"><\/i><\/span>\n\t\t\t\t\t\t\t\t\t\t\t\t\t\t<\/span>\n\t\t\t\t\t\t\t\t\t\t\t\t<a class=\"elementor-accordion-title\" tabindex=\"0\">Plano de pens\u00e3o da empresa<\/a>\n\t\t\t\t\t<\/div>\n\t\t\t\t\t<div id=\"elementor-tab-content-1766\" class=\"elementor-tab-content elementor-clearfix\" data-tab=\"6\" role=\"region\" aria-labelledby=\"elementor-tab-title-1766\"><p>Seguran\u00e7a financeira mesmo na velhice. Oferecemos ao senhor a op\u00e7\u00e3o de um plano de aposentadoria adicional e volunt\u00e1rio com subs\u00eddio do empregador.<\/p><\/div>\n\t\t\t\t<\/div>\n\t\t\t\t\t\t\t<div class=\"elementor-accordion-item\">\n\t\t\t\t\t<div id=\"elementor-tab-title-1767\" class=\"elementor-tab-title\" data-tab=\"7\" role=\"button\" aria-controls=\"elementor-tab-content-1767\" aria-expanded=\"false\">\n\t\t\t\t\t\t\t\t\t\t\t\t\t<span class=\"elementor-accordion-icon elementor-accordion-icon-left\" aria-hidden=\"true\">\n\t\t\t\t\t\t\t\t\t\t\t\t\t\t\t<span class=\"elementor-accordion-icon-closed\"><i class=\"fas fa-plus\"><\/i><\/span>\n\t\t\t\t\t\t\t\t<span class=\"elementor-accordion-icon-opened\"><i class=\"fas fa-minus\"><\/i><\/span>\n\t\t\t\t\t\t\t\t\t\t\t\t\t\t<\/span>\n\t\t\t\t\t\t\t\t\t\t\t\t<a class=\"elementor-accordion-title\" tabindex=\"0\">Remunera\u00e7\u00e3o em esp\u00e9cie com privil\u00e9gio fiscal<\/a>\n\t\t\t\t\t<\/div>\n\t\t\t\t\t<div id=\"elementor-tab-content-1767\" class=\"elementor-tab-content elementor-clearfix\" data-tab=\"7\" role=\"region\" aria-labelledby=\"elementor-tab-title-1767\"><p>Oferecemos aos senhores a oportunidade de solicitar um pagamento em esp\u00e9cie com privil\u00e9gio fiscal.<\/p><\/div>\n\t\t\t\t<\/div>\n\t\t\t\t\t\t\t<div class=\"elementor-accordion-item\">\n\t\t\t\t\t<div id=\"elementor-tab-title-1768\" class=\"elementor-tab-title\" data-tab=\"8\" role=\"button\" aria-controls=\"elementor-tab-content-1768\" aria-expanded=\"false\">\n\t\t\t\t\t\t\t\t\t\t\t\t\t<span class=\"elementor-accordion-icon elementor-accordion-icon-left\" aria-hidden=\"true\">\n\t\t\t\t\t\t\t\t\t\t\t\t\t\t\t<span class=\"elementor-accordion-icon-closed\"><i class=\"fas fa-plus\"><\/i><\/span>\n\t\t\t\t\t\t\t\t<span class=\"elementor-accordion-icon-opened\"><i class=\"fas fa-minus\"><\/i><\/span>\n\t\t\t\t\t\t\t\t\t\t\t\t\t\t<\/span>\n\t\t\t\t\t\t\t\t\t\t\t\t<a class=\"elementor-accordion-title\" tabindex=\"0\">Eventos corporativos<\/a>\n\t\t\t\t\t<\/div>\n\t\t\t\t\t<div id=\"elementor-tab-content-1768\" class=\"elementor-tab-content elementor-clearfix\" data-tab=\"8\" role=\"region\" aria-labelledby=\"elementor-tab-title-1768\"><p>Se os senhores trabalham juntos com sucesso, podem comemorar isso! Eventos conjuntos, como festas de Natal, festivais de ver\u00e3o ou celebra\u00e7\u00f5es departamentais, s\u00e3o uma oportunidade para isso.<\/p><\/div>\n\t\t\t\t<\/div>\n\t\t\t\t\t\t\t\t<\/div>\n\t\t\t\t\t\t<\/div>\n\t\t\t\t<\/div>\n\t\t\t\t\t<\/div>\n\t\t<\/div>\n\t\t\t\t<div class=\"elementor-column elementor-col-50 elementor-inner-column elementor-element elementor-element-fe4a810\" data-id=\"fe4a810\" data-element_type=\"column\" data-e-type=\"column\">\n\t\t\t<div class=\"elementor-widget-wrap elementor-element-populated\">\n\t\t\t\t\t\t<div class=\"elementor-element elementor-element-936e4bd elementor-arrows-position-inside elementor-pagination-position-outside elementor-widget elementor-widget-image-carousel\" data-id=\"936e4bd\" data-element_type=\"widget\" data-e-type=\"widget\" data-settings=\"{&quot;slides_to_show&quot;:&quot;1&quot;,&quot;lazyload&quot;:&quot;yes&quot;,&quot;navigation&quot;:&quot;both&quot;,&quot;autoplay&quot;:&quot;yes&quot;,&quot;pause_on_hover&quot;:&quot;yes&quot;,&quot;pause_on_interaction&quot;:&quot;yes&quot;,&quot;autoplay_speed&quot;:5000,&quot;infinite&quot;:&quot;yes&quot;,&quot;effect&quot;:&quot;slide&quot;,&quot;speed&quot;:500}\" data-widget_type=\"image-carousel.default\">\n\t\t\t\t<div class=\"elementor-widget-container\">\n\t\t\t\t\t\t\t<div class=\"elementor-image-carousel-wrapper swiper\" role=\"region\" aria-roledescription=\"carousel\" aria-label=\"Carrossel de imagens\" dir=\"ltr\">\n\t\t\t<div class=\"elementor-image-carousel swiper-wrapper swiper-image-stretch\" aria-live=\"off\">\n\t\t\t\t\t\t\t\t<div class=\"swiper-slide\" role=\"group\" aria-roledescription=\"slide\" aria-label=\"1 de 3\"><figure class=\"swiper-slide-inner\"><img class=\"swiper-slide-image swiper-lazy\" data-src=\"https:\/\/durmat.com\/wp-content\/uploads\/durum-verschleissschutz_ueberuns-startseite-01.jpg\" alt=\"\" \/><div class=\"swiper-lazy-preloader\"><\/div><\/figure><\/div><div class=\"swiper-slide\" role=\"group\" aria-roledescription=\"slide\" aria-label=\"2 de 3\"><figure class=\"swiper-slide-inner\"><img class=\"swiper-slide-image swiper-lazy\" data-src=\"https:\/\/durmat.com\/wp-content\/uploads\/durum_15.jpg\" alt=\"\" \/><div class=\"swiper-lazy-preloader\"><\/div><\/figure><\/div><div class=\"swiper-slide\" role=\"group\" aria-roledescription=\"slide\" aria-label=\"3 de 3\"><figure class=\"swiper-slide-inner\"><img class=\"swiper-slide-image swiper-lazy\" data-src=\"https:\/\/durmat.com\/wp-content\/uploads\/durum-verschleissschutz_fuelldraehte.jpg\" alt=\"\" \/><div class=\"swiper-lazy-preloader\"><\/div><\/figure><\/div>\t\t\t<\/div>\n\t\t\t\t\t\t\t\t\t\t\t\t<div class=\"elementor-swiper-button elementor-swiper-button-prev\" role=\"button\" tabindex=\"0\">\n\t\t\t\t\t\t<i aria-hidden=\"true\" class=\"eicon-chevron-left\"><\/i>\t\t\t\t\t<\/div>\n\t\t\t\t\t<div class=\"elementor-swiper-button elementor-swiper-button-next\" role=\"button\" tabindex=\"0\">\n\t\t\t\t\t\t<i aria-hidden=\"true\" class=\"eicon-chevron-right\"><\/i>\t\t\t\t\t<\/div>\n\t\t\t\t\n\t\t\t\t\t\t\t\t\t<div class=\"swiper-pagination\"><\/div>\n\t\t\t\t\t\t\t\t\t<\/div>\n\t\t\t\t\t\t<\/div>\n\t\t\t\t<\/div>\n\t\t\t\t\t<\/div>\n\t\t<\/div>\n\t\t\t\t\t<\/div>\n\t\t<\/section>\n\t\t\t\t<section class=\"elementor-section elementor-inner-section elementor-element elementor-element-451d0ee elementor-section-full_width elementor-section-height-default elementor-section-height-default\" data-id=\"451d0ee\" data-element_type=\"section\" data-e-type=\"section\" data-settings=\"{&quot;jet_parallax_layout_list&quot;:[]}\">\n\t\t\t\t\t\t<div class=\"elementor-container elementor-column-gap-default\">\n\t\t\t\t\t<div class=\"elementor-column elementor-col-100 elementor-inner-column elementor-element elementor-element-16dbd59\" data-id=\"16dbd59\" data-element_type=\"column\" data-e-type=\"column\">\n\t\t\t<div class=\"elementor-widget-wrap elementor-element-populated\">\n\t\t\t\t\t\t<div class=\"elementor-element elementor-element-5ad947a elementor-widget elementor-widget-heading\" data-id=\"5ad947a\" data-element_type=\"widget\" data-e-type=\"widget\" data-widget_type=\"heading.default\">\n\t\t\t\t<div class=\"elementor-widget-container\">\n\t\t\t\t\t<h3 class=\"elementor-heading-title elementor-size-default\">Inscreva-se agora!<\/h3>\t\t\t\t<\/div>\n\t\t\t\t<\/div>\n\t\t\t\t<div class=\"elementor-element elementor-element-4d3f618 elementor-widget elementor-widget-shortcode\" data-id=\"4d3f618\" data-element_type=\"widget\" data-e-type=\"widget\" data-widget_type=\"shortcode.default\">\n\t\t\t\t<div class=\"elementor-widget-container\">\n\t\t\t\t\t\t\t<div class=\"elementor-shortcode\"><div class=\"job_listings\" data-location=\"\" data-keywords=\"\" data-show_filters=\"false\" data-show_pagination=\"false\" data-per_page=\"12\" data-orderby=\"date\" data-order=\"DESC\" data-categories=\"\" data-disable-form-state-storage=\"\" data-featured_first=\"false\" data-post_id=\"4873\" ><ul class=\"job_listings\">\n<li class=\"post-205801 job_listing type-job_listing status-publish has-post-thumbnail hentry job-type-teilzeit job-type-vollzeit job_position_featured\" data-longitude=\"\" data-latitude=\"\">\n\t<a href=\"https:\/\/durmat.com\/pt\/job\/recepcionista-para-central-telefonica-com-bom-conhecimento-de-ingles-em-vz-40-h-ou-tz-35-h\/\">\n\t\t<img decoding=\"async\" class=\"company_logo\" src=\"https:\/\/durmat.com\/wp-content\/uploads\/durum-wp-joblogo-150x150.jpg\" alt=\"DURUM Wear Protection GmbH\" title=\"Esquema para\">\t\t<div class=\"position\">\n\t\t\t<h3>Funcion\u00e1rio da central telef\u00f4nica\/recep\u00e7\u00e3o<\/h3>\n\t\t\t<div class=\"company\">\n\t\t\t\t<strong>DURUM Wear Protection GmbH<\/strong> \t\t\t\t<span class=\"tagline\">A DURUM Verschlei\u00dfschutz GmbH \u00e9 uma empresa de m\u00e9dio porte do setor de consum\u00edveis de soldagem, especializada no desenvolvimento e na fabrica\u00e7\u00e3o de materiais de prote\u00e7\u00e3o contra desgaste de alto desempenho e solu\u00e7\u00f5es personalizadas. Nossos produtos s\u00e3o utilizados com sucesso no setor de petr\u00f3leo e g\u00e1s, minera\u00e7\u00e3o, ind\u00fastria de cimento, agricultura e siderurgia.<\/span>\t\t\t<\/div>\n\t\t<\/div>\n\t\t<div class=\"location\">\n\t\t\tWillich\t\t<\/div>\n\t\t<ul class=\"meta\">\n\t\t\t\n\t\t\t\t\t\t\t\t\t\t\t\t\t\t\t\t<li class=\"job-type teilzeit\">Meio per\u00edodo<\/li>\n\t\t\t\t\t\t\t\t\t<li class=\"job-type vollzeit\">Tempo integral<\/li>\n\t\t\t\t\t\t\t\n\t\t\t<li class=\"date\"><time datetime=\"2026-03-26\">Publicado 2 semanas atr\u00e1s<\/time><\/li>\n\n\t\t\t\t\t<\/ul>\n\t<\/a>\n<\/li>\n<li class=\"post-205793 job_listing type-job_listing status-publish has-post-thumbnail hentry job-type-vollzeit job_position_featured\" data-longitude=\"\" data-latitude=\"\">\n\t<a href=\"https:\/\/durmat.com\/pt\/job\/tecnico-em-eletronica-para-tecnologia-de-automacao-de-engenharia-industrial-m-f-d\/\">\n\t\t<img decoding=\"async\" class=\"company_logo\" src=\"https:\/\/durmat.com\/wp-content\/uploads\/durum-wp-joblogo-150x150.jpg\" alt=\"DURUM Wear Protection GmbH\" title=\"Esquema para\">\t\t<div class=\"position\">\n\t\t\t<h3>T\u00e9cnico em eletr\u00f4nica para tecnologia operacional \u201eTecnologia de automa\u00e7\u00e3o\u201c (m\/f\/d)<\/h3>\n\t\t\t<div class=\"company\">\n\t\t\t\t<strong>DURUM Wear Protection GmbH<\/strong> \t\t\t\t<span class=\"tagline\">A DURUM Verschlei\u00dfschutz GmbH \u00e9 uma empresa de m\u00e9dio porte do setor de consum\u00edveis de soldagem, especializada no desenvolvimento e na fabrica\u00e7\u00e3o de materiais de prote\u00e7\u00e3o contra desgaste de alto desempenho e solu\u00e7\u00f5es personalizadas. Nossos produtos s\u00e3o utilizados com sucesso no setor de petr\u00f3leo e g\u00e1s, minera\u00e7\u00e3o, ind\u00fastria de cimento, agricultura e siderurgia.<\/span>\t\t\t<\/div>\n\t\t<\/div>\n\t\t<div class=\"location\">\n\t\t\tWillich\t\t<\/div>\n\t\t<ul class=\"meta\">\n\t\t\t\n\t\t\t\t\t\t\t\t\t\t\t\t\t\t\t\t<li class=\"job-type vollzeit\">Tempo integral<\/li>\n\t\t\t\t\t\t\t\n\t\t\t<li class=\"date\"><time datetime=\"2026-02-25\">Publicado 1 m\u00eas atr\u00e1s<\/time><\/li>\n\n\t\t\t\t\t<\/ul>\n\t<\/a>\n<\/li>\n<li class=\"post-4878 job_listing type-job_listing status-publish has-post-thumbnail hentry job-type-praktikant job_position_featured\" data-longitude=\"\" data-latitude=\"\">\n\t<a href=\"https:\/\/durmat.com\/pt\/job\/trainee-m-w-d\/\">\n\t\t<img decoding=\"async\" class=\"company_logo\" src=\"https:\/\/durmat.com\/wp-content\/uploads\/durum-wp-joblogo-150x150.jpg\" alt=\"DURUM Wear Protection GmbH\" title=\"Esquema para\">\t\t<div class=\"position\">\n\t\t\t<h3>Estagi\u00e1rio (m\/f\/d)<\/h3>\n\t\t\t<div class=\"company\">\n\t\t\t\t<strong>DURUM Wear Protection GmbH<\/strong> \t\t\t\t<span class=\"tagline\">A DURUM Verschlei\u00dfschutz GmbH \u00e9 uma empresa de m\u00e9dio porte do setor de consum\u00edveis de soldagem, especializada no desenvolvimento e na fabrica\u00e7\u00e3o de materiais de prote\u00e7\u00e3o contra desgaste de alto desempenho e solu\u00e7\u00f5es personalizadas. Nossos produtos s\u00e3o utilizados com sucesso no setor de petr\u00f3leo e g\u00e1s, minera\u00e7\u00e3o, ind\u00fastria de cimento, agricultura e siderurgia.<\/span>\t\t\t<\/div>\n\t\t<\/div>\n\t\t<div class=\"location\">\n\t\t\tWillich\t\t<\/div>\n\t\t<ul class=\"meta\">\n\t\t\t\n\t\t\t\t\t\t\t\t\t\t\t\t\t\t\t\t<li class=\"job-type praktikant\">Estagi\u00e1rio<\/li>\n\t\t\t\t\t\t\t\n\t\t\t<li class=\"date\"><time datetime=\"2022-09-06\">Publicado 4 anos atr\u00e1s<\/time><\/li>\n\n\t\t\t\t\t<\/ul>\n\t<\/a>\n<\/li>\n<li class=\"post-4873 job_listing type-job_listing status-publish has-post-thumbnail hentry job-type-werkstudent job_position_featured\" data-longitude=\"\" data-latitude=\"\">\n\t<a href=\"https:\/\/durmat.com\/pt\/job\/trabalho-estudo-m-w-d\/\">\n\t\t<img decoding=\"async\" class=\"company_logo\" src=\"https:\/\/durmat.com\/wp-content\/uploads\/durum-wp-joblogo-150x150.jpg\" alt=\"DURUM Wear Protection GmbH\" title=\"Esquema para\">\t\t<div class=\"position\">\n\t\t\t<h3>Estudante de trabalho (m\/f\/d)<\/h3>\n\t\t\t<div class=\"company\">\n\t\t\t\t<strong>DURUM Wear Protection GmbH<\/strong> \t\t\t\t<span class=\"tagline\">A DURUM Verschlei\u00dfschutz GmbH \u00e9 uma empresa de m\u00e9dio porte do setor de consum\u00edveis de soldagem, especializada no desenvolvimento e na fabrica\u00e7\u00e3o de materiais de prote\u00e7\u00e3o contra desgaste de alto desempenho e solu\u00e7\u00f5es personalizadas. Nossos produtos s\u00e3o utilizados com sucesso no setor de petr\u00f3leo e g\u00e1s, minera\u00e7\u00e3o, ind\u00fastria de cimento, agricultura e siderurgia.<\/span>\t\t\t<\/div>\n\t\t<\/div>\n\t\t<div class=\"location\">\n\t\t\tWillich\t\t<\/div>\n\t\t<ul class=\"meta\">\n\t\t\t\n\t\t\t\t\t\t\t\t\t\t\t\t\t\t\t\t<li class=\"job-type werkstudent\">Estudante que trabalha<\/li>\n\t\t\t\t\t\t\t\n\t\t\t<li class=\"date\"><time datetime=\"2022-09-06\">Publicado 4 anos atr\u00e1s<\/time><\/li>\n\n\t\t\t\t\t<\/ul>\n\t<\/a>\n<\/li>\n<\/ul>\n<\/div><\/div>\n\t\t\t\t\t\t<\/div>\n\t\t\t\t<\/div>\n\t\t\t\t\t<\/div>\n\t\t<\/div>\n\t\t\t\t\t<\/div>\n\t\t<\/section>\n\t\t\t\t\t<\/div>\n\t\t<\/div>\n\t\t\t\t\t<\/div>\n\t\t<\/section>\n\t\t\t\t<\/div>","protected":false},"excerpt":{"rendered":"<p>Starten Sie mit uns durch \u2013 Karriere bei DURUM Als familiengef\u00fchrtes Unternehmen wollen wir stetig wachsen und neue Produkte entwickeln, um auch in Zukunft den Anforderungen unserer nationalen und internationalen Kunden gerecht zu werden. Das Engagement und die Leidenschaft unserer Mitarbeiter sind dabei von gro\u00dfer Bedeutung. Bei DURUM bieten wir Ihnen einen sicheren Arbeitsplatz und [&hellip;]<\/p>\n","protected":false},"author":1,"featured_media":6854,"parent":706,"menu_order":0,"comment_status":"closed","ping_status":"closed","template":"","meta":{"footnotes":""},"class_list":["post-1267","page","type-page","status-publish","has-post-thumbnail","hentry"],"_links":{"self":[{"href":"https:\/\/durmat.com\/pt\/wp-json\/wp\/v2\/pages\/1267","targetHints":{"allow":["GET"]}}],"collection":[{"href":"https:\/\/durmat.com\/pt\/wp-json\/wp\/v2\/pages"}],"about":[{"href":"https:\/\/durmat.com\/pt\/wp-json\/wp\/v2\/types\/page"}],"author":[{"embeddable":true,"href":"https:\/\/durmat.com\/pt\/wp-json\/wp\/v2\/users\/1"}],"replies":[{"embeddable":true,"href":"https:\/\/durmat.com\/pt\/wp-json\/wp\/v2\/comments?post=1267"}],"version-history":[{"count":45,"href":"https:\/\/durmat.com\/pt\/wp-json\/wp\/v2\/pages\/1267\/revisions"}],"predecessor-version":[{"id":205424,"href":"https:\/\/durmat.com\/pt\/wp-json\/wp\/v2\/pages\/1267\/revisions\/205424"}],"up":[{"embeddable":true,"href":"https:\/\/durmat.com\/pt\/wp-json\/wp\/v2\/pages\/706"}],"wp:featuredmedia":[{"embeddable":true,"href":"https:\/\/durmat.com\/pt\/wp-json\/wp\/v2\/media\/6854"}],"wp:attachment":[{"href":"https:\/\/durmat.com\/pt\/wp-json\/wp\/v2\/media?parent=1267"}],"curies":[{"name":"wp","href":"https:\/\/api.w.org\/{rel}","templated":true}]}}