{"id":205243,"date":"2025-05-07T11:00:53","date_gmt":"2025-05-07T09:00:53","guid":{"rendered":"https:\/\/durmat.com\/?page_id=205243"},"modified":"2025-06-17T11:27:52","modified_gmt":"2025-06-17T09:27:52","slug":"erklaerung-zur-barrierefreiheit","status":"publish","type":"page","link":"https:\/\/durmat.com\/pt\/empresa\/declaracao-sobre-acessibilidade\/","title":{"rendered":"Declara\u00e7\u00e3o sobre acessibilidade"},"content":{"rendered":"<div data-elementor-type=\"wp-page\" data-elementor-id=\"205243\" class=\"elementor elementor-205243\" data-elementor-post-type=\"page\">\n\t\t\t\t\t\t<section class=\"elementor-section elementor-top-section elementor-element elementor-element-544dd4a elementor-section-boxed elementor-section-height-default elementor-section-height-default\" data-id=\"544dd4a\" data-element_type=\"section\" data-e-type=\"section\" data-settings=\"{&quot;jet_parallax_layout_list&quot;:[]}\">\n\t\t\t\t\t\t<div class=\"elementor-container elementor-column-gap-default\">\n\t\t\t\t\t<div class=\"elementor-column elementor-col-100 elementor-top-column elementor-element elementor-element-4cf41da\" data-id=\"4cf41da\" data-element_type=\"column\" data-e-type=\"column\">\n\t\t\t<div class=\"elementor-widget-wrap elementor-element-populated\">\n\t\t\t\t\t\t<div class=\"elementor-element elementor-element-36ca997 elementor-widget elementor-widget-text-editor\" data-id=\"36ca997\" data-element_type=\"widget\" data-e-type=\"widget\" data-widget_type=\"text-editor.default\">\n\t\t\t\t<div class=\"elementor-widget-container\">\n\t\t\t\t\t\t\t\t\t<p>Como parte de nossa declara\u00e7\u00e3o de acessibilidade, gostar\u00edamos de fornecer uma vis\u00e3o geral do status da compatibilidade do(s) servi\u00e7o(s) descrito(s) abaixo com os requisitos de acessibilidade de acordo com as normas legais (em particular, com a Lei de Refor\u00e7o \u00e0 Acessibilidade - BFSG).<\/p>\n<h2>Detalhes do provedor de servi\u00e7os<\/h2><p>DURUM WEAR PROTECTION GMBH<br \/>\nCarl-Friedrich-Benz-Str. 7<br \/>\n47877 Willich<br \/>\nRen\u00e2nia do Norte-Vestf\u00e1lia<\/p>\n\n<h2>Descri\u00e7\u00e3o geral do servi\u00e7o<\/h2><p>Fornecimento de informa\u00e7\u00f5es sobre a empresa em durmat.com.<\/p>\n\n<h2>Explica\u00e7\u00f5es sobre a implementa\u00e7\u00e3o do servi\u00e7o<\/h2><p>A empresa fornece informa\u00e7\u00f5es sobre seus pr\u00f3prios produtos e servi\u00e7os em seu site. O site oferece a possibilidade de entrar em contato com a empresa por meio de v\u00e1rios formul\u00e1rios.<\/p>\n\n<h2>Status de compatibilidade com os requisitos<\/h2>\n<p>O servi\u00e7o mencionado acima \u00e9 parcialmente compat\u00edvel com a Lei de Refor\u00e7o de Acessibilidade (BFSG).<\/p> <p>As seguintes partes\/conte\u00fados\/fun\u00e7\u00f5es do servi\u00e7o n\u00e3o est\u00e3o acess\u00edveis:<\/p><p>O conte\u00fado de v\u00eddeo no site n\u00e3o pode ser desligado ou pausado, e n\u00e3o h\u00e1 conte\u00fado alternativo para apresenta\u00e7\u00f5es audiovisuais. A rotulagem de formul\u00e1rios e as mensagens de erro relacionadas a campos \u00e0s vezes s\u00e3o inadequadas. A opera\u00e7\u00e3o do site com o teclado \u00e9 limitada em alguns lugares. V\u00e1rias representa\u00e7\u00f5es de cores n\u00e3o s\u00e3o suficientemente ricas em contraste, h\u00e1 v\u00e1rios erros de sintaxe HTML e atributos HTML sup\u00e9rfluos que dificultam a percep\u00e7\u00e3o do site.<\/p>\n<h3>Alternativas sem barreiras<\/h3>\n<p>Todas as informa\u00e7\u00f5es de v\u00eddeos e dados de imagens tamb\u00e9m s\u00e3o disponibilizadas no texto, quando relevante. A empresa tamb\u00e9m pode ser contatada diretamente por e-mail e telefone a qualquer momento.<\/p>\n<h3>Partes n\u00e3o acess\u00edveis do servi\u00e7o - prazos de implementa\u00e7\u00e3o<\/h3>\n<p>Estamos nos esfor\u00e7ando para otimizar o site para torn\u00e1-lo acess\u00edvel em um futuro pr\u00f3ximo e para minimizar os problemas operacionais na medida do poss\u00edvel. No momento, n\u00e3o podemos fornecer um prazo exato para isso.<\/p>\n\n<h2>Prepara\u00e7\u00e3o da declara\u00e7\u00e3o de acessibilidade<\/h2> <p>Data de prepara\u00e7\u00e3o da declara\u00e7\u00e3o de acessibilidade: 11\/06\/2025<br \/> Data da \u00faltima revis\u00e3o dos servi\u00e7os mencionados acima com rela\u00e7\u00e3o aos requisitos de acessibilidade: 10\/06\/2025<\/p>\n\t\t\t\t\t\t\t\t<\/div>\n\t\t\t\t<\/div>\n\t\t\t\t\t<\/div>\n\t\t<\/div>\n\t\t\t\t\t<\/div>\n\t\t<\/section>\n\t\t\t\t<\/div>","protected":false},"excerpt":{"rendered":"<p>Im Rahmen unserer Barrierefreiheitserkl&auml;rung m&ouml;chten wir Ihnen einen &Uuml;berblick &uuml;ber den Stand der Vereinbarkeit der unten beschriebenen Dienstleistung(en) mit den Anforderungen der Barrierefreiheit nach gesetzlichen Vorschriften (insbesondere mit dem Barrierefreiheitsst&auml;rkungsgesetz &ndash; BFSG) geben. Angaben zum Dienstleistungserbringer DURUM VERSCHLEISS-SCHUTZ GMBH Carl-Friedrich-Benz-Str. 7 47877 Willich Nordrhein-Westfalen Allgemeine Beschreibung der Dienstleistung Bereitstellung von Informationen zum Unternehmen unter durmat.com. [&hellip;]<\/p>\n","protected":false},"author":1,"featured_media":6854,"parent":706,"menu_order":0,"comment_status":"closed","ping_status":"closed","template":"","meta":{"footnotes":""},"class_list":["post-205243","page","type-page","status-publish","has-post-thumbnail","hentry"],"_links":{"self":[{"href":"https:\/\/durmat.com\/pt\/wp-json\/wp\/v2\/pages\/205243","targetHints":{"allow":["GET"]}}],"collection":[{"href":"https:\/\/durmat.com\/pt\/wp-json\/wp\/v2\/pages"}],"about":[{"href":"https:\/\/durmat.com\/pt\/wp-json\/wp\/v2\/types\/page"}],"author":[{"embeddable":true,"href":"https:\/\/durmat.com\/pt\/wp-json\/wp\/v2\/users\/1"}],"replies":[{"embeddable":true,"href":"https:\/\/durmat.com\/pt\/wp-json\/wp\/v2\/comments?post=205243"}],"version-history":[{"count":4,"href":"https:\/\/durmat.com\/pt\/wp-json\/wp\/v2\/pages\/205243\/revisions"}],"predecessor-version":[{"id":205338,"href":"https:\/\/durmat.com\/pt\/wp-json\/wp\/v2\/pages\/205243\/revisions\/205338"}],"up":[{"embeddable":true,"href":"https:\/\/durmat.com\/pt\/wp-json\/wp\/v2\/pages\/706"}],"wp:featuredmedia":[{"embeddable":true,"href":"https:\/\/durmat.com\/pt\/wp-json\/wp\/v2\/media\/6854"}],"wp:attachment":[{"href":"https:\/\/durmat.com\/pt\/wp-json\/wp\/v2\/media?parent=205243"}],"curies":[{"name":"wp","href":"https:\/\/api.w.org\/{rel}","templated":true}]}}