{"id":205245,"date":"2025-04-30T15:46:52","date_gmt":"2025-04-30T13:46:52","guid":{"rendered":"https:\/\/durmat.com\/?page_id=205245"},"modified":"2025-09-03T14:30:49","modified_gmt":"2025-09-03T12:30:49","slug":"ueber-uns-in-einfacher-sprache","status":"publish","type":"page","link":"https:\/\/durmat.com\/pt\/empresa\/sobre-nos-em-uma-linguagem-simples\/","title":{"rendered":"Sobre n\u00f3s em uma linguagem simples"},"content":{"rendered":"<div data-elementor-type=\"wp-page\" data-elementor-id=\"205245\" class=\"elementor elementor-205245\" data-elementor-post-type=\"page\">\n\t\t\t\t\t\t<section class=\"elementor-section elementor-top-section elementor-element elementor-element-817711a elementor-section-boxed elementor-section-height-default elementor-section-height-default\" data-id=\"817711a\" data-element_type=\"section\" data-e-type=\"section\" data-settings=\"{&quot;jet_parallax_layout_list&quot;:[]}\">\n\t\t\t\t\t\t<div class=\"elementor-container elementor-column-gap-default\">\n\t\t\t\t\t<div class=\"elementor-column elementor-col-100 elementor-top-column elementor-element elementor-element-5bd8aa1\" data-id=\"5bd8aa1\" data-element_type=\"column\" data-e-type=\"column\">\n\t\t\t<div class=\"elementor-widget-wrap elementor-element-populated\">\n\t\t\t\t\t\t<div class=\"elementor-element elementor-element-e4f0e8f elementor-widget elementor-widget-text-editor\" data-id=\"e4f0e8f\" data-element_type=\"widget\" data-e-type=\"widget\" data-widget_type=\"text-editor.default\">\n\t\t\t\t<div class=\"elementor-widget-container\">\n\t\t\t\t\t\t\t\t\t<h2>Somos a DURUM<\/h2><p>Estamos no mercado h\u00e1 mais de 40 anos.<\/p><p>Protegemos as m\u00e1quinas.<br \/>Nosso trabalho garante isso:<br \/>As m\u00e1quinas duram mais.<\/p><p>Trabalhamos em todo o mundo.<br \/>Fornecemos nossos produtos para mais de 80 pa\u00edses.<br \/>Temos empresas no Brasil, na Fran\u00e7a e nos EUA.<\/p><h3>Isso \u00e9 importante para n\u00f3s<\/h3><ul><li>Nossos produtos s\u00e3o de boa qualidade.<\/li><li>Oferecemos aos senhores boas e amig\u00e1veis orienta\u00e7\u00f5es.<\/li><li>Desenvolvemos novos produtos.<\/li><li>Oferecemos um bom servi\u00e7o.<\/li><li>A confian\u00e7a \u00e9 muito importante para n\u00f3s.<\/li><\/ul><h3>O que fazemos por voc\u00ea<\/h3><p>Encontraremos a melhor solu\u00e7\u00e3o para o seu problema.<br \/>Protegemos muitas m\u00e1quinas e sistemas diferentes.<br \/>Ajudamos pequenas e grandes empresas.<\/p><h3>Nossos produtos<\/h3><p>Fabricamos produtos especiais.<br \/>Nossos produtos protegem as m\u00e1quinas contra o desgaste.<br \/>Por exemplo:<\/p><ul><li>Fios de soldagem<\/li><li>P\u00f3 de solda<\/li><li>Fios de spray<\/li><li>P\u00f3 em spray<\/li><li>Pain\u00e9is de prote\u00e7\u00e3o prontos para uso<\/li><li>Componentes prontos que o senhor pode instalar diretamente<\/li><\/ul><p>Alguns de nossos produtos cont\u00eam uma subst\u00e2ncia.<br \/>O material \u00e9 chamado de carbeto de tungst\u00eanio.<br \/>Ele oferece uma prote\u00e7\u00e3o particularmente forte.<\/p><h3>Nossa pesquisa<\/h3><p>Desenvolvemos novos materiais.<br \/>Desenvolvemos novas t\u00e9cnicas de soldagem e revestimento.<\/p><p>Temos nossos pr\u00f3prios laborat\u00f3rios.<br \/>Testamos novos tecidos l\u00e1.<br \/>Tamb\u00e9m desenvolvemos solu\u00e7\u00f5es para clientes individuais.<\/p><h3>Nossos projetos<\/h3><p>Estamos envolvidos em muitos projetos de pesquisa.<br \/>Trabalhamos em conjunto com universidades e empresas.<br \/>\u00c0s vezes, recebemos dinheiro da UE ou do estado.<\/p><p>Compartilhamos alguns resultados com outras pessoas.<br \/>Alguns resultados permanecem em segredo.<br \/>Isso \u00e9 importante se \u00e9 isso que os clientes querem.<\/p><h3>Nossos cursos de treinamento<\/h3><p>Mostraremos aos senhores como usar nossos produtos adequadamente.<br \/>Nossos especialistas podem ajudar o senhor.<\/p><h3>Nosso c\u00f3digo de conduta:<\/h3><p>Cumprimos todas as leis.<br \/>Trabalhamos com honestidade.<br \/>N\u00f3s nos comportamos bem no trabalho.<br \/>Tamb\u00e9m nos comportamos bem fora do trabalho.<\/p>\t\t\t\t\t\t\t\t<\/div>\n\t\t\t\t<\/div>\n\t\t\t\t\t<\/div>\n\t\t<\/div>\n\t\t\t\t\t<\/div>\n\t\t<\/section>\n\t\t\t\t<\/div>","protected":false},"excerpt":{"rendered":"<p>Wir sind DURUM Uns gibt es seit \u00fcber 40 Jahren. Wir sch\u00fctzen Maschinen.Unsere Arbeit sorgt daf\u00fcr:Maschinen halten l\u00e4nger. Wir arbeiten auf der ganzen Welt.Wir liefern unsere Produkte in mehr als 80 L\u00e4nder.Wir haben Firmen in Brasilien, Frankreich und den USA. Das ist uns wichtig Unsere Produkte haben gute Qualit\u00e4t. Wir beraten Sie freundlich und gut. [&hellip;]<\/p>\n","protected":false},"author":1,"featured_media":2376,"parent":706,"menu_order":0,"comment_status":"closed","ping_status":"closed","template":"","meta":{"footnotes":""},"class_list":["post-205245","page","type-page","status-publish","has-post-thumbnail","hentry"],"_links":{"self":[{"href":"https:\/\/durmat.com\/pt\/wp-json\/wp\/v2\/pages\/205245","targetHints":{"allow":["GET"]}}],"collection":[{"href":"https:\/\/durmat.com\/pt\/wp-json\/wp\/v2\/pages"}],"about":[{"href":"https:\/\/durmat.com\/pt\/wp-json\/wp\/v2\/types\/page"}],"author":[{"embeddable":true,"href":"https:\/\/durmat.com\/pt\/wp-json\/wp\/v2\/users\/1"}],"replies":[{"embeddable":true,"href":"https:\/\/durmat.com\/pt\/wp-json\/wp\/v2\/comments?post=205245"}],"version-history":[{"count":16,"href":"https:\/\/durmat.com\/pt\/wp-json\/wp\/v2\/pages\/205245\/revisions"}],"predecessor-version":[{"id":205585,"href":"https:\/\/durmat.com\/pt\/wp-json\/wp\/v2\/pages\/205245\/revisions\/205585"}],"up":[{"embeddable":true,"href":"https:\/\/durmat.com\/pt\/wp-json\/wp\/v2\/pages\/706"}],"wp:featuredmedia":[{"embeddable":true,"href":"https:\/\/durmat.com\/pt\/wp-json\/wp\/v2\/media\/2376"}],"wp:attachment":[{"href":"https:\/\/durmat.com\/pt\/wp-json\/wp\/v2\/media?parent=205245"}],"curies":[{"name":"wp","href":"https:\/\/api.w.org\/{rel}","templated":true}]}}