{"id":706,"date":"2022-06-01T11:24:21","date_gmt":"2022-06-01T09:24:21","guid":{"rendered":"https:\/\/durmat.com\/?page_id=706"},"modified":"2025-06-26T08:42:14","modified_gmt":"2025-06-26T06:42:14","slug":"unternehmen","status":"publish","type":"page","link":"https:\/\/durmat.com\/pt\/empresa\/","title":{"rendered":"Empresa"},"content":{"rendered":"<div data-elementor-type=\"wp-page\" data-elementor-id=\"706\" class=\"elementor elementor-706\" data-elementor-post-type=\"page\">\n\t\t\t\t\t\t<section class=\"elementor-section elementor-top-section elementor-element elementor-element-b7cff1e elementor-section-full_width elementor-section-height-default elementor-section-height-default\" data-id=\"b7cff1e\" data-element_type=\"section\" data-e-type=\"section\" data-settings=\"{&quot;jet_parallax_layout_list&quot;:[]}\">\n\t\t\t\t\t\t<div class=\"elementor-container elementor-column-gap-default\">\n\t\t\t\t\t<div class=\"elementor-column elementor-col-100 elementor-top-column elementor-element elementor-element-83392c1\" data-id=\"83392c1\" data-element_type=\"column\" data-e-type=\"column\">\n\t\t\t<div class=\"elementor-widget-wrap elementor-element-populated\">\n\t\t\t\t\t\t<div class=\"elementor-element elementor-element-b800871 elementor-widget elementor-widget-heading\" data-id=\"b800871\" data-element_type=\"widget\" data-e-type=\"widget\" data-widget_type=\"heading.default\">\n\t\t\t\t<div class=\"elementor-widget-container\">\n\t\t\t\t\t<h2 class=\"elementor-heading-title elementor-size-default\">DURUM: resistente ao desgaste <\/h2>\t\t\t\t<\/div>\n\t\t\t\t<\/div>\n\t\t\t\t<section class=\"elementor-section elementor-inner-section elementor-element elementor-element-704a8e9 elementor-section-full_width elementor-section-height-default elementor-section-height-default\" data-id=\"704a8e9\" data-element_type=\"section\" data-e-type=\"section\" data-settings=\"{&quot;jet_parallax_layout_list&quot;:[]}\">\n\t\t\t\t\t\t<div class=\"elementor-container elementor-column-gap-default\">\n\t\t\t\t\t<div class=\"elementor-column elementor-col-50 elementor-inner-column elementor-element elementor-element-70bfe97\" data-id=\"70bfe97\" data-element_type=\"column\" data-e-type=\"column\">\n\t\t\t<div class=\"elementor-widget-wrap elementor-element-populated\">\n\t\t\t\t\t\t<div class=\"elementor-element elementor-element-1131462 elementor-widget elementor-widget-text-editor\" data-id=\"1131462\" data-element_type=\"widget\" data-e-type=\"widget\" data-widget_type=\"text-editor.default\">\n\t\t\t\t<div class=\"elementor-widget-container\">\n\t\t\t\t\t\t\t\t\t<p>Todo setor tem certas regras. No nosso, as mais importantes s\u00e3o <strong>Solu\u00e7\u00f5es<\/strong>. N\u00e3o importa se \u00e9 o <strong>Prote\u00e7\u00e3o contra desgaste<\/strong> por meio de soldagem por acumula\u00e7\u00e3o e pulveriza\u00e7\u00e3o t\u00e9rmica de novas pe\u00e7as ou da <strong>Reparo<\/strong> e <strong>Manuten\u00e7\u00e3o <\/strong>de m\u00e1quinas que j\u00e1 est\u00e3o desgastadas - com <strong>mat\u00e9rias-primas de alta qualidade<\/strong> de estados livres de conflitos e <strong>Tecnologia de processo inovadora<\/strong> O DURUM p\u00f5e um fim ao desgaste em quase todos os setores. <strong>solu\u00e7\u00e3o eficaz<\/strong> contra.<\/p>\t\t\t\t\t\t\t\t<\/div>\n\t\t\t\t<\/div>\n\t\t\t\t<div class=\"elementor-element elementor-element-3306a8c elementor-widget elementor-widget-heading\" data-id=\"3306a8c\" data-element_type=\"widget\" data-e-type=\"widget\" data-widget_type=\"heading.default\">\n\t\t\t\t<div class=\"elementor-widget-container\">\n\t\t\t\t\t<h3 class=\"elementor-heading-title elementor-size-default\">Nosso desempenho para o seu sucesso<\/h3>\t\t\t\t<\/div>\n\t\t\t\t<\/div>\n\t\t\t\t<div class=\"elementor-element elementor-element-f5ba74b elementor-widget elementor-widget-text-editor\" data-id=\"f5ba74b\" data-element_type=\"widget\" data-e-type=\"widget\" data-widget_type=\"text-editor.default\">\n\t\t\t\t<div class=\"elementor-widget-container\">\n\t\t\t\t\t\t\t\t\t<p>O <strong>Qualidade<\/strong> de todas as aplica\u00e7\u00f5es n\u00e3o \u00e9 medida em termos do tamanho da \u00e1rea de aplica\u00e7\u00e3o, mas em termos da <strong>Satisfa\u00e7\u00e3o de nossos clientes<\/strong>. A coopera\u00e7\u00e3o em parceria e a confidencialidade no desenvolvimento s\u00e3o igualmente cruciais para uma <strong>coopera\u00e7\u00e3o bem-sucedida<\/strong> como as propriedades f\u00edsicas do material dos produtos.<\/p><p>Para atender aos requisitos mais rigorosos do seu setor, o senhor precisa, al\u00e9m de <strong>Produtos personalizados<\/strong> tamb\u00e9m <strong>servi\u00e7o de primeira classe<\/strong>. Juntamente com uma rede mundial e v\u00e1rias subsidi\u00e1rias, criamos solu\u00e7\u00f5es nas quais o senhor pode confiar.<\/p>\t\t\t\t\t\t\t\t<\/div>\n\t\t\t\t<\/div>\n\t\t\t\t\t<\/div>\n\t\t<\/div>\n\t\t\t\t<div class=\"elementor-column elementor-col-50 elementor-inner-column elementor-element elementor-element-e0ccdb4\" data-id=\"e0ccdb4\" data-element_type=\"column\" data-e-type=\"column\">\n\t\t\t<div class=\"elementor-widget-wrap elementor-element-populated\">\n\t\t\t\t\t\t<div class=\"elementor-element elementor-element-70bfad8 elementor-arrows-position-inside elementor-pagination-position-outside elementor-widget elementor-widget-image-carousel\" data-id=\"70bfad8\" data-element_type=\"widget\" data-e-type=\"widget\" data-settings=\"{&quot;slides_to_show&quot;:&quot;1&quot;,&quot;lazyload&quot;:&quot;yes&quot;,&quot;navigation&quot;:&quot;both&quot;,&quot;autoplay&quot;:&quot;yes&quot;,&quot;pause_on_hover&quot;:&quot;yes&quot;,&quot;pause_on_interaction&quot;:&quot;yes&quot;,&quot;autoplay_speed&quot;:5000,&quot;infinite&quot;:&quot;yes&quot;,&quot;effect&quot;:&quot;slide&quot;,&quot;speed&quot;:500}\" data-widget_type=\"image-carousel.default\">\n\t\t\t\t<div class=\"elementor-widget-container\">\n\t\t\t\t\t\t\t<div class=\"elementor-image-carousel-wrapper swiper\" role=\"region\" aria-roledescription=\"carousel\" aria-label=\"Carrossel de imagens\" dir=\"ltr\">\n\t\t\t<div class=\"elementor-image-carousel swiper-wrapper swiper-image-stretch\" aria-live=\"off\">\n\t\t\t\t\t\t\t\t<div class=\"swiper-slide\" role=\"group\" aria-roledescription=\"slide\" aria-label=\"1 de 6\" data-no-translation-aria-label=\"\"><figure class=\"swiper-slide-inner\"><img class=\"swiper-slide-image swiper-lazy\" data-src=\"https:\/\/durmat.com\/wp-content\/uploads\/durum-verschleissschutz_ueberuns-header-1.jpg\" alt=\"durum_wearing_protection_overuns-header\" \/><div class=\"swiper-lazy-preloader\"><\/div><\/figure><\/div><div class=\"swiper-slide\" role=\"group\" aria-roledescription=\"slide\" aria-label=\"2 de 6\" data-no-translation-aria-label=\"\"><figure class=\"swiper-slide-inner\"><img class=\"swiper-slide-image swiper-lazy\" data-src=\"https:\/\/durmat.com\/wp-content\/uploads\/durum-verschleissschutz_ueberuns-innenansicht-01.jpg\" alt=\"durum_wearing_protection_inside_view-01\" \/><div class=\"swiper-lazy-preloader\"><\/div><\/figure><\/div><div class=\"swiper-slide\" role=\"group\" aria-roledescription=\"slide\" aria-label=\"3 de 6\" data-no-translation-aria-label=\"\"><figure class=\"swiper-slide-inner\"><img class=\"swiper-slide-image swiper-lazy\" data-src=\"https:\/\/durmat.com\/wp-content\/uploads\/durum-verschleissschutz_ueberuns-innenansicht-02.jpg\" alt=\"durum_wearing_protection_inside_view-02\" \/><div class=\"swiper-lazy-preloader\"><\/div><\/figure><\/div><div class=\"swiper-slide\" role=\"group\" aria-roledescription=\"slide\" aria-label=\"4 de 6\" data-no-translation-aria-label=\"\"><figure class=\"swiper-slide-inner\"><img class=\"swiper-slide-image swiper-lazy\" data-src=\"https:\/\/durmat.com\/wp-content\/uploads\/durum-verschleissschutz_ueberuns-innenansicht-03.jpg\" alt=\"durum-wear_protection_overhead-inside-view-03\" \/><div class=\"swiper-lazy-preloader\"><\/div><\/figure><\/div><div class=\"swiper-slide\" role=\"group\" aria-roledescription=\"slide\" aria-label=\"5 de 6\" data-no-translation-aria-label=\"\"><figure class=\"swiper-slide-inner\"><img class=\"swiper-slide-image swiper-lazy\" data-src=\"https:\/\/durmat.com\/wp-content\/uploads\/durum-verschleissschutz_ueberuns-aussenansichtt-02.jpg\" alt=\"durum_wear_protection_outside_view-02\" \/><div class=\"swiper-lazy-preloader\"><\/div><\/figure><\/div><div class=\"swiper-slide\" role=\"group\" aria-roledescription=\"slide\" aria-label=\"6 de 6\" data-no-translation-aria-label=\"\"><figure class=\"swiper-slide-inner\"><img class=\"swiper-slide-image swiper-lazy\" data-src=\"https:\/\/durmat.com\/wp-content\/uploads\/durum_e-saeule_7.jpg\" alt=\"Pilar E Durum\" \/><div class=\"swiper-lazy-preloader\"><\/div><\/figure><\/div>\t\t\t<\/div>\n\t\t\t\t\t\t\t\t\t\t\t\t<div class=\"elementor-swiper-button elementor-swiper-button-prev\" role=\"button\" tabindex=\"0\">\n\t\t\t\t\t\t<i aria-hidden=\"true\" class=\"eicon-chevron-left\"><\/i>\t\t\t\t\t<\/div>\n\t\t\t\t\t<div class=\"elementor-swiper-button elementor-swiper-button-next\" role=\"button\" tabindex=\"0\">\n\t\t\t\t\t\t<i aria-hidden=\"true\" class=\"eicon-chevron-right\"><\/i>\t\t\t\t\t<\/div>\n\t\t\t\t\n\t\t\t\t\t\t\t\t\t<div class=\"swiper-pagination\"><\/div>\n\t\t\t\t\t\t\t\t\t<\/div>\n\t\t\t\t\t\t<\/div>\n\t\t\t\t<\/div>\n\t\t\t\t\t<\/div>\n\t\t<\/div>\n\t\t\t\t\t<\/div>\n\t\t<\/section>\n\t\t\t\t<div class=\"elementor-element elementor-element-cf21a73 elementor-widget elementor-widget-heading\" data-id=\"cf21a73\" data-element_type=\"widget\" data-e-type=\"widget\" data-widget_type=\"heading.default\">\n\t\t\t\t<div class=\"elementor-widget-container\">\n\t\t\t\t\t<h3 class=\"elementor-heading-title elementor-size-default\">Nossa hist\u00f3ria <\/h3>\t\t\t\t<\/div>\n\t\t\t\t<\/div>\n\t\t\t\t<div class=\"elementor-element elementor-element-1d1fb6c elementor-widget__width-initial elementor-widget elementor-widget-text-editor\" data-id=\"1d1fb6c\" data-element_type=\"widget\" data-e-type=\"widget\" data-widget_type=\"text-editor.default\">\n\t\t\t\t<div class=\"elementor-widget-container\">\n\t\t\t\t\t\t\t\t\t<p>O <strong>DURUM Wear Protection GmbH<\/strong> foi <strong>1984<\/strong> foi fundada em Mettmann, perto de D\u00fcsseldorf. Al\u00e9m da localiza\u00e7\u00e3o principal em <strong>Willich <\/strong>(Alemanha), h\u00e1 instala\u00e7\u00f5es operacionais e centros de servi\u00e7os da DURUM no Brasil, na Fran\u00e7a e nos EUA, que s\u00e3o complementados por parceiros de vendas em todos os cinco continentes do mundo. A DURUM exporta para mais de <strong>80 pa\u00edses<\/strong> em todo o mundo! Como uma empresa de m\u00e9dio porte com <strong>mais de 40 anos de experi\u00eancia<\/strong> desenvolvemos aplicativos espec\u00edficos <strong>Solu\u00e7\u00f5es especiais<\/strong> para nossos clientes.<\/p>\t\t\t\t\t\t\t\t<\/div>\n\t\t\t\t<\/div>\n\t\t\t\t<div class=\"elementor-element elementor-element-602b2b8 elementor-widget__width-initial elementor-widget elementor-widget-image\" data-id=\"602b2b8\" data-element_type=\"widget\" data-e-type=\"widget\" data-widget_type=\"image.default\">\n\t\t\t\t<div class=\"elementor-widget-container\">\n\t\t\t\t\t\t\t\t\t\t\t\t\t\t\t<img fetchpriority=\"high\" decoding=\"async\" width=\"500\" height=\"154\" src=\"https:\/\/durmat.com\/wp-content\/uploads\/durum_jubilaeumslogo-40-jahre-500.png\" class=\"attachment-large size-large wp-image-197852\" alt=\"Esquema para\" srcset=\"https:\/\/durmat.com\/wp-content\/uploads\/durum_jubilaeumslogo-40-jahre-500.png 500w, https:\/\/durmat.com\/wp-content\/uploads\/durum_jubilaeumslogo-40-jahre-500-300x92.png 300w, https:\/\/durmat.com\/wp-content\/uploads\/durum_jubilaeumslogo-40-jahre-500-18x6.png 18w\" sizes=\"(max-width: 500px) 100vw, 500px\" title=\"Esquema para\">\t\t\t\t\t\t\t\t\t\t\t\t\t\t\t<\/div>\n\t\t\t\t<\/div>\n\t\t\t\t<div class=\"elementor-element elementor-element-7dee5dd elementor-widget elementor-widget-heading\" data-id=\"7dee5dd\" data-element_type=\"widget\" data-e-type=\"widget\" data-widget_type=\"heading.default\">\n\t\t\t\t<div class=\"elementor-widget-container\">\n\t\t\t\t\t<h3 class=\"elementor-heading-title elementor-size-default\">Nossa filosofia corporativa<\/h3>\t\t\t\t<\/div>\n\t\t\t\t<\/div>\n\t\t\t\t<div class=\"elementor-element elementor-element-40a452f elementor-widget elementor-widget-text-editor\" data-id=\"40a452f\" data-element_type=\"widget\" data-e-type=\"widget\" data-widget_type=\"text-editor.default\">\n\t\t\t\t<div class=\"elementor-widget-container\">\n\t\t\t\t\t\t\t\t\t<p><strong>Nosso lema: Sucesso por meio dos revestimentos DURUM! <\/strong>Com o DURUM, o senhor se beneficia de revestimentos de superf\u00edcie mais resistentes ao desgaste e, portanto, de <strong>melhor funcionalidade, efici\u00eancia econ\u00f4mica e competitividade.\u00a0<\/strong><span style=\"color: var( --e-global-color-primary );\">Desenvolvemos continuamente nossos produtos e investimos em <\/span><strong style=\"color: var( --e-global-color-primary );\">Pesquisa<\/strong><span style=\"color: var( --e-global-color-primary );\"> e <\/span><strong style=\"color: var( --e-global-color-primary );\">Desenvolvimento<\/strong><span style=\"color: var( --e-global-color-primary );\">, um <\/span><strong style=\"color: var( --e-global-color-primary );\">solu\u00e7\u00f5es personalizadas<\/strong><span style=\"color: var( --e-global-color-primary );\"> para os mais exigentes <\/span><strong style=\"color: var( --e-global-color-primary );\">\u00c1reas de aplica\u00e7\u00e3o<\/strong><span style=\"color: var( --e-global-color-primary );\"> no setor.<\/span><\/p><p>Processos curtos de tomada de decis\u00e3o e hierarquias planas s\u00e3o a garantia para nossos <strong>Flexibilidade <\/strong>e <strong>Desempenho<\/strong>. No entanto, apesar de todo o seu dinamismo, a DURUM tamb\u00e9m \u00e9 sin\u00f4nimo de continuidade e confiabilidade em rela\u00e7\u00e3o a <strong>Cumprimento dos prazos <\/strong>e <strong>pol\u00edtica de pre\u00e7os est\u00e1vel<\/strong>.<\/p>\t\t\t\t\t\t\t\t<\/div>\n\t\t\t\t<\/div>\n\t\t\t\t\t<\/div>\n\t\t<\/div>\n\t\t\t\t\t<\/div>\n\t\t<\/section>\n\t\t\t\t<\/div>","protected":false},"excerpt":{"rendered":"<p>DURUM: Stark gegen Verschlei\u00df Jede Branche hat bestimmte Regeln. In unserer z\u00e4hlen vor allem L\u00f6sungen. Egal, ob es sich um den Verschlei\u00dfschutz durch Auftragschwei\u00dfen und thermisches Spritzen von Neuteilen oder die Reparatur und Instandhaltung von bereits verschlissenen Maschinen handelt \u2013 mit hochwertigen Rohstoffen aus konfliktfreien Staaten und innovativer Verfahrenstechnik setzt DURUM dem Verschlei\u00df in nahezu [&hellip;]<\/p>\n","protected":false},"author":1,"featured_media":6854,"parent":0,"menu_order":0,"comment_status":"closed","ping_status":"closed","template":"","meta":{"footnotes":""},"class_list":["post-706","page","type-page","status-publish","has-post-thumbnail","hentry"],"_links":{"self":[{"href":"https:\/\/durmat.com\/pt\/wp-json\/wp\/v2\/pages\/706","targetHints":{"allow":["GET"]}}],"collection":[{"href":"https:\/\/durmat.com\/pt\/wp-json\/wp\/v2\/pages"}],"about":[{"href":"https:\/\/durmat.com\/pt\/wp-json\/wp\/v2\/types\/page"}],"author":[{"embeddable":true,"href":"https:\/\/durmat.com\/pt\/wp-json\/wp\/v2\/users\/1"}],"replies":[{"embeddable":true,"href":"https:\/\/durmat.com\/pt\/wp-json\/wp\/v2\/comments?post=706"}],"version-history":[{"count":61,"href":"https:\/\/durmat.com\/pt\/wp-json\/wp\/v2\/pages\/706\/revisions"}],"predecessor-version":[{"id":205420,"href":"https:\/\/durmat.com\/pt\/wp-json\/wp\/v2\/pages\/706\/revisions\/205420"}],"wp:featuredmedia":[{"embeddable":true,"href":"https:\/\/durmat.com\/pt\/wp-json\/wp\/v2\/media\/6854"}],"wp:attachment":[{"href":"https:\/\/durmat.com\/pt\/wp-json\/wp\/v2\/media?parent=706"}],"curies":[{"name":"wp","href":"https:\/\/api.w.org\/{rel}","templated":true}]}}