{"id":1250,"date":"2022-06-03T10:05:46","date_gmt":"2022-06-03T08:05:46","guid":{"rendered":"https:\/\/durmat.com\/?page_id=1250"},"modified":"2023-07-31T07:54:58","modified_gmt":"2023-07-31T05:54:58","slug":"schulungen","status":"publish","type":"page","link":"https:\/\/durmat.com\/ru\/\u0443\u0441\u043b\u0443\u0433\u0438\/\u0443\u0447\u0435\u0431\u043d\u044b\u0435-\u043a\u0443\u0440\u0441\u044b\/","title":{"rendered":"\u0422\u0440\u0435\u043d\u0438\u043d\u0433\u0438"},"content":{"rendered":"<div data-elementor-type=\"wp-page\" data-elementor-id=\"1250\" class=\"elementor elementor-1250\" data-elementor-post-type=\"page\">\n\t\t\t\t\t\t<section class=\"elementor-section elementor-top-section elementor-element elementor-element-570e080 elementor-section-full_width elementor-section-height-default elementor-section-height-default\" data-id=\"570e080\" data-element_type=\"section\" data-e-type=\"section\" data-settings=\"{&quot;jet_parallax_layout_list&quot;:[]}\">\n\t\t\t\t\t\t<div class=\"elementor-container elementor-column-gap-default\">\n\t\t\t\t\t<div class=\"elementor-column elementor-col-100 elementor-top-column elementor-element elementor-element-19abdf8\" data-id=\"19abdf8\" data-element_type=\"column\" data-e-type=\"column\">\n\t\t\t<div class=\"elementor-widget-wrap elementor-element-populated\">\n\t\t\t\t\t\t<div class=\"elementor-element elementor-element-014de69 elementor-widget elementor-widget-heading\" data-id=\"014de69\" data-element_type=\"widget\" data-e-type=\"widget\" data-widget_type=\"heading.default\">\n\t\t\t\t<div class=\"elementor-widget-container\">\n\t\t\t\t\t<h2 class=\"elementor-heading-title elementor-size-default\">\u0423\u0447\u0435\u0431\u043d\u044b\u0435 \u043a\u0443\u0440\u0441\u044b DURUM: \u0412\u043e\u0442 \u043a\u0430\u043a \u0440\u0430\u0431\u043e\u0442\u0430\u0435\u0442 \u0437\u0430\u0449\u0438\u0442\u0430 \u043e\u0442 \u0438\u0437\u043d\u043e\u0441\u0430<\/h2>\t\t\t\t<\/div>\n\t\t\t\t<\/div>\n\t\t\t\t<section class=\"elementor-section elementor-inner-section elementor-element elementor-element-b3f3695 elementor-section-full_width elementor-section-height-default elementor-section-height-default\" data-id=\"b3f3695\" data-element_type=\"section\" data-e-type=\"section\" data-settings=\"{&quot;jet_parallax_layout_list&quot;:[]}\">\n\t\t\t\t\t\t<div class=\"elementor-container elementor-column-gap-default\">\n\t\t\t\t\t<div class=\"elementor-column elementor-col-50 elementor-inner-column elementor-element elementor-element-0da29f7\" data-id=\"0da29f7\" data-element_type=\"column\" data-e-type=\"column\">\n\t\t\t<div class=\"elementor-widget-wrap elementor-element-populated\">\n\t\t\t\t\t\t<div class=\"elementor-element elementor-element-45caeff elementor-widget elementor-widget-text-editor\" data-id=\"45caeff\" data-element_type=\"widget\" data-e-type=\"widget\" data-widget_type=\"text-editor.default\">\n\t\t\t\t<div class=\"elementor-widget-container\">\n\t\t\t\t\t\t\t\t\t<p>The <strong>\u041a\u0430\u0447\u0435\u0441\u0442\u0432\u043e <\/strong>\u0412\u0430\u0448\u0435\u0439 \u0433\u043e\u0442\u043e\u0432\u043e\u0439 \u0437\u0430\u0449\u0438\u0442\u044b \u043e\u0442 \u0438\u0437\u043d\u043e\u0441\u0430 \u0432 \u0437\u043d\u0430\u0447\u0438\u0442\u0435\u043b\u044c\u043d\u043e\u0439 \u0441\u0442\u0435\u043f\u0435\u043d\u0438 \u043e\u043f\u0440\u0435\u0434\u0435\u043b\u044f\u0435\u0442\u0441\u044f <strong>\u0421\u043f\u043e\u0441\u043e\u0431 \u043f\u0440\u0438\u043c\u0435\u043d\u0435\u043d\u0438\u044f<\/strong> \u043e\u043f\u0440\u0435\u0434\u0435\u043b\u0435\u043d\u044b. \u0427\u0442\u043e\u0431\u044b \u0433\u0430\u0440\u0430\u043d\u0442\u0438\u0440\u043e\u0432\u0430\u0442\u044c, \u0447\u0442\u043e \u043f\u0440\u043e\u0446\u0435\u0441\u0441 \u043d\u0430\u043d\u0435\u0441\u0435\u043d\u0438\u044f \u043f\u043e\u043a\u0440\u044b\u0442\u0438\u044f \u043c\u043e\u0436\u0435\u0442 \u0431\u044b\u0442\u044c \u0438\u0434\u0435\u0430\u043b\u044c\u043d\u043e \u0438\u0441\u043f\u043e\u043b\u044c\u0437\u043e\u0432\u0430\u043d \u043d\u0430 \u0412\u0430\u0448\u0435\u043c \u043e\u0431\u044a\u0435\u043a\u0442\u0435, \u043d\u0430\u0448\u0438 <strong>\u041a\u043e\u043c\u0430\u043d\u0434\u0430 \u043e\u043f\u044b\u0442\u043d\u044b\u0445 \u044d\u043a\u0441\u043f\u0435\u0440\u0442\u043e\u0432<\/strong> \u0441 \u043d\u043e\u0443-\u0445\u0430\u0443, \u0438\u043d\u0442\u0443\u0438\u0446\u0438\u0435\u0439 \u0438 \u0441\u043f\u0435\u0446\u0438\u0430\u043b\u044c\u043d\u044b\u043c\u0438 \u0437\u043d\u0430\u043d\u0438\u044f\u043c\u0438 \u043e \u0441\u043e\u043e\u0442\u0432\u0435\u0442\u0441\u0442\u0432\u0443\u044e\u0449\u0435\u043c \u043f\u0440\u043e\u0434\u0443\u043a\u0442\u0435 \u0438\u043b\u0438 \u043f\u0440\u043e\u0446\u0435\u0441\u0441\u0435 \u0438 \u0435\u0433\u043e \u043f\u0440\u0438\u043c\u0435\u043d\u0435\u043d\u0438\u0438. \u041d\u0430\u0448\u0438 \u043a\u0432\u0430\u043b\u0438\u0444\u0438\u0446\u0438\u0440\u043e\u0432\u0430\u043d\u043d\u044b\u0435 \u0441\u043e\u0442\u0440\u0443\u0434\u043d\u0438\u043a\u0438 DURUM \u0431\u0443\u0434\u0443\u0442 \u0440\u0430\u0434\u044b \u043f\u0435\u0440\u0435\u0434\u0430\u0442\u044c \u0412\u0430\u043c \u0441\u0432\u043e\u0439 \u043e\u0441\u043e\u0431\u044b\u0439 \u043e\u043f\u044b\u0442 \u0432 \u0435\u0436\u0435\u0434\u043d\u0435\u0432\u043d\u043e\u043c \u043e\u0431\u0440\u0430\u0449\u0435\u043d\u0438\u0438 \u0441 \u044d\u0442\u0438\u043c \u043c\u0430\u0442\u0435\u0440\u0438\u0430\u043b\u043e\u043c.<\/p>\t\t\t\t\t\t\t\t<\/div>\n\t\t\t\t<\/div>\n\t\t\t\t<div class=\"elementor-element elementor-element-a5dac93 elementor-widget elementor-widget-heading\" data-id=\"a5dac93\" data-element_type=\"widget\" data-e-type=\"widget\" data-widget_type=\"heading.default\">\n\t\t\t\t<div class=\"elementor-widget-container\">\n\t\t\t\t\t<h3 class=\"elementor-heading-title elementor-size-default\">\u041f\u0440\u0430\u043a\u0442\u0438\u0447\u043d\u043e\u0441\u0442\u044c \u0438 \u0442\u043e\u0447\u043d\u0430\u044f \u0430\u0434\u0430\u043f\u0442\u0430\u0446\u0438\u044f \u043a \u0412\u0430\u0448\u0438\u043c \u0442\u0440\u0435\u0431\u043e\u0432\u0430\u043d\u0438\u044f\u043c<\/h3>\t\t\t\t<\/div>\n\t\t\t\t<\/div>\n\t\t\t\t<div class=\"elementor-element elementor-element-91e8292 elementor-widget elementor-widget-text-editor\" data-id=\"91e8292\" data-element_type=\"widget\" data-e-type=\"widget\" data-widget_type=\"text-editor.default\">\n\t\t\t\t<div class=\"elementor-widget-container\">\n\t\t\t\t\t\t\t\t\t<p>\u0427\u0435\u0440\u0435\u0437 <strong>\u043e\u0431\u0448\u0438\u0440\u043d\u0430\u044f \u043f\u043e\u0434\u0433\u043e\u0442\u043e\u0432\u043a\u0430<\/strong> \u0432 \u043d\u0430\u0448\u0435\u0439 \u0448\u0442\u0430\u0431-\u043a\u0432\u0430\u0440\u0442\u0438\u0440\u0435, \u0432 \u043d\u0430\u0448\u0438\u0445 \u0444\u0438\u043b\u0438\u0430\u043b\u0430\u0445 \u0438\u043b\u0438 \u043d\u0435\u043f\u043e\u0441\u0440\u0435\u0434\u0441\u0442\u0432\u0435\u043d\u043d\u043e \u043d\u0430 \u0412\u0430\u0448\u0435\u043c \u043f\u0440\u0435\u0434\u043f\u0440\u0438\u044f\u0442\u0438\u0438, \u0412\u044b \u0438 \u0412\u0430\u0448\u0438 \u0441\u043e\u0442\u0440\u0443\u0434\u043d\u0438\u043a\u0438 \u0443\u0437\u043d\u0430\u0435\u0442\u0435 <strong>\u043f\u0440\u0435\u0432\u043e\u0441\u0445\u043e\u0434\u043d\u0430\u044f \u0443\u043f\u0440\u0430\u0432\u043b\u044f\u0435\u043c\u043e\u0441\u0442\u044c<\/strong> \u0441 \u043d\u0435\u043e\u0431\u0445\u043e\u0434\u0438\u043c\u044b\u043c\u0438 \u043f\u0440\u043e\u0434\u0443\u043a\u0442\u0430\u043c\u0438. \u041f\u0440\u043e\u0444\u0435\u0441\u0441\u0438\u043e\u043d\u0430\u043b\u044b, \u0435\u0436\u0435\u0434\u043d\u0435\u0432\u043d\u043e \u0438\u0441\u043f\u043e\u043b\u044c\u0437\u0443\u044e\u0449\u0438\u0435 \u043f\u0440\u043e\u0434\u0443\u043a\u0442\u044b, \u043f\u043e\u043b\u0443\u0447\u0430\u044e\u0442 \u0432\u043e\u0437\u043c\u043e\u0436\u043d\u043e\u0441\u0442\u044c \u0437\u0430\u0434\u0430\u0442\u044c \u0432\u043e\u043f\u0440\u043e\u0441\u044b \u043e\u0431\u0443\u0447\u0430\u044e\u0449\u0435\u043c\u0443 \u043f\u0435\u0440\u0441\u043e\u043d\u0430\u043b\u0443 DURUM, \u043e\u043f\u0442\u0438\u043c\u0438\u0437\u0438\u0440\u043e\u0432\u0430\u0442\u044c \u043f\u0440\u043e\u0446\u0435\u0441\u0441\u044b \u0438 \u0443\u0441\u0442\u0440\u0430\u043d\u0438\u0442\u044c \u0432\u043e\u0437\u043c\u043e\u0436\u043d\u044b\u0435 \u0438\u0441\u0442\u043e\u0447\u043d\u0438\u043a\u0438 \u043e\u0448\u0438\u0431\u043e\u043a \u0441 \u0441\u0430\u043c\u043e\u0433\u043e \u043d\u0430\u0447\u0430\u043b\u0430. \u0412\u0435\u0434\u044c \u0432 \u043a\u043e\u043d\u0435\u0447\u043d\u043e\u043c \u0438\u0442\u043e\u0433\u0435 \u0432\u0430\u0436\u0435\u043d \u0440\u0435\u0437\u0443\u043b\u044c\u0442\u0430\u0442. \u0412\u043e\u0441\u043f\u043e\u043b\u044c\u0437\u0443\u0439\u0442\u0435\u0441\u044c \u043d\u0430\u0448\u0438\u043c \u043f\u0440\u0435\u0434\u043b\u043e\u0436\u0435\u043d\u0438\u0435\u043c \u043f\u043e \u043e\u0431\u0443\u0447\u0435\u043d\u0438\u044e \u0434\u043b\u044f \u0412\u0430\u0448\u0438\u0445 <strong>\u041a\u043e\u043d\u043a\u0443\u0440\u0435\u043d\u0442\u043d\u043e\u0435 \u043f\u0440\u0435\u0438\u043c\u0443\u0449\u0435\u0441\u0442\u0432\u043e<\/strong>.<\/p>\t\t\t\t\t\t\t\t<\/div>\n\t\t\t\t<\/div>\n\t\t\t\t<div class=\"elementor-element elementor-element-901d171 elementor-widget elementor-widget-heading\" data-id=\"901d171\" data-element_type=\"widget\" data-e-type=\"widget\" data-widget_type=\"heading.default\">\n\t\t\t\t<div class=\"elementor-widget-container\">\n\t\t\t\t\t<h3 class=\"elementor-heading-title elementor-size-default\">\u041d\u0430\u0448\u0438 \u0442\u0440\u0435\u043d\u0438\u043d\u0433\u0438: <\/h3>\t\t\t\t<\/div>\n\t\t\t\t<\/div>\n\t\t\t\t<div class=\"elementor-element elementor-element-f388ad7 elementor-icon-list--layout-traditional elementor-list-item-link-full_width elementor-widget elementor-widget-icon-list\" data-id=\"f388ad7\" data-element_type=\"widget\" data-e-type=\"widget\" data-widget_type=\"icon-list.default\">\n\t\t\t\t<div class=\"elementor-widget-container\">\n\t\t\t\t\t\t\t<ul class=\"elementor-icon-list-items\">\n\t\t\t\t\t\t\t<li class=\"elementor-icon-list-item\">\n\t\t\t\t\t\t\t\t\t\t\t<span class=\"elementor-icon-list-icon\">\n\t\t\t\t\t\t\t<i aria-hidden=\"true\" class=\"fas fa-check\"><\/i>\t\t\t\t\t\t<\/span>\n\t\t\t\t\t\t\t\t\t\t<span class=\"elementor-icon-list-text\">\u041e\u0431\u0443\u0447\u0435\u043d\u0438\u0435 \u043f\u0440\u043e\u0434\u0443\u043a\u0442\u0430\u043c<\/span>\n\t\t\t\t\t\t\t\t\t<\/li>\n\t\t\t\t\t\t\t\t<li class=\"elementor-icon-list-item\">\n\t\t\t\t\t\t\t\t\t\t\t<span class=\"elementor-icon-list-icon\">\n\t\t\t\t\t\t\t<i aria-hidden=\"true\" class=\"fas fa-check\"><\/i>\t\t\t\t\t\t<\/span>\n\t\t\t\t\t\t\t\t\t\t<span class=\"elementor-icon-list-text\">\u041e\u0431\u0443\u0447\u0435\u043d\u0438\u0435 \u0441\u0432\u0430\u0440\u043a\u0435 \u043f\u043e\u0434 \u0444\u043b\u044e\u0441\u043e\u043c (MIG\/MAG\/OA, UP)<\/span>\n\t\t\t\t\t\t\t\t\t<\/li>\n\t\t\t\t\t\t\t\t<li class=\"elementor-icon-list-item\">\n\t\t\t\t\t\t\t\t\t\t\t<span class=\"elementor-icon-list-icon\">\n\t\t\t\t\t\t\t<i aria-hidden=\"true\" class=\"fas fa-check\"><\/i>\t\t\t\t\t\t<\/span>\n\t\t\t\t\t\t\t\t\t\t<span class=\"elementor-icon-list-text\">\u041e\u0431\u0443\u0447\u0435\u043d\u0438\u0435 \u0441\u0432\u0430\u0440\u043a\u0435 PTA<\/span>\n\t\t\t\t\t\t\t\t\t<\/li>\n\t\t\t\t\t\t\t\t<li class=\"elementor-icon-list-item\">\n\t\t\t\t\t\t\t\t\t\t\t<span class=\"elementor-icon-list-icon\">\n\t\t\t\t\t\t\t<i aria-hidden=\"true\" class=\"fas fa-check\"><\/i>\t\t\t\t\t\t<\/span>\n\t\t\t\t\t\t\t\t\t\t<span class=\"elementor-icon-list-text\">\u041e\u0431\u0443\u0447\u0435\u043d\u0438\u0435 \u043e\u043a\u0441\u0438\u0430\u0446\u0435\u0442\u0438\u043b\u0435\u043d\u043e\u0432\u043e\u0439 \u0441\u0432\u0430\u0440\u043a\u0435<\/span>\n\t\t\t\t\t\t\t\t\t<\/li>\n\t\t\t\t\t\t\t\t<li class=\"elementor-icon-list-item\">\n\t\t\t\t\t\t\t\t\t\t\t<span class=\"elementor-icon-list-icon\">\n\t\t\t\t\t\t\t<i aria-hidden=\"true\" class=\"fas fa-check\"><\/i>\t\t\t\t\t\t<\/span>\n\t\t\t\t\t\t\t\t\t\t<span class=\"elementor-icon-list-text\">\u041e\u0431\u0443\u0447\u0435\u043d\u0438\u0435 \u0440\u0443\u0447\u043d\u043e\u0439 \u0434\u0443\u0433\u043e\u0432\u043e\u0439 \u0441\u0432\u0430\u0440\u043a\u0435<\/span>\n\t\t\t\t\t\t\t\t\t<\/li>\n\t\t\t\t\t\t\t\t<li class=\"elementor-icon-list-item\">\n\t\t\t\t\t\t\t\t\t\t\t<span class=\"elementor-icon-list-icon\">\n\t\t\t\t\t\t\t<i aria-hidden=\"true\" class=\"fas fa-check\"><\/i>\t\t\t\t\t\t<\/span>\n\t\t\t\t\t\t\t\t\t\t<span class=\"elementor-icon-list-text\">\u041e\u0431\u0443\u0447\u0435\u043d\u0438\u0435 \u0442\u0435\u0440\u043c\u0438\u0447\u0435\u0441\u043a\u043e\u043c\u0443 \u043d\u0430\u043f\u044b\u043b\u0435\u043d\u0438\u044e<\/span>\n\t\t\t\t\t\t\t\t\t<\/li>\n\t\t\t\t\t\t\t\t<li class=\"elementor-icon-list-item\">\n\t\t\t\t\t\t\t\t\t\t\t<span class=\"elementor-icon-list-icon\">\n\t\t\t\t\t\t\t<i aria-hidden=\"true\" class=\"fas fa-check\"><\/i>\t\t\t\t\t\t<\/span>\n\t\t\t\t\t\t\t\t\t\t<span class=\"elementor-icon-list-text\">\u0422\u0435\u0445\u043d\u043e\u043b\u043e\u0433\u0438\u044f \u0443\u0447\u0435\u0431\u043d\u043e\u0439 \u0443\u0441\u0442\u0430\u043d\u043e\u0432\u043a\u0438<\/span>\n\t\t\t\t\t\t\t\t\t<\/li>\n\t\t\t\t\t\t<\/ul>\n\t\t\t\t\t\t<\/div>\n\t\t\t\t<\/div>\n\t\t\t\t\t<\/div>\n\t\t<\/div>\n\t\t\t\t<div class=\"elementor-column elementor-col-50 elementor-inner-column elementor-element elementor-element-9b06545\" data-id=\"9b06545\" data-element_type=\"column\" data-e-type=\"column\">\n\t\t\t<div class=\"elementor-widget-wrap elementor-element-populated\">\n\t\t\t\t\t\t<div class=\"elementor-element elementor-element-189920e elementor-arrows-position-inside elementor-pagination-position-outside elementor-widget elementor-widget-image-carousel\" data-id=\"189920e\" data-element_type=\"widget\" data-e-type=\"widget\" data-settings=\"{&quot;slides_to_show&quot;:&quot;1&quot;,&quot;lazyload&quot;:&quot;yes&quot;,&quot;navigation&quot;:&quot;both&quot;,&quot;autoplay&quot;:&quot;yes&quot;,&quot;pause_on_hover&quot;:&quot;yes&quot;,&quot;pause_on_interaction&quot;:&quot;yes&quot;,&quot;autoplay_speed&quot;:5000,&quot;infinite&quot;:&quot;yes&quot;,&quot;effect&quot;:&quot;slide&quot;,&quot;speed&quot;:500}\" data-widget_type=\"image-carousel.default\">\n\t\t\t\t<div class=\"elementor-widget-container\">\n\t\t\t\t\t\t\t<div class=\"elementor-image-carousel-wrapper swiper\" role=\"region\" aria-roledescription=\"carousel\" aria-label=\"\u041a\u0430\u0440\u0443\u0441\u0435\u043b\u044c\" dir=\"ltr\">\n\t\t\t<div class=\"elementor-image-carousel swiper-wrapper swiper-image-stretch\" aria-live=\"off\">\n\t\t\t\t\t\t\t\t<div class=\"swiper-slide\" role=\"group\" aria-roledescription=\"slide\" aria-label=\"1 \u0438\u0437 2\" data-no-translation-aria-label=\"\"><figure class=\"swiper-slide-inner\"><img class=\"swiper-slide-image swiper-lazy\" data-src=\"https:\/\/durmat.com\/wp-content\/uploads\/durum_cta-bg-schulungen.jpg\" alt=\"DURUM \u043f\u0440\u0435\u0434\u043b\u0430\u0433\u0430\u0435\u0442 \u043f\u0440\u043e\u0444\u0435\u0441\u0441\u0438\u043e\u043d\u0430\u043b\u044c\u043d\u043e\u0435 \u043e\u0431\u0443\u0447\u0435\u043d\u0438\u0435 \u0438 \u043f\u043e\u0432\u044b\u0448\u0435\u043d\u0438\u0435 \u043a\u0432\u0430\u043b\u0438\u0444\u0438\u043a\u0430\u0446\u0438\u0438 \u0432 \u043e\u0431\u043b\u0430\u0441\u0442\u0438 \u0437\u0430\u0449\u0438\u0442\u044b \u043e\u0442 \u0438\u0437\u043d\u043e\u0441\u0430 \u0438 \u0441\u0432\u0430\u0440\u043a\u0438 \u043d\u0430\u0440\u0430\u0449\u0438\u0432\u0430\u043d\u0438\u0435\u043c - \u0441\u043e\u0432\u0440\u0435\u043c\u0435\u043d\u043d\u0430\u044f \u0443\u0447\u0435\u0431\u043d\u0430\u044f \u0441\u0440\u0435\u0434\u0430 \u043d\u0430 \u0444\u043e\u0442\u043e.\" \/><div class=\"swiper-lazy-preloader\"><\/div><\/figure><\/div><div class=\"swiper-slide\" role=\"group\" aria-roledescription=\"slide\" aria-label=\"2 \u0438\u0437 2\" data-no-translation-aria-label=\"\"><figure class=\"swiper-slide-inner\"><img class=\"swiper-slide-image swiper-lazy\" data-src=\"https:\/\/durmat.com\/wp-content\/uploads\/durum-verschleissschutz_dienstleistungen-header.jpg\" alt=\"durum-wear_protection_services_header\" \/><div class=\"swiper-lazy-preloader\"><\/div><\/figure><\/div>\t\t\t<\/div>\n\t\t\t\t\t\t\t\t\t\t\t\t<div class=\"elementor-swiper-button elementor-swiper-button-prev\" role=\"button\" tabindex=\"0\">\n\t\t\t\t\t\t<i aria-hidden=\"true\" class=\"eicon-chevron-left\"><\/i>\t\t\t\t\t<\/div>\n\t\t\t\t\t<div class=\"elementor-swiper-button elementor-swiper-button-next\" role=\"button\" tabindex=\"0\">\n\t\t\t\t\t\t<i aria-hidden=\"true\" class=\"eicon-chevron-right\"><\/i>\t\t\t\t\t<\/div>\n\t\t\t\t\n\t\t\t\t\t\t\t\t\t<div class=\"swiper-pagination\"><\/div>\n\t\t\t\t\t\t\t\t\t<\/div>\n\t\t\t\t\t\t<\/div>\n\t\t\t\t<\/div>\n\t\t\t\t\t<\/div>\n\t\t<\/div>\n\t\t\t\t\t<\/div>\n\t\t<\/section>\n\t\t\t\t\t<\/div>\n\t\t<\/div>\n\t\t\t\t\t<\/div>\n\t\t<\/section>\n\t\t\t\t<section class=\"elementor-section elementor-top-section elementor-element elementor-element-ce63795 elementor-section-full_width elementor-section-height-default elementor-section-height-default\" data-id=\"ce63795\" data-element_type=\"section\" data-e-type=\"section\" data-settings=\"{&quot;jet_parallax_layout_list&quot;:[]}\">\n\t\t\t\t\t\t<div class=\"elementor-container elementor-column-gap-default\">\n\t\t\t\t\t<div class=\"elementor-column elementor-col-100 elementor-top-column elementor-element elementor-element-67b0b0a\" data-id=\"67b0b0a\" data-element_type=\"column\" data-e-type=\"column\">\n\t\t\t<div class=\"elementor-widget-wrap elementor-element-populated\">\n\t\t\t\t\t\t<div class=\"elementor-element elementor-element-f858c98 elementor-widget elementor-widget-template\" data-id=\"f858c98\" data-element_type=\"widget\" data-e-type=\"widget\" data-widget_type=\"template.default\">\n\t\t\t\t<div class=\"elementor-widget-container\">\n\t\t\t\t\t\t\t<div class=\"elementor-template\">\n\t\t\t\t\t<div data-elementor-type=\"section\" data-elementor-id=\"3339\" class=\"elementor elementor-3339\" data-elementor-post-type=\"elementor_library\">\n\t\t\t\t\t<section class=\"elementor-section elementor-top-section elementor-element elementor-element-ce2a629 elementor-section-full_width elementor-section-height-default elementor-section-height-default\" data-id=\"ce2a629\" data-element_type=\"section\" data-e-type=\"section\" data-settings=\"{&quot;jet_parallax_layout_list&quot;:[]}\">\n\t\t\t\t\t\t<div class=\"elementor-container elementor-column-gap-default\">\n\t\t\t\t\t<div class=\"elementor-column elementor-col-100 elementor-top-column elementor-element elementor-element-c3b7f8c\" data-id=\"c3b7f8c\" data-element_type=\"column\" data-e-type=\"column\">\n\t\t\t<div class=\"elementor-widget-wrap elementor-element-populated\">\n\t\t\t\t\t\t<div class=\"elementor-element elementor-element-8eca65b elementor-cta--skin-cover elementor-animated-content elementor-bg-transform elementor-bg-transform-zoom-in elementor-widget elementor-widget-global elementor-global-2509 elementor-widget-call-to-action\" data-id=\"8eca65b\" data-element_type=\"widget\" data-e-type=\"widget\" data-widget_type=\"call-to-action.default\">\n\t\t\t\t<div class=\"elementor-widget-container\">\n\t\t\t\t\t\t\t<div class=\"elementor-cta\">\n\t\t\t\t\t<div class=\"elementor-cta__bg-wrapper\">\n\t\t\t\t<div class=\"elementor-cta__bg elementor-bg\" style=\"background-image: url(https:\/\/durmat.com\/wp-content\/uploads\/durum_cta-bg-rueckrufservice.jpg);\" role=\"img\" aria-label=\"durum_cta-bg-return-call-service\"><\/div>\n\t\t\t\t<div class=\"elementor-cta__bg-overlay\"><\/div>\n\t\t\t<\/div>\n\t\t\t\t\t\t\t<div class=\"elementor-cta__content\">\n\t\t\t\t\n\t\t\t\t\t\t\t\t\t<h2 class=\"elementor-cta__title elementor-cta__content-item elementor-content-item elementor-animated-item--grow\">\n\t\t\t\t\t\t\u0421\u0435\u0440\u0432\u0438\u0441 \u043e\u0431\u0440\u0430\u0442\u043d\u043e\u0433\u043e \u0432\u044b\u0437\u043e\u0432\u0430\t\t\t\t\t<\/h2>\n\t\t\t\t\n\t\t\t\t\t\t\t\t\t<div class=\"elementor-cta__description elementor-cta__content-item elementor-content-item elementor-animated-item--grow\">\n\t\t\t\t\t\t\u0423 \u0412\u0430\u0441 \u0432\u043e\u0437\u043d\u0438\u043a\u043b\u0438 \u0434\u043e\u043f\u043e\u043b\u043d\u0438\u0442\u0435\u043b\u044c\u043d\u044b\u0435 \u0432\u043e\u043f\u0440\u043e\u0441\u044b \u0438\u043b\u0438 \u043f\u0440\u043e\u0431\u043b\u0435\u043c\u044b? \u0422\u043e\u0433\u0434\u0430 \u043f\u0440\u043e\u0441\u0442\u043e \u0441\u0432\u044f\u0436\u0438\u0442\u0435\u0441\u044c \u0441 \u043d\u0430\u043c\u0438, \u043c\u044b \u0431\u0443\u0434\u0435\u043c \u0440\u0430\u0434\u044b \u043f\u043e\u043c\u043e\u0447\u044c \u0412\u0430\u043c!\t\t\t\t\t<\/div>\n\t\t\t\t\n\t\t\t\t\t\t\t\t\t<div class=\"elementor-cta__button-wrapper elementor-cta__content-item elementor-content-item elementor-animated-item--grow\">\n\t\t\t\t\t<a class=\"elementor-cta__button elementor-button elementor-size-lg\" href=\"#elementor-action%3Aaction%3Dpopup%3Aopen%26settings%3DeyJpZCI6IjQ0MDEiLCJ0b2dnbGUiOmZhbHNlfQ%3D%3D\">\n\t\t\t\t\t\t\u0414\u0430, \u044f \u0445\u043e\u0442\u0435\u043b \u0431\u044b, \u0447\u0442\u043e\u0431\u044b \u043c\u0435\u043d\u044f \u043f\u043e\u0437\u0432\u0430\u043b\u0438!\t\t\t\t\t<\/a>\n\t\t\t\t\t<\/div>\n\t\t\t\t\t\t\t<\/div>\n\t\t\t\t\t\t<\/div>\n\t\t\t\t\t\t<\/div>\n\t\t\t\t<\/div>\n\t\t\t\t\t<\/div>\n\t\t<\/div>\n\t\t\t\t\t<\/div>\n\t\t<\/section>\n\t\t\t\t<\/div>\n\t\t\t\t<\/div>\n\t\t\t\t\t\t<\/div>\n\t\t\t\t<\/div>\n\t\t\t\t\t<\/div>\n\t\t<\/div>\n\t\t\t\t\t<\/div>\n\t\t<\/section>\n\t\t\t\t<\/div>","protected":false},"excerpt":{"rendered":"<p>DURUM Schulungen: So geht Verschlei\u00dfschutz Die Qualit\u00e4t Ihres fertigen Verschlei\u00dfschutzes wird ma\u00dfgeblich von der Art des Auftragens bestimmt. Damit der Beschichtungsprozess bei Ihnen vor Ort perfekt eingesetzt werden kann, hilft Ihnen unser Team aus erfahrenen Experten jederzeit weiter \u2013 mit Know-how, Fingerspitzengef\u00fchl sowie speziellen Kenntnissen um das jeweilige Produkt oder Verfahren und dessen Einsatz. Die [&hellip;]<\/p>\n","protected":false},"author":1,"featured_media":7923,"parent":657,"menu_order":0,"comment_status":"closed","ping_status":"closed","template":"","meta":{"footnotes":""},"class_list":["post-1250","page","type-page","status-publish","has-post-thumbnail","hentry"],"_links":{"self":[{"href":"https:\/\/durmat.com\/ru\/wp-json\/wp\/v2\/pages\/1250","targetHints":{"allow":["GET"]}}],"collection":[{"href":"https:\/\/durmat.com\/ru\/wp-json\/wp\/v2\/pages"}],"about":[{"href":"https:\/\/durmat.com\/ru\/wp-json\/wp\/v2\/types\/page"}],"author":[{"embeddable":true,"href":"https:\/\/durmat.com\/ru\/wp-json\/wp\/v2\/users\/1"}],"replies":[{"embeddable":true,"href":"https:\/\/durmat.com\/ru\/wp-json\/wp\/v2\/comments?post=1250"}],"version-history":[{"count":32,"href":"https:\/\/durmat.com\/ru\/wp-json\/wp\/v2\/pages\/1250\/revisions"}],"predecessor-version":[{"id":19818,"href":"https:\/\/durmat.com\/ru\/wp-json\/wp\/v2\/pages\/1250\/revisions\/19818"}],"up":[{"embeddable":true,"href":"https:\/\/durmat.com\/ru\/wp-json\/wp\/v2\/pages\/657"}],"wp:featuredmedia":[{"embeddable":true,"href":"https:\/\/durmat.com\/ru\/wp-json\/wp\/v2\/media\/7923"}],"wp:attachment":[{"href":"https:\/\/durmat.com\/ru\/wp-json\/wp\/v2\/media?parent=1250"}],"curies":[{"name":"wp","href":"https:\/\/api.w.org\/{rel}","templated":true}]}}