{"id":205245,"date":"2025-04-30T15:46:52","date_gmt":"2025-04-30T13:46:52","guid":{"rendered":"https:\/\/durmat.com\/?page_id=205245"},"modified":"2025-09-03T14:30:49","modified_gmt":"2025-09-03T12:30:49","slug":"ueber-uns-in-einfacher-sprache","status":"publish","type":"page","link":"https:\/\/durmat.com\/ru\/\u043a\u043e\u043c\u043f\u0430\u043d\u0438\u044f\/\u043e-\u043d\u0430\u0441-\u043f\u0440\u043e\u0441\u0442\u044b\u043c-\u044f\u0437\u044b\u043a\u043e\u043c\/","title":{"rendered":"\u041e \u043d\u0430\u0441 \u043f\u0440\u043e\u0441\u0442\u044b\u043c \u044f\u0437\u044b\u043a\u043e\u043c"},"content":{"rendered":"<div data-elementor-type=\"wp-page\" data-elementor-id=\"205245\" class=\"elementor elementor-205245\" data-elementor-post-type=\"page\">\n\t\t\t\t\t\t<section class=\"elementor-section elementor-top-section elementor-element elementor-element-817711a elementor-section-boxed elementor-section-height-default elementor-section-height-default\" data-id=\"817711a\" data-element_type=\"section\" data-e-type=\"section\" data-settings=\"{&quot;jet_parallax_layout_list&quot;:[]}\">\n\t\t\t\t\t\t<div class=\"elementor-container elementor-column-gap-default\">\n\t\t\t\t\t<div class=\"elementor-column elementor-col-100 elementor-top-column elementor-element elementor-element-5bd8aa1\" data-id=\"5bd8aa1\" data-element_type=\"column\" data-e-type=\"column\">\n\t\t\t<div class=\"elementor-widget-wrap elementor-element-populated\">\n\t\t\t\t\t\t<div class=\"elementor-element elementor-element-e4f0e8f elementor-widget elementor-widget-text-editor\" data-id=\"e4f0e8f\" data-element_type=\"widget\" data-e-type=\"widget\" data-widget_type=\"text-editor.default\">\n\t\t\t\t<div class=\"elementor-widget-container\">\n\t\t\t\t\t\t\t\t\t<h2>\u041c\u044b - DURUM<\/h2><p>\u041c\u044b \u0440\u0430\u0431\u043e\u0442\u0430\u0435\u043c \u0443\u0436\u0435 \u0431\u043e\u043b\u0435\u0435 40 \u043b\u0435\u0442.<\/p><p>\u041c\u044b \u0437\u0430\u0449\u0438\u0449\u0430\u0435\u043c \u043c\u0430\u0448\u0438\u043d\u044b.<br \/>\u041d\u0430\u0448\u0430 \u0440\u0430\u0431\u043e\u0442\u0430 \u0433\u0430\u0440\u0430\u043d\u0442\u0438\u0440\u0443\u0435\u0442 \u044d\u0442\u043e:<br \/>\u041c\u0430\u0448\u0438\u043d\u044b \u0441\u043b\u0443\u0436\u0430\u0442 \u0434\u043e\u043b\u044c\u0448\u0435.<\/p><p>\u041c\u044b \u0440\u0430\u0431\u043e\u0442\u0430\u0435\u043c \u043f\u043e \u0432\u0441\u0435\u043c\u0443 \u043c\u0438\u0440\u0443.<br \/>\u041c\u044b \u043f\u043e\u0441\u0442\u0430\u0432\u043b\u044f\u0435\u043c \u043d\u0430\u0448\u0443 \u043f\u0440\u043e\u0434\u0443\u043a\u0446\u0438\u044e \u0432 \u0431\u043e\u043b\u0435\u0435 \u0447\u0435\u043c 80 \u0441\u0442\u0440\u0430\u043d.<br \/>\u0423 \u043d\u0430\u0441 \u0435\u0441\u0442\u044c \u043a\u043e\u043c\u043f\u0430\u043d\u0438\u0438 \u0432 \u0411\u0440\u0430\u0437\u0438\u043b\u0438\u0438, \u0424\u0440\u0430\u043d\u0446\u0438\u0438 \u0438 \u0421\u0428\u0410.<\/p><h3>\u042d\u0442\u043e \u043e\u0447\u0435\u043d\u044c \u0432\u0430\u0436\u043d\u043e \u0434\u043b\u044f \u043d\u0430\u0441<\/h3><ul><li>\u041d\u0430\u0448\u0438 \u043f\u0440\u043e\u0434\u0443\u043a\u0442\u044b \u043e\u0442\u043b\u0438\u0447\u0430\u044e\u0442\u0441\u044f \u0445\u043e\u0440\u043e\u0448\u0438\u043c \u043a\u0430\u0447\u0435\u0441\u0442\u0432\u043e\u043c.<\/li><li>\u041c\u044b \u0434\u0430\u0434\u0438\u043c \u0412\u0430\u043c \u0434\u0440\u0443\u0436\u0435\u0441\u043a\u0438\u0439 \u0438 \u0445\u043e\u0440\u043e\u0448\u0438\u0439 \u0441\u043e\u0432\u0435\u0442.<\/li><li>\u041c\u044b \u0440\u0430\u0437\u0440\u0430\u0431\u0430\u0442\u044b\u0432\u0430\u0435\u043c \u043d\u043e\u0432\u044b\u0435 \u043f\u0440\u043e\u0434\u0443\u043a\u0442\u044b.<\/li><li>\u041c\u044b \u043f\u0440\u0435\u0434\u043b\u0430\u0433\u0430\u0435\u043c \u0445\u043e\u0440\u043e\u0448\u0438\u0439 \u0441\u0435\u0440\u0432\u0438\u0441.<\/li><li>\u0414\u043e\u0432\u0435\u0440\u0438\u0435 \u043e\u0447\u0435\u043d\u044c \u0432\u0430\u0436\u043d\u043e \u0434\u043b\u044f \u043d\u0430\u0441.<\/li><\/ul><h3>\u0427\u0442\u043e \u043c\u044b \u0434\u0435\u043b\u0430\u0435\u043c \u0434\u043b\u044f \u0432\u0430\u0441<\/h3><p>\u041c\u044b \u043d\u0430\u0439\u0434\u0435\u043c \u043b\u0443\u0447\u0448\u0435\u0435 \u0440\u0435\u0448\u0435\u043d\u0438\u0435 \u0434\u043b\u044f \u0412\u0430\u0448\u0435\u0439 \u043f\u0440\u043e\u0431\u043b\u0435\u043c\u044b.<br \/>\u041c\u044b \u0437\u0430\u0449\u0438\u0449\u0430\u0435\u043c \u043c\u043d\u043e\u0436\u0435\u0441\u0442\u0432\u043e \u0440\u0430\u0437\u043b\u0438\u0447\u043d\u044b\u0445 \u043c\u0430\u0448\u0438\u043d \u0438 \u0441\u0438\u0441\u0442\u0435\u043c.<br \/>\u041c\u044b \u043f\u043e\u043c\u043e\u0433\u0430\u0435\u043c \u043c\u0430\u043b\u044b\u043c \u043f\u0440\u0435\u0434\u043f\u0440\u0438\u044f\u0442\u0438\u044f\u043c \u0438 \u043a\u0440\u0443\u043f\u043d\u044b\u043c \u043a\u043e\u043c\u043f\u0430\u043d\u0438\u044f\u043c.<\/p><h3>\u041d\u0430\u0448\u0438 \u043f\u0440\u043e\u0434\u0443\u043a\u0442\u044b<\/h3><p>\u041c\u044b \u043f\u0440\u043e\u0438\u0437\u0432\u043e\u0434\u0438\u043c \u0441\u043f\u0435\u0446\u0438\u0430\u043b\u044c\u043d\u044b\u0435 \u043f\u0440\u043e\u0434\u0443\u043a\u0442\u044b.<br \/>\u041d\u0430\u0448\u0438 \u043f\u0440\u043e\u0434\u0443\u043a\u0442\u044b \u0437\u0430\u0449\u0438\u0449\u0430\u044e\u0442 \u043c\u0430\u0448\u0438\u043d\u044b \u043e\u0442 \u0438\u0437\u043d\u043e\u0441\u0430.<br \/>\u041d\u0430\u043f\u0440\u0438\u043c\u0435\u0440:<\/p><ul><li>\u0421\u0432\u0430\u0440\u043e\u0447\u043d\u044b\u0435 \u043f\u0440\u043e\u0432\u043e\u0434\u0430<\/li><li>\u0421\u0432\u0430\u0440\u043e\u0447\u043d\u044b\u0439 \u043f\u043e\u0440\u043e\u0448\u043e\u043a<\/li><li>\u041d\u0430\u043f\u044b\u043b\u044f\u0435\u043c\u044b\u0435 \u043f\u0440\u043e\u0432\u043e\u0434\u0430<\/li><li>\u0420\u0430\u0441\u043f\u044b\u043b\u044f\u0435\u043c\u0430\u044f \u043f\u0443\u0434\u0440\u0430<\/li><li>\u0413\u043e\u0442\u043e\u0432\u044b\u0435 \u0437\u0430\u0449\u0438\u0442\u043d\u044b\u0435 \u043f\u0430\u043d\u0435\u043b\u0438<\/li><li>\u0413\u043e\u0442\u043e\u0432\u044b\u0435 \u043a\u043e\u043c\u043f\u043e\u043d\u0435\u043d\u0442\u044b, \u043a\u043e\u0442\u043e\u0440\u044b\u0435 \u0412\u044b \u043c\u043e\u0436\u0435\u0442\u0435 \u0443\u0441\u0442\u0430\u043d\u043e\u0432\u0438\u0442\u044c \u043d\u0430\u043f\u0440\u044f\u043c\u0443\u044e<\/li><\/ul><p>\u041d\u0435\u043a\u043e\u0442\u043e\u0440\u044b\u0435 \u0438\u0437 \u043d\u0430\u0448\u0438\u0445 \u043f\u0440\u043e\u0434\u0443\u043a\u0442\u043e\u0432 \u0441\u043e\u0434\u0435\u0440\u0436\u0430\u0442 \u0432\u0435\u0449\u0435\u0441\u0442\u0432\u043e.<br \/>\u042d\u0442\u043e\u0442 \u043c\u0430\u0442\u0435\u0440\u0438\u0430\u043b \u043d\u0430\u0437\u044b\u0432\u0430\u0435\u0442\u0441\u044f \u043a\u0430\u0440\u0431\u0438\u0434 \u0432\u043e\u043b\u044c\u0444\u0440\u0430\u043c\u0430.<br \/>\u041e\u043d \u043e\u0431\u0435\u0441\u043f\u0435\u0447\u0438\u0432\u0430\u0435\u0442 \u043e\u0441\u043e\u0431\u0435\u043d\u043d\u043e \u043d\u0430\u0434\u0435\u0436\u043d\u0443\u044e \u0437\u0430\u0449\u0438\u0442\u0443.<\/p><h3>\u041d\u0430\u0448\u0435 \u0438\u0441\u0441\u043b\u0435\u0434\u043e\u0432\u0430\u043d\u0438\u0435<\/h3><p>\u041c\u044b \u0440\u0430\u0437\u0440\u0430\u0431\u0430\u0442\u044b\u0432\u0430\u0435\u043c \u043d\u043e\u0432\u044b\u0435 \u043c\u0430\u0442\u0435\u0440\u0438\u0430\u043b\u044b.<br \/>\u041c\u044b \u0440\u0430\u0437\u0440\u0430\u0431\u0430\u0442\u044b\u0432\u0430\u0435\u043c \u043d\u043e\u0432\u044b\u0435 \u0442\u0435\u0445\u043d\u043e\u043b\u043e\u0433\u0438\u0438 \u0441\u0432\u0430\u0440\u043a\u0438 \u0438 \u043d\u0430\u043d\u0435\u0441\u0435\u043d\u0438\u044f \u043f\u043e\u043a\u0440\u044b\u0442\u0438\u0439.<\/p><p>\u0423 \u043d\u0430\u0441 \u0435\u0441\u0442\u044c \u0441\u043e\u0431\u0441\u0442\u0432\u0435\u043d\u043d\u044b\u0435 \u043b\u0430\u0431\u043e\u0440\u0430\u0442\u043e\u0440\u0438\u0438.<br \/>\u0422\u0430\u043c \u043c\u044b \u0442\u0435\u0441\u0442\u0438\u0440\u0443\u0435\u043c \u043d\u043e\u0432\u044b\u0435 \u0442\u043a\u0430\u043d\u0438.<br \/>\u041c\u044b \u0442\u0430\u043a\u0436\u0435 \u0440\u0430\u0437\u0440\u0430\u0431\u0430\u0442\u044b\u0432\u0430\u0435\u043c \u0440\u0435\u0448\u0435\u043d\u0438\u044f \u0434\u043b\u044f \u0438\u043d\u0434\u0438\u0432\u0438\u0434\u0443\u0430\u043b\u044c\u043d\u044b\u0445 \u043a\u043b\u0438\u0435\u043d\u0442\u043e\u0432.<\/p><h3>\u041d\u0430\u0448\u0438 \u043f\u0440\u043e\u0435\u043a\u0442\u044b<\/h3><p>\u041c\u044b \u0443\u0447\u0430\u0441\u0442\u0432\u0443\u0435\u043c \u0432\u043e \u043c\u043d\u043e\u0433\u0438\u0445 \u0438\u0441\u0441\u043b\u0435\u0434\u043e\u0432\u0430\u0442\u0435\u043b\u044c\u0441\u043a\u0438\u0445 \u043f\u0440\u043e\u0435\u043a\u0442\u0430\u0445.<br \/>\u041c\u044b \u0440\u0430\u0431\u043e\u0442\u0430\u0435\u043c \u0432\u043c\u0435\u0441\u0442\u0435 \u0441 \u0443\u043d\u0438\u0432\u0435\u0440\u0441\u0438\u0442\u0435\u0442\u0430\u043c\u0438 \u0438 \u043a\u043e\u043c\u043f\u0430\u043d\u0438\u044f\u043c\u0438.<br \/>\u0418\u043d\u043e\u0433\u0434\u0430 \u043c\u044b \u043f\u043e\u043b\u0443\u0447\u0430\u0435\u043c \u0434\u0435\u043d\u044c\u0433\u0438 \u043e\u0442 \u0415\u0421 \u0438\u043b\u0438 \u0433\u043e\u0441\u0443\u0434\u0430\u0440\u0441\u0442\u0432\u0430.<\/p><p>\u041c\u044b \u0434\u0435\u043b\u0438\u043c\u0441\u044f \u043d\u0435\u043a\u043e\u0442\u043e\u0440\u044b\u043c\u0438 \u0440\u0435\u0437\u0443\u043b\u044c\u0442\u0430\u0442\u0430\u043c\u0438 \u0441 \u0434\u0440\u0443\u0433\u0438\u043c\u0438.<br \/>\u041d\u0435\u043a\u043e\u0442\u043e\u0440\u044b\u0435 \u0440\u0435\u0437\u0443\u043b\u044c\u0442\u0430\u0442\u044b \u043e\u0441\u0442\u0430\u044e\u0442\u0441\u044f \u0432 \u0442\u0430\u0439\u043d\u0435.<br \/>\u042d\u0442\u043e \u0432\u0430\u0436\u043d\u043e, \u0435\u0441\u043b\u0438 \u043a\u043b\u0438\u0435\u043d\u0442\u044b \u0445\u043e\u0442\u044f\u0442 \u0438\u043c\u0435\u043d\u043d\u043e \u044d\u0442\u043e\u0433\u043e.<\/p><h3>\u041d\u0430\u0448\u0438 \u0443\u0447\u0435\u0431\u043d\u044b\u0435 \u043a\u0443\u0440\u0441\u044b<\/h3><p>\u041c\u044b \u043f\u043e\u043a\u0430\u0436\u0435\u043c \u0412\u0430\u043c, \u043a\u0430\u043a \u043f\u0440\u0430\u0432\u0438\u043b\u044c\u043d\u043e \u0438\u0441\u043f\u043e\u043b\u044c\u0437\u043e\u0432\u0430\u0442\u044c \u043d\u0430\u0448\u0438 \u043f\u0440\u043e\u0434\u0443\u043a\u0442\u044b.<br \/>\u041d\u0430\u0448\u0438 \u044d\u043a\u0441\u043f\u0435\u0440\u0442\u044b \u043f\u043e\u043c\u043e\u0433\u0443\u0442 \u0412\u0430\u043c.<\/p><h3>\u041d\u0430\u0448 \u043a\u043e\u0434\u0435\u043a\u0441 \u043f\u043e\u0432\u0435\u0434\u0435\u043d\u0438\u044f:<\/h3><p>\u041c\u044b \u0441\u043e\u0431\u043b\u044e\u0434\u0430\u0435\u043c \u0432\u0441\u0435 \u0437\u0430\u043a\u043e\u043d\u044b.<br \/>\u041c\u044b \u0440\u0430\u0431\u043e\u0442\u0430\u0435\u043c \u0447\u0435\u0441\u0442\u043d\u043e.<br \/>\u041c\u044b \u0445\u043e\u0440\u043e\u0448\u043e \u0432\u0435\u0434\u0435\u043c \u0441\u0435\u0431\u044f \u043d\u0430 \u0440\u0430\u0431\u043e\u0442\u0435.<br \/>\u041c\u044b \u0442\u0430\u043a\u0436\u0435 \u0445\u043e\u0440\u043e\u0448\u043e \u0432\u0435\u0434\u0435\u043c \u0441\u0435\u0431\u044f \u0432\u043d\u0435 \u0440\u0430\u0431\u043e\u0442\u044b.<\/p>\t\t\t\t\t\t\t\t<\/div>\n\t\t\t\t<\/div>\n\t\t\t\t\t<\/div>\n\t\t<\/div>\n\t\t\t\t\t<\/div>\n\t\t<\/section>\n\t\t\t\t<\/div>","protected":false},"excerpt":{"rendered":"<p>Wir sind DURUM Uns gibt es seit \u00fcber 40 Jahren. Wir sch\u00fctzen Maschinen.Unsere Arbeit sorgt daf\u00fcr:Maschinen halten l\u00e4nger. Wir arbeiten auf der ganzen Welt.Wir liefern unsere Produkte in mehr als 80 L\u00e4nder.Wir haben Firmen in Brasilien, Frankreich und den USA. Das ist uns wichtig Unsere Produkte haben gute Qualit\u00e4t. Wir beraten Sie freundlich und gut. [&hellip;]<\/p>\n","protected":false},"author":1,"featured_media":2376,"parent":706,"menu_order":0,"comment_status":"closed","ping_status":"closed","template":"","meta":{"footnotes":""},"class_list":["post-205245","page","type-page","status-publish","has-post-thumbnail","hentry"],"_links":{"self":[{"href":"https:\/\/durmat.com\/ru\/wp-json\/wp\/v2\/pages\/205245","targetHints":{"allow":["GET"]}}],"collection":[{"href":"https:\/\/durmat.com\/ru\/wp-json\/wp\/v2\/pages"}],"about":[{"href":"https:\/\/durmat.com\/ru\/wp-json\/wp\/v2\/types\/page"}],"author":[{"embeddable":true,"href":"https:\/\/durmat.com\/ru\/wp-json\/wp\/v2\/users\/1"}],"replies":[{"embeddable":true,"href":"https:\/\/durmat.com\/ru\/wp-json\/wp\/v2\/comments?post=205245"}],"version-history":[{"count":16,"href":"https:\/\/durmat.com\/ru\/wp-json\/wp\/v2\/pages\/205245\/revisions"}],"predecessor-version":[{"id":205585,"href":"https:\/\/durmat.com\/ru\/wp-json\/wp\/v2\/pages\/205245\/revisions\/205585"}],"up":[{"embeddable":true,"href":"https:\/\/durmat.com\/ru\/wp-json\/wp\/v2\/pages\/706"}],"wp:featuredmedia":[{"embeddable":true,"href":"https:\/\/durmat.com\/ru\/wp-json\/wp\/v2\/media\/2376"}],"wp:attachment":[{"href":"https:\/\/durmat.com\/ru\/wp-json\/wp\/v2\/media?parent=205245"}],"curies":[{"name":"wp","href":"https:\/\/api.w.org\/{rel}","templated":true}]}}