{"id":657,"date":"2022-06-01T10:51:16","date_gmt":"2022-06-01T08:51:16","guid":{"rendered":"https:\/\/durmat.com\/?page_id=657"},"modified":"2025-06-25T15:28:42","modified_gmt":"2025-06-25T13:28:42","slug":"dienstleistungen","status":"publish","type":"page","link":"https:\/\/durmat.com\/ru\/\u0443\u0441\u043b\u0443\u0433\u0438\/","title":{"rendered":"\u0423\u0441\u043b\u0443\u0433\u0438"},"content":{"rendered":"<div data-elementor-type=\"wp-page\" data-elementor-id=\"657\" class=\"elementor elementor-657\" data-elementor-post-type=\"page\">\n\t\t\t\t\t\t<section class=\"elementor-section elementor-top-section elementor-element elementor-element-342c2fc elementor-section-full_width elementor-section-height-default elementor-section-height-default\" data-id=\"342c2fc\" data-element_type=\"section\" data-e-type=\"section\" data-settings=\"{&quot;jet_parallax_layout_list&quot;:[]}\">\n\t\t\t\t\t\t<div class=\"elementor-container elementor-column-gap-default\">\n\t\t\t\t\t<div class=\"elementor-column elementor-col-100 elementor-top-column elementor-element elementor-element-32a1f1f\" data-id=\"32a1f1f\" data-element_type=\"column\" data-e-type=\"column\">\n\t\t\t<div class=\"elementor-widget-wrap elementor-element-populated\">\n\t\t\t\t\t\t<div class=\"elementor-element elementor-element-da9095b elementor-widget elementor-widget-heading\" data-id=\"da9095b\" data-element_type=\"widget\" data-e-type=\"widget\" data-widget_type=\"heading.default\">\n\t\t\t\t<div class=\"elementor-widget-container\">\n\t\t\t\t\t<h2 class=\"elementor-heading-title elementor-size-default\">\u041d\u0430\u0448\u0438 \u0443\u0441\u043b\u0443\u0433\u0438 \u0434\u043b\u044f \u0412\u0430\u0441<\/h2>\t\t\t\t<\/div>\n\t\t\t\t<\/div>\n\t\t\t\t<section class=\"elementor-section elementor-inner-section elementor-element elementor-element-976e8ef elementor-section-full_width elementor-section-height-default elementor-section-height-default\" data-id=\"976e8ef\" data-element_type=\"section\" data-e-type=\"section\" data-settings=\"{&quot;jet_parallax_layout_list&quot;:[]}\">\n\t\t\t\t\t\t<div class=\"elementor-container elementor-column-gap-default\">\n\t\t\t\t\t<div class=\"elementor-column elementor-col-50 elementor-inner-column elementor-element elementor-element-cf4c5d0\" data-id=\"cf4c5d0\" data-element_type=\"column\" data-e-type=\"column\">\n\t\t\t<div class=\"elementor-widget-wrap elementor-element-populated\">\n\t\t\t\t\t\t<div class=\"elementor-element elementor-element-4b79fc2 elementor-widget elementor-widget-text-editor\" data-id=\"4b79fc2\" data-element_type=\"widget\" data-e-type=\"widget\" data-widget_type=\"text-editor.default\">\n\t\t\t\t<div class=\"elementor-widget-container\">\n\t\t\t\t\t\t\t\t\t<p>\u0412\u044b \u043c\u043e\u0436\u0435\u0442\u0435 \u043f\u043e\u043b\u043e\u0436\u0438\u0442\u044c\u0441\u044f \u043d\u0430 \u0441\u0435\u0440\u0432\u0438\u0441 \u043a\u043e\u043c\u043f\u0430\u043d\u0438\u0438 DURUM: \u041c\u044b \u043d\u0435 \u0442\u043e\u043b\u044c\u043a\u043e \u043f\u043e\u0434\u0434\u0435\u0440\u0436\u0438\u0432\u0430\u0435\u043c \u0412\u0430\u0441 \u0438\u043d\u0434\u0438\u0432\u0438\u0434\u0443\u0430\u043b\u044c\u043d\u044b\u043c\u0438 \u0441\u0440\u0435\u0434\u0441\u0442\u0432\u0430\u043c\u0438 \u0437\u0430\u0449\u0438\u0442\u044b \u043e\u0442 \u0438\u0437\u043d\u043e\u0441\u0430, \u043d\u043e \u0438 \u043f\u0440\u0435\u0434\u043e\u0441\u0442\u0430\u0432\u043b\u044f\u0435\u043c \u0438\u043d\u0434\u0438\u0432\u0438\u0434\u0443\u0430\u043b\u044c\u043d\u044b\u0435 \u043a\u043e\u043d\u0441\u0443\u043b\u044c\u0442\u0430\u0446\u0438\u0438 \u0438 \u043a\u043e\u043c\u043f\u043b\u0435\u043a\u0441\u043d\u044b\u0435 \u0443\u0441\u043b\u0443\u0433\u0438. \u041d\u0430\u0448\u0438 \u0443\u0441\u043b\u0443\u0433\u0438 \u0432\u043a\u043b\u044e\u0447\u0430\u044e\u0442 \u0432 \u0441\u0435\u0431\u044f \u0441\u0432\u0430\u0440\u043a\u0443 \u0441 \u043d\u0430\u0440\u0430\u0449\u0438\u0432\u0430\u043d\u0438\u0435\u043c \u0438 \u0442\u0435\u0440\u043c\u0438\u0447\u0435\u0441\u043a\u043e\u0435 \u043d\u0430\u043f\u044b\u043b\u0435\u043d\u0438\u0435, \u0430 \u0442\u0430\u043a\u0436\u0435 \u043e\u0431\u0443\u0447\u0435\u043d\u0438\u0435 \u043f\u043e \u0437\u0430\u0449\u0438\u0442\u0435 \u043e\u0442 \u0438\u0437\u043d\u043e\u0441\u0430 - \u0432 \u0442\u043e\u0447\u043d\u043e\u043c \u0441\u043e\u043e\u0442\u0432\u0435\u0442\u0441\u0442\u0432\u0438\u0438 \u0441 \u0412\u0430\u0448\u0438\u043c\u0438 \u043f\u043e\u0442\u0440\u0435\u0431\u043d\u043e\u0441\u0442\u044f\u043c\u0438.<\/p>\t\t\t\t\t\t\t\t<\/div>\n\t\t\t\t<\/div>\n\t\t\t\t\t<\/div>\n\t\t<\/div>\n\t\t\t\t<div class=\"elementor-column elementor-col-50 elementor-inner-column elementor-element elementor-element-6d88547\" data-id=\"6d88547\" data-element_type=\"column\" data-e-type=\"column\">\n\t\t\t<div class=\"elementor-widget-wrap elementor-element-populated\">\n\t\t\t\t\t\t<div class=\"elementor-element elementor-element-b2c13b8 elementor-arrows-position-inside elementor-pagination-position-outside elementor-widget elementor-widget-image-carousel\" data-id=\"b2c13b8\" data-element_type=\"widget\" data-e-type=\"widget\" data-settings=\"{&quot;slides_to_show&quot;:&quot;1&quot;,&quot;lazyload&quot;:&quot;yes&quot;,&quot;navigation&quot;:&quot;both&quot;,&quot;autoplay&quot;:&quot;yes&quot;,&quot;pause_on_hover&quot;:&quot;yes&quot;,&quot;pause_on_interaction&quot;:&quot;yes&quot;,&quot;autoplay_speed&quot;:5000,&quot;infinite&quot;:&quot;yes&quot;,&quot;effect&quot;:&quot;slide&quot;,&quot;speed&quot;:500}\" data-widget_type=\"image-carousel.default\">\n\t\t\t\t<div class=\"elementor-widget-container\">\n\t\t\t\t\t\t\t<div class=\"elementor-image-carousel-wrapper swiper\" role=\"region\" aria-roledescription=\"carousel\" aria-label=\"\u041a\u0430\u0440\u0443\u0441\u0435\u043b\u044c \u043a\u0430\u0440\u0442\u0438\u043d\u043e\u043a\" dir=\"ltr\">\n\t\t\t<div class=\"elementor-image-carousel swiper-wrapper swiper-image-stretch\" aria-live=\"off\">\n\t\t\t\t\t\t\t\t<div class=\"swiper-slide\" role=\"group\" aria-roledescription=\"slide\" aria-label=\"1 \u0438\u0437 3\" data-no-translation-aria-label=\"\"><figure class=\"swiper-slide-inner\"><img class=\"swiper-slide-image swiper-lazy\" data-src=\"https:\/\/durmat.com\/wp-content\/uploads\/Durum-Lichtbogen-Drahtspritzen-4542.jpg\" alt=\"Durum - \u0434\u0443\u0433\u043e\u0432\u043e\u0435 \u043f\u0440\u043e\u0432\u043e\u043b\u043e\u0447\u043d\u043e\u0435 \u043d\u0430\u043f\u044b\u043b\u0435\u043d\u0438\u0435-4542\" \/><div class=\"swiper-lazy-preloader\"><\/div><\/figure><\/div><div class=\"swiper-slide\" role=\"group\" aria-roledescription=\"slide\" aria-label=\"2 \u0438\u0437 3\" data-no-translation-aria-label=\"\"><figure class=\"swiper-slide-inner\"><img class=\"swiper-slide-image swiper-lazy\" data-src=\"https:\/\/durmat.com\/wp-content\/uploads\/DURWED\u00ae-Beta.jpg\" alt=\"DURWELD\u00ae Beta\" \/><div class=\"swiper-lazy-preloader\"><\/div><\/figure><\/div><div class=\"swiper-slide\" role=\"group\" aria-roledescription=\"slide\" aria-label=\"3 \u0438\u0437 3\" data-no-translation-aria-label=\"\"><figure class=\"swiper-slide-inner\"><img class=\"swiper-slide-image swiper-lazy\" data-src=\"https:\/\/durmat.com\/wp-content\/uploads\/Wear-Plate-welding.jpg\" alt=\"\u0421\u0432\u0430\u0440\u043a\u0430 \u0438\u0437\u043d\u043e\u0441\u043e\u0441\u0442\u043e\u0439\u043a\u0438\u0445 \u043f\u043b\u0430\u0441\u0442\u0438\u043d\" \/><div class=\"swiper-lazy-preloader\"><\/div><\/figure><\/div>\t\t\t<\/div>\n\t\t\t\t\t\t\t\t\t\t\t\t<div class=\"elementor-swiper-button elementor-swiper-button-prev\" role=\"button\" tabindex=\"0\">\n\t\t\t\t\t\t<i aria-hidden=\"true\" class=\"eicon-chevron-left\"><\/i>\t\t\t\t\t<\/div>\n\t\t\t\t\t<div class=\"elementor-swiper-button elementor-swiper-button-next\" role=\"button\" tabindex=\"0\">\n\t\t\t\t\t\t<i aria-hidden=\"true\" class=\"eicon-chevron-right\"><\/i>\t\t\t\t\t<\/div>\n\t\t\t\t\n\t\t\t\t\t\t\t\t\t<div class=\"swiper-pagination\"><\/div>\n\t\t\t\t\t\t\t\t\t<\/div>\n\t\t\t\t\t\t<\/div>\n\t\t\t\t<\/div>\n\t\t\t\t\t<\/div>\n\t\t<\/div>\n\t\t\t\t\t<\/div>\n\t\t<\/section>\n\t\t\t\t\t<\/div>\n\t\t<\/div>\n\t\t\t\t\t<\/div>\n\t\t<\/section>\n\t\t\t\t<section class=\"elementor-section elementor-top-section elementor-element elementor-element-ec1cd05 elementor-section-full_width elementor-section-height-min-height elementor-section-items-stretch elementor-section-height-default\" data-id=\"ec1cd05\" data-element_type=\"section\" data-e-type=\"section\" data-settings=\"{&quot;jet_parallax_layout_list&quot;:[]}\">\n\t\t\t\t\t\t<div class=\"elementor-container elementor-column-gap-default\">\n\t\t\t\t\t<div class=\"elementor-column elementor-col-33 elementor-top-column elementor-element elementor-element-abe9ff1\" data-id=\"abe9ff1\" data-element_type=\"column\" data-e-type=\"column\">\n\t\t\t<div class=\"elementor-widget-wrap elementor-element-populated\">\n\t\t\t\t\t\t<div class=\"elementor-element elementor-element-1fb44a5 elementor-flip-box--effect-push elementor-flip-box--direction-down elementor-widget elementor-widget-flip-box\" data-id=\"1fb44a5\" data-element_type=\"widget\" data-e-type=\"widget\" data-widget_type=\"flip-box.default\">\n\t\t\t\t<div class=\"elementor-widget-container\">\n\t\t\t\t\t\t\t<div class=\"elementor-flip-box\" tabindex=\"0\">\n\t\t\t<div class=\"elementor-flip-box__layer elementor-flip-box__front\">\n\t\t\t\t<div class=\"elementor-flip-box__layer__overlay\">\n\t\t\t\t\t<div class=\"elementor-flip-box__layer__inner\">\n\t\t\t\t\t\t\t\t\t\t\t\t\t<div class=\"elementor-icon-wrapper elementor-view-default\">\n\t\t\t\t\t\t\t\t<div class=\"elementor-icon\">\n\t\t\t\t\t\t\t\t\t\t\t\t\t\t\t\t\t<\/div>\n\t\t\t\t\t\t\t<\/div>\n\t\t\t\t\t\t\n\t\t\t\t\t\t\t\t\t\t\t\t\t<h3 class=\"elementor-flip-box__layer__title\">\n\t\t\t\t\t\t\t\t\u0421\u0432\u0430\u0440\u043a\u0430 \u043e\u0441\u0430\u0436\u0434\u0435\u043d\u0438\u0435\u043c\t\t\t\t\t\t\t<\/h3>\n\t\t\t\t\t\t\n\t\t\t\t\t\t\t\t\t\t\t<\/div>\n\t\t\t\t<\/div>\n\t\t\t<\/div>\n\t\t\t<a class=\"elementor-flip-box__layer elementor-flip-box__back\" href=\"https:\/\/durmat.com\/ru\/\u043f\u0440\u043e\u0434\u0443\u043a\u0442\u044b\/\u0441\u0432\u0430\u0440\u043e\u0447\u043d\u044b\u0439-\u043f\u043e\u0440\u043e\u0448\u043e\u043a-pta\/\">\n\t\t\t<div class=\"elementor-flip-box__layer__overlay\">\n\t\t\t\t<div class=\"elementor-flip-box__layer__inner\">\n\t\t\t\t\t\t\t\t\t\t\t<h3 class=\"elementor-flip-box__layer__title\">\n\t\t\t\t\t\t\t\u0421\u0432\u043e\u0439\u0441\u0442\u0432\u0430 \u043e\u0431\u044a\u0435\u0434\u0438\u043d\u044f\u044e\u0442\u0441\u044f \u0441\u043e \u0441\u0432\u0430\u0440\u043a\u043e\u0439 \u0441 \u043d\u0430\u0440\u0430\u0449\u0438\u0432\u0430\u043d\u0438\u0435\u043c\t\t\t\t\t\t<\/h3>\n\t\t\t\t\t\n\t\t\t\t\t\t\t\t\t\t\t<div class=\"elementor-flip-box__layer__description\">\n\t\t\t\t\t\t\t\u0421 \u0430\u0441\u0441\u043e\u0440\u0442\u0438\u043c\u0435\u043d\u0442\u043e\u043c \u043f\u0440\u043e\u0434\u0443\u043a\u0446\u0438\u0438 DURMAT\u00ae \u0412\u044b \u043f\u043e\u043b\u0443\u0447\u0430\u0435\u0442\u0435\n  \u0412\u044b\u0441\u043e\u043a\u043e\u043a\u0430\u0447\u0435\u0441\u0442\u0432\u0435\u043d\u043d\u044b\u0435 \u043c\u0430\u0442\u0435\u0440\u0438\u0430\u043b\u044b \u0434\u043b\u044f \u0431\u043e\u043b\u044c\u0448\u0438\u043d\u0441\u0442\u0432\u0430 \u0441\u0432\u0430\u0440\u043e\u0447\u043d\u044b\u0445 \u043f\u0440\u043e\u0446\u0435\u0441\u0441\u043e\u0432.\t\t\t\t\t\t<\/div>\n\t\t\t\t\t\n\t\t\t\t\t\t\t\t\t\t\t<span class=\"elementor-flip-box__button elementor-button elementor-size-sm\">\n\t\t\t\t\t\t\t\u0423\u0437\u043d\u0430\u0439\u0442\u0435 \u0431\u043e\u043b\u044c\u0448\u0435 \u043e \u0441\u0432\u0430\u0440\u043a\u0435 \u043e\u0441\u0430\u0436\u0434\u0435\u043d\u0438\u0435\u043c\t\t\t\t\t\t<\/span>\n\t\t\t\t\t\t\t\t<\/div>\n\t\t<\/div>\n\t\t<\/a>\n\t\t<\/div>\n\t\t\t\t\t\t<\/div>\n\t\t\t\t<\/div>\n\t\t\t\t\t<\/div>\n\t\t<\/div>\n\t\t\t\t<div class=\"elementor-column elementor-col-33 elementor-top-column elementor-element elementor-element-4f5e9d3\" data-id=\"4f5e9d3\" data-element_type=\"column\" data-e-type=\"column\">\n\t\t\t<div class=\"elementor-widget-wrap elementor-element-populated\">\n\t\t\t\t\t\t<div class=\"elementor-element elementor-element-7b16847 elementor-flip-box--effect-push elementor-flip-box--direction-left elementor-widget elementor-widget-flip-box\" data-id=\"7b16847\" data-element_type=\"widget\" data-e-type=\"widget\" data-widget_type=\"flip-box.default\">\n\t\t\t\t<div class=\"elementor-widget-container\">\n\t\t\t\t\t\t\t<div class=\"elementor-flip-box\" tabindex=\"0\">\n\t\t\t<div class=\"elementor-flip-box__layer elementor-flip-box__front\">\n\t\t\t\t<div class=\"elementor-flip-box__layer__overlay\">\n\t\t\t\t\t<div class=\"elementor-flip-box__layer__inner\">\n\t\t\t\t\t\t\t\t\t\t\t\t\t<div class=\"elementor-icon-wrapper elementor-view-default\">\n\t\t\t\t\t\t\t\t<div class=\"elementor-icon\">\n\t\t\t\t\t\t\t\t\t\t\t\t\t\t\t\t\t<\/div>\n\t\t\t\t\t\t\t<\/div>\n\t\t\t\t\t\t\n\t\t\t\t\t\t\t\t\t\t\t\t\t<h3 class=\"elementor-flip-box__layer__title\">\n\t\t\t\t\t\t\t\t\u0422\u0435\u0440\u043c\u0438\u0447\u0435\u0441\u043a\u043e\u0435 \u043d\u0430\u043f\u044b\u043b\u0435\u043d\u0438\u0435\t\t\t\t\t\t\t<\/h3>\n\t\t\t\t\t\t\n\t\t\t\t\t\t\t\t\t\t\t<\/div>\n\t\t\t\t<\/div>\n\t\t\t<\/div>\n\t\t\t<a class=\"elementor-flip-box__layer elementor-flip-box__back\" href=\"https:\/\/durmat.com\/ru\/\u0443\u0441\u043b\u0443\u0433\u0438\/\u0442\u0435\u0440\u043c\u0438\u0447\u0435\u0441\u043a\u043e\u0435-\u043d\u0430\u043f\u044b\u043b\u0435\u043d\u0438\u0435\/\">\n\t\t\t<div class=\"elementor-flip-box__layer__overlay\">\n\t\t\t\t<div class=\"elementor-flip-box__layer__inner\">\n\t\t\t\t\t\t\t\t\t\t\t<h3 class=\"elementor-flip-box__layer__title\">\n\t\t\t\t\t\t\t\u0422\u043e\u0447\u043d\u0430\u044f \u043e\u0442\u0434\u0435\u043b\u043a\u0430 \u043f\u043e\u0432\u0435\u0440\u0445\u043d\u043e\u0441\u0442\u0438 \u043c\u0435\u0442\u043e\u0434\u043e\u043c \u0442\u0435\u0440\u043c\u0438\u0447\u0435\u0441\u043a\u043e\u0433\u043e \u043d\u0430\u043f\u044b\u043b\u0435\u043d\u0438\u044f\t\t\t\t\t\t<\/h3>\n\t\t\t\t\t\n\t\t\t\t\t\t\t\t\t\t\t<div class=\"elementor-flip-box__layer__description\">\n\t\t\t\t\t\t\t\u0410\u0441\u0441\u043e\u0440\u0442\u0438\u043c\u0435\u043d\u0442 \u043f\u0440\u043e\u0434\u0443\u043a\u0446\u0438\u0438 DURMAT\u00ae \u043f\u0440\u0435\u0434\u043b\u0430\u0433\u0430\u0435\u0442 \u0432\u044b\u0441\u043e\u043a\u043e\u043a\u0430\u0447\u0435\u0441\u0442\u0432\u0435\u043d\u043d\u044b\u0435 \u043c\u0430\u0442\u0435\u0440\u0438\u0430\u043b\u044b \u0434\u043b\u044f \u043c\u043d\u043e\u0433\u0438\u0445 \u043f\u0440\u043e\u0446\u0435\u0441\u0441\u043e\u0432 \u0442\u0435\u0440\u043c\u0438\u0447\u0435\u0441\u043a\u043e\u0433\u043e \u043d\u0430\u043f\u044b\u043b\u0435\u043d\u0438\u044f.\t\t\t\t\t\t<\/div>\n\t\t\t\t\t\n\t\t\t\t\t\t\t\t\t\t\t<span class=\"elementor-flip-box__button elementor-button elementor-size-sm\">\n\t\t\t\t\t\t\t\u0423\u0437\u043d\u0430\u0439\u0442\u0435 \u0431\u043e\u043b\u044c\u0448\u0435 \u043e \u0442\u0435\u0440\u043c\u0438\u0447\u0435\u0441\u043a\u043e\u043c \u043d\u0430\u043f\u044b\u043b\u0435\u043d\u0438\u0438\t\t\t\t\t\t<\/span>\n\t\t\t\t\t\t\t\t<\/div>\n\t\t<\/div>\n\t\t<\/a>\n\t\t<\/div>\n\t\t\t\t\t\t<\/div>\n\t\t\t\t<\/div>\n\t\t\t\t\t<\/div>\n\t\t<\/div>\n\t\t\t\t<div class=\"elementor-column elementor-col-33 elementor-top-column elementor-element elementor-element-b77077c\" data-id=\"b77077c\" data-element_type=\"column\" data-e-type=\"column\">\n\t\t\t<div class=\"elementor-widget-wrap elementor-element-populated\">\n\t\t\t\t\t\t<div class=\"elementor-element elementor-element-22d0531 elementor-flip-box--effect-push elementor-flip-box--direction-right elementor-widget elementor-widget-flip-box\" data-id=\"22d0531\" data-element_type=\"widget\" data-e-type=\"widget\" data-widget_type=\"flip-box.default\">\n\t\t\t\t<div class=\"elementor-widget-container\">\n\t\t\t\t\t\t\t<div class=\"elementor-flip-box\" tabindex=\"0\">\n\t\t\t<div class=\"elementor-flip-box__layer elementor-flip-box__front\">\n\t\t\t\t<div class=\"elementor-flip-box__layer__overlay\">\n\t\t\t\t\t<div class=\"elementor-flip-box__layer__inner\">\n\t\t\t\t\t\t\t\t\t\t\t\t\t<div class=\"elementor-icon-wrapper elementor-view-default\">\n\t\t\t\t\t\t\t\t<div class=\"elementor-icon\">\n\t\t\t\t\t\t\t\t\t\t\t\t\t\t\t\t\t<\/div>\n\t\t\t\t\t\t\t<\/div>\n\t\t\t\t\t\t\n\t\t\t\t\t\t\t\t\t\t\t\t\t<h3 class=\"elementor-flip-box__layer__title\">\n\t\t\t\t\t\t\t\t\u0422\u0440\u0435\u043d\u0438\u043d\u0433\u0438\t\t\t\t\t\t\t<\/h3>\n\t\t\t\t\t\t\n\t\t\t\t\t\t\t\t\t\t\t<\/div>\n\t\t\t\t<\/div>\n\t\t\t<\/div>\n\t\t\t<a class=\"elementor-flip-box__layer elementor-flip-box__back\" href=\"https:\/\/durmat.com\/ru\/\u0443\u0441\u043b\u0443\u0433\u0438\/\u0443\u0447\u0435\u0431\u043d\u044b\u0435-\u043a\u0443\u0440\u0441\u044b\/\">\n\t\t\t<div class=\"elementor-flip-box__layer__overlay\">\n\t\t\t\t<div class=\"elementor-flip-box__layer__inner\">\n\t\t\t\t\t\t\t\t\t\t\t<h3 class=\"elementor-flip-box__layer__title\">\n\t\t\t\t\t\t\t\u041f\u0440\u0430\u043a\u0442\u0438\u0447\u043d\u043e\u0441\u0442\u044c \u0438 \u0442\u043e\u0447\u043d\u0430\u044f \u0430\u0434\u0430\u043f\u0442\u0430\u0446\u0438\u044f \u043a \u0412\u0430\u0448\u0438\u043c \u0442\u0440\u0435\u0431\u043e\u0432\u0430\u043d\u0438\u044f\u043c\t\t\t\t\t\t<\/h3>\n\t\t\t\t\t\n\t\t\t\t\t\t\t\t\t\t\t<div class=\"elementor-flip-box__layer__description\">\n\t\t\t\t\t\t\t\u0418\u0441\u043f\u043e\u043b\u044c\u0437\u0443\u0439\u0442\u0435 \u043d\u0430\u0448\u0435 \u043f\u0440\u0435\u0434\u043b\u043e\u0436\u0435\u043d\u0438\u0435 \u043f\u043e \u043e\u0431\u0443\u0447\u0435\u043d\u0438\u044e \u0434\u043b\u044f \u0412\u0430\u0448\u0435\u0433\u043e \u043a\u043e\u043d\u043a\u0443\u0440\u0435\u043d\u0442\u043d\u043e\u0433\u043e \u043f\u0440\u0435\u0438\u043c\u0443\u0449\u0435\u0441\u0442\u0432\u0430.\t\t\t\t\t\t<\/div>\n\t\t\t\t\t\n\t\t\t\t\t\t\t\t\t\t\t<span class=\"elementor-flip-box__button elementor-button elementor-size-sm\">\n\t\t\t\t\t\t\t\u0423\u0437\u043d\u0430\u0439\u0442\u0435 \u0431\u043e\u043b\u044c\u0448\u0435 \u043e\u0431 \u043e\u0431\u0443\u0447\u0435\u043d\u0438\u0438\t\t\t\t\t\t<\/span>\n\t\t\t\t\t\t\t\t<\/div>\n\t\t<\/div>\n\t\t<\/a>\n\t\t<\/div>\n\t\t\t\t\t\t<\/div>\n\t\t\t\t<\/div>\n\t\t\t\t\t<\/div>\n\t\t<\/div>\n\t\t\t\t\t<\/div>\n\t\t<\/section>\n\t\t\t\t<section class=\"elementor-section elementor-top-section elementor-element elementor-element-569dc33 elementor-section-full_width elementor-section-height-default elementor-section-height-default\" data-id=\"569dc33\" data-element_type=\"section\" data-e-type=\"section\" data-settings=\"{&quot;jet_parallax_layout_list&quot;:[]}\">\n\t\t\t\t\t\t<div class=\"elementor-container elementor-column-gap-default\">\n\t\t\t\t\t<div class=\"elementor-column elementor-col-100 elementor-top-column elementor-element elementor-element-edad492\" data-id=\"edad492\" data-element_type=\"column\" data-e-type=\"column\">\n\t\t\t<div class=\"elementor-widget-wrap elementor-element-populated\">\n\t\t\t\t\t\t<div class=\"elementor-element elementor-element-9f56124 elementor-widget elementor-widget-template\" data-id=\"9f56124\" data-element_type=\"widget\" data-e-type=\"widget\" data-widget_type=\"template.default\">\n\t\t\t\t<div class=\"elementor-widget-container\">\n\t\t\t\t\t\t\t<div class=\"elementor-template\">\n\t\t\t\t\t<div data-elementor-type=\"section\" data-elementor-id=\"3339\" class=\"elementor elementor-3339\" data-elementor-post-type=\"elementor_library\">\n\t\t\t\t\t<section class=\"elementor-section elementor-top-section elementor-element elementor-element-ce2a629 elementor-section-full_width elementor-section-height-default elementor-section-height-default\" data-id=\"ce2a629\" data-element_type=\"section\" data-e-type=\"section\" data-settings=\"{&quot;jet_parallax_layout_list&quot;:[]}\">\n\t\t\t\t\t\t<div class=\"elementor-container elementor-column-gap-default\">\n\t\t\t\t\t<div class=\"elementor-column elementor-col-100 elementor-top-column elementor-element elementor-element-c3b7f8c\" data-id=\"c3b7f8c\" data-element_type=\"column\" data-e-type=\"column\">\n\t\t\t<div class=\"elementor-widget-wrap elementor-element-populated\">\n\t\t\t\t\t\t<div class=\"elementor-element elementor-element-8eca65b elementor-cta--skin-cover elementor-animated-content elementor-bg-transform elementor-bg-transform-zoom-in elementor-widget elementor-widget-global elementor-global-2509 elementor-widget-call-to-action\" data-id=\"8eca65b\" data-element_type=\"widget\" data-e-type=\"widget\" data-widget_type=\"call-to-action.default\">\n\t\t\t\t<div class=\"elementor-widget-container\">\n\t\t\t\t\t\t\t<div class=\"elementor-cta\">\n\t\t\t\t\t<div class=\"elementor-cta__bg-wrapper\">\n\t\t\t\t<div class=\"elementor-cta__bg elementor-bg\" style=\"background-image: url(https:\/\/durmat.com\/wp-content\/uploads\/durum_cta-bg-rueckrufservice.jpg);\" role=\"img\" aria-label=\"durum_cta-bg-return-call-service\"><\/div>\n\t\t\t\t<div class=\"elementor-cta__bg-overlay\"><\/div>\n\t\t\t<\/div>\n\t\t\t\t\t\t\t<div class=\"elementor-cta__content\">\n\t\t\t\t\n\t\t\t\t\t\t\t\t\t<h2 class=\"elementor-cta__title elementor-cta__content-item elementor-content-item elementor-animated-item--grow\">\n\t\t\t\t\t\t\u0421\u0435\u0440\u0432\u0438\u0441 \u043e\u0431\u0440\u0430\u0442\u043d\u043e\u0433\u043e \u0432\u044b\u0437\u043e\u0432\u0430\t\t\t\t\t<\/h2>\n\t\t\t\t\n\t\t\t\t\t\t\t\t\t<div class=\"elementor-cta__description elementor-cta__content-item elementor-content-item elementor-animated-item--grow\">\n\t\t\t\t\t\t\u0423 \u0412\u0430\u0441 \u0432\u043e\u0437\u043d\u0438\u043a\u043b\u0438 \u0434\u043e\u043f\u043e\u043b\u043d\u0438\u0442\u0435\u043b\u044c\u043d\u044b\u0435 \u0432\u043e\u043f\u0440\u043e\u0441\u044b \u0438\u043b\u0438 \u043f\u0440\u043e\u0431\u043b\u0435\u043c\u044b? \u0422\u043e\u0433\u0434\u0430 \u043f\u0440\u043e\u0441\u0442\u043e \u0441\u0432\u044f\u0436\u0438\u0442\u0435\u0441\u044c \u0441 \u043d\u0430\u043c\u0438, \u043c\u044b \u0431\u0443\u0434\u0435\u043c \u0440\u0430\u0434\u044b \u043f\u043e\u043c\u043e\u0447\u044c \u0412\u0430\u043c!\t\t\t\t\t<\/div>\n\t\t\t\t\n\t\t\t\t\t\t\t\t\t<div class=\"elementor-cta__button-wrapper elementor-cta__content-item elementor-content-item elementor-animated-item--grow\">\n\t\t\t\t\t<a class=\"elementor-cta__button elementor-button elementor-size-lg\" href=\"#elementor-action%3Aaction%3Dpopup%3Aopen%26settings%3DeyJpZCI6IjQ0MDEiLCJ0b2dnbGUiOmZhbHNlfQ%3D%3D\">\n\t\t\t\t\t\t\u0414\u0430, \u044f \u0445\u043e\u0442\u0435\u043b \u0431\u044b, \u0447\u0442\u043e\u0431\u044b \u043c\u0435\u043d\u044f \u043f\u043e\u0437\u0432\u0430\u043b\u0438!\t\t\t\t\t<\/a>\n\t\t\t\t\t<\/div>\n\t\t\t\t\t\t\t<\/div>\n\t\t\t\t\t\t<\/div>\n\t\t\t\t\t\t<\/div>\n\t\t\t\t<\/div>\n\t\t\t\t\t<\/div>\n\t\t<\/div>\n\t\t\t\t\t<\/div>\n\t\t<\/section>\n\t\t\t\t<\/div>\n\t\t\t\t<\/div>\n\t\t\t\t\t\t<\/div>\n\t\t\t\t<\/div>\n\t\t\t\t\t<\/div>\n\t\t<\/div>\n\t\t\t\t\t<\/div>\n\t\t<\/section>\n\t\t\t\t<\/div>","protected":false},"excerpt":{"rendered":"<p>Unsere Dienstleistungen f\u00fcr Sie Auf den Service von DURUM k\u00f6nnen Sie sich verlassen: Wir unterst\u00fctzen Sie nicht nur mit ma\u00dfgeschneiderten Verschlei\u00dfschutzprodukten, sondern sind auch mit individueller Beratung und umfassenden Dienstleistungen an Ihrer Seite. Zu unseren Serviceleistungen geh\u00f6ren Auftragschwei\u00dfen und Thermisches Spritzen sowie Schulungen zum Verschlei\u00dfschutz \u2013 genau auf Ihr Anliegen abgestimmt. Auftragschwei\u00dfen Eigenschaften verschmelzen mit [&hellip;]<\/p>\n","protected":false},"author":1,"featured_media":7109,"parent":0,"menu_order":0,"comment_status":"closed","ping_status":"closed","template":"","meta":{"footnotes":""},"class_list":["post-657","page","type-page","status-publish","has-post-thumbnail","hentry"],"_links":{"self":[{"href":"https:\/\/durmat.com\/ru\/wp-json\/wp\/v2\/pages\/657","targetHints":{"allow":["GET"]}}],"collection":[{"href":"https:\/\/durmat.com\/ru\/wp-json\/wp\/v2\/pages"}],"about":[{"href":"https:\/\/durmat.com\/ru\/wp-json\/wp\/v2\/types\/page"}],"author":[{"embeddable":true,"href":"https:\/\/durmat.com\/ru\/wp-json\/wp\/v2\/users\/1"}],"replies":[{"embeddable":true,"href":"https:\/\/durmat.com\/ru\/wp-json\/wp\/v2\/comments?post=657"}],"version-history":[{"count":59,"href":"https:\/\/durmat.com\/ru\/wp-json\/wp\/v2\/pages\/657\/revisions"}],"predecessor-version":[{"id":205409,"href":"https:\/\/durmat.com\/ru\/wp-json\/wp\/v2\/pages\/657\/revisions\/205409"}],"wp:featuredmedia":[{"embeddable":true,"href":"https:\/\/durmat.com\/ru\/wp-json\/wp\/v2\/media\/7109"}],"wp:attachment":[{"href":"https:\/\/durmat.com\/ru\/wp-json\/wp\/v2\/media?parent=657"}],"curies":[{"name":"wp","href":"https:\/\/api.w.org\/{rel}","templated":true}]}}