{"id":669,"date":"2022-06-01T10:56:15","date_gmt":"2022-06-01T08:56:15","guid":{"rendered":"https:\/\/durmat.com\/?page_id=669"},"modified":"2023-07-07T09:50:06","modified_gmt":"2023-07-07T07:50:06","slug":"forschung-entwicklung","status":"publish","type":"page","link":"https:\/\/durmat.com\/ru\/\u0438\u0441\u0441\u043b\u0435\u0434\u043e\u0432\u0430\u043d\u0438\u044f-\u0440\u0430\u0437\u0440\u0430\u0431\u043e\u0442\u043a\u0438\/","title":{"rendered":"\u0418\u0441\u0441\u043b\u0435\u0434\u043e\u0432\u0430\u043d\u0438\u044f \u0438 \u0440\u0430\u0437\u0440\u0430\u0431\u043e\u0442\u043a\u0438"},"content":{"rendered":"<div data-elementor-type=\"wp-page\" data-elementor-id=\"669\" class=\"elementor elementor-669\" data-elementor-post-type=\"page\">\n\t\t\t\t\t\t<section class=\"elementor-section elementor-top-section elementor-element elementor-element-7dfacd3 elementor-section-full_width elementor-section-height-default elementor-section-height-default\" data-id=\"7dfacd3\" data-element_type=\"section\" data-e-type=\"section\" data-settings=\"{&quot;jet_parallax_layout_list&quot;:[]}\">\n\t\t\t\t\t\t<div class=\"elementor-container elementor-column-gap-default\">\n\t\t\t\t\t<div class=\"elementor-column elementor-col-100 elementor-top-column elementor-element elementor-element-f0efcac\" data-id=\"f0efcac\" data-element_type=\"column\" data-e-type=\"column\">\n\t\t\t<div class=\"elementor-widget-wrap elementor-element-populated\">\n\t\t\t\t\t\t<div class=\"elementor-element elementor-element-d9b88ca elementor-widget elementor-widget-heading\" data-id=\"d9b88ca\" data-element_type=\"widget\" data-e-type=\"widget\" data-widget_type=\"heading.default\">\n\t\t\t\t<div class=\"elementor-widget-container\">\n\t\t\t\t\t<h2 class=\"elementor-heading-title elementor-size-default\">\u0418\u043d\u043d\u043e\u0432\u0430\u0446\u0438\u043e\u043d\u043d\u044b\u0435 \u0438\u0441\u0441\u043b\u0435\u0434\u043e\u0432\u0430\u043d\u0438\u044f \u0434\u043b\u044f \u0440\u0430\u0437\u0432\u0438\u0442\u0438\u044f \u0412\u0430\u0448\u0435\u0433\u043e \u0431\u0438\u0437\u043d\u0435\u0441\u0430<\/h2>\t\t\t\t<\/div>\n\t\t\t\t<\/div>\n\t\t\t\t<section class=\"elementor-section elementor-inner-section elementor-element elementor-element-bb3d3b2 elementor-section-full_width elementor-section-height-default elementor-section-height-default\" data-id=\"bb3d3b2\" data-element_type=\"section\" data-e-type=\"section\" data-settings=\"{&quot;jet_parallax_layout_list&quot;:[]}\">\n\t\t\t\t\t\t<div class=\"elementor-container elementor-column-gap-default\">\n\t\t\t\t\t<div class=\"elementor-column elementor-col-50 elementor-inner-column elementor-element elementor-element-8c063dd\" data-id=\"8c063dd\" data-element_type=\"column\" data-e-type=\"column\">\n\t\t\t<div class=\"elementor-widget-wrap elementor-element-populated\">\n\t\t\t\t\t\t<div class=\"elementor-element elementor-element-d53599c elementor-widget elementor-widget-text-editor\" data-id=\"d53599c\" data-element_type=\"widget\" data-e-type=\"widget\" data-widget_type=\"text-editor.default\">\n\t\t\t\t<div class=\"elementor-widget-container\">\n\t\t\t\t\t\t\t\t\t<p>\u041d\u0435\u0442 <strong>\u0420\u0435\u0448\u0435\u043d\u0438\u0435 \u0434\u043b\u044f \u0437\u0430\u0449\u0438\u0442\u044b \u043e\u0442 \u0438\u0437\u043d\u043e\u0441\u0430 <\/strong>\u043d\u0430\u0441\u0442\u043e\u043b\u044c\u043a\u043e \u0445\u043e\u0440\u043e\u0448\u0430, \u0447\u0442\u043e \u0412\u0430\u043c \u043d\u0435 \u043d\u0443\u0436\u043d\u043e <strong>\u043b\u0443\u0447\u0448\u0435<\/strong> \u043c\u043e\u0436\u043d\u043e \u0441\u0434\u0435\u043b\u0430\u0442\u044c. \u0418\u043c\u0435\u043d\u043d\u043e \u043f\u043e\u044d\u0442\u043e\u043c\u0443 \u043c\u044b \u043f\u043e\u0441\u0442\u043e\u044f\u043d\u043d\u043e \u0441\u043e\u0432\u0435\u0440\u0448\u0435\u043d\u0441\u0442\u0432\u0443\u0435\u043c \u0440\u0430\u0441\u043f\u0440\u043e\u0441\u0442\u0440\u0430\u043d\u0435\u043d\u043d\u044b\u0435 \u043c\u0430\u0442\u0435\u0440\u0438\u0430\u043b\u044b \u0434\u043b\u044f \u0441\u0432\u0430\u0440\u043a\u0438 \u0438 \u0442\u0435\u0440\u043c\u0438\u0447\u0435\u0441\u043a\u043e\u0433\u043e \u043d\u0430\u043f\u044b\u043b\u0435\u043d\u0438\u044f \u0438 \u043f\u0440\u043e\u0432\u043e\u0434\u0438\u043c \u0438\u0441\u0441\u043b\u0435\u0434\u043e\u0432\u0430\u043d\u0438\u044f \u0432 \u043e\u0431\u043b\u0430\u0441\u0442\u0438 <strong>\u0441\u0430\u043c\u0430\u044f \u0441\u043e\u0432\u0440\u0435\u043c\u0435\u043d\u043d\u0430\u044f \u0442\u0435\u0445\u043d\u043e\u043b\u043e\u0433\u0438\u044f \u043f\u0440\u0438\u043a\u043b\u0430\u0434\u043d\u043e\u0433\u043e \u043f\u0440\u043e\u0446\u0435\u0441\u0441\u0430<\/strong> - \u0435\u0441\u0442\u0435\u0441\u0442\u0432\u0435\u043d\u043d\u043e, \u0442\u0430\u043a\u0436\u0435 \u0438 \u043e\u0442 \u0438\u043c\u0435\u043d\u0438 \u043a\u043b\u0438\u0435\u043d\u0442\u043e\u0432.<\/p><p>\u0412 \u0441\u043e\u0431\u0441\u0442\u0432\u0435\u043d\u043d\u044b\u0445 \u043b\u0430\u0431\u043e\u0440\u0430\u0442\u043e\u0440\u0438\u044f\u0445 \u043c\u044b \u0432\u044b\u043f\u043e\u043b\u043d\u044f\u0435\u043c \u043d\u0435 \u0442\u043e\u043b\u044c\u043a\u043e \u0442\u0435\u0445\u043d\u0438\u0447\u0435\u0441\u043a\u0443\u044e \u0441\u0432\u0430\u0440\u043a\u0443 <strong>\u041a\u043e\u043d\u0442\u0440\u043e\u043b\u044c \u043a\u0430\u0447\u0435\u0441\u0442\u0432\u0430 <\/strong>\u041c\u043d\u043e\u0433\u043e\u0447\u0438\u0441\u043b\u0435\u043d\u043d\u044b\u0435 \u0441\u0435\u0440\u0438\u0438 \u0442\u0435\u0441\u0442\u043e\u0432 \u0441 <strong>\u041d\u043e\u0432\u044b\u0435 \u0441\u043f\u043b\u0430\u0432\u044b<\/strong> \u0447\u0435\u0440\u0435\u0437 \u0438 \u0440\u0430\u0437\u0432\u0438\u0432\u0430\u0442\u044c <strong>\u0438\u043d\u0434\u0438\u0432\u0438\u0434\u0443\u0430\u043b\u044c\u043d\u044b\u0435 \u0440\u0435\u0448\u0435\u043d\u0438\u044f<\/strong> \u0434\u043b\u044f \u0443\u0437\u043a\u043e\u0441\u043f\u0435\u0446\u0438\u0430\u043b\u0438\u0437\u0438\u0440\u043e\u0432\u0430\u043d\u043d\u044b\u0445 \u043f\u0440\u0438\u043c\u0435\u043d\u0435\u043d\u0438\u0439. \u0422\u0430\u043a\u0438\u043c \u043e\u0431\u0440\u0430\u0437\u043e\u043c, \u043c\u044b \u0432\u043d\u043e\u0441\u0438\u043c \u0437\u043d\u0430\u0447\u0438\u0442\u0435\u043b\u044c\u043d\u044b\u0439 \u0432\u043a\u043b\u0430\u0434 \u0432 \u043f\u043e\u0441\u0442\u043e\u044f\u043d\u043d\u043e\u0435 \u0434\u0430\u043b\u044c\u043d\u0435\u0439\u0448\u0435\u0435 \u0440\u0430\u0437\u0432\u0438\u0442\u0438\u0435 <strong>\u0421\u0442\u0430\u043d\u0434\u0430\u0440\u0442\u044b \u0432 \u043e\u0431\u043b\u0430\u0441\u0442\u0438 \u0437\u0430\u0449\u0438\u0442\u044b \u043e\u0442 \u0438\u0437\u043d\u043e\u0441\u0430<\/strong> \u0438 \u0441\u0434\u0435\u043b\u0430\u0442\u044c \u043f\u0440\u043e\u0446\u0435\u0441\u0441\u044b \u0431\u043e\u043b\u0435\u0435 \u044d\u0444\u0444\u0435\u043a\u0442\u0438\u0432\u043d\u044b\u043c\u0438.<\/p>\t\t\t\t\t\t\t\t<\/div>\n\t\t\t\t<\/div>\n\t\t\t\t\t<\/div>\n\t\t<\/div>\n\t\t\t\t<div class=\"elementor-column elementor-col-50 elementor-inner-column elementor-element elementor-element-f231695\" data-id=\"f231695\" data-element_type=\"column\" data-e-type=\"column\">\n\t\t\t<div class=\"elementor-widget-wrap elementor-element-populated\">\n\t\t\t\t\t\t<div class=\"elementor-element elementor-element-08dd605 elementor-arrows-position-inside elementor-pagination-position-outside elementor-widget elementor-widget-image-carousel\" data-id=\"08dd605\" data-element_type=\"widget\" data-e-type=\"widget\" data-settings=\"{&quot;slides_to_show&quot;:&quot;1&quot;,&quot;lazyload&quot;:&quot;yes&quot;,&quot;navigation&quot;:&quot;both&quot;,&quot;autoplay&quot;:&quot;yes&quot;,&quot;pause_on_hover&quot;:&quot;yes&quot;,&quot;pause_on_interaction&quot;:&quot;yes&quot;,&quot;autoplay_speed&quot;:5000,&quot;infinite&quot;:&quot;yes&quot;,&quot;effect&quot;:&quot;slide&quot;,&quot;speed&quot;:500}\" data-widget_type=\"image-carousel.default\">\n\t\t\t\t<div class=\"elementor-widget-container\">\n\t\t\t\t\t\t\t<div class=\"elementor-image-carousel-wrapper swiper\" role=\"region\" aria-roledescription=\"carousel\" aria-label=\"\u041a\u0430\u0440\u0443\u0441\u0435\u043b\u044c \u043a\u0430\u0440\u0442\u0438\u043d\u043e\u043a\" dir=\"ltr\">\n\t\t\t<div class=\"elementor-image-carousel swiper-wrapper swiper-image-stretch\" aria-live=\"off\">\n\t\t\t\t\t\t\t\t<div class=\"swiper-slide\" role=\"group\" aria-roledescription=\"slide\" aria-label=\"1 \u0438\u0437 2\"><figure class=\"swiper-slide-inner\"><img class=\"swiper-slide-image swiper-lazy\" data-src=\"https:\/\/durmat.com\/wp-content\/uploads\/durum-verschleissschutz_dienstleistungen-header.jpg\" alt=\"durum-wear_protection_services_header\" \/><div class=\"swiper-lazy-preloader\"><\/div><\/figure><\/div><div class=\"swiper-slide\" role=\"group\" aria-roledescription=\"slide\" aria-label=\"2 \u0438\u0437 2\"><figure class=\"swiper-slide-inner\"><img class=\"swiper-slide-image swiper-lazy\" data-src=\"https:\/\/durmat.com\/wp-content\/uploads\/durum-verschleissschutz_dienstleistungen-labore-header.jpg\" alt=\"durum-wear_protection_services-labore-header\" \/><div class=\"swiper-lazy-preloader\"><\/div><\/figure><\/div>\t\t\t<\/div>\n\t\t\t\t\t\t\t\t\t\t\t\t<div class=\"elementor-swiper-button elementor-swiper-button-prev\" role=\"button\" tabindex=\"0\">\n\t\t\t\t\t\t<i aria-hidden=\"true\" class=\"eicon-chevron-left\"><\/i>\t\t\t\t\t<\/div>\n\t\t\t\t\t<div class=\"elementor-swiper-button elementor-swiper-button-next\" role=\"button\" tabindex=\"0\">\n\t\t\t\t\t\t<i aria-hidden=\"true\" class=\"eicon-chevron-right\"><\/i>\t\t\t\t\t<\/div>\n\t\t\t\t\n\t\t\t\t\t\t\t\t\t<div class=\"swiper-pagination\"><\/div>\n\t\t\t\t\t\t\t\t\t<\/div>\n\t\t\t\t\t\t<\/div>\n\t\t\t\t<\/div>\n\t\t\t\t\t<\/div>\n\t\t<\/div>\n\t\t\t\t\t<\/div>\n\t\t<\/section>\n\t\t\t\t<div class=\"elementor-element elementor-element-3edea58 elementor-widget elementor-widget-heading\" data-id=\"3edea58\" data-element_type=\"widget\" data-e-type=\"widget\" data-widget_type=\"heading.default\">\n\t\t\t\t<div class=\"elementor-widget-container\">\n\t\t\t\t\t<h3 class=\"elementor-heading-title elementor-size-default\">DURUM \u043a\u0430\u043a \u043f\u0430\u0440\u0442\u043d\u0435\u0440 \u043f\u0440\u043e\u0435\u043a\u0442\u0430\/\u0441\u043f\u043e\u043d\u0441\u043e\u0440 \u043f\u0440\u043e\u0435\u043a\u0442\u0430<\/h3>\t\t\t\t<\/div>\n\t\t\t\t<\/div>\n\t\t\t\t<section class=\"elementor-section elementor-inner-section elementor-element elementor-element-725b17d elementor-section-full_width elementor-section-height-default elementor-section-height-default\" data-id=\"725b17d\" data-element_type=\"section\" data-e-type=\"section\" data-settings=\"{&quot;jet_parallax_layout_list&quot;:[]}\">\n\t\t\t\t\t\t<div class=\"elementor-container elementor-column-gap-default\">\n\t\t\t\t\t<div class=\"elementor-column elementor-col-50 elementor-inner-column elementor-element elementor-element-0dd18ee\" data-id=\"0dd18ee\" data-element_type=\"column\" data-e-type=\"column\">\n\t\t\t<div class=\"elementor-widget-wrap elementor-element-populated\">\n\t\t\t\t\t\t<div class=\"elementor-element elementor-element-e426f4b elementor-widget elementor-widget-image\" data-id=\"e426f4b\" data-element_type=\"widget\" data-e-type=\"widget\" data-widget_type=\"image.default\">\n\t\t\t\t<div class=\"elementor-widget-container\">\n\t\t\t\t\t\t\t\t\t\t\t\t\t\t\t<img fetchpriority=\"high\" decoding=\"async\" width=\"800\" height=\"534\" src=\"https:\/\/durmat.com\/wp-content\/uploads\/Durum-Willich-8669.jpg\" class=\"attachment-large size-large wp-image-7126\" alt=\"\u0421\u0445\u0435\u043c\u0430 \u0434\u043b\u044f\" srcset=\"https:\/\/durmat.com\/wp-content\/uploads\/Durum-Willich-8669.jpg 1000w, https:\/\/durmat.com\/wp-content\/uploads\/Durum-Willich-8669-300x200.jpg 300w, https:\/\/durmat.com\/wp-content\/uploads\/Durum-Willich-8669-768x512.jpg 768w\" sizes=\"(max-width: 800px) 100vw, 800px\" title=\"\u0421\u0445\u0435\u043c\u0430 \u0434\u043b\u044f\">\t\t\t\t\t\t\t\t\t\t\t\t\t\t\t<\/div>\n\t\t\t\t<\/div>\n\t\t\t\t\t<\/div>\n\t\t<\/div>\n\t\t\t\t<div class=\"elementor-column elementor-col-50 elementor-inner-column elementor-element elementor-element-69c0222\" data-id=\"69c0222\" data-element_type=\"column\" data-e-type=\"column\">\n\t\t\t<div class=\"elementor-widget-wrap elementor-element-populated\">\n\t\t\t\t\t\t<div class=\"elementor-element elementor-element-76da4c1 elementor-widget elementor-widget-text-editor\" data-id=\"76da4c1\" data-element_type=\"widget\" data-e-type=\"widget\" data-widget_type=\"text-editor.default\">\n\t\t\t\t<div class=\"elementor-widget-container\">\n\t\t\t\t\t\t\t\t\t<p>\u0412 \u0442\u0435\u0447\u0435\u043d\u0438\u0435 \u043c\u043d\u043e\u0433\u0438\u0445 \u043b\u0435\u0442 \u043c\u044b \u0430\u043a\u0442\u0438\u0432\u043d\u043e \u0437\u0430\u043d\u0438\u043c\u0430\u043b\u0438\u0441\u044c \u0438\u0441\u0441\u043b\u0435\u0434\u043e\u0432\u0430\u043d\u0438\u044f\u043c\u0438 \u0438 \u0440\u0430\u0437\u0440\u0430\u0431\u043e\u0442\u043a\u0430\u043c\u0438, \u0447\u0442\u043e\u0431\u044b \u0443\u0434\u043e\u0432\u043b\u0435\u0442\u0432\u043e\u0440\u0438\u0442\u044c \u043f\u043e\u0441\u0442\u043e\u044f\u043d\u043d\u043e \u0440\u0430\u0441\u0442\u0443\u0449\u0438\u0435 \u0442\u0440\u0435\u0431\u043e\u0432\u0430\u043d\u0438\u044f \u043d\u0430\u0448\u0438\u0445 \u043a\u043b\u0438\u0435\u043d\u0442\u043e\u0432 \u043a \u043a\u0430\u0447\u0435\u0441\u0442\u0432\u0443 \u043f\u0440\u043e\u0434\u0443\u043a\u0446\u0438\u0438 DURMAT\u00ae. \u0412 \u0442\u0435\u0441\u043d\u043e\u043c \u0441\u043e\u0442\u0440\u0443\u0434\u043d\u0438\u0447\u0435\u0441\u0442\u0432\u0435 \u0441 <strong>\u041d\u0430\u0443\u0447\u043d\u044b\u0435 \u0438\u043d\u0441\u0442\u0438\u0442\u0443\u0442\u044b<\/strong> \u041a\u043e\u043c\u043f\u0430\u043d\u0438\u044f DURUM \u0443\u0436\u0435 \u0432\u044b\u043f\u0443\u0441\u0442\u0438\u043b\u0430 \u043c\u043d\u043e\u0436\u0435\u0441\u0442\u0432\u043e <strong>\u041f\u0440\u043e\u0435\u043a\u0442\u044b \u0438\u0441\u0441\u043b\u0435\u0434\u043e\u0432\u0430\u043d\u0438\u0439 \u0438 \u0440\u0430\u0437\u0440\u0430\u0431\u043e\u0442\u043e\u043a<\/strong> \u0432 \u043a\u0430\u0447\u0435\u0441\u0442\u0432\u0435 \u043f\u0430\u0440\u0442\u043d\u0435\u0440\u0430 \u0438 \u043a\u043e\u043e\u0440\u0434\u0438\u043d\u0430\u0442\u043e\u0440\u0430.<\/p><p>\u0423\u0447\u0430\u0441\u0442\u0432\u0443\u044f \u0432 \u044d\u0442\u0438\u0445 \u043f\u0440\u043e\u0435\u043a\u0442\u0430\u0445, \u043c\u044b \u043f\u043e\u0441\u0442\u043e\u044f\u043d\u043d\u043e \u043f\u043e\u0432\u044b\u0448\u0430\u0435\u043c \u0443\u0440\u043e\u0432\u0435\u043d\u044c \u0437\u043d\u0430\u043d\u0438\u0439 \u043d\u0430\u0448\u0435\u0439 \u043a\u043e\u043c\u043f\u0430\u043d\u0438\u0438 \u0438 \u0441\u043e\u0445\u0440\u0430\u043d\u044f\u0435\u043c \u043a\u043e\u043d\u043a\u0443\u0440\u0435\u043d\u0442\u043e\u0441\u043f\u043e\u0441\u043e\u0431\u043d\u043e\u0441\u0442\u044c, \u0432 \u0442\u043e \u0436\u0435 \u0432\u0440\u0435\u043c\u044f \u043c\u044b \u043f\u043e\u0441\u0442\u043e\u044f\u043d\u043d\u043e \u0440\u0430\u0437\u0440\u0430\u0431\u0430\u0442\u044b\u0432\u0430\u0435\u043c \u043d\u043e\u0432\u044b\u0435 \u043e\u0431\u043b\u0430\u0441\u0442\u0438 \u043f\u0440\u0438\u043c\u0435\u043d\u0435\u043d\u0438\u044f \u0434\u043b\u044f <strong>\u0438\u043d\u043d\u043e\u0432\u0430\u0446\u0438\u043e\u043d\u043d\u044b\u0435 \u0442\u0435\u0445\u043d\u043e\u043b\u043e\u0433\u0438\u0438<\/strong>.<\/p><p>\u042d\u0442\u0438 \u043d\u0430\u0443\u0447\u043d\u043e-\u0438\u0441\u0441\u043b\u0435\u0434\u043e\u0432\u0430\u0442\u0435\u043b\u044c\u0441\u043a\u0438\u0435 \u0438 \u043e\u043f\u044b\u0442\u043d\u043e-\u043a\u043e\u043d\u0441\u0442\u0440\u0443\u043a\u0442\u043e\u0440\u0441\u043a\u0438\u0435 \u043f\u0440\u043e\u0435\u043a\u0442\u044b - \u0432 \u043e\u0441\u043d\u043e\u0432\u043d\u043e\u043c \u0434\u0432\u0443\u0441\u0442\u043e\u0440\u043e\u043d\u043d\u0438\u0435... <strong>\u041f\u0440\u043e\u0435\u043a\u0442\u044b \u043a\u043b\u0438\u0435\u043d\u0442\u043e\u0432 <\/strong>\u0441 \u043e\u0441\u043e\u0431\u044b\u043c \u0430\u043a\u0446\u0435\u043d\u0442\u043e\u043c \u043d\u0430 \u0442\u0440\u0435\u0431\u043e\u0432\u0430\u043d\u0438\u044f\u0445 \u0441\u043e\u043e\u0442\u0432\u0435\u0442\u0441\u0442\u0432\u0443\u044e\u0449\u0435\u0433\u043e \u043f\u0430\u0440\u0442\u043d\u0435\u0440\u0430, \u043a\u043e\u0442\u043e\u0440\u044b\u0435 \u043e\u0431\u0440\u0430\u0431\u0430\u0442\u044b\u0432\u0430\u044e\u0442\u0441\u044f \u0441 \u0430\u0431\u0441\u043e\u043b\u044e\u0442\u043d\u043e\u0439 \u043a\u043e\u043d\u0444\u0438\u0434\u0435\u043d\u0446\u0438\u0430\u043b\u044c\u043d\u043e\u0441\u0442\u044c\u044e \u043f\u043e \u043e\u0442\u043d\u043e\u0448\u0435\u043d\u0438\u044e \u043a \u0442\u0440\u0435\u0442\u044c\u0438\u043c \u043b\u0438\u0446\u0430\u043c \u0438 \u043f\u0440\u0438\u0432\u043e\u0434\u044f\u0442 \u043a \u0441\u043e\u0437\u0434\u0430\u043d\u0438\u044e \u0442\u0435\u0445\u043d\u043e\u043b\u043e\u0433\u0438\u0438 \u0443\u0441\u0442\u0430\u043d\u043e\u0432\u043a\u0438, \u0441\u043f\u0435\u0446\u0438\u0444\u0438\u0447\u043d\u043e\u0439 \u0434\u043b\u044f \u043a\u043b\u0438\u0435\u043d\u0442\u0430. \u041a\u0440\u043e\u043c\u0435 \u0442\u043e\u0433\u043e, \u043c\u044b \u0440\u0435\u0430\u043b\u0438\u0437\u0443\u0435\u043c <strong>\u0421\u043e\u0432\u043c\u0435\u0441\u0442\u043d\u044b\u0435 \u043f\u0440\u043e\u0435\u043a\u0442\u044b<\/strong> \u0441 \u043d\u0435\u0441\u043a\u043e\u043b\u044c\u043a\u0438\u043c\u0438 \u043f\u0430\u0440\u0442\u043d\u0435\u0440\u0430\u043c\u0438 \u043f\u043e \u043f\u0440\u043e\u0435\u043a\u0442\u0430\u043c, \u0447\u0430\u0441\u0442\u0438\u0447\u043d\u043e \u0442\u0430\u043a\u0436\u0435 \u0444\u0438\u043d\u0430\u043d\u0441\u0438\u0440\u0443\u0435\u043c\u044b\u043c \u0433\u043e\u0441\u0443\u0434\u0430\u0440\u0441\u0442\u0432\u043e\u043c, \u0444\u0435\u0434\u0435\u0440\u0430\u043b\u044c\u043d\u044b\u043c\u0438 \u043f\u0440\u043e\u0433\u0440\u0430\u043c\u043c\u0430\u043c\u0438 \u0438\u043b\u0438 \u043f\u0440\u043e\u0433\u0440\u0430\u043c\u043c\u0430\u043c\u0438 \u0440\u0430\u0437\u0432\u0438\u0442\u0438\u044f \u0415\u0421, \u043d\u0435\u043a\u043e\u0442\u043e\u0440\u044b\u0435 \u0438\u0437 \u0440\u0435\u0437\u0443\u043b\u044c\u0442\u0430\u0442\u043e\u0432 \u043a\u043e\u0442\u043e\u0440\u044b\u0445 \u043e\u043f\u0443\u0431\u043b\u0438\u043a\u043e\u0432\u0430\u043d\u044b.<\/p>\t\t\t\t\t\t\t\t<\/div>\n\t\t\t\t<\/div>\n\t\t\t\t\t<\/div>\n\t\t<\/div>\n\t\t\t\t\t<\/div>\n\t\t<\/section>\n\t\t\t\t\t<\/div>\n\t\t<\/div>\n\t\t\t\t\t<\/div>\n\t\t<\/section>\n\t\t\t\t<section class=\"elementor-section elementor-top-section elementor-element elementor-element-88d62b9 elementor-section-full_width elementor-section-height-default elementor-section-height-default\" data-id=\"88d62b9\" data-element_type=\"section\" data-e-type=\"section\" data-settings=\"{&quot;jet_parallax_layout_list&quot;:[]}\">\n\t\t\t\t\t\t<div class=\"elementor-container elementor-column-gap-default\">\n\t\t\t\t\t<div class=\"elementor-column elementor-col-100 elementor-top-column elementor-element elementor-element-1798cfc\" data-id=\"1798cfc\" data-element_type=\"column\" data-e-type=\"column\">\n\t\t\t<div class=\"elementor-widget-wrap elementor-element-populated\">\n\t\t\t\t\t\t<div class=\"elementor-element elementor-element-3d8ecd2 elementor-widget elementor-widget-template\" data-id=\"3d8ecd2\" data-element_type=\"widget\" data-e-type=\"widget\" data-widget_type=\"template.default\">\n\t\t\t\t<div class=\"elementor-widget-container\">\n\t\t\t\t\t\t\t<div class=\"elementor-template\">\n\t\t\t\t\t<div data-elementor-type=\"section\" data-elementor-id=\"3339\" class=\"elementor elementor-3339\" data-elementor-post-type=\"elementor_library\">\n\t\t\t\t\t<section class=\"elementor-section elementor-top-section elementor-element elementor-element-ce2a629 elementor-section-full_width elementor-section-height-default elementor-section-height-default\" data-id=\"ce2a629\" data-element_type=\"section\" data-e-type=\"section\" data-settings=\"{&quot;jet_parallax_layout_list&quot;:[]}\">\n\t\t\t\t\t\t<div class=\"elementor-container elementor-column-gap-default\">\n\t\t\t\t\t<div class=\"elementor-column elementor-col-100 elementor-top-column elementor-element elementor-element-c3b7f8c\" data-id=\"c3b7f8c\" data-element_type=\"column\" data-e-type=\"column\">\n\t\t\t<div class=\"elementor-widget-wrap elementor-element-populated\">\n\t\t\t\t\t\t<div class=\"elementor-element elementor-element-8eca65b elementor-cta--skin-cover elementor-animated-content elementor-bg-transform elementor-bg-transform-zoom-in elementor-widget elementor-widget-global elementor-global-2509 elementor-widget-call-to-action\" data-id=\"8eca65b\" data-element_type=\"widget\" data-e-type=\"widget\" data-widget_type=\"call-to-action.default\">\n\t\t\t\t<div class=\"elementor-widget-container\">\n\t\t\t\t\t\t\t<div class=\"elementor-cta\">\n\t\t\t\t\t<div class=\"elementor-cta__bg-wrapper\">\n\t\t\t\t<div class=\"elementor-cta__bg elementor-bg\" style=\"background-image: url(https:\/\/durmat.com\/wp-content\/uploads\/durum_cta-bg-rueckrufservice.jpg);\" role=\"img\" aria-label=\"durum_cta-bg-return-call-service\"><\/div>\n\t\t\t\t<div class=\"elementor-cta__bg-overlay\"><\/div>\n\t\t\t<\/div>\n\t\t\t\t\t\t\t<div class=\"elementor-cta__content\">\n\t\t\t\t\n\t\t\t\t\t\t\t\t\t<h2 class=\"elementor-cta__title elementor-cta__content-item elementor-content-item elementor-animated-item--grow\">\n\t\t\t\t\t\t\u0421\u0435\u0440\u0432\u0438\u0441 \u043e\u0431\u0440\u0430\u0442\u043d\u043e\u0433\u043e \u0432\u044b\u0437\u043e\u0432\u0430\t\t\t\t\t<\/h2>\n\t\t\t\t\n\t\t\t\t\t\t\t\t\t<div class=\"elementor-cta__description elementor-cta__content-item elementor-content-item elementor-animated-item--grow\">\n\t\t\t\t\t\t\u0423 \u0412\u0430\u0441 \u0432\u043e\u0437\u043d\u0438\u043a\u043b\u0438 \u0434\u043e\u043f\u043e\u043b\u043d\u0438\u0442\u0435\u043b\u044c\u043d\u044b\u0435 \u0432\u043e\u043f\u0440\u043e\u0441\u044b \u0438\u043b\u0438 \u043f\u0440\u043e\u0431\u043b\u0435\u043c\u044b? \u0422\u043e\u0433\u0434\u0430 \u043f\u0440\u043e\u0441\u0442\u043e \u0441\u0432\u044f\u0436\u0438\u0442\u0435\u0441\u044c \u0441 \u043d\u0430\u043c\u0438, \u043c\u044b \u0431\u0443\u0434\u0435\u043c \u0440\u0430\u0434\u044b \u043f\u043e\u043c\u043e\u0447\u044c \u0412\u0430\u043c!\t\t\t\t\t<\/div>\n\t\t\t\t\n\t\t\t\t\t\t\t\t\t<div class=\"elementor-cta__button-wrapper elementor-cta__content-item elementor-content-item elementor-animated-item--grow\">\n\t\t\t\t\t<a class=\"elementor-cta__button elementor-button elementor-size-lg\" href=\"#elementor-action%3Aaction%3Dpopup%3Aopen%26settings%3DeyJpZCI6IjQ0MDEiLCJ0b2dnbGUiOmZhbHNlfQ%3D%3D\">\n\t\t\t\t\t\t\u0414\u0430, \u044f \u0445\u043e\u0442\u0435\u043b \u0431\u044b, \u0447\u0442\u043e\u0431\u044b \u043c\u0435\u043d\u044f \u043f\u043e\u0437\u0432\u0430\u043b\u0438!\t\t\t\t\t<\/a>\n\t\t\t\t\t<\/div>\n\t\t\t\t\t\t\t<\/div>\n\t\t\t\t\t\t<\/div>\n\t\t\t\t\t\t<\/div>\n\t\t\t\t<\/div>\n\t\t\t\t\t<\/div>\n\t\t<\/div>\n\t\t\t\t\t<\/div>\n\t\t<\/section>\n\t\t\t\t<\/div>\n\t\t\t\t<\/div>\n\t\t\t\t\t\t<\/div>\n\t\t\t\t<\/div>\n\t\t\t\t\t<\/div>\n\t\t<\/div>\n\t\t\t\t\t<\/div>\n\t\t<\/section>\n\t\t\t\t<\/div>","protected":false},"excerpt":{"rendered":"<p>Innovative Forschung f\u00fcr Ihre Gesch\u00e4ftsentwicklung Keine Verschlei\u00dfschutzl\u00f6sung ist so gut, dass man sie nicht noch besser machen k\u00f6nnte. Darum entwickeln wir g\u00e4ngige Schwei\u00df- und thermische Spritzwerkstoffe immer weiter und forschen an modernster Auftragungsprozesstechnik \u2013 nat\u00fcrlich auch im Kundenauftrag. In unseren eigenen Laboren f\u00fchren wir neben der schwei\u00dftechnischen Qualit\u00e4ts\u00fcberwachung zahlreiche Versuchsreihen mit neuartigen Legierungen durch und [&hellip;]<\/p>\n","protected":false},"author":1,"featured_media":7922,"parent":0,"menu_order":0,"comment_status":"closed","ping_status":"closed","template":"","meta":{"footnotes":""},"class_list":["post-669","page","type-page","status-publish","has-post-thumbnail","hentry"],"_links":{"self":[{"href":"https:\/\/durmat.com\/ru\/wp-json\/wp\/v2\/pages\/669","targetHints":{"allow":["GET"]}}],"collection":[{"href":"https:\/\/durmat.com\/ru\/wp-json\/wp\/v2\/pages"}],"about":[{"href":"https:\/\/durmat.com\/ru\/wp-json\/wp\/v2\/types\/page"}],"author":[{"embeddable":true,"href":"https:\/\/durmat.com\/ru\/wp-json\/wp\/v2\/users\/1"}],"replies":[{"embeddable":true,"href":"https:\/\/durmat.com\/ru\/wp-json\/wp\/v2\/comments?post=669"}],"version-history":[{"count":38,"href":"https:\/\/durmat.com\/ru\/wp-json\/wp\/v2\/pages\/669\/revisions"}],"predecessor-version":[{"id":205238,"href":"https:\/\/durmat.com\/ru\/wp-json\/wp\/v2\/pages\/669\/revisions\/205238"}],"wp:featuredmedia":[{"embeddable":true,"href":"https:\/\/durmat.com\/ru\/wp-json\/wp\/v2\/media\/7922"}],"wp:attachment":[{"href":"https:\/\/durmat.com\/ru\/wp-json\/wp\/v2\/media?parent=669"}],"curies":[{"name":"wp","href":"https:\/\/api.w.org\/{rel}","templated":true}]}}