{"id":706,"date":"2022-06-01T11:24:21","date_gmt":"2022-06-01T09:24:21","guid":{"rendered":"https:\/\/durmat.com\/?page_id=706"},"modified":"2025-06-26T08:42:14","modified_gmt":"2025-06-26T06:42:14","slug":"unternehmen","status":"publish","type":"page","link":"https:\/\/durmat.com\/ru\/\u043a\u043e\u043c\u043f\u0430\u043d\u0438\u044f\/","title":{"rendered":"\u041a\u043e\u043c\u043f\u0430\u043d\u0438\u044f"},"content":{"rendered":"<div data-elementor-type=\"wp-page\" data-elementor-id=\"706\" class=\"elementor elementor-706\" data-elementor-post-type=\"page\">\n\t\t\t\t\t\t<section class=\"elementor-section elementor-top-section elementor-element elementor-element-b7cff1e elementor-section-full_width elementor-section-height-default elementor-section-height-default\" data-id=\"b7cff1e\" data-element_type=\"section\" data-e-type=\"section\" data-settings=\"{&quot;jet_parallax_layout_list&quot;:[]}\">\n\t\t\t\t\t\t<div class=\"elementor-container elementor-column-gap-default\">\n\t\t\t\t\t<div class=\"elementor-column elementor-col-100 elementor-top-column elementor-element elementor-element-83392c1\" data-id=\"83392c1\" data-element_type=\"column\" data-e-type=\"column\">\n\t\t\t<div class=\"elementor-widget-wrap elementor-element-populated\">\n\t\t\t\t\t\t<div class=\"elementor-element elementor-element-b800871 elementor-widget elementor-widget-heading\" data-id=\"b800871\" data-element_type=\"widget\" data-e-type=\"widget\" data-widget_type=\"heading.default\">\n\t\t\t\t<div class=\"elementor-widget-container\">\n\t\t\t\t\t<h2 class=\"elementor-heading-title elementor-size-default\">DURUM: \u0421\u0438\u043b\u044c\u043d\u0430\u044f \u0437\u0430\u0449\u0438\u0442\u0430 \u043e\u0442 \u0438\u0437\u043d\u043e\u0441\u0430 <\/h2>\t\t\t\t<\/div>\n\t\t\t\t<\/div>\n\t\t\t\t<section class=\"elementor-section elementor-inner-section elementor-element elementor-element-704a8e9 elementor-section-full_width elementor-section-height-default elementor-section-height-default\" data-id=\"704a8e9\" data-element_type=\"section\" data-e-type=\"section\" data-settings=\"{&quot;jet_parallax_layout_list&quot;:[]}\">\n\t\t\t\t\t\t<div class=\"elementor-container elementor-column-gap-default\">\n\t\t\t\t\t<div class=\"elementor-column elementor-col-50 elementor-inner-column elementor-element elementor-element-70bfe97\" data-id=\"70bfe97\" data-element_type=\"column\" data-e-type=\"column\">\n\t\t\t<div class=\"elementor-widget-wrap elementor-element-populated\">\n\t\t\t\t\t\t<div class=\"elementor-element elementor-element-1131462 elementor-widget elementor-widget-text-editor\" data-id=\"1131462\" data-element_type=\"widget\" data-e-type=\"widget\" data-widget_type=\"text-editor.default\">\n\t\t\t\t<div class=\"elementor-widget-container\">\n\t\t\t\t\t\t\t\t\t<p>\u0412 \u043a\u0430\u0436\u0434\u043e\u0439 \u043e\u0442\u0440\u0430\u0441\u043b\u0438 \u0441\u0443\u0449\u0435\u0441\u0442\u0432\u0443\u044e\u0442 \u043e\u043f\u0440\u0435\u0434\u0435\u043b\u0435\u043d\u043d\u044b\u0435 \u043f\u0440\u0430\u0432\u0438\u043b\u0430. \u0412 \u043d\u0430\u0448\u0435\u0439 \u043e\u0442\u0440\u0430\u0441\u043b\u0438 \u043d\u0430\u0438\u0431\u043e\u043b\u0435\u0435 \u0432\u0430\u0436\u043d\u044b\u043c\u0438 \u044f\u0432\u043b\u044f\u044e\u0442\u0441\u044f <strong>\u0420\u0435\u0448\u0435\u043d\u0438\u044f<\/strong>. \u041d\u0435\u0437\u0430\u0432\u0438\u0441\u0438\u043c\u043e \u043e\u0442 \u0442\u043e\u0433\u043e, \u044f\u0432\u043b\u044f\u0435\u0442\u0441\u044f \u043b\u0438 \u044d\u0442\u043e <strong>\u0417\u0430\u0449\u0438\u0442\u0430 \u043e\u0442 \u0438\u0437\u043d\u043e\u0441\u0430<\/strong> \u0441\u0432\u0430\u0440\u043a\u043e\u0439 \u0441 \u043d\u0430\u0440\u0430\u0449\u0438\u0432\u0430\u043d\u0438\u0435\u043c \u0438 \u0442\u0435\u0440\u043c\u0438\u0447\u0435\u0441\u043a\u0438\u043c \u043d\u0430\u043f\u044b\u043b\u0435\u043d\u0438\u0435\u043c \u043d\u043e\u0432\u044b\u0445 \u0434\u0435\u0442\u0430\u043b\u0435\u0439 \u0438\u043b\u0438 <strong>\u0420\u0435\u043c\u043e\u043d\u0442<\/strong> \u0438 <strong>\u0422\u0435\u0445\u043d\u0438\u0447\u0435\u0441\u043a\u043e\u0435 \u043e\u0431\u0441\u043b\u0443\u0436\u0438\u0432\u0430\u043d\u0438\u0435 <\/strong>\u043c\u0430\u0448\u0438\u043d, \u043a\u043e\u0442\u043e\u0440\u044b\u0435 \u0443\u0436\u0435 \u0438\u0437\u043d\u043e\u0448\u0435\u043d\u044b - \u0441 <strong>\u0432\u044b\u0441\u043e\u043a\u043e\u043a\u0430\u0447\u0435\u0441\u0442\u0432\u0435\u043d\u043d\u043e\u0435 \u0441\u044b\u0440\u044c\u0435<\/strong> \u0438\u0437 \u0431\u0435\u0441\u043a\u043e\u043d\u0444\u043b\u0438\u043a\u0442\u043d\u044b\u0445 \u0433\u043e\u0441\u0443\u0434\u0430\u0440\u0441\u0442\u0432 \u0438 <strong>\u0418\u043d\u043d\u043e\u0432\u0430\u0446\u0438\u043e\u043d\u043d\u0430\u044f \u0442\u0435\u0445\u043d\u043e\u043b\u043e\u0433\u0438\u044f \u043f\u0440\u043e\u0446\u0435\u0441\u0441\u0430<\/strong> DURUM \u043e\u0441\u0442\u0430\u043d\u0430\u0432\u043b\u0438\u0432\u0430\u0435\u0442 \u0438\u0437\u043d\u043e\u0441 \u043f\u0440\u0430\u043a\u0442\u0438\u0447\u0435\u0441\u043a\u0438 \u0432 \u043b\u044e\u0431\u043e\u0439 \u043e\u0442\u0440\u0430\u0441\u043b\u0438. <strong>\u044d\u0444\u0444\u0435\u043a\u0442\u0438\u0432\u043d\u043e\u0435 \u0440\u0435\u0448\u0435\u043d\u0438\u0435<\/strong> \u043f\u0440\u043e\u0442\u0438\u0432.<\/p>\t\t\t\t\t\t\t\t<\/div>\n\t\t\t\t<\/div>\n\t\t\t\t<div class=\"elementor-element elementor-element-3306a8c elementor-widget elementor-widget-heading\" data-id=\"3306a8c\" data-element_type=\"widget\" data-e-type=\"widget\" data-widget_type=\"heading.default\">\n\t\t\t\t<div class=\"elementor-widget-container\">\n\t\t\t\t\t<h3 class=\"elementor-heading-title elementor-size-default\">\u041d\u0430\u0448\u0430 \u0440\u0430\u0431\u043e\u0442\u0430 \u0434\u043b\u044f \u0412\u0430\u0448\u0435\u0433\u043e \u0443\u0441\u043f\u0435\u0445\u0430<\/h3>\t\t\t\t<\/div>\n\t\t\t\t<\/div>\n\t\t\t\t<div class=\"elementor-element elementor-element-f5ba74b elementor-widget elementor-widget-text-editor\" data-id=\"f5ba74b\" data-element_type=\"widget\" data-e-type=\"widget\" data-widget_type=\"text-editor.default\">\n\t\t\t\t<div class=\"elementor-widget-container\">\n\t\t\t\t\t\t\t\t\t<p>The <strong>\u041a\u0430\u0447\u0435\u0441\u0442\u0432\u043e<\/strong> \u0432\u0441\u0435\u0445 \u043f\u0440\u0438\u043b\u043e\u0436\u0435\u043d\u0438\u0439 \u0438\u0437\u043c\u0435\u0440\u044f\u0435\u0442\u0441\u044f \u043d\u0435 \u0440\u0430\u0437\u043c\u0435\u0440\u043e\u043c \u043e\u0431\u043b\u0430\u0441\u0442\u0438 \u043f\u0440\u0438\u043c\u0435\u043d\u0435\u043d\u0438\u044f, \u0430 <strong>\u0423\u0434\u043e\u0432\u043b\u0435\u0442\u0432\u043e\u0440\u0435\u043d\u043d\u043e\u0441\u0442\u044c \u043d\u0430\u0448\u0438\u0445 \u043a\u043b\u0438\u0435\u043d\u0442\u043e\u0432<\/strong>. \u0421\u043e\u0442\u0440\u0443\u0434\u043d\u0438\u0447\u0435\u0441\u0442\u0432\u043e \u0432 \u043f\u0430\u0440\u0442\u043d\u0435\u0440\u0441\u0442\u0432\u0435 \u0438 \u043a\u043e\u043d\u0444\u0438\u0434\u0435\u043d\u0446\u0438\u0430\u043b\u044c\u043d\u043e\u0441\u0442\u044c \u0432 \u0440\u0430\u0437\u0432\u0438\u0442\u0438\u0438 \u0438\u043c\u0435\u044e\u0442 \u0442\u0430\u043a\u043e\u0435 \u0436\u0435 \u0440\u0435\u0448\u0430\u044e\u0449\u0435\u0435 \u0437\u043d\u0430\u0447\u0435\u043d\u0438\u0435 \u0434\u043b\u044f <strong>\u0443\u0441\u043f\u0435\u0448\u043d\u043e\u0435 \u0441\u043e\u0442\u0440\u0443\u0434\u043d\u0438\u0447\u0435\u0441\u0442\u0432\u043e<\/strong> \u043a\u0430\u043a \u0444\u0438\u0437\u0438\u0447\u0435\u0441\u043a\u0438\u0435 \u043c\u0430\u0442\u0435\u0440\u0438\u0430\u043b\u044c\u043d\u044b\u0435 \u0441\u0432\u043e\u0439\u0441\u0442\u0432\u0430 \u043f\u0440\u043e\u0434\u0443\u043a\u0442\u043e\u0432.<\/p><p>\u0427\u0442\u043e\u0431\u044b \u0441\u043e\u043e\u0442\u0432\u0435\u0442\u0441\u0442\u0432\u043e\u0432\u0430\u0442\u044c \u0441\u0430\u043c\u044b\u043c \u0436\u0435\u0441\u0442\u043a\u0438\u043c \u0442\u0440\u0435\u0431\u043e\u0432\u0430\u043d\u0438\u044f\u043c \u0412\u0430\u0448\u0435\u0439 \u043e\u0442\u0440\u0430\u0441\u043b\u0438, \u0412\u0430\u043c \u043d\u0435\u043e\u0431\u0445\u043e\u0434\u0438\u043c\u043e, \u043f\u043e\u043c\u0438\u043c\u043e <strong>\u0418\u043d\u0434\u0438\u0432\u0438\u0434\u0443\u0430\u043b\u044c\u043d\u044b\u0435 \u043f\u0440\u043e\u0434\u0443\u043a\u0442\u044b<\/strong> \u0442\u0430\u043a\u0436\u0435 <strong>\u043f\u0435\u0440\u0432\u043e\u043a\u043b\u0430\u0441\u0441\u043d\u044b\u0439 \u0441\u0435\u0440\u0432\u0438\u0441<\/strong>. \u0412\u043c\u0435\u0441\u0442\u0435 \u0441 \u0432\u0441\u0435\u043c\u0438\u0440\u043d\u043e\u0439 \u0441\u0435\u0442\u044c\u044e \u0438 \u043c\u043d\u043e\u0433\u043e\u0447\u0438\u0441\u043b\u0435\u043d\u043d\u044b\u043c\u0438 \u0434\u043e\u0447\u0435\u0440\u043d\u0438\u043c\u0438 \u043a\u043e\u043c\u043f\u0430\u043d\u0438\u044f\u043c\u0438 \u043c\u044b \u0441\u043e\u0437\u0434\u0430\u0435\u043c \u0440\u0435\u0448\u0435\u043d\u0438\u044f, \u043d\u0430 \u043a\u043e\u0442\u043e\u0440\u044b\u0435 \u0412\u044b \u043c\u043e\u0436\u0435\u0442\u0435 \u043f\u043e\u043b\u043e\u0436\u0438\u0442\u044c\u0441\u044f.<\/p>\t\t\t\t\t\t\t\t<\/div>\n\t\t\t\t<\/div>\n\t\t\t\t\t<\/div>\n\t\t<\/div>\n\t\t\t\t<div class=\"elementor-column elementor-col-50 elementor-inner-column elementor-element elementor-element-e0ccdb4\" data-id=\"e0ccdb4\" data-element_type=\"column\" data-e-type=\"column\">\n\t\t\t<div class=\"elementor-widget-wrap elementor-element-populated\">\n\t\t\t\t\t\t<div class=\"elementor-element elementor-element-70bfad8 elementor-arrows-position-inside elementor-pagination-position-outside elementor-widget elementor-widget-image-carousel\" data-id=\"70bfad8\" data-element_type=\"widget\" data-e-type=\"widget\" data-settings=\"{&quot;slides_to_show&quot;:&quot;1&quot;,&quot;lazyload&quot;:&quot;yes&quot;,&quot;navigation&quot;:&quot;both&quot;,&quot;autoplay&quot;:&quot;yes&quot;,&quot;pause_on_hover&quot;:&quot;yes&quot;,&quot;pause_on_interaction&quot;:&quot;yes&quot;,&quot;autoplay_speed&quot;:5000,&quot;infinite&quot;:&quot;yes&quot;,&quot;effect&quot;:&quot;slide&quot;,&quot;speed&quot;:500}\" data-widget_type=\"image-carousel.default\">\n\t\t\t\t<div class=\"elementor-widget-container\">\n\t\t\t\t\t\t\t<div class=\"elementor-image-carousel-wrapper swiper\" role=\"region\" aria-roledescription=\"carousel\" aria-label=\"\u041a\u0430\u0440\u0443\u0441\u0435\u043b\u044c \u043a\u0430\u0440\u0442\u0438\u043d\u043e\u043a\" dir=\"ltr\">\n\t\t\t<div class=\"elementor-image-carousel swiper-wrapper swiper-image-stretch\" aria-live=\"off\">\n\t\t\t\t\t\t\t\t<div class=\"swiper-slide\" role=\"group\" aria-roledescription=\"slide\" aria-label=\"1 \u0438\u0437 6\"><figure class=\"swiper-slide-inner\"><img class=\"swiper-slide-image swiper-lazy\" data-src=\"https:\/\/durmat.com\/wp-content\/uploads\/durum-verschleissschutz_ueberuns-header-1.jpg\" alt=\"durum_wear_protection_overhead_headers\" \/><div class=\"swiper-lazy-preloader\"><\/div><\/figure><\/div><div class=\"swiper-slide\" role=\"group\" aria-roledescription=\"slide\" aria-label=\"2 \u0438\u0437 6\"><figure class=\"swiper-slide-inner\"><img class=\"swiper-slide-image swiper-lazy\" data-src=\"https:\/\/durmat.com\/wp-content\/uploads\/durum-verschleissschutz_ueberuns-innenansicht-01.jpg\" alt=\"durum_wearing_protection_inside_view-01\" \/><div class=\"swiper-lazy-preloader\"><\/div><\/figure><\/div><div class=\"swiper-slide\" role=\"group\" aria-roledescription=\"slide\" aria-label=\"3 \u0438\u0437 6\"><figure class=\"swiper-slide-inner\"><img class=\"swiper-slide-image swiper-lazy\" data-src=\"https:\/\/durmat.com\/wp-content\/uploads\/durum-verschleissschutz_ueberuns-innenansicht-02.jpg\" alt=\"durum_wearing_protection_inside_view-02\" \/><div class=\"swiper-lazy-preloader\"><\/div><\/figure><\/div><div class=\"swiper-slide\" role=\"group\" aria-roledescription=\"slide\" aria-label=\"4 \u0438\u0437 6\"><figure class=\"swiper-slide-inner\"><img class=\"swiper-slide-image swiper-lazy\" data-src=\"https:\/\/durmat.com\/wp-content\/uploads\/durum-verschleissschutz_ueberuns-innenansicht-03.jpg\" alt=\"durum_wearing_protection_inside_view-03\" \/><div class=\"swiper-lazy-preloader\"><\/div><\/figure><\/div><div class=\"swiper-slide\" role=\"group\" aria-roledescription=\"slide\" aria-label=\"5 \u0438\u0437 6\"><figure class=\"swiper-slide-inner\"><img class=\"swiper-slide-image swiper-lazy\" data-src=\"https:\/\/durmat.com\/wp-content\/uploads\/durum-verschleissschutz_ueberuns-aussenansichtt-02.jpg\" alt=\"durum_wear_protection_outside_view-02\" \/><div class=\"swiper-lazy-preloader\"><\/div><\/figure><\/div><div class=\"swiper-slide\" role=\"group\" aria-roledescription=\"slide\" aria-label=\"6 \u0438\u0437 6\"><figure class=\"swiper-slide-inner\"><img class=\"swiper-slide-image swiper-lazy\" data-src=\"https:\/\/durmat.com\/wp-content\/uploads\/durum_e-saeule_7.jpg\" alt=\"Durum E-pillar\" \/><div class=\"swiper-lazy-preloader\"><\/div><\/figure><\/div>\t\t\t<\/div>\n\t\t\t\t\t\t\t\t\t\t\t\t<div class=\"elementor-swiper-button elementor-swiper-button-prev\" role=\"button\" tabindex=\"0\">\n\t\t\t\t\t\t<i aria-hidden=\"true\" class=\"eicon-chevron-left\"><\/i>\t\t\t\t\t<\/div>\n\t\t\t\t\t<div class=\"elementor-swiper-button elementor-swiper-button-next\" role=\"button\" tabindex=\"0\">\n\t\t\t\t\t\t<i aria-hidden=\"true\" class=\"eicon-chevron-right\"><\/i>\t\t\t\t\t<\/div>\n\t\t\t\t\n\t\t\t\t\t\t\t\t\t<div class=\"swiper-pagination\"><\/div>\n\t\t\t\t\t\t\t\t\t<\/div>\n\t\t\t\t\t\t<\/div>\n\t\t\t\t<\/div>\n\t\t\t\t\t<\/div>\n\t\t<\/div>\n\t\t\t\t\t<\/div>\n\t\t<\/section>\n\t\t\t\t<div class=\"elementor-element elementor-element-cf21a73 elementor-widget elementor-widget-heading\" data-id=\"cf21a73\" data-element_type=\"widget\" data-e-type=\"widget\" data-widget_type=\"heading.default\">\n\t\t\t\t<div class=\"elementor-widget-container\">\n\t\t\t\t\t<h3 class=\"elementor-heading-title elementor-size-default\">\u041d\u0430\u0448\u0430 \u0438\u0441\u0442\u043e\u0440\u0438\u044f <\/h3>\t\t\t\t<\/div>\n\t\t\t\t<\/div>\n\t\t\t\t<div class=\"elementor-element elementor-element-1d1fb6c elementor-widget__width-initial elementor-widget elementor-widget-text-editor\" data-id=\"1d1fb6c\" data-element_type=\"widget\" data-e-type=\"widget\" data-widget_type=\"text-editor.default\">\n\t\t\t\t<div class=\"elementor-widget-container\">\n\t\t\t\t\t\t\t\t\t<p>The <strong>DURUM Wear Protection GmbH<\/strong> \u0431\u044b\u043b\u043e <strong>1984<\/strong> \u0431\u044b\u043b\u0430 \u043e\u0441\u043d\u043e\u0432\u0430\u043d\u0430 \u0432 \u041c\u0435\u0442\u0442\u043c\u0430\u043d\u043d\u0435, \u043d\u0435\u0434\u0430\u043b\u0435\u043a\u043e \u043e\u0442 \u0414\u044e\u0441\u0441\u0435\u043b\u044c\u0434\u043e\u0440\u0444\u0430. \u041f\u043e\u043c\u0438\u043c\u043e \u043e\u0441\u043d\u043e\u0432\u043d\u043e\u0433\u043e \u043c\u0435\u0441\u0442\u043e\u043d\u0430\u0445\u043e\u0436\u0434\u0435\u043d\u0438\u044f \u0432 <strong>Willich <\/strong>(\u0413\u0435\u0440\u043c\u0430\u043d\u0438\u044f), \u0438\u043c\u0435\u044e\u0442\u0441\u044f \u043f\u0440\u043e\u0438\u0437\u0432\u043e\u0434\u0441\u0442\u0432\u0435\u043d\u043d\u044b\u0435 \u043c\u043e\u0449\u043d\u043e\u0441\u0442\u0438 \u0438 \u0441\u0435\u0440\u0432\u0438\u0441\u043d\u044b\u0435 \u0446\u0435\u043d\u0442\u0440\u044b DURUM \u0432 \u0411\u0440\u0430\u0437\u0438\u043b\u0438\u0438, \u0424\u0440\u0430\u043d\u0446\u0438\u0438 \u0438 \u0421\u0428\u0410, \u043a\u043e\u0442\u043e\u0440\u044b\u0435 \u0434\u043e\u043f\u043e\u043b\u043d\u044f\u044e\u0442\u0441\u044f \u043f\u0430\u0440\u0442\u043d\u0435\u0440\u0430\u043c\u0438 \u043f\u043e \u0441\u0431\u044b\u0442\u0443 \u043d\u0430 \u0432\u0441\u0435\u0445 \u043f\u044f\u0442\u0438 \u043a\u043e\u043d\u0442\u0438\u043d\u0435\u043d\u0442\u0430\u0445 \u043c\u0438\u0440\u0430. DURUM \u044d\u043a\u0441\u043f\u043e\u0440\u0442\u0438\u0440\u0443\u0435\u0442 \u0441\u0432\u043e\u044e \u043f\u0440\u043e\u0434\u0443\u043a\u0446\u0438\u044e \u0432 \u0431\u043e\u043b\u0435\u0435 \u0447\u0435\u043c <strong>80 \u0441\u0442\u0440\u0430\u043d<\/strong> \u043f\u043e \u0432\u0441\u0435\u043c\u0443 \u043c\u0438\u0440\u0443! \u0411\u0443\u0434\u0443\u0447\u0438 \u043a\u043e\u043c\u043f\u0430\u043d\u0438\u0435\u0439 \u0441\u0440\u0435\u0434\u043d\u0435\u0433\u043e \u0440\u0430\u0437\u043c\u0435\u0440\u0430 \u0441 <strong>\u0431\u043e\u043b\u0435\u0435 40 \u043b\u0435\u0442 \u043e\u043f\u044b\u0442\u0430<\/strong> \u043c\u044b \u0440\u0430\u0437\u0440\u0430\u0431\u0430\u0442\u044b\u0432\u0430\u0435\u043c \u0441\u043f\u0435\u0446\u0438\u0444\u0438\u0447\u0435\u0441\u043a\u0438\u0435 \u0434\u043b\u044f \u043a\u043e\u043d\u043a\u0440\u0435\u0442\u043d\u043e\u0433\u043e \u043f\u0440\u0438\u043b\u043e\u0436\u0435\u043d\u0438\u044f <strong>\u0421\u043f\u0435\u0446\u0438\u0430\u043b\u044c\u043d\u044b\u0435 \u0440\u0435\u0448\u0435\u043d\u0438\u044f<\/strong> \u0434\u043b\u044f \u043d\u0430\u0448\u0438\u0445 \u043a\u043b\u0438\u0435\u043d\u0442\u043e\u0432.<\/p>\t\t\t\t\t\t\t\t<\/div>\n\t\t\t\t<\/div>\n\t\t\t\t<div class=\"elementor-element elementor-element-602b2b8 elementor-widget__width-initial elementor-widget elementor-widget-image\" data-id=\"602b2b8\" data-element_type=\"widget\" data-e-type=\"widget\" data-widget_type=\"image.default\">\n\t\t\t\t<div class=\"elementor-widget-container\">\n\t\t\t\t\t\t\t\t\t\t\t\t\t\t\t<img fetchpriority=\"high\" decoding=\"async\" width=\"500\" height=\"154\" src=\"https:\/\/durmat.com\/wp-content\/uploads\/durum_jubilaeumslogo-40-jahre-500.png\" class=\"attachment-large size-large wp-image-197852\" alt=\"\u0421\u0445\u0435\u043c\u0430 \u0434\u043b\u044f\" srcset=\"https:\/\/durmat.com\/wp-content\/uploads\/durum_jubilaeumslogo-40-jahre-500.png 500w, https:\/\/durmat.com\/wp-content\/uploads\/durum_jubilaeumslogo-40-jahre-500-300x92.png 300w, https:\/\/durmat.com\/wp-content\/uploads\/durum_jubilaeumslogo-40-jahre-500-18x6.png 18w\" sizes=\"(max-width: 500px) 100vw, 500px\" title=\"\u0421\u0445\u0435\u043c\u0430 \u0434\u043b\u044f\">\t\t\t\t\t\t\t\t\t\t\t\t\t\t\t<\/div>\n\t\t\t\t<\/div>\n\t\t\t\t<div class=\"elementor-element elementor-element-7dee5dd elementor-widget elementor-widget-heading\" data-id=\"7dee5dd\" data-element_type=\"widget\" data-e-type=\"widget\" data-widget_type=\"heading.default\">\n\t\t\t\t<div class=\"elementor-widget-container\">\n\t\t\t\t\t<h3 class=\"elementor-heading-title elementor-size-default\">\u041d\u0430\u0448\u0430 \u043a\u043e\u0440\u043f\u043e\u0440\u0430\u0442\u0438\u0432\u043d\u0430\u044f \u0444\u0438\u043b\u043e\u0441\u043e\u0444\u0438\u044f<\/h3>\t\t\t\t<\/div>\n\t\t\t\t<\/div>\n\t\t\t\t<div class=\"elementor-element elementor-element-40a452f elementor-widget elementor-widget-text-editor\" data-id=\"40a452f\" data-element_type=\"widget\" data-e-type=\"widget\" data-widget_type=\"text-editor.default\">\n\t\t\t\t<div class=\"elementor-widget-container\">\n\t\t\t\t\t\t\t\t\t<p><strong>\u041d\u0430\u0448 \u0434\u0435\u0432\u0438\u0437: \u0423\u0441\u043f\u0435\u0445 \u0431\u043b\u0430\u0433\u043e\u0434\u0430\u0440\u044f \u043f\u043e\u043a\u0440\u044b\u0442\u0438\u044f\u043c DURUM! <\/strong>\u0418\u0441\u043f\u043e\u043b\u044c\u0437\u0443\u044f DURUM, \u0412\u044b \u043f\u043e\u043b\u0443\u0447\u0430\u0435\u0442\u0435 \u043f\u0440\u0435\u0438\u043c\u0443\u0449\u0435\u0441\u0442\u0432\u0430 \u043e\u0442 \u0431\u043e\u043b\u0435\u0435 \u0438\u0437\u043d\u043e\u0441\u043e\u0441\u0442\u043e\u0439\u043a\u0438\u0445 \u043f\u043e\u0432\u0435\u0440\u0445\u043d\u043e\u0441\u0442\u043d\u044b\u0445 \u043f\u043e\u043a\u0440\u044b\u0442\u0438\u0439 \u0438, \u0441\u043b\u0435\u0434\u043e\u0432\u0430\u0442\u0435\u043b\u044c\u043d\u043e, \u043e\u0442 <strong>\u043f\u043e\u0432\u044b\u0448\u0435\u043d\u0438\u0435 \u0444\u0443\u043d\u043a\u0446\u0438\u043e\u043d\u0430\u043b\u044c\u043d\u043e\u0441\u0442\u0438, \u044d\u043a\u043e\u043d\u043e\u043c\u0438\u0447\u0435\u0441\u043a\u043e\u0439 \u044d\u0444\u0444\u0435\u043a\u0442\u0438\u0432\u043d\u043e\u0441\u0442\u0438 \u0438 \u043a\u043e\u043d\u043a\u0443\u0440\u0435\u043d\u0442\u043e\u0441\u043f\u043e\u0441\u043e\u0431\u043d\u043e\u0441\u0442\u0438.\u00a0<\/strong><span style=\"color: var( --e-global-color-primary );\">\u041c\u044b \u043f\u043e\u0441\u0442\u043e\u044f\u043d\u043d\u043e \u0441\u043e\u0432\u0435\u0440\u0448\u0435\u043d\u0441\u0442\u0432\u0443\u0435\u043c \u043d\u0430\u0448\u0438 \u043f\u0440\u043e\u0434\u0443\u043a\u0442\u044b \u0438 \u0438\u043d\u0432\u0435\u0441\u0442\u0438\u0440\u0443\u0435\u043c \u0432 <\/span><strong style=\"color: var( --e-global-color-primary );\">\u0418\u0441\u0441\u043b\u0435\u0434\u043e\u0432\u0430\u043d\u0438\u044f<\/strong><span style=\"color: var( --e-global-color-primary );\"> \u0438 <\/span><strong style=\"color: var( --e-global-color-primary );\">\u0420\u0430\u0437\u0440\u0430\u0431\u043e\u0442\u043a\u0430<\/strong><span style=\"color: var( --e-global-color-primary );\">, um <\/span><strong style=\"color: var( --e-global-color-primary );\">\u0438\u043d\u0434\u0438\u0432\u0438\u0434\u0443\u0430\u043b\u044c\u043d\u044b\u0435 \u0440\u0435\u0448\u0435\u043d\u0438\u044f<\/strong><span style=\"color: var( --e-global-color-primary );\"> \u0434\u043b\u044f \u0442\u0440\u0435\u0431\u043e\u0432\u0430\u0442\u0435\u043b\u044c\u043d\u044b\u0445 <\/span><strong style=\"color: var( --e-global-color-primary );\">\u041e\u0431\u043b\u0430\u0441\u0442\u0438 \u043f\u0440\u0438\u043c\u0435\u043d\u0435\u043d\u0438\u044f<\/strong><span style=\"color: var( --e-global-color-primary );\"> \u0432 \u043e\u0442\u0440\u0430\u0441\u043b\u0438.<\/span><\/p><p>\u041a\u043e\u0440\u043e\u0442\u043a\u0438\u0435 \u043f\u0440\u043e\u0446\u0435\u0441\u0441\u044b \u043f\u0440\u0438\u043d\u044f\u0442\u0438\u044f \u0440\u0435\u0448\u0435\u043d\u0438\u0439 \u0438 \u043f\u043b\u043e\u0441\u043a\u0430\u044f \u0438\u0435\u0440\u0430\u0440\u0445\u0438\u044f - \u0437\u0430\u043b\u043e\u0433 \u043d\u0430\u0448\u0435\u0439 <strong>\u0413\u0438\u0431\u043a\u043e\u0441\u0442\u044c <\/strong>\u0438 <strong>\u041f\u0440\u043e\u0438\u0437\u0432\u043e\u0434\u0438\u0442\u0435\u043b\u044c\u043d\u043e\u0441\u0442\u044c<\/strong>. \u041e\u0434\u043d\u0430\u043a\u043e \u043f\u0440\u0438 \u0432\u0441\u0435\u043c \u0441\u0432\u043e\u0435\u043c \u0434\u0438\u043d\u0430\u043c\u0438\u0437\u043c\u0435 DURUM \u0442\u0430\u043a\u0436\u0435 \u043e\u0437\u043d\u0430\u0447\u0430\u0435\u0442 \u043f\u043e\u0441\u0442\u043e\u044f\u043d\u0441\u0442\u0432\u043e \u0438 \u043d\u0430\u0434\u0435\u0436\u043d\u043e\u0441\u0442\u044c \u0432 \u043e\u0442\u043d\u043e\u0448\u0435\u043d\u0438\u0438 <strong>\u0421\u043e\u0431\u043b\u044e\u0434\u0435\u043d\u0438\u0435 \u0441\u0440\u043e\u043a\u043e\u0432 <\/strong>\u0438 <strong>\u0441\u0442\u0430\u0431\u0438\u043b\u044c\u043d\u0430\u044f \u0446\u0435\u043d\u043e\u0432\u0430\u044f \u043f\u043e\u043b\u0438\u0442\u0438\u043a\u0430<\/strong>.<\/p>\t\t\t\t\t\t\t\t<\/div>\n\t\t\t\t<\/div>\n\t\t\t\t\t<\/div>\n\t\t<\/div>\n\t\t\t\t\t<\/div>\n\t\t<\/section>\n\t\t\t\t<\/div>","protected":false},"excerpt":{"rendered":"<p>DURUM: Stark gegen Verschlei\u00df Jede Branche hat bestimmte Regeln. In unserer z\u00e4hlen vor allem L\u00f6sungen. Egal, ob es sich um den Verschlei\u00dfschutz durch Auftragschwei\u00dfen und thermisches Spritzen von Neuteilen oder die Reparatur und Instandhaltung von bereits verschlissenen Maschinen handelt \u2013 mit hochwertigen Rohstoffen aus konfliktfreien Staaten und innovativer Verfahrenstechnik setzt DURUM dem Verschlei\u00df in nahezu [&hellip;]<\/p>\n","protected":false},"author":1,"featured_media":6854,"parent":0,"menu_order":0,"comment_status":"closed","ping_status":"closed","template":"","meta":{"footnotes":""},"class_list":["post-706","page","type-page","status-publish","has-post-thumbnail","hentry"],"_links":{"self":[{"href":"https:\/\/durmat.com\/ru\/wp-json\/wp\/v2\/pages\/706","targetHints":{"allow":["GET"]}}],"collection":[{"href":"https:\/\/durmat.com\/ru\/wp-json\/wp\/v2\/pages"}],"about":[{"href":"https:\/\/durmat.com\/ru\/wp-json\/wp\/v2\/types\/page"}],"author":[{"embeddable":true,"href":"https:\/\/durmat.com\/ru\/wp-json\/wp\/v2\/users\/1"}],"replies":[{"embeddable":true,"href":"https:\/\/durmat.com\/ru\/wp-json\/wp\/v2\/comments?post=706"}],"version-history":[{"count":61,"href":"https:\/\/durmat.com\/ru\/wp-json\/wp\/v2\/pages\/706\/revisions"}],"predecessor-version":[{"id":205420,"href":"https:\/\/durmat.com\/ru\/wp-json\/wp\/v2\/pages\/706\/revisions\/205420"}],"wp:featuredmedia":[{"embeddable":true,"href":"https:\/\/durmat.com\/ru\/wp-json\/wp\/v2\/media\/6854"}],"wp:attachment":[{"href":"https:\/\/durmat.com\/ru\/wp-json\/wp\/v2\/media?parent=706"}],"curies":[{"name":"wp","href":"https:\/\/api.w.org\/{rel}","templated":true}]}}