{"id":824,"date":"2022-06-01T11:55:04","date_gmt":"2022-06-01T09:55:04","guid":{"rendered":"https:\/\/durmat.com\/?page_id=824"},"modified":"2023-06-21T11:25:01","modified_gmt":"2023-06-21T09:25:01","slug":"holz-papier","status":"publish","type":"page","link":"https:\/\/durmat.com\/ru\/\u043e\u0442\u0440\u0430\u0441\u043b\u0435\u0432\u044b\u0435-\u0440\u0435\u0448\u0435\u043d\u0438\u044f\/\u0434\u0435\u0440\u0435\u0432\u043e-\u0431\u0443\u043c\u0430\u0433\u0430\/","title":{"rendered":"\u0414\u0435\u0440\u0435\u0432\u043e \/ \u0411\u0443\u043c\u0430\u0433\u0430"},"content":{"rendered":"<div data-elementor-type=\"wp-page\" data-elementor-id=\"824\" class=\"elementor elementor-824\" data-elementor-post-type=\"page\">\n\t\t\t\t\t\t<section class=\"elementor-section elementor-top-section elementor-element elementor-element-932d390 elementor-section-full_width elementor-section-height-default elementor-section-height-default\" data-id=\"932d390\" data-element_type=\"section\" data-e-type=\"section\" data-settings=\"{&quot;jet_parallax_layout_list&quot;:[]}\">\n\t\t\t\t\t\t<div class=\"elementor-container elementor-column-gap-default\">\n\t\t\t\t\t<div class=\"elementor-column elementor-col-100 elementor-top-column elementor-element elementor-element-588325d\" data-id=\"588325d\" data-element_type=\"column\" data-e-type=\"column\">\n\t\t\t<div class=\"elementor-widget-wrap elementor-element-populated\">\n\t\t\t\t\t\t<div class=\"elementor-element elementor-element-502e113 elementor-widget elementor-widget-heading\" data-id=\"502e113\" data-element_type=\"widget\" data-e-type=\"widget\" data-widget_type=\"heading.default\">\n\t\t\t\t<div class=\"elementor-widget-container\">\n\t\t\t\t\t<h2 class=\"elementor-heading-title elementor-size-default\">\u0414\u0435\u0440\u0435\u0432\u043e\/\u0431\u0443\u043c\u0430\u0433\u0430<\/h2>\t\t\t\t<\/div>\n\t\t\t\t<\/div>\n\t\t\t\t<section class=\"elementor-section elementor-inner-section elementor-element elementor-element-2084785 elementor-section-full_width elementor-section-height-default elementor-section-height-default\" data-id=\"2084785\" data-element_type=\"section\" data-e-type=\"section\" data-settings=\"{&quot;jet_parallax_layout_list&quot;:[]}\">\n\t\t\t\t\t\t<div class=\"elementor-container elementor-column-gap-default\">\n\t\t\t\t\t<div class=\"elementor-column elementor-col-50 elementor-inner-column elementor-element elementor-element-4e43307\" data-id=\"4e43307\" data-element_type=\"column\" data-e-type=\"column\">\n\t\t\t<div class=\"elementor-widget-wrap elementor-element-populated\">\n\t\t\t\t\t\t<div class=\"elementor-element elementor-element-ae46278 elementor-widget elementor-widget-text-editor\" data-id=\"ae46278\" data-element_type=\"widget\" data-e-type=\"widget\" data-widget_type=\"text-editor.default\">\n\t\t\t\t<div class=\"elementor-widget-container\">\n\t\t\t\t\t\t\t\t\t<p>The <strong>\u0414\u0435\u0440\u0435\u0432\u043e\u043e\u0431\u0440\u0430\u0431\u0430\u0442\u044b\u0432\u0430\u044e\u0449\u0430\u044f \u0438 \u0431\u0443\u043c\u0430\u0436\u043d\u0430\u044f \u043f\u0440\u043e\u043c\u044b\u0448\u043b\u0435\u043d\u043d\u043e\u0441\u0442\u044c<\/strong> (Pulp &amp; Paper) \u043f\u0440\u043e\u0438\u0437\u0432\u043e\u0434\u0438\u0442 \u0431\u0443\u043c\u0430\u0433\u0443 \u0438 \u043a\u0430\u0440\u0442\u043e\u043d \u0438\u0437 \u0434\u0440\u0435\u0432\u0435\u0441\u0438\u043d\u044b \u0438 \u043f\u0435\u0440\u0435\u0440\u0430\u0431\u043e\u0442\u0430\u043d\u043d\u043e\u0439 \u0431\u0443\u043c\u0430\u0433\u0438. \u0410\u0431\u0440\u0430\u0437\u0438\u0432\u043d\u043e\u0435 \u0432\u043e\u0437\u0434\u0435\u0439\u0441\u0442\u0432\u0438\u0435, \u043a\u043e\u0440\u0440\u043e\u0437\u0438\u044f, \u0434\u0430\u0432\u043b\u0435\u043d\u0438\u0435 \u0438 \u0442\u0435\u043c\u043f\u0435\u0440\u0430\u0442\u0443\u0440\u0430 \u0432\u044b\u0437\u044b\u0432\u0430\u044e\u0442 \u0440\u0430\u0437\u043b\u0438\u0447\u043d\u044b\u0435 <strong>\u041f\u0440\u043e\u0431\u043b\u0435\u043c\u044b \u0441 \u0438\u0437\u043d\u043e\u0441\u043e\u043c<\/strong> \u043d\u0430 \u043f\u0440\u043e\u0442\u044f\u0436\u0435\u043d\u0438\u0438 \u0432\u0441\u0435\u0433\u043e \u043f\u0440\u043e\u0438\u0437\u0432\u043e\u0434\u0441\u0442\u0432\u0435\u043d\u043d\u043e\u0433\u043e \u043f\u0440\u043e\u0446\u0435\u0441\u0441\u0430 - \u043e\u0442 \u043e\u043a\u043e\u0440\u043a\u0438, \u0440\u0430\u0441\u043a\u0430\u043b\u044b\u0432\u0430\u043d\u0438\u044f, \u0434\u0435\u0444\u0438\u0431\u0440\u0438\u0440\u043e\u0432\u0430\u043d\u0438\u044f \u0438 \u043f\u0440\u043e\u043c\u044b\u0432\u043a\u0438 \u0441\u0432\u0435\u0436\u0435\u0439 \u0434\u0440\u0435\u0432\u0435\u0441\u0438\u043d\u044b \u0434\u043e \u043e\u0431\u0435\u0437\u0432\u043e\u0436\u0438\u0432\u0430\u043d\u0438\u044f, \u043f\u0440\u0435\u0441\u0441\u043e\u0432\u0430\u043d\u0438\u044f, \u0441\u0443\u0448\u043a\u0438 \u0438 \u0440\u0430\u0437\u0433\u043b\u0430\u0436\u0438\u0432\u0430\u043d\u0438\u044f.<\/p><p><strong>DURUM<\/strong> \u043f\u0440\u0435\u0434\u043b\u0430\u0433\u0430\u0435\u0442 \u0438\u043d\u0434\u0438\u0432\u0438\u0434\u0443\u0430\u043b\u044c\u043d\u044b\u0435 <strong>\u0420\u0435\u0448\u0435\u043d\u0438\u044f \u043f\u043e \u0437\u0430\u0449\u0438\u0442\u0435<\/strong>\u041a\u043e\u043c\u043f\u043e\u043d\u0435\u043d\u0442\u044b, \u043f\u043e\u0434\u0432\u0435\u0440\u0436\u0435\u043d\u043d\u044b\u0435 \u0438\u0437\u043d\u043e\u0441\u0443, \u043e\u043f\u0442\u0438\u043c\u0430\u043b\u044c\u043d\u043e \u043f\u043e\u0434\u043e\u0431\u0440\u0430\u043d\u044b \u0434\u0440\u0443\u0433 \u043a \u0434\u0440\u0443\u0433\u0443.<\/p>\t\t\t\t\t\t\t\t<\/div>\n\t\t\t\t<\/div>\n\t\t\t\t<div class=\"elementor-element elementor-element-7f9b851 elementor-widget elementor-widget-heading\" data-id=\"7f9b851\" data-element_type=\"widget\" data-e-type=\"widget\" data-widget_type=\"heading.default\">\n\t\t\t\t<div class=\"elementor-widget-container\">\n\t\t\t\t\t<h3 class=\"elementor-heading-title elementor-size-default\">\u041f\u0440\u0438\u043c\u0435\u0440\u044b \u043f\u0440\u043e\u0434\u0443\u043a\u0442\u043e\u0432<\/h3>\t\t\t\t<\/div>\n\t\t\t\t<\/div>\n\t\t\t\t<div class=\"elementor-element elementor-element-013c2fc elementor-icon-list--layout-inline elementor-list-item-link-full_width elementor-widget elementor-widget-icon-list\" data-id=\"013c2fc\" data-element_type=\"widget\" data-e-type=\"widget\" data-widget_type=\"icon-list.default\">\n\t\t\t\t<div class=\"elementor-widget-container\">\n\t\t\t\t\t\t\t<ul class=\"elementor-icon-list-items elementor-inline-items\">\n\t\t\t\t\t\t\t<li class=\"elementor-icon-list-item elementor-inline-item\">\n\t\t\t\t\t\t\t\t\t\t\t<span class=\"elementor-icon-list-icon\">\n\t\t\t\t\t\t\t<i aria-hidden=\"true\" class=\"fas fa-check\"><\/i>\t\t\t\t\t\t<\/span>\n\t\t\t\t\t\t\t\t\t\t<span class=\"elementor-icon-list-text\">\u041e\u043a\u043e\u0440\u043e\u0447\u043d\u044b\u0439 \u0431\u0430\u0440\u0430\u0431\u0430\u043d <\/span>\n\t\t\t\t\t\t\t\t\t<\/li>\n\t\t\t\t\t\t\t\t<li class=\"elementor-icon-list-item elementor-inline-item\">\n\t\t\t\t\t\t\t\t\t\t\t<span class=\"elementor-icon-list-icon\">\n\t\t\t\t\t\t\t<i aria-hidden=\"true\" class=\"fas fa-check\"><\/i>\t\t\t\t\t\t<\/span>\n\t\t\t\t\t\t\t\t\t\t<span class=\"elementor-icon-list-text\">\u041c\u043e\u043b\u043e\u0442\u043a\u0438 <\/span>\n\t\t\t\t\t\t\t\t\t<\/li>\n\t\t\t\t\t\t\t\t<li class=\"elementor-icon-list-item elementor-inline-item\">\n\t\t\t\t\t\t\t\t\t\t\t<span class=\"elementor-icon-list-icon\">\n\t\t\t\t\t\t\t<i aria-hidden=\"true\" class=\"fas fa-check\"><\/i>\t\t\t\t\t\t<\/span>\n\t\t\t\t\t\t\t\t\t\t<span class=\"elementor-icon-list-text\">\u0412\u0440\u0430\u0449\u0430\u044e\u0449\u0430\u044f\u0441\u044f \u043f\u0435\u0447\u044c <\/span>\n\t\t\t\t\t\t\t\t\t<\/li>\n\t\t\t\t\t\t\t\t<li class=\"elementor-icon-list-item elementor-inline-item\">\n\t\t\t\t\t\t\t\t\t\t\t<span class=\"elementor-icon-list-icon\">\n\t\t\t\t\t\t\t<i aria-hidden=\"true\" class=\"fas fa-check\"><\/i>\t\t\t\t\t\t<\/span>\n\t\t\t\t\t\t\t\t\t\t<span class=\"elementor-icon-list-text\">\u042d\u043b\u0435\u043c\u0435\u043d\u0442\u044b \u043a\u043e\u043d\u0432\u0435\u0439\u0435\u0440\u043d\u043e\u0439 \u0446\u0435\u043f\u0438 <\/span>\n\t\t\t\t\t\t\t\t\t<\/li>\n\t\t\t\t\t\t\t\t<li class=\"elementor-icon-list-item elementor-inline-item\">\n\t\t\t\t\t\t\t\t\t\t\t<span class=\"elementor-icon-list-icon\">\n\t\t\t\t\t\t\t<i aria-hidden=\"true\" class=\"fas fa-check\"><\/i>\t\t\t\t\t\t<\/span>\n\t\t\t\t\t\t\t\t\t\t<span class=\"elementor-icon-list-text\">\u0428\u043d\u0435\u043a\u043e\u0432\u044b\u0435 \u043a\u043e\u043d\u0432\u0435\u0439\u0435\u0440\u044b <\/span>\n\t\t\t\t\t\t\t\t\t<\/li>\n\t\t\t\t\t\t\t\t<li class=\"elementor-icon-list-item elementor-inline-item\">\n\t\t\t\t\t\t\t\t\t\t\t<span class=\"elementor-icon-list-icon\">\n\t\t\t\t\t\t\t<i aria-hidden=\"true\" class=\"fas fa-check\"><\/i>\t\t\t\t\t\t<\/span>\n\t\t\t\t\t\t\t\t\t\t<span class=\"elementor-icon-list-text\">\u0422\u0440\u0443\u0431\u044b \u0438 \u0442\u0440\u0443\u0431\u043d\u044b\u0435 \u0438\u0437\u0433\u0438\u0431\u044b<\/span>\n\t\t\t\t\t\t\t\t\t<\/li>\n\t\t\t\t\t\t\t\t<li class=\"elementor-icon-list-item elementor-inline-item\">\n\t\t\t\t\t\t\t\t\t\t\t<span class=\"elementor-icon-list-icon\">\n\t\t\t\t\t\t\t<i aria-hidden=\"true\" class=\"fas fa-check\"><\/i>\t\t\t\t\t\t<\/span>\n\t\t\t\t\t\t\t\t\t\t<span class=\"elementor-icon-list-text\">\u0418\u0437\u043d\u043e\u0441\u043e\u0441\u0442\u043e\u0439\u043a\u0438\u0435 \u043f\u043b\u0430\u0441\u0442\u0438\u043d\u044b <\/span>\n\t\t\t\t\t\t\t\t\t<\/li>\n\t\t\t\t\t\t\t\t<li class=\"elementor-icon-list-item elementor-inline-item\">\n\t\t\t\t\t\t\t\t\t\t\t<span class=\"elementor-icon-list-icon\">\n\t\t\t\t\t\t\t<i aria-hidden=\"true\" class=\"fas fa-check\"><\/i>\t\t\t\t\t\t<\/span>\n\t\t\t\t\t\t\t\t\t\t<span class=\"elementor-icon-list-text\">Linings <\/span>\n\t\t\t\t\t\t\t\t\t<\/li>\n\t\t\t\t\t\t\t\t<li class=\"elementor-icon-list-item elementor-inline-item\">\n\t\t\t\t\t\t\t\t\t\t\t<span class=\"elementor-icon-list-icon\">\n\t\t\t\t\t\t\t<i aria-hidden=\"true\" class=\"fas fa-check\"><\/i>\t\t\t\t\t\t<\/span>\n\t\t\t\t\t\t\t\t\t\t<span class=\"elementor-icon-list-text\">\u041a\u043b\u0430\u043f\u0430\u043d\u044b \u0438 \u043a\u043e\u043c\u043f\u043e\u043d\u0435\u043d\u0442\u044b <\/span>\n\t\t\t\t\t\t\t\t\t<\/li>\n\t\t\t\t\t\t\t\t<li class=\"elementor-icon-list-item elementor-inline-item\">\n\t\t\t\t\t\t\t\t\t\t\t<span class=\"elementor-icon-list-icon\">\n\t\t\t\t\t\t\t<i aria-hidden=\"true\" class=\"fas fa-check\"><\/i>\t\t\t\t\t\t<\/span>\n\t\t\t\t\t\t\t\t\t\t<span class=\"elementor-icon-list-text\">\u0417\u0430\u0445\u0432\u0430\u0442\u043d\u044b\u0435 \u0437\u0443\u0431\u044c\u044f <\/span>\n\t\t\t\t\t\t\t\t\t<\/li>\n\t\t\t\t\t\t\t\t<li class=\"elementor-icon-list-item elementor-inline-item\">\n\t\t\t\t\t\t\t\t\t\t\t<span class=\"elementor-icon-list-icon\">\n\t\t\t\t\t\t\t<i aria-hidden=\"true\" class=\"fas fa-check\"><\/i>\t\t\t\t\t\t<\/span>\n\t\t\t\t\t\t\t\t\t\t<span class=\"elementor-icon-list-text\">\u0420\u043e\u043b\u0438\u043a\u043e\u0432\u044b\u0435 \u043b\u043e\u043f\u0430\u0441\u0442\u043d\u044b\u0435 \u0434\u0432\u0438\u0433\u0430\u0442\u0435\u043b\u0438 <\/span>\n\t\t\t\t\t\t\t\t\t<\/li>\n\t\t\t\t\t\t\t\t<li class=\"elementor-icon-list-item elementor-inline-item\">\n\t\t\t\t\t\t\t\t\t\t\t<span class=\"elementor-icon-list-icon\">\n\t\t\t\t\t\t\t<i aria-hidden=\"true\" class=\"fas fa-check\"><\/i>\t\t\t\t\t\t<\/span>\n\t\t\t\t\t\t\t\t\t\t<span class=\"elementor-icon-list-text\">\u041a\u043e\u043d\u0442\u0440\u043d\u043e\u0436 <\/span>\n\t\t\t\t\t\t\t\t\t<\/li>\n\t\t\t\t\t\t\t\t<li class=\"elementor-icon-list-item elementor-inline-item\">\n\t\t\t\t\t\t\t\t\t\t\t<span class=\"elementor-icon-list-icon\">\n\t\t\t\t\t\t\t<i aria-hidden=\"true\" class=\"fas fa-check\"><\/i>\t\t\t\t\t\t<\/span>\n\t\t\t\t\t\t\t\t\t\t<span class=\"elementor-icon-list-text\">\u0416\u0435\u043b\u043e\u0431\u0430 <\/span>\n\t\t\t\t\t\t\t\t\t<\/li>\n\t\t\t\t\t\t\t\t<li class=\"elementor-icon-list-item elementor-inline-item\">\n\t\t\t\t\t\t\t\t\t\t\t<span class=\"elementor-icon-list-icon\">\n\t\t\t\t\t\t\t<i aria-hidden=\"true\" class=\"fas fa-check\"><\/i>\t\t\t\t\t\t<\/span>\n\t\t\t\t\t\t\t\t\t\t<span class=\"elementor-icon-list-text\">\u041b\u043e\u043f\u0430\u0442\u044b <\/span>\n\t\t\t\t\t\t\t\t\t<\/li>\n\t\t\t\t\t\t\t\t<li class=\"elementor-icon-list-item elementor-inline-item\">\n\t\t\t\t\t\t\t\t\t\t\t<span class=\"elementor-icon-list-icon\">\n\t\t\t\t\t\t\t<i aria-hidden=\"true\" class=\"fas fa-check\"><\/i>\t\t\t\t\t\t<\/span>\n\t\t\t\t\t\t\t\t\t\t<span class=\"elementor-icon-list-text\">\u041a\u0430\u0440\u0432\u0438\u043d\u0433\u043e\u0432\u044b\u0439 \u043d\u043e\u0436 <\/span>\n\t\t\t\t\t\t\t\t\t<\/li>\n\t\t\t\t\t\t\t\t<li class=\"elementor-icon-list-item elementor-inline-item\">\n\t\t\t\t\t\t\t\t\t\t\t<span class=\"elementor-icon-list-icon\">\n\t\t\t\t\t\t\t<i aria-hidden=\"true\" class=\"fas fa-check\"><\/i>\t\t\t\t\t\t<\/span>\n\t\t\t\t\t\t\t\t\t\t<span class=\"elementor-icon-list-text\">\u041a\u043e\u0440\u043c\u043b\u0435\u043d\u0438\u0435 \u0443\u043b\u0438\u0442\u043e\u043a <\/span>\n\t\t\t\t\t\t\t\t\t<\/li>\n\t\t\t\t\t\t\t\t<li class=\"elementor-icon-list-item elementor-inline-item\">\n\t\t\t\t\t\t\t\t\t\t\t<span class=\"elementor-icon-list-icon\">\n\t\t\t\t\t\t\t<i aria-hidden=\"true\" class=\"fas fa-check\"><\/i>\t\t\t\t\t\t<\/span>\n\t\t\t\t\t\t\t\t\t\t<span class=\"elementor-icon-list-text\">\u0420\u043e\u0442\u043e\u0440\u044b \u043d\u0430\u0441\u043e\u0441\u043e\u0432 <\/span>\n\t\t\t\t\t\t\t\t\t<\/li>\n\t\t\t\t\t\t\t\t<li class=\"elementor-icon-list-item elementor-inline-item\">\n\t\t\t\t\t\t\t\t\t\t\t<span class=\"elementor-icon-list-icon\">\n\t\t\t\t\t\t\t<i aria-hidden=\"true\" class=\"fas fa-check\"><\/i>\t\t\t\t\t\t<\/span>\n\t\t\t\t\t\t\t\t\t\t<span class=\"elementor-icon-list-text\">\u0412\u0430\u043b\u044b \u043d\u0430\u0441\u043e\u0441\u043e\u0432 <\/span>\n\t\t\t\t\t\t\t\t\t<\/li>\n\t\t\t\t\t\t\t\t<li class=\"elementor-icon-list-item elementor-inline-item\">\n\t\t\t\t\t\t\t\t\t\t\t<span class=\"elementor-icon-list-icon\">\n\t\t\t\t\t\t\t<i aria-hidden=\"true\" class=\"fas fa-check\"><\/i>\t\t\t\t\t\t<\/span>\n\t\t\t\t\t\t\t\t\t\t<span class=\"elementor-icon-list-text\">\u0420\u0435\u0437\u0430\u043a \u0434\u043b\u044f \u0431\u0443\u043c\u0430\u0433\u0438 <\/span>\n\t\t\t\t\t\t\t\t\t<\/li>\n\t\t\t\t\t\t\t\t<li class=\"elementor-icon-list-item elementor-inline-item\">\n\t\t\t\t\t\t\t\t\t\t\t<span class=\"elementor-icon-list-icon\">\n\t\t\t\t\t\t\t<i aria-hidden=\"true\" class=\"fas fa-check\"><\/i>\t\t\t\t\t\t<\/span>\n\t\t\t\t\t\t\t\t\t\t<span class=\"elementor-icon-list-text\">\u0421\u0435\u0434\u043b\u0430 \u0434\u043b\u044f \u0448\u043b\u0438\u0444\u043e\u0432\u0430\u043b\u044c\u043d\u044b\u0445 \u043c\u0430\u0448\u0438\u043d <\/span>\n\t\t\t\t\t\t\t\t\t<\/li>\n\t\t\t\t\t\t\t\t<li class=\"elementor-icon-list-item elementor-inline-item\">\n\t\t\t\t\t\t\t\t\t\t\t<span class=\"elementor-icon-list-icon\">\n\t\t\t\t\t\t\t<i aria-hidden=\"true\" class=\"fas fa-check\"><\/i>\t\t\t\t\t\t<\/span>\n\t\t\t\t\t\t\t\t\t\t<span class=\"elementor-icon-list-text\">\u0414\u0438\u0441\u043a \u0438\u0437\u043c\u0435\u043b\u044c\u0447\u0438\u0442\u0435\u043b\u044f <\/span>\n\t\t\t\t\t\t\t\t\t<\/li>\n\t\t\t\t\t\t\t\t<li class=\"elementor-icon-list-item elementor-inline-item\">\n\t\t\t\t\t\t\t\t\t\t\t<span class=\"elementor-icon-list-icon\">\n\t\t\t\t\t\t\t<i aria-hidden=\"true\" class=\"fas fa-check\"><\/i>\t\t\t\t\t\t<\/span>\n\t\t\t\t\t\t\t\t\t\t<span class=\"elementor-icon-list-text\">\u0414\u0438\u0441\u043a\u043e\u0432\u044b\u0435 \u0444\u0440\u0435\u0437\u044b <\/span>\n\t\t\t\t\t\t\t\t\t<\/li>\n\t\t\t\t\t\t\t\t<li class=\"elementor-icon-list-item elementor-inline-item\">\n\t\t\t\t\t\t\t\t\t\t\t<span class=\"elementor-icon-list-icon\">\n\t\t\t\t\t\t\t<i aria-hidden=\"true\" class=\"fas fa-check\"><\/i>\t\t\t\t\t\t<\/span>\n\t\t\t\t\t\t\t\t\t\t<span class=\"elementor-icon-list-text\">uvm.<\/span>\n\t\t\t\t\t\t\t\t\t<\/li>\n\t\t\t\t\t\t<\/ul>\n\t\t\t\t\t\t<\/div>\n\t\t\t\t<\/div>\n\t\t\t\t\t<\/div>\n\t\t<\/div>\n\t\t\t\t<div class=\"elementor-column elementor-col-50 elementor-inner-column elementor-element elementor-element-0bd9354\" data-id=\"0bd9354\" data-element_type=\"column\" data-e-type=\"column\">\n\t\t\t<div class=\"elementor-widget-wrap elementor-element-populated\">\n\t\t\t\t\t\t<div class=\"elementor-element elementor-element-9a02652 elementor-arrows-position-inside elementor-pagination-position-outside elementor-widget elementor-widget-image-carousel\" data-id=\"9a02652\" data-element_type=\"widget\" data-e-type=\"widget\" data-settings=\"{&quot;slides_to_show&quot;:&quot;1&quot;,&quot;lazyload&quot;:&quot;yes&quot;,&quot;navigation&quot;:&quot;both&quot;,&quot;autoplay&quot;:&quot;yes&quot;,&quot;pause_on_hover&quot;:&quot;yes&quot;,&quot;pause_on_interaction&quot;:&quot;yes&quot;,&quot;autoplay_speed&quot;:5000,&quot;infinite&quot;:&quot;yes&quot;,&quot;effect&quot;:&quot;slide&quot;,&quot;speed&quot;:500}\" data-widget_type=\"image-carousel.default\">\n\t\t\t\t<div class=\"elementor-widget-container\">\n\t\t\t\t\t\t\t<div class=\"elementor-image-carousel-wrapper swiper\" role=\"region\" aria-roledescription=\"carousel\" aria-label=\"\u041a\u0430\u0440\u0443\u0441\u0435\u043b\u044c\" dir=\"ltr\">\n\t\t\t<div class=\"elementor-image-carousel swiper-wrapper swiper-image-stretch\" aria-live=\"off\">\n\t\t\t\t\t\t\t\t<div class=\"swiper-slide\" role=\"group\" aria-roledescription=\"slide\" aria-label=\"1 \u0438\u0437 4\"><figure class=\"swiper-slide-inner\"><img class=\"swiper-slide-image swiper-lazy\" data-src=\"https:\/\/durmat.com\/wp-content\/uploads\/Biomasse-1.jpg\" alt=\"\u0411\u0438\u043e\u043c\u0430\u0441\u0441\u0430\" \/><div class=\"swiper-lazy-preloader\"><\/div><\/figure><\/div><div class=\"swiper-slide\" role=\"group\" aria-roledescription=\"slide\" aria-label=\"2 \u0438\u0437 4\"><figure class=\"swiper-slide-inner\"><img class=\"swiper-slide-image swiper-lazy\" data-src=\"https:\/\/durmat.com\/wp-content\/uploads\/Biomasse02.jpg\" alt=\"\u0411\u0438\u043e\u043c\u0430\u0441\u0441\u043002\" \/><div class=\"swiper-lazy-preloader\"><\/div><\/figure><\/div><div class=\"swiper-slide\" role=\"group\" aria-roledescription=\"slide\" aria-label=\"3 \u0438\u0437 4\"><figure class=\"swiper-slide-inner\"><img class=\"swiper-slide-image swiper-lazy\" data-src=\"https:\/\/durmat.com\/wp-content\/uploads\/Papierwalze-DURWELD.jpg\" alt=\"\u0420\u0443\u043b\u043e\u043d \u0431\u0443\u043c\u0430\u0433\u0438 DURWELD\" \/><div class=\"swiper-lazy-preloader\"><\/div><\/figure><\/div><div class=\"swiper-slide\" role=\"group\" aria-roledescription=\"slide\" aria-label=\"4 \u0438\u0437 4\"><figure class=\"swiper-slide-inner\"><img class=\"swiper-slide-image swiper-lazy\" data-src=\"https:\/\/durmat.com\/wp-content\/uploads\/Papierwalze.jpg\" alt=\"\u0420\u0443\u043b\u043e\u043d \u0431\u0443\u043c\u0430\u0433\u0438\" \/><div class=\"swiper-lazy-preloader\"><\/div><\/figure><\/div>\t\t\t<\/div>\n\t\t\t\t\t\t\t\t\t\t\t\t<div class=\"elementor-swiper-button elementor-swiper-button-prev\" role=\"button\" tabindex=\"0\">\n\t\t\t\t\t\t<i aria-hidden=\"true\" class=\"eicon-chevron-left\"><\/i>\t\t\t\t\t<\/div>\n\t\t\t\t\t<div class=\"elementor-swiper-button elementor-swiper-button-next\" role=\"button\" tabindex=\"0\">\n\t\t\t\t\t\t<i aria-hidden=\"true\" class=\"eicon-chevron-right\"><\/i>\t\t\t\t\t<\/div>\n\t\t\t\t\n\t\t\t\t\t\t\t\t\t<div class=\"swiper-pagination\"><\/div>\n\t\t\t\t\t\t\t\t\t<\/div>\n\t\t\t\t\t\t<\/div>\n\t\t\t\t<\/div>\n\t\t\t\t\t<\/div>\n\t\t<\/div>\n\t\t\t\t\t<\/div>\n\t\t<\/section>\n\t\t\t\t\t<\/div>\n\t\t<\/div>\n\t\t\t\t\t<\/div>\n\t\t<\/section>\n\t\t\t\t<section class=\"elementor-section elementor-top-section elementor-element elementor-element-7692781 elementor-section-full_width elementor-section-height-default elementor-section-height-default\" data-id=\"7692781\" data-element_type=\"section\" data-e-type=\"section\" data-settings=\"{&quot;jet_parallax_layout_list&quot;:[]}\">\n\t\t\t\t\t\t<div class=\"elementor-container elementor-column-gap-default\">\n\t\t\t\t\t<div class=\"elementor-column elementor-col-100 elementor-top-column elementor-element elementor-element-59d7d7d\" data-id=\"59d7d7d\" data-element_type=\"column\" data-e-type=\"column\">\n\t\t\t<div class=\"elementor-widget-wrap elementor-element-populated\">\n\t\t\t\t\t\t<div class=\"elementor-element elementor-element-e137919 elementor-widget elementor-widget-template\" data-id=\"e137919\" data-element_type=\"widget\" data-e-type=\"widget\" data-widget_type=\"template.default\">\n\t\t\t\t<div class=\"elementor-widget-container\">\n\t\t\t\t\t\t\t<div class=\"elementor-template\">\n\t\t\t\t\t<div data-elementor-type=\"section\" data-elementor-id=\"3355\" class=\"elementor elementor-3355\" data-elementor-post-type=\"elementor_library\">\n\t\t\t\t\t<section class=\"elementor-section elementor-top-section elementor-element elementor-element-3fa2066 elementor-section-full_width elementor-section-height-default elementor-section-height-default\" data-id=\"3fa2066\" data-element_type=\"section\" data-e-type=\"section\" data-settings=\"{&quot;jet_parallax_layout_list&quot;:[]}\">\n\t\t\t\t\t\t\t<div class=\"elementor-background-overlay\"><\/div>\n\t\t\t\t\t\t\t<div class=\"elementor-container elementor-column-gap-default\">\n\t\t\t\t\t<div class=\"elementor-column elementor-col-100 elementor-top-column elementor-element elementor-element-3951c5d\" data-id=\"3951c5d\" data-element_type=\"column\" data-e-type=\"column\">\n\t\t\t<div class=\"elementor-widget-wrap elementor-element-populated\">\n\t\t\t\t\t\t<div class=\"elementor-element elementor-element-0d05e14 elementor-cta--skin-cover elementor-cta--valign-middle elementor-widget elementor-widget-global elementor-global-787 elementor-widget-call-to-action\" data-id=\"0d05e14\" data-element_type=\"widget\" data-e-type=\"widget\" data-widget_type=\"call-to-action.default\">\n\t\t\t\t<div class=\"elementor-widget-container\">\n\t\t\t\t\t\t\t<div class=\"elementor-cta\">\n\t\t\t\t\t<div class=\"elementor-cta__bg-wrapper\">\n\t\t\t\t<div class=\"elementor-cta__bg elementor-bg\" style=\"background-image: url();\" role=\"img\" aria-label=\"\"><\/div>\n\t\t\t\t<div class=\"elementor-cta__bg-overlay\"><\/div>\n\t\t\t<\/div>\n\t\t\t\t\t\t\t<div class=\"elementor-cta__content\">\n\t\t\t\t\t\t\t\t\t<div class=\"elementor-content-item elementor-cta__content-item elementor-cta__image\">\n\t\t\t\t\t\t<img decoding=\"async\" width=\"300\" height=\"132\" src=\"https:\/\/durmat.com\/wp-content\/uploads\/durum_cta-bg-made-in-germany-300x132.jpg\" class=\"attachment-medium size-medium wp-image-7929\" alt=\"\u041d\u0430\u043d\u0435\u0441\u0435\u043d\u043d\u043e\u0435 \u043a\u0438\u0441\u0442\u044c\u044e \u0438\u0437\u043e\u0431\u0440\u0430\u0436\u0435\u043d\u0438\u0435 \u043d\u0435\u043c\u0435\u0446\u043a\u043e\u0433\u043e \u0444\u043b\u0430\u0433\u0430 \u0441 \u0442\u0435\u043a\u0441\u0442\u043e\u043c &quot;Made in Germany&quot; \u0441\u0438\u043c\u0432\u043e\u043b\u0438\u0437\u0438\u0440\u0443\u0435\u0442 \u0432\u044b\u0441\u043e\u043a\u043e\u0435 \u043a\u0430\u0447\u0435\u0441\u0442\u0432\u043e \u043d\u0435\u043c\u0435\u0446\u043a\u043e\u0433\u043e \u043f\u0440\u043e\u0438\u0437\u0432\u043e\u0434\u0441\u0442\u0432\u0430 \u0438 \u043a\u0430\u0447\u0435\u0441\u0442\u0432\u043e \u043f\u0440\u043e\u0434\u0443\u043a\u0446\u0438\u0438.\" srcset=\"https:\/\/durmat.com\/wp-content\/uploads\/durum_cta-bg-made-in-germany-300x132.jpg 300w, https:\/\/durmat.com\/wp-content\/uploads\/durum_cta-bg-made-in-germany.jpg 420w\" sizes=\"(max-width: 300px) 100vw, 300px\" title=\"\u0421\u0445\u0435\u043c\u0430 \u0434\u043b\u044f\">\t\t\t\t\t<\/div>\n\t\t\t\t\n\t\t\t\t\t\t\t\t\t<h2 class=\"elementor-cta__title elementor-cta__content-item elementor-content-item\">\n\t\t\t\t\t\tDURUM - \u0421\u0434\u0435\u043b\u0430\u043d\u043e \u0432 \u0413\u0415\u0420\u041c\u0410\u041d\u0418\u0418\t\t\t\t\t<\/h2>\n\t\t\t\t\n\t\t\t\t\t\t\t\t\t<div class=\"elementor-cta__description elementor-cta__content-item elementor-content-item\">\n\t\t\t\t\t\t\u041c\u044b \u043f\u0440\u043e\u0438\u0437\u0432\u043e\u0434\u0438\u043c \u043d\u0430\u0448\u0438 \u0440\u0435\u0448\u0435\u043d\u0438\u044f \u043f\u043e \u0437\u0430\u0449\u0438\u0442\u0435 \u043e\u0442 \u0438\u0437\u043d\u043e\u0441\u0430 \u0434\u043b\u044f \u0412\u0430\u0441 \u0438\u0441\u043a\u043b\u044e\u0447\u0438\u0442\u0435\u043b\u044c\u043d\u043e \u0432 \u0413\u0435\u0440\u043c\u0430\u043d\u0438\u0438.\t\t\t\t\t<\/div>\n\t\t\t\t\n\t\t\t\t\t\t\t\t\t<div class=\"elementor-cta__button-wrapper elementor-cta__content-item elementor-content-item\">\n\t\t\t\t\t<a class=\"elementor-cta__button elementor-button elementor-size-lg\" href=\"https:\/\/durmat.com\/ru\/\u043a\u043e\u043c\u043f\u0430\u043d\u0438\u044f\/\">\n\t\t\t\t\t\t\u0423\u0417\u041d\u0410\u0419\u0422\u0415 \u0411\u041e\u041b\u042c\u0428\u0415 \u041e \u0414\u0423\u0420\u0423\u041c\u0415\t\t\t\t\t<\/a>\n\t\t\t\t\t<\/div>\n\t\t\t\t\t\t\t<\/div>\n\t\t\t\t\t\t<\/div>\n\t\t\t\t\t\t<\/div>\n\t\t\t\t<\/div>\n\t\t\t\t\t<\/div>\n\t\t<\/div>\n\t\t\t\t\t<\/div>\n\t\t<\/section>\n\t\t\t\t<\/div>\n\t\t\t\t<\/div>\n\t\t\t\t\t\t<\/div>\n\t\t\t\t<\/div>\n\t\t\t\t\t<\/div>\n\t\t<\/div>\n\t\t\t\t\t<\/div>\n\t\t<\/section>\n\t\t\t\t<\/div>","protected":false},"excerpt":{"rendered":"<p>Holz\/Papier Die Holz- und Papierindustrie (Pulp &amp; Paper) produziert Papier und Pappe aus Holz und Recyclingpapier. Abrieb, Korrosion, Druck und Temperatur verursachen vielf\u00e4ltige Verschlei\u00dfprobleme w\u00e4hrend des gesamten Produktionsprozesses \u2013 vom Entrinden, Hacken, Zerfasern und Waschen des frischen Holzes bis hin zum Entw\u00e4ssern, Pressen, Trocknen und Gl\u00e4tten. DURUM bietet ma\u00dfgeschneiderte Schutzl\u00f6sungen, die den jeweiligen verschlei\u00dfanf\u00e4lligen Komponenten [&hellip;]<\/p>\n","protected":false},"author":1,"featured_media":6872,"parent":193,"menu_order":0,"comment_status":"closed","ping_status":"closed","template":"","meta":{"footnotes":""},"class_list":["post-824","page","type-page","status-publish","has-post-thumbnail","hentry"],"_links":{"self":[{"href":"https:\/\/durmat.com\/ru\/wp-json\/wp\/v2\/pages\/824","targetHints":{"allow":["GET"]}}],"collection":[{"href":"https:\/\/durmat.com\/ru\/wp-json\/wp\/v2\/pages"}],"about":[{"href":"https:\/\/durmat.com\/ru\/wp-json\/wp\/v2\/types\/page"}],"author":[{"embeddable":true,"href":"https:\/\/durmat.com\/ru\/wp-json\/wp\/v2\/users\/1"}],"replies":[{"embeddable":true,"href":"https:\/\/durmat.com\/ru\/wp-json\/wp\/v2\/comments?post=824"}],"version-history":[{"count":75,"href":"https:\/\/durmat.com\/ru\/wp-json\/wp\/v2\/pages\/824\/revisions"}],"predecessor-version":[{"id":7731,"href":"https:\/\/durmat.com\/ru\/wp-json\/wp\/v2\/pages\/824\/revisions\/7731"}],"up":[{"embeddable":true,"href":"https:\/\/durmat.com\/ru\/wp-json\/wp\/v2\/pages\/193"}],"wp:featuredmedia":[{"embeddable":true,"href":"https:\/\/durmat.com\/ru\/wp-json\/wp\/v2\/media\/6872"}],"wp:attachment":[{"href":"https:\/\/durmat.com\/ru\/wp-json\/wp\/v2\/media?parent=824"}],"curies":[{"name":"wp","href":"https:\/\/api.w.org\/{rel}","templated":true}]}}